{"id":99128,"date":"2025-01-21T10:45:23","date_gmt":"2025-01-21T10:45:23","guid":{"rendered":"https:\/\/dekaufmann.de\/?post_type=product&#038;p=99128"},"modified":"2026-04-15T11:03:39","modified_gmt":"2026-04-15T11:03:39","slug":"vozol-vista-plug-lemon-lime-5x15000","status":"publish","type":"product","link":"https:\/\/dekaufmann.de\/?product=vozol-vista-plug-lemon-lime-5x15000","title":{"rendered":"Vozol Vista Plug Lemon Lime 5&#215;15000"},"content":{"rendered":"<h4><strong>Vozol Vista Plug Lemon Lime \u2013 5&#215;15000 \u2013 Spritzige Frische mit Zitrone und Limette! \ud83c\udf4b\u2728<\/strong><\/h4>\n<p><strong>Vozol Vista Plug Lemon Lime<\/strong> vereint den intensiven Geschmack von spritziger Zitrone und herber Limette f\u00fcr ein belebendes Dampferlebnis, das dich mit jedem Zug erfrischt. Mit einer Kapazit\u00e4t von bis zu 15.000 Z\u00fcgen pro Ger\u00e4t garantiert dieses Produkt langanhaltenden Genuss.<\/p>\n<h5><strong>Produktdetails:<\/strong><\/h5>\n<ul>\n<li><strong>Inhalt:<\/strong> 5 Vozol Vista Plug Ger\u00e4te mit jeweils bis zu 15.000 Z\u00fcgen \ud83d\udce6<\/li>\n<li><strong>Geschmack:<\/strong> Eine spritzige Kombination aus Zitrone und Limette \ud83c\udf4b<\/li>\n<li><strong>Kapazit\u00e4t:<\/strong> Bis zu 15.000 Z\u00fcge pro Ger\u00e4t f\u00fcr langanhaltenden Genuss \ud83d\udca8<\/li>\n<li><strong>Ideal f\u00fcr:<\/strong> Kioske, Vape-Shops oder Fans spritziger Aromen \ud83c\udfea\ud83c\udf89<\/li>\n<\/ul>\n<h6><strong>Warum Vozol Vista Plug Lemon Lime?<\/strong><\/h6>\n<ul>\n<li><strong>Belebender Geschmack:<\/strong> Die perfekte Balance aus Zitrone und Limette f\u00fcr einen frischen Genuss \ud83c\udf4b\u2728<\/li>\n<li><strong>Langanhaltender Genuss:<\/strong> Bis zu 15.000 Z\u00fcge pro Ger\u00e4t garantieren maximale Leistung \ud83d\udca8\u2744\ufe0f<\/li>\n<li><strong>Benutzerfreundlich:<\/strong> Einfach zu verwenden und hochwertig verarbeitet \ud83c\udfaf<\/li>\n<\/ul>\n<p>Mit <strong>Vozol Vista Plug Lemon Lime<\/strong> genie\u00dft du ein belebendes und spritziges Dampferlebnis, das dich bei jedem Zug erfrischt. Jetzt im 5er-Pack bestellen und die spritzige Frische erleben! \ud83c\udf1f\ud83c\udf4b\u2728<\/p>\n<p>Weitere Sorten der Marke Vozol Vista Plug:<br \/>\n<a href=\"https:\/\/dekaufmann.de\/produkt\/vozol-vista-plug-vzbull-5x15000\/\">Vozol Vista Plug VzBull<\/a><br \/>\n<a href=\"https:\/\/dekaufmann.de\/produkt\/vozol-vista-plug-pink-lemonade-5x15000\/\">Vozol Vista Plug Pink Lemonade<\/a><br \/>\n<a href=\"https:\/\/dekaufmann.de\/produkt\/vozol-vista-plug-vzbull-5x15000\/\">Vozol Vista Plug Cherry Cola<\/a><br \/>\n<a href=\"https:\/\/dekaufmann.de\/produkt\/vozol-vista-plug-strawberry-kiwi-5x15000\/\">Vozol Vista Plug\u00a0 Strawberry Kiwi<\/a><br \/>\n<a href=\"https:\/\/dekaufmann.de\/produkt\/vozol-vista-plug-grape-ice-5x15000\/\">Vozol Vista Plug\u00a0 Grape Ice<\/a><br \/>\n<a href=\"https:\/\/dekaufmann.de\/produkt\/vozol-vista-plug-blue-razz-ice-5x15000\/\">Vozol Vista Plug\u00a0 Blue Razz Ice<\/a><br \/>\n<a href=\"https:\/\/dekaufmann.de\/produkt\/vozol-vista-plug-miami-mint-5x15000\/\">Vozol Vista Plug\u00a0 Miami Mint<\/a><br \/>\n<a href=\"https:\/\/dekaufmann.de\/produkt\/vozol-vista-plug-mango-ice-5x15000\/\">Vozol Vista Plug\u00a0 Mango Ice<\/a><br \/>\n<a href=\"https:\/\/dekaufmann.de\/produkt\/vozol-vista-plug-blueberry-raspberry-lemon\/\">Vozol Vista Plug\u00a0 Bluebery Raspberry Lemon<\/a><br \/>\n<a href=\"https:\/\/dekaufmann.de\/produkt\/vozol-vista-plug-peach-ice-5x15000\/\">Vozol Vista Plug Peach Ice<\/a><br \/>\n<a href=\"https:\/\/dekaufmann.de\/produkt\/vozol-vista-plug-pineapple-lemon-5x15000\/\">Vozol Vista Plug Pineapple Lemon<\/a><br \/>\n<a href=\"https:\/\/dekaufmann.de\/produkt\/vozol-vista-plug-blueberry-raspberry-lemon\/\">Vozol Vista Plug Watermelon Ice<\/a><br \/>\n<a href=\"https:\/\/dekaufmann.de\/produkt\/vozol-vista-plug-lemon-lime-5x15000\/\">Vozol Vista Plug Lemon Lime<\/a><br \/>\n<a href=\"https:\/\/dekaufmann.de\/produkt\/vozol-vista-plug-blueberry-sour-raspberry\/\">Vozol Vista Plug Blueberry Sour Raspberry<\/a><\/p>\n","protected":false},"excerpt":{"rendered":"<p>Vozol Vista Plug Lemon Lime \u2013 5&#215;15000 \u2013 Spritzige Frische mit Zitrone und Limette! \ud83c\udf4b\u2728 Vozol Vista Plug Lemon Lime vereint den intensiven Geschmack von spritziger Zitrone und herber Limette f\u00fcr ein belebendes Dampferlebnis, das dich mit jedem Zug erfrischt. Mit einer Kapazit\u00e4t von bis zu 15.000 Z\u00fcgen pro Ger\u00e4t garantiert dieses Produkt langanhaltenden Genuss. [&hellip;]<\/p>\n","protected":false},"featured_media":107294,"comment_status":"closed","ping_status":"closed","template":"","meta":[],"product_brand":[184],"product_cat":[81],"product_tag":[],"class_list":{"0":"post-99128","1":"product","2":"type-product","3":"status-publish","4":"has-post-thumbnail","6":"product_brand-vozol","7":"product_cat-vapes","8":"product_shipping_class-reduced-rate","10":"first","11":"outofstock","12":"sale","13":"taxable","14":"shipping-taxable","15":"product-type-simple"},"_links":{"self":[{"href":"https:\/\/dekaufmann.de\/index.php?rest_route=\/wp\/v2\/product\/99128","targetHints":{"allow":["GET"]}}],"collection":[{"href":"https:\/\/dekaufmann.de\/index.php?rest_route=\/wp\/v2\/product"}],"about":[{"href":"https:\/\/dekaufmann.de\/index.php?rest_route=\/wp\/v2\/types\/product"}],"replies":[{"embeddable":true,"href":"https:\/\/dekaufmann.de\/index.php?rest_route=%2Fwp%2Fv2%2Fcomments&post=99128"}],"wp:featuredmedia":[{"embeddable":true,"href":"https:\/\/dekaufmann.de\/index.php?rest_route=\/wp\/v2\/media\/107294"}],"wp:attachment":[{"href":"https:\/\/dekaufmann.de\/index.php?rest_route=%2Fwp%2Fv2%2Fmedia&parent=99128"}],"wp:term":[{"taxonomy":"product_brand","embeddable":true,"href":"https:\/\/dekaufmann.de\/index.php?rest_route=%2Fwp%2Fv2%2Fproduct_brand&post=99128"},{"taxonomy":"product_cat","embeddable":true,"href":"https:\/\/dekaufmann.de\/index.php?rest_route=%2Fwp%2Fv2%2Fproduct_cat&post=99128"},{"taxonomy":"product_tag","embeddable":true,"href":"https:\/\/dekaufmann.de\/index.php?rest_route=%2Fwp%2Fv2%2Fproduct_tag&post=99128"}],"curies":[{"name":"wp","href":"https:\/\/api.w.org\/{rel}","templated":true}]}}