{"id":94276,"date":"2024-06-06T12:58:54","date_gmt":"2024-06-06T12:58:54","guid":{"rendered":"https:\/\/dekaufmann.de\/?post_type=product&#038;p=94276"},"modified":"2026-03-16T13:00:20","modified_gmt":"2026-03-16T13:00:20","slug":"elfbar-pods-elfstorm-2x2ml-pods","status":"publish","type":"product","link":"https:\/\/dekaufmann.de\/?product=elfbar-pods-elfstorm-2x2ml-pods","title":{"rendered":"Elfbar Pods Elfstorm 10x 2x2ml Pods"},"content":{"rendered":"<h4><strong>Elfbar Pods Elfstorm \u2013 10x 2x2ml \u2013 Kraftvolles Aroma f\u00fcr ein intensives Dampferlebnis! \u26a1\u2728<\/strong><\/h4>\n<p><strong>Elfbar Pods Elfstorm<\/strong> bieten ein einzigartiges Dampferlebnis mit einer geheimnisvollen und intensiven Geschmackskombination. Die perfekte Mischung aus fruchtigen, erfrischenden und s\u00fc\u00dfen Noten sorgt f\u00fcr eine unvergleichliche Geschmacksexplosion \u2013 ideal f\u00fcr alle, die au\u00dfergew\u00f6hnliche Aromen lieben.<\/p>\n<h5><strong>Produktdetails:<\/strong><\/h5>\n<ul>\n<li><strong>Inhalt:<\/strong> 10 Packungen mit jeweils 2x2ml Pods \ud83d\udce6<\/li>\n<li><strong>Geschmack:<\/strong> Kraftvolle Mischung aus fruchtigen und erfrischenden Aromen \u26a1<\/li>\n<li><strong>Besonderheit:<\/strong> Vorbef\u00fcllte Pods f\u00fcr ein unkompliziertes und intensives Dampferlebnis \ud83c\udf1f<\/li>\n<li><strong>Ideal f\u00fcr:<\/strong> Kioske, Vape-Shops oder Dampfer, die nach einem besonderen Geschmack suchen \ud83c\udfea\ud83c\udf89<\/li>\n<\/ul>\n<h6><strong>Warum Elfbar Pods?<\/strong><\/h6>\n<ul>\n<li><strong>Intensiver Geschmack:<\/strong> Einzigartige, geheimnisvolle Geschmacksnote f\u00fcr ein unvergleichliches Dampferlebnis \u26a1\u2728<\/li>\n<li><strong>Einfache Handhabung:<\/strong> Vorbef\u00fcllte Pods \u2013 einfach einstecken und genie\u00dfen \ud83c\udfaf<\/li>\n<li><strong>Perfekte Kompatibilit\u00e4t:<\/strong> Passend f\u00fcr Elfbar-Basisger\u00e4te \ud83c\udf1f<\/li>\n<\/ul>\n<p>Mit <strong>Elfbar Pods Elfstorm<\/strong> genie\u00dft du ein kraftvolles und erfrischendes Dampferlebnis mit einem einzigartigen Aroma. Jetzt bestellen und den vollen Geschmack entdecken! \u26a1\u2728<\/p>\n<h4 data-start=\"142\" data-end=\"184\">\u2705 <strong data-start=\"146\" data-end=\"182\">Weitere Geschm\u00e4cker (41 Sorten):<\/strong><\/h4>\n<h4 style=\"text-align: left;\">(Efbar Elfa Pods Nikotinfrei)<\/h4>\n<ol>\n<li style=\"text-align: left;\">\n<h4><a href=\"https:\/\/dekaufmann.de\/shop\/vapes\/elfbar-pods-apple-peach-nikotinfrei-10x-2x2ml-pods\/\">Peach Ice Nikotinfrei<\/a> | <a href=\"https:\/\/dekaufmann.de\/shop\/vapes\/elfbar-pods-mixed-berries-nikotinfrei-10x-2x2ml-pods\/\">2. Mixed Berries Nikotinfrei<\/a> | <a href=\"https:\/\/dekaufmann.de\/shop\/vapes\/elfbar-pods-watermelon-nikotinfrei-10x-2x2ml-pods\/\">3. Watermelon Niktonfrei<\/a> | <a href=\"https:\/\/dekaufmann.de\/shop\/vapes\/elfbar-pods-apple-peach-nikotinfrei-10x-2x2ml-pods\/\">4. Apple Peach Nikotinfrei<\/a> | <a href=\"https:\/\/dekaufmann.de\/shop\/vapes\/elfbar-pods-cherry-nikotinfrei-10x-2x2ml-pods\/\">5. Cherry Nikotinfrei<\/a><\/h4>\n<\/li>\n<\/ol>\n<hr \/>\n<h4 data-start=\"355\" data-end=\"403\"><strong data-start=\"355\" data-end=\"401\">(Elfbar Elfa mit Nikotin)<\/strong><\/h4>\n<ol data-start=\"404\" data-end=\"1054\">\n<li data-start=\"404\" data-end=\"1054\">\n<h4 data-start=\"407\" data-end=\"1054\"><a href=\"https:\/\/dekaufmann.de\/shop\/vapes\/elfbar-pods-peach-ice-10x-2x2ml-pods\/\">Peach Ice<\/a> | <a href=\"https:\/\/dekaufmann.de\/shop\/vapes\/elfbar-pods-grape-ice-10x-2x2ml-pods\/\">2. Grape Ice<\/a> | <a href=\"https:\/\/dekaufmann.de\/shop\/vapes\/elfbar-pods-apple-peach-10x-2x2ml-pods\/\">3. Apple Peach<\/a> | <a href=\"https:\/\/dekaufmann.de\/shop\/vapes\/elfbar-pods-cherry-10x-2x2ml-pods\/\">4. Cherry<\/a> | <a href=\"https:\/\/dekaufmann.de\/shop\/vapes\/elfbar-pods-watermelon-mojito-10x-2x2ml-pods\/\">5. Watermelon Mojito<\/a> | <a href=\"https:\/\/dekaufmann.de\/shop\/vapes\/elfbar-pods-raspberry-watermelon-pods\/\">6. Raspberry Watermelon<\/a> |<a href=\"https:\/\/dekaufmann.de\/shop\/vapes\/elfbar-pods-watermelon-cherry-10x-2x2ml-pods\/\"> 7. Watermelon Cherry<\/a> | <a href=\"https:\/\/dekaufmann.de\/shop\/vapes\/elfbar-pods-blackberry-ice-10x-2x2ml-pods\/\">8. Blackberry Ice<\/a> | <a href=\"https:\/\/dekaufmann.de\/shop\/vapes\/elfbar-pods-lemon-mint-10x-2x2ml-pods\/\">9. Lemon Mint<\/a> | <a href=\"https:\/\/dekaufmann.de\/shop\/vapes\/elfbar-pods-kiwi-passion-fruit-guava-pods\/\">10. Kiwi Passion Fruit Guava<\/a> | <a href=\"https:\/\/dekaufmann.de\/shop\/vapes\/elfbar-pods-pink-lemonade-10x-2x2ml-pods\/\">11. Pink Lemonade<\/a> | <a href=\"https:\/\/dekaufmann.de\/shop\/vapes\/elfbar-pods-blueberry-2x2ml-pods\/\">12. Blueberry<\/a> | <a href=\"https:\/\/dekaufmann.de\/shop\/vapes\/elfbar-pods-blueberry-cotton-candy\/\">13. Blueberry Cotton Candy<\/a> |<a href=\"https:\/\/dekaufmann.de\/shop\/vapes\/elfbar-pods-pineapple-lemon-qi\/\"> 14. Pineapple Lemon QI<\/a> | <a href=\"https:\/\/dekaufmann.de\/shop\/vapes\/elfbar-pods-pear-2x2ml-pods\/\">15. Pear<\/a> |<a href=\"https:\/\/dekaufmann.de\/shop\/vapes\/elfbar-pods-blueberry-snoow-2x2ml-pods\/\"> 16. Blueberry Snoow<\/a> | <a href=\"https:\/\/dekaufmann.de\/shop\/vapes\/elfbar-pods-orange-2x2ml-pods\/\">17. Orange<\/a> | <a href=\"https:\/\/dekaufmann.de\/shop\/vapes\/elfbar-pods-elfergy-2x2ml-pods\/\">18. Elfergy<\/a> | <a href=\"https:\/\/dekaufmann.de\/shop\/vapes\/elfbar-pods-cranberry-grape-2x2ml-pods\/\">19. Cranberry Grape<\/a> | <a href=\"https:\/\/dekaufmann.de\/shop\/vapes\/elfbar-pods-blueberry-sour-raspberry\/\">20. Blueberry Sour Raspberry<\/a> | <a href=\"https:\/\/dekaufmann.de\/shop\/vapes\/elfbar-pods-cola-2x2ml-pods\/\">21. Cola<\/a> | <a href=\"https:\/\/dekaufmann.de\/shop\/vapes\/elfbar-pods-blue-razz-lemonade\/\">22. Blue Razz Lemonade<\/a> |<a href=\"https:\/\/dekaufmann.de\/shop\/vapes\/elfbar-pods-watermelon-2x2ml-pods-2\/\"> 23. Watermelon<\/a> | <a href=\"https:\/\/dekaufmann.de\/shop\/vapes\/elfbar-pods-mixed-berries-2x2ml-pods\/\">24. Mixed Berries<\/a> |<a href=\"https:\/\/dekaufmann.de\/shop\/vapes\/elfbar-pods-elfstorm-2x2ml-pods\/\"> 25. Elfstorm<\/a> | <a href=\"https:\/\/dekaufmann.de\/shop\/vapes\/elfbar-pods-mango-2x2ml-pods\/\">26. Mango<\/a> | <a href=\"https:\/\/dekaufmann.de\/shop\/vapes\/elfbar-pods-mango-2x2ml-pods\/\">27. Banana<\/a> | <a href=\"https:\/\/dekaufmann.de\/shop\/vapes\/elfbar-pods-strawberry-ice-cream\/\">28. Strawberry Ice Cream<\/a> | <a href=\"https:\/\/dekaufmann.de\/shop\/vapes\/elfbar-pods-strawberry-kiwi-2x2ml-pods\/\">29. Strawberry Kiwi<\/a> | <a href=\"https:\/\/dekaufmann.de\/shop\/vapes\/elfbar-pods-strawberry-grape\/\">30. Strawberry Grape<\/a> | <a href=\"https:\/\/dekaufmann.de\/shop\/vapes\/elfbar-pods-blueberry-bg-2x2ml-pods\/\">31. Blueberry BG<\/a> | <a href=\"https:\/\/dekaufmann.de\/shop\/vapes\/elfbar-pods-tropical-fruit-2x2ml-pods-2\/\">32. Tropical Fruit<\/a> | <a href=\"https:\/\/dekaufmann.de\/shop\/vapes\/elfbar-pods-strawberry-raspberry\/\">33. Strawberry Raspberry<\/a> | <a href=\"https:\/\/dekaufmann.de\/shop\/vapes\/elfbar-pods-menthol-10x-2x2ml-pods\/\">34. Menthol<\/a> |<a href=\"https:\/\/dekaufmann.de\/shop\/vapes\/elfbar-pods-strawberry-ice-10x-2x2ml-pods\/\"> 35. Strawberry Ice<\/a> | <a href=\"https:\/\/dekaufmann.de\/shop\/vapes\/elfbar-pods-blackberry-lemon-10x-2x2ml-pods\/\">36. Blackberry Lemon<\/a><\/h4>\n<\/li>\n<\/ol>\n<hr data-start=\"1056\" data-end=\"1059\" \/>\n<h4 data-start=\"1061\" data-end=\"1097\">\u2705 <strong data-start=\"1065\" data-end=\"1095\">Hierzugeh\u00f6rige Akkutr\u00e4ger:<\/strong><\/h4>\n<h4 data-start=\"1098\" data-end=\"1218\"><a href=\"https:\/\/dekaufmann.de\/shop\/vapes\/elfbar-basisgeraet-twilight-blue-10-stueck\/\">Twilight Blue <\/a>| <a href=\"https:\/\/dekaufmann.de\/shop\/vapes\/elfbar-basisgeraet-twilight-brown-10-stueck\/\">Twilight Brown<\/a> | <a href=\"https:\/\/dekaufmann.de\/shop\/vapes\/elfbar-basisgeraet-green-10-stueck\/\">Green<\/a> | <a href=\"https:\/\/dekaufmann.de\/shop\/vapes\/elfbar-basisgeraet-blue-10-stueck\/\">Navy Blue<\/a> |<a href=\"https:\/\/dekaufmann.de\/shop\/vapes\/elfbar-basisgeraet-pink-10-stueck\/\"> Pink<\/a> | <a href=\"https:\/\/dekaufmann.de\/shop\/vapes\/elfbar-basisgeraet-white10-stueck\/\">White<\/a> | <a href=\"https:\/\/dekaufmann.de\/shop\/vapes\/elfbar-basisgeraet-black-10-stueck\/\">Black<\/a> | <a href=\"https:\/\/dekaufmann.de\/shop\/vapes\/elfbar-basisgeraet-aurora-purple-10-stueck\/\">Aurora Purple<\/a> \u2013 jeweils als 10\u00d7 Ger\u00e4te-Pack.<\/h4>\n<p>&nbsp;<\/p>\n<p>&nbsp;<\/p>\n","protected":false},"excerpt":{"rendered":"<p>Elfbar Pods Elfstorm \u2013 10x 2x2ml \u2013 Kraftvolles Aroma f\u00fcr ein intensives Dampferlebnis! \u26a1\u2728 Elfbar Pods Elfstorm bieten ein einzigartiges Dampferlebnis mit einer geheimnisvollen und intensiven Geschmackskombination. Die perfekte Mischung aus fruchtigen, erfrischenden und s\u00fc\u00dfen Noten sorgt f\u00fcr eine unvergleichliche Geschmacksexplosion \u2013 ideal f\u00fcr alle, die au\u00dfergew\u00f6hnliche Aromen lieben. Produktdetails: Inhalt: 10 Packungen mit jeweils [&hellip;]<\/p>\n","protected":false},"featured_media":106905,"comment_status":"closed","ping_status":"closed","template":"","meta":[],"product_brand":[137],"product_cat":[81],"product_tag":[],"class_list":{"0":"post-94276","1":"product","2":"type-product","3":"status-publish","4":"has-post-thumbnail","6":"product_brand-elfbar","7":"product_cat-vapes","8":"product_shipping_class-reduced-rate","10":"first","11":"instock","12":"taxable","13":"shipping-taxable","14":"product-type-simple"},"_links":{"self":[{"href":"https:\/\/dekaufmann.de\/index.php?rest_route=\/wp\/v2\/product\/94276","targetHints":{"allow":["GET"]}}],"collection":[{"href":"https:\/\/dekaufmann.de\/index.php?rest_route=\/wp\/v2\/product"}],"about":[{"href":"https:\/\/dekaufmann.de\/index.php?rest_route=\/wp\/v2\/types\/product"}],"replies":[{"embeddable":true,"href":"https:\/\/dekaufmann.de\/index.php?rest_route=%2Fwp%2Fv2%2Fcomments&post=94276"}],"wp:featuredmedia":[{"embeddable":true,"href":"https:\/\/dekaufmann.de\/index.php?rest_route=\/wp\/v2\/media\/106905"}],"wp:attachment":[{"href":"https:\/\/dekaufmann.de\/index.php?rest_route=%2Fwp%2Fv2%2Fmedia&parent=94276"}],"wp:term":[{"taxonomy":"product_brand","embeddable":true,"href":"https:\/\/dekaufmann.de\/index.php?rest_route=%2Fwp%2Fv2%2Fproduct_brand&post=94276"},{"taxonomy":"product_cat","embeddable":true,"href":"https:\/\/dekaufmann.de\/index.php?rest_route=%2Fwp%2Fv2%2Fproduct_cat&post=94276"},{"taxonomy":"product_tag","embeddable":true,"href":"https:\/\/dekaufmann.de\/index.php?rest_route=%2Fwp%2Fv2%2Fproduct_tag&post=94276"}],"curies":[{"name":"wp","href":"https:\/\/api.w.org\/{rel}","templated":true}]}}