{"id":110351,"date":"2026-05-02T17:34:16","date_gmt":"2026-05-02T17:34:16","guid":{"rendered":"https:\/\/dekaufmann.de\/?post_type=product&#038;p=110351"},"modified":"2026-05-04T15:33:48","modified_gmt":"2026-05-04T15:33:48","slug":"squishy-dumplings-rainbow","status":"publish","type":"product","link":"https:\/\/dekaufmann.de\/?product=squishy-dumplings-rainbow","title":{"rendered":"Squishy Dumplings Rainbow 12 Stk"},"content":{"rendered":"<p data-start=\"1678\" data-end=\"1888\">Produkt: Squishy Dumplings Stressball-Spielzeuge<br data-start=\"1731\" data-end=\"1734\" \/>Inhalt: 12 St\u00fcck<br data-start=\"1750\" data-end=\"1753\" \/>Typ: Squishy \/ Stressball \/ Blindbox-Spielzeug<br data-start=\"1825\" data-end=\"1828\" \/>Einsatzbereich: Kiosk, Candy-Shop, Tankstelle, Online-Shop<\/p>\n<p data-start=\"1890\" data-end=\"1906\">H\u00e4ndler-Vorteile<\/p>\n<ul data-start=\"1908\" data-end=\"2150\">\n<li data-section-id=\"e2gnu5\" data-start=\"1908\" data-end=\"1962\">Trendiges Blindbox-Produkt mit \u00dcberraschungseffekt<\/li>\n<li data-section-id=\"16viwji\" data-start=\"1963\" data-end=\"2002\">Hoher Sammel- und Wiederkaufsfaktor<\/li>\n<li data-section-id=\"k3v35i\" data-start=\"2003\" data-end=\"2046\">M\u00f6glichkeit auf seltene Special-Designs<\/li>\n<li data-section-id=\"8twai3\" data-start=\"2047\" data-end=\"2091\">Perfekt f\u00fcr Impulsk\u00e4ufe im Kassenbereich<\/li>\n<li data-section-id=\"17bvyqd\" data-start=\"2092\" data-end=\"2150\">Ideal f\u00fcr Kiosk, Candy-Shop, Tankstelle und E-Commerce<\/li>\n<\/ul>\n","protected":false},"excerpt":{"rendered":"<p>Produkt: Squishy Dumplings Stressball-SpielzeugeInhalt: 12 St\u00fcckTyp: Squishy \/ Stressball \/ Blindbox-SpielzeugEinsatzbereich: Kiosk, Candy-Shop, Tankstelle, Online-Shop H\u00e4ndler-Vorteile Trendiges Blindbox-Produkt mit \u00dcberraschungseffekt Hoher Sammel- und Wiederkaufsfaktor M\u00f6glichkeit auf seltene Special-Designs Perfekt f\u00fcr Impulsk\u00e4ufe im Kassenbereich Ideal f\u00fcr Kiosk, Candy-Shop, Tankstelle und E-Commerce<\/p>\n","protected":false},"featured_media":110352,"comment_status":"closed","ping_status":"closed","template":"","meta":[],"product_brand":[338],"product_cat":[213,90],"product_tag":[],"class_list":{"0":"post-110351","1":"product","2":"type-product","3":"status-publish","4":"has-post-thumbnail","6":"product_brand-squishy","7":"product_cat-zubehoer-und-spielzeuge","8":"product_cat-amerika","10":"first","11":"instock","12":"taxable","13":"shipping-taxable","14":"product-type-simple"},"_links":{"self":[{"href":"https:\/\/dekaufmann.de\/index.php?rest_route=\/wp\/v2\/product\/110351","targetHints":{"allow":["GET"]}}],"collection":[{"href":"https:\/\/dekaufmann.de\/index.php?rest_route=\/wp\/v2\/product"}],"about":[{"href":"https:\/\/dekaufmann.de\/index.php?rest_route=\/wp\/v2\/types\/product"}],"replies":[{"embeddable":true,"href":"https:\/\/dekaufmann.de\/index.php?rest_route=%2Fwp%2Fv2%2Fcomments&post=110351"}],"wp:featuredmedia":[{"embeddable":true,"href":"https:\/\/dekaufmann.de\/index.php?rest_route=\/wp\/v2\/media\/110352"}],"wp:attachment":[{"href":"https:\/\/dekaufmann.de\/index.php?rest_route=%2Fwp%2Fv2%2Fmedia&parent=110351"}],"wp:term":[{"taxonomy":"product_brand","embeddable":true,"href":"https:\/\/dekaufmann.de\/index.php?rest_route=%2Fwp%2Fv2%2Fproduct_brand&post=110351"},{"taxonomy":"product_cat","embeddable":true,"href":"https:\/\/dekaufmann.de\/index.php?rest_route=%2Fwp%2Fv2%2Fproduct_cat&post=110351"},{"taxonomy":"product_tag","embeddable":true,"href":"https:\/\/dekaufmann.de\/index.php?rest_route=%2Fwp%2Fv2%2Fproduct_tag&post=110351"}],"curies":[{"name":"wp","href":"https:\/\/api.w.org\/{rel}","templated":true}]}}