{"id":110288,"date":"2026-04-24T13:47:56","date_gmt":"2026-04-24T13:47:56","guid":{"rendered":"https:\/\/dekaufmann.de\/?post_type=product&#038;p=110288"},"modified":"2026-04-29T08:42:47","modified_gmt":"2026-04-29T08:42:47","slug":"kemo-riolet-cake-strawberry-24x40g","status":"publish","type":"product","link":"https:\/\/dekaufmann.de\/?product=kemo-riolet-cake-strawberry-24x40g","title":{"rendered":"Kemo Riolet Cake Strawberry 24x40g"},"content":{"rendered":"<p data-start=\"327\" data-end=\"611\">Kemo Riolet Cake Strawberry 24x40g sind saftige Kuchenriegel mit fruchtigem Erdbeergeschmack und einer angenehm weichen Konsistenz. Die s\u00fc\u00dfe, leicht fruchtige Note sorgt f\u00fcr ein klassisches und beliebtes Geschmackserlebnis, das besonders bei einer breiten Zielgruppe sehr gut ankommt.<\/p>\n<p data-start=\"613\" data-end=\"906\">Kemo Riolet Cake Strawberry 24x40g eignen sich ideal als Snack f\u00fcr zwischendurch oder als s\u00fc\u00dfe Erg\u00e4nzung zu Kaffee und Tee. Durch die praktische Einzelverpackung sind die Riegel perfekt f\u00fcr den To-Go-Verkauf im Kiosk, Candy-Shop oder an der Tankstelle geeignet und f\u00f6rdern gezielt Impulsk\u00e4ufe.<\/p>\n<p data-start=\"908\" data-end=\"1227\">Kemo Riolet Cake Strawberry 24x40g werden im praktischen 24er Display geliefert, was eine einfache Pr\u00e4sentation im Verkaufsregal erm\u00f6glicht und f\u00fcr eine hohe Umschlaggeschwindigkeit sorgt. Fruchtige Klassiker wie Erdbeere geh\u00f6ren zu den meistverkauften Geschmacksrichtungen und sichern konstante Nachfrage im Sortiment.<\/p>\n<p data-start=\"1229\" data-end=\"1249\">Produktinformationen<\/p>\n<p data-start=\"1251\" data-end=\"1438\">Produkt: Kemo Riolet Cake Strawberry<br data-start=\"1287\" data-end=\"1290\" \/>Inhalt: 24 x 40 g<br data-start=\"1307\" data-end=\"1310\" \/>Geschmack: Erdbeere<br data-start=\"1329\" data-end=\"1332\" \/>Typ: Kuchenriegel \/ Soft Cake<br data-start=\"1361\" data-end=\"1364\" \/>Marke: Kemo<br data-start=\"1375\" data-end=\"1378\" \/>Einsatzbereich: Kiosk, Candy-Shop, Tankstelle, Online-Shop<\/p>\n<p data-start=\"1440\" data-end=\"1456\">H\u00e4ndler-Vorteile<\/p>\n<ul data-start=\"1458\" data-end=\"1713\">\n<li data-section-id=\"rvul4e\" data-start=\"1458\" data-end=\"1510\">Klassischer Erdbeergeschmack mit hoher Nachfrage<\/li>\n<li data-section-id=\"3ib5kl\" data-start=\"1511\" data-end=\"1556\">Saftige Konsistenz f\u00fcr hohen Genussfaktor<\/li>\n<li data-section-id=\"du0rcj\" data-start=\"1557\" data-end=\"1609\">Praktisches 24er Display f\u00fcr schnellen Abverkauf<\/li>\n<li data-section-id=\"cwynt5\" data-start=\"1610\" data-end=\"1652\">Ideal f\u00fcr Impulsk\u00e4ufe und To-Go-Snacks<\/li>\n<li data-section-id=\"unkq5n\" data-start=\"1653\" data-end=\"1713\">Perfekt f\u00fcr Kiosk, Candy-Shop, Tankstelle und E-Commerce<\/li>\n<\/ul>\n","protected":false},"excerpt":{"rendered":"<p>Kemo Riolet Cake Strawberry 24x40g sind saftige Kuchenriegel mit fruchtigem Erdbeergeschmack und einer angenehm weichen Konsistenz. Die s\u00fc\u00dfe, leicht fruchtige Note sorgt f\u00fcr ein klassisches und beliebtes Geschmackserlebnis, das besonders bei einer breiten Zielgruppe sehr gut ankommt. Kemo Riolet Cake Strawberry 24x40g eignen sich ideal als Snack f\u00fcr zwischendurch oder als s\u00fc\u00dfe Erg\u00e4nzung zu Kaffee [&hellip;]<\/p>\n","protected":false},"featured_media":110290,"comment_status":"closed","ping_status":"closed","template":"","meta":[],"product_brand":[337],"product_cat":[78,133],"product_tag":[],"class_list":{"0":"post-110288","1":"product","2":"type-product","3":"status-publish","4":"has-post-thumbnail","6":"product_brand-kemo","7":"product_cat-asien","8":"product_cat-snacks","10":"first","11":"instock","12":"taxable","13":"shipping-taxable","14":"product-type-simple"},"_links":{"self":[{"href":"https:\/\/dekaufmann.de\/index.php?rest_route=\/wp\/v2\/product\/110288","targetHints":{"allow":["GET"]}}],"collection":[{"href":"https:\/\/dekaufmann.de\/index.php?rest_route=\/wp\/v2\/product"}],"about":[{"href":"https:\/\/dekaufmann.de\/index.php?rest_route=\/wp\/v2\/types\/product"}],"replies":[{"embeddable":true,"href":"https:\/\/dekaufmann.de\/index.php?rest_route=%2Fwp%2Fv2%2Fcomments&post=110288"}],"wp:featuredmedia":[{"embeddable":true,"href":"https:\/\/dekaufmann.de\/index.php?rest_route=\/wp\/v2\/media\/110290"}],"wp:attachment":[{"href":"https:\/\/dekaufmann.de\/index.php?rest_route=%2Fwp%2Fv2%2Fmedia&parent=110288"}],"wp:term":[{"taxonomy":"product_brand","embeddable":true,"href":"https:\/\/dekaufmann.de\/index.php?rest_route=%2Fwp%2Fv2%2Fproduct_brand&post=110288"},{"taxonomy":"product_cat","embeddable":true,"href":"https:\/\/dekaufmann.de\/index.php?rest_route=%2Fwp%2Fv2%2Fproduct_cat&post=110288"},{"taxonomy":"product_tag","embeddable":true,"href":"https:\/\/dekaufmann.de\/index.php?rest_route=%2Fwp%2Fv2%2Fproduct_tag&post=110288"}],"curies":[{"name":"wp","href":"https:\/\/api.w.org\/{rel}","templated":true}]}}