{"id":110068,"date":"2026-04-10T09:04:31","date_gmt":"2026-04-10T09:04:31","guid":{"rendered":"https:\/\/dekaufmann.de\/?post_type=product&#038;p=110068"},"modified":"2026-04-29T08:42:47","modified_gmt":"2026-04-29T08:42:47","slug":"tigaz-corn-balls-noodle-ramen","status":"publish","type":"product","link":"https:\/\/dekaufmann.de\/?product=tigaz-corn-balls-noodle-ramen","title":{"rendered":"Tigaz Corn Balls Noodle Ramen 60x20g"},"content":{"rendered":"<h2 data-start=\"138\" data-end=\"191\">Tigaz Corn Balls Noodle Ramen 60x20g<\/h2>\n<p data-start=\"321\" data-end=\"582\">Tigaz Corn Balls Noodle Ramen 60x20g sind knusprige Maisb\u00e4llchen mit w\u00fcrzigem Ramen-Geschmack. Die besondere W\u00fcrzmischung erinnert an asiatische Instant-Nudeln und sorgt f\u00fcr ein intensives, herzhaftes Snack-Erlebnis, das sich klar von klassischen Sorten abhebt.<\/p>\n<p data-start=\"584\" data-end=\"944\">Tigaz Corn Balls Noodle Ramen 60x20g werden im praktischen 60er Display geliefert und eignen sich ideal f\u00fcr den Verkauf im Kiosk, Candy-Shop, an der Tankstelle oder im Online-Shop. Ausgefallene Geschmacksrichtungen mit Asia-Influence liegen im Trend und sprechen besonders neugierige Kunden an, was f\u00fcr zus\u00e4tzliche Aufmerksamkeit und schnellen Abverkauf sorgt.<\/p>\n<p data-start=\"946\" data-end=\"966\">Produktinformationen<\/p>\n<p data-start=\"968\" data-end=\"1161\">Produkt: Tigaz Corn Balls Noodle Ramen<br data-start=\"1006\" data-end=\"1009\" \/>Inhalt: 60 x 20 g<br data-start=\"1026\" data-end=\"1029\" \/>Geschmack: Ramen \/ w\u00fcrzig<br data-start=\"1054\" data-end=\"1057\" \/>Typ: Mais-Snack \/ Corn Balls<br data-start=\"1085\" data-end=\"1088\" \/>Marke: Tigaz<br data-start=\"1100\" data-end=\"1103\" \/>Einsatzbereich: Kiosk, Candy-Shop, Tankstelle, Online-Shop<\/p>\n<p data-start=\"1163\" data-end=\"1179\">H\u00e4ndler-Vorteile<\/p>\n<ul data-start=\"1181\" data-end=\"1452\">\n<li data-section-id=\"vduxx5\" data-start=\"1181\" data-end=\"1235\">Trendiger Ramen-Geschmack mit hoher Aufmerksamkeit<\/li>\n<li data-section-id=\"f4h18u\" data-start=\"1236\" data-end=\"1295\">Asiatisch inspirierter Snack mit Alleinstellungsmerkmal<\/li>\n<li data-section-id=\"rbxn6d\" data-start=\"1296\" data-end=\"1343\">Gro\u00dfes 60er Display f\u00fcr maximalen Abverkauf<\/li>\n<li data-section-id=\"r7ulbr\" data-start=\"1344\" data-end=\"1391\">Kleine Portionsgr\u00f6\u00dfen ideal f\u00fcr Impulsk\u00e4ufe<\/li>\n<li data-section-id=\"unkq5n\" data-start=\"1392\" data-end=\"1452\">Perfekt f\u00fcr Kiosk, Candy-Shop, Tankstelle und E-Commerce<\/li>\n<\/ul>\n<h3 data-start=\"1264\" data-end=\"1282\">Produktdetails<\/h3>\n<ul data-start=\"1283\" data-end=\"1417\">\n<li data-start=\"1283\" data-end=\"1340\">\n<p data-start=\"1285\" data-end=\"1340\"><strong data-start=\"1285\" data-end=\"1297\">Produkt:<\/strong> Tigaz Corn Balls Noodle Ramen<\/p>\n<\/li>\n<li data-start=\"1341\" data-end=\"1362\">\n<p data-start=\"1343\" data-end=\"1362\"><strong data-start=\"1343\" data-end=\"1354\">Inhalt:<\/strong> 60 St\u00fcck pro Karton<\/p>\n<\/li>\n<li data-start=\"1363\" data-end=\"1417\">\n<p data-start=\"1365\" data-end=\"1417\"><strong data-start=\"1365\" data-end=\"1379\">Kategorie:<\/strong> Chips \/ Snacks \/ Mais-Snacks \/ Impulsartikel<\/p>\n<\/li>\n<\/ul>\n","protected":false},"excerpt":{"rendered":"<p>Tigaz Corn Balls Noodle Ramen 60x20g sind knusprige Mais-Snacks mit w\u00fcrzigem Ramen-Geschmack im 60er Display. Ideal f\u00fcr Kiosk und Online-Handel.<\/p>\n","protected":false},"featured_media":110069,"comment_status":"closed","ping_status":"closed","template":"","meta":[],"product_brand":[325],"product_cat":[324,133],"product_tag":[],"class_list":{"0":"post-110068","1":"product","2":"type-product","3":"status-publish","4":"has-post-thumbnail","6":"product_brand-tigaz","7":"product_cat-chips","8":"product_cat-snacks","10":"first","11":"instock","12":"taxable","13":"shipping-taxable","14":"product-type-simple"},"_links":{"self":[{"href":"https:\/\/dekaufmann.de\/index.php?rest_route=\/wp\/v2\/product\/110068","targetHints":{"allow":["GET"]}}],"collection":[{"href":"https:\/\/dekaufmann.de\/index.php?rest_route=\/wp\/v2\/product"}],"about":[{"href":"https:\/\/dekaufmann.de\/index.php?rest_route=\/wp\/v2\/types\/product"}],"replies":[{"embeddable":true,"href":"https:\/\/dekaufmann.de\/index.php?rest_route=%2Fwp%2Fv2%2Fcomments&post=110068"}],"wp:featuredmedia":[{"embeddable":true,"href":"https:\/\/dekaufmann.de\/index.php?rest_route=\/wp\/v2\/media\/110069"}],"wp:attachment":[{"href":"https:\/\/dekaufmann.de\/index.php?rest_route=%2Fwp%2Fv2%2Fmedia&parent=110068"}],"wp:term":[{"taxonomy":"product_brand","embeddable":true,"href":"https:\/\/dekaufmann.de\/index.php?rest_route=%2Fwp%2Fv2%2Fproduct_brand&post=110068"},{"taxonomy":"product_cat","embeddable":true,"href":"https:\/\/dekaufmann.de\/index.php?rest_route=%2Fwp%2Fv2%2Fproduct_cat&post=110068"},{"taxonomy":"product_tag","embeddable":true,"href":"https:\/\/dekaufmann.de\/index.php?rest_route=%2Fwp%2Fv2%2Fproduct_tag&post=110068"}],"curies":[{"name":"wp","href":"https:\/\/api.w.org\/{rel}","templated":true}]}}