{"id":110064,"date":"2026-04-10T08:42:52","date_gmt":"2026-04-10T08:42:52","guid":{"rendered":"https:\/\/dekaufmann.de\/?post_type=product&#038;p=110064"},"modified":"2026-04-29T08:42:47","modified_gmt":"2026-04-29T08:42:47","slug":"tigaz-corn-balls-cheese","status":"publish","type":"product","link":"https:\/\/dekaufmann.de\/?product=tigaz-corn-balls-cheese","title":{"rendered":"Tigaz Corn Balls Cheese 60x20g"},"content":{"rendered":"<h2 data-start=\"138\" data-end=\"191\">Tigaz Corn Balls Cheese \u2013 60x20g<\/h2>\n<p data-start=\"192\" data-end=\"272\"><strong data-start=\"192\" data-end=\"272\">Knusprige Maisb\u00e4llchen mit Cheese-Geschmack \u2013 klassischer Impulssnack mit hoher Nachfrage<\/strong><\/p>\n<p data-start=\"317\" data-end=\"533\">Tigaz Corn Balls Cheese 60x20g sind knusprige Maisb\u00e4llchen mit intensivem K\u00e4segeschmack. Die leichten, luftigen Snacks \u00fcberzeugen durch ihre w\u00fcrzige Note und eignen sich perfekt f\u00fcr den schnellen Snack zwischendurch.<\/p>\n<p data-start=\"535\" data-end=\"847\">Tigaz Corn Balls Cheese 60x20g werden im praktischen 60er Display geliefert und sind ideal f\u00fcr den Verkauf im Kiosk, Candy-Shop, an der Tankstelle oder im Online-Shop. Die kleinen 20g-Packungen sind optimal f\u00fcr Impulsk\u00e4ufe und sorgen durch ihre handliche Gr\u00f6\u00dfe f\u00fcr eine hohe Umschlaggeschwindigkeit im Sortiment.<\/p>\n<p data-start=\"849\" data-end=\"869\">Produktinformationen<\/p>\n<p data-start=\"871\" data-end=\"1048\">Produkt: Tigaz Corn Balls Cheese<br data-start=\"903\" data-end=\"906\" \/>Inhalt: 60 x 20 g<br data-start=\"923\" data-end=\"926\" \/>Geschmack: K\u00e4se<br data-start=\"941\" data-end=\"944\" \/>Typ: Mais-Snack \/ Corn Balls<br data-start=\"972\" data-end=\"975\" \/>Marke: Tigaz<br data-start=\"987\" data-end=\"990\" \/>Einsatzbereich: Kiosk, Candy-Shop, Tankstelle, Online-Shop<\/p>\n<p data-start=\"1050\" data-end=\"1066\">H\u00e4ndler-Vorteile<\/p>\n<ul data-start=\"1068\" data-end=\"1318\">\n<li data-section-id=\"9fae5q\" data-start=\"1068\" data-end=\"1114\">W\u00fcrziger K\u00e4segeschmack mit hoher Nachfrage<\/li>\n<li data-section-id=\"rbxn6d\" data-start=\"1115\" data-end=\"1162\">Gro\u00dfes 60er Display f\u00fcr maximalen Abverkauf<\/li>\n<li data-section-id=\"r7ulbr\" data-start=\"1163\" data-end=\"1210\">Kleine Portionsgr\u00f6\u00dfen ideal f\u00fcr Impulsk\u00e4ufe<\/li>\n<li data-section-id=\"1i94246\" data-start=\"1211\" data-end=\"1257\">Hohe Umschlaggeschwindigkeit im Snackregal<\/li>\n<li data-section-id=\"unkq5n\" data-start=\"1258\" data-end=\"1318\">Perfekt f\u00fcr Kiosk, Candy-Shop, Tankstelle und E-Commerce<\/li>\n<\/ul>\n<h3 data-start=\"1264\" data-end=\"1282\">Produktdetails<\/h3>\n<ul data-start=\"1283\" data-end=\"1417\">\n<li data-start=\"1283\" data-end=\"1340\">\n<p data-start=\"1285\" data-end=\"1340\"><strong data-start=\"1285\" data-end=\"1297\">Produkt:<\/strong> Tigaz Corn Balls Ketchup<\/p>\n<\/li>\n<li data-start=\"1341\" data-end=\"1362\">\n<p data-start=\"1343\" data-end=\"1362\"><strong data-start=\"1343\" data-end=\"1354\">Inhalt:<\/strong> 60 St\u00fcck pro Karton<\/p>\n<\/li>\n<li data-start=\"1363\" data-end=\"1417\">\n<p data-start=\"1365\" data-end=\"1417\"><strong data-start=\"1365\" data-end=\"1379\">Kategorie:<\/strong> Snacks \/ Mais-Snacks \/ Impulsartikel<\/p>\n<\/li>\n<\/ul>\n","protected":false},"excerpt":{"rendered":"<p>Tigaz Corn Balls Cheese 60x20g sind knusprige Mais-Snacks mit K\u00e4segeschmack im 60er Display. Ideal f\u00fcr Kiosk, Candy-Shop und Online-Handel.<\/p>\n","protected":false},"featured_media":110065,"comment_status":"closed","ping_status":"closed","template":"","meta":[],"product_brand":[325],"product_cat":[133,324],"product_tag":[],"class_list":{"0":"post-110064","1":"product","2":"type-product","3":"status-publish","4":"has-post-thumbnail","6":"product_brand-tigaz","7":"product_cat-snacks","8":"product_cat-chips","10":"first","11":"instock","12":"taxable","13":"shipping-taxable","14":"product-type-simple"},"_links":{"self":[{"href":"https:\/\/dekaufmann.de\/index.php?rest_route=\/wp\/v2\/product\/110064","targetHints":{"allow":["GET"]}}],"collection":[{"href":"https:\/\/dekaufmann.de\/index.php?rest_route=\/wp\/v2\/product"}],"about":[{"href":"https:\/\/dekaufmann.de\/index.php?rest_route=\/wp\/v2\/types\/product"}],"replies":[{"embeddable":true,"href":"https:\/\/dekaufmann.de\/index.php?rest_route=%2Fwp%2Fv2%2Fcomments&post=110064"}],"wp:featuredmedia":[{"embeddable":true,"href":"https:\/\/dekaufmann.de\/index.php?rest_route=\/wp\/v2\/media\/110065"}],"wp:attachment":[{"href":"https:\/\/dekaufmann.de\/index.php?rest_route=%2Fwp%2Fv2%2Fmedia&parent=110064"}],"wp:term":[{"taxonomy":"product_brand","embeddable":true,"href":"https:\/\/dekaufmann.de\/index.php?rest_route=%2Fwp%2Fv2%2Fproduct_brand&post=110064"},{"taxonomy":"product_cat","embeddable":true,"href":"https:\/\/dekaufmann.de\/index.php?rest_route=%2Fwp%2Fv2%2Fproduct_cat&post=110064"},{"taxonomy":"product_tag","embeddable":true,"href":"https:\/\/dekaufmann.de\/index.php?rest_route=%2Fwp%2Fv2%2Fproduct_tag&post=110064"}],"curies":[{"name":"wp","href":"https:\/\/api.w.org\/{rel}","templated":true}]}}