{"id":110052,"date":"2026-04-09T10:25:07","date_gmt":"2026-04-09T10:25:07","guid":{"rendered":"https:\/\/dekaufmann.de\/?post_type=product&#038;p=110052"},"modified":"2026-04-22T01:23:08","modified_gmt":"2026-04-22T01:23:08","slug":"hostess-cupcakes-strawberry-360g","status":"publish","type":"product","link":"https:\/\/dekaufmann.de\/?product=hostess-cupcakes-strawberry-360g","title":{"rendered":"Hostess CupCakes Strawberry 360g"},"content":{"rendered":"<p data-start=\"306\" data-end=\"575\">Hostess CupCakes Strawberry 360g sind saftige K\u00fcchlein mit fruchtiger Erdbeerf\u00fcllung und cremiger F\u00fcllung, umh\u00fcllt von einer weichen Schokoladenglasur. Die Kombination aus s\u00fc\u00dfem Teig, fruchtiger Note und cremiger Textur sorgt f\u00fcr ein besonders beliebtes Snack-Erlebnis.<\/p>\n<p data-start=\"577\" data-end=\"864\">Hostess CupCakes Strawberry 360g sind ein klassischer US-Snack mit hoher Wiedererkennung und eignen sich ideal f\u00fcr den Verkauf im Kiosk, Candy-Shop, an der Tankstelle oder im Online-Shop. Importprodukte von Hostess sind besonders gefragt und bringen Abwechslung in das S\u00fc\u00dfwarensortiment.<\/p>\n<p data-start=\"866\" data-end=\"886\">Produktinformationen<\/p>\n<p data-start=\"888\" data-end=\"1075\">Produkt: Hostess CupCakes Strawberry<br data-start=\"924\" data-end=\"927\" \/>Inhalt: 360 g<br data-start=\"940\" data-end=\"943\" \/>Geschmack: Erdbeere &amp; Creme<br data-start=\"970\" data-end=\"973\" \/>Typ: Cupcakes \/ K\u00fcchlein<br data-start=\"997\" data-end=\"1000\" \/>Marke: Hostess<br data-start=\"1014\" data-end=\"1017\" \/>Einsatzbereich: Kiosk, Candy-Shop, Tankstelle, Online-Shop<\/p>\n<p data-start=\"1077\" data-end=\"1093\">H\u00e4ndler-Vorteile<\/p>\n<ul data-start=\"1095\" data-end=\"1343\">\n<li data-section-id=\"17136lp\" data-start=\"1095\" data-end=\"1141\">Beliebter US-Klassiker mit hoher Nachfrage<\/li>\n<li data-section-id=\"1upnck4\" data-start=\"1142\" data-end=\"1201\">Fruchtige Erdbeerf\u00fcllung kombiniert mit cremiger Textur<\/li>\n<li data-section-id=\"xvnti0\" data-start=\"1202\" data-end=\"1256\">Auff\u00e4lliges Produkt f\u00fcr internationale Snackregale<\/li>\n<li data-section-id=\"7utb5u\" data-start=\"1257\" data-end=\"1282\">Ideal f\u00fcr Impulsk\u00e4ufe<\/li>\n<li data-section-id=\"unkq5n\" data-start=\"1283\" data-end=\"1343\">Perfekt f\u00fcr Kiosk, Candy-Shop, Tankstelle und E-Commerce<\/li>\n<\/ul>\n","protected":false},"excerpt":{"rendered":"<p>Hostess CupCakes Strawberry 360g sind saftige K\u00fcchlein mit fruchtiger Erdbeerf\u00fcllung und cremiger F\u00fcllung, umh\u00fcllt von einer weichen Schokoladenglasur. Die Kombination aus s\u00fc\u00dfem Teig, fruchtiger Note und cremiger Textur sorgt f\u00fcr ein besonders beliebtes Snack-Erlebnis. Hostess CupCakes Strawberry 360g sind ein klassischer US-Snack mit hoher Wiedererkennung und eignen sich ideal f\u00fcr den Verkauf im Kiosk, Candy-Shop, [&hellip;]<\/p>\n","protected":false},"featured_media":110053,"comment_status":"closed","ping_status":"closed","template":"","meta":[],"product_brand":[109],"product_cat":[90,133],"product_tag":[],"class_list":{"0":"post-110052","1":"product","2":"type-product","3":"status-publish","4":"has-post-thumbnail","6":"product_brand-hostess","7":"product_cat-amerika","8":"product_cat-snacks","10":"first","11":"outofstock","12":"taxable","13":"shipping-taxable","14":"product-type-simple"},"_links":{"self":[{"href":"https:\/\/dekaufmann.de\/index.php?rest_route=\/wp\/v2\/product\/110052","targetHints":{"allow":["GET"]}}],"collection":[{"href":"https:\/\/dekaufmann.de\/index.php?rest_route=\/wp\/v2\/product"}],"about":[{"href":"https:\/\/dekaufmann.de\/index.php?rest_route=\/wp\/v2\/types\/product"}],"replies":[{"embeddable":true,"href":"https:\/\/dekaufmann.de\/index.php?rest_route=%2Fwp%2Fv2%2Fcomments&post=110052"}],"wp:featuredmedia":[{"embeddable":true,"href":"https:\/\/dekaufmann.de\/index.php?rest_route=\/wp\/v2\/media\/110053"}],"wp:attachment":[{"href":"https:\/\/dekaufmann.de\/index.php?rest_route=%2Fwp%2Fv2%2Fmedia&parent=110052"}],"wp:term":[{"taxonomy":"product_brand","embeddable":true,"href":"https:\/\/dekaufmann.de\/index.php?rest_route=%2Fwp%2Fv2%2Fproduct_brand&post=110052"},{"taxonomy":"product_cat","embeddable":true,"href":"https:\/\/dekaufmann.de\/index.php?rest_route=%2Fwp%2Fv2%2Fproduct_cat&post=110052"},{"taxonomy":"product_tag","embeddable":true,"href":"https:\/\/dekaufmann.de\/index.php?rest_route=%2Fwp%2Fv2%2Fproduct_tag&post=110052"}],"curies":[{"name":"wp","href":"https:\/\/api.w.org\/{rel}","templated":true}]}}