{"id":110027,"date":"2026-04-07T15:05:03","date_gmt":"2026-04-07T15:05:03","guid":{"rendered":"https:\/\/dekaufmann.de\/?post_type=product&#038;p=110027"},"modified":"2026-04-20T16:29:07","modified_gmt":"2026-04-20T16:29:07","slug":"mr-beast-feastables-caramel-10x60g","status":"publish","type":"product","link":"https:\/\/dekaufmann.de\/?product=mr-beast-feastables-caramel-10x60g","title":{"rendered":"Mr Beast Feastables Caramel 10x60g"},"content":{"rendered":"<p data-start=\"326\" data-end=\"626\">Mr Beast Feastables Caramel 10x60g sind cremige Schokoladentafeln mit einer s\u00fc\u00dfen Karamellf\u00fcllung der bekannten Marke Feastables von Mr Beast. Die Kombination aus zarter Schokolade und fl\u00fcssigem Karamell sorgt f\u00fcr ein besonders intensives und beliebtes Geschmackserlebnis, das viele Kunden anspricht.<\/p>\n<p data-start=\"628\" data-end=\"909\">Mr Beast Feastables Caramel 10x60g werden im praktischen 10er Display geliefert und eignen sich ideal f\u00fcr den Verkauf im Kiosk, Candy-Shop, an der Tankstelle oder im Online-Shop. Influencer-Produkte wie diese sorgen f\u00fcr hohe Aufmerksamkeit und schnelle Abverk\u00e4ufe im S\u00fc\u00dfwarenregal.<\/p>\n<p data-start=\"911\" data-end=\"931\">Produktinformationen<\/p>\n<p data-start=\"933\" data-end=\"1142\">Produkt: Mr Beast Feastables Caramel<br data-start=\"969\" data-end=\"972\" \/>Inhalt: 10 x 60 g<br data-start=\"989\" data-end=\"992\" \/>Geschmack: Schokolade mit Karamell<br data-start=\"1026\" data-end=\"1029\" \/>Typ: Schokoladentafel<br data-start=\"1050\" data-end=\"1053\" \/>Marke: Feastables \/ Mr Beast<br data-start=\"1081\" data-end=\"1084\" \/>Einsatzbereich: Kiosk, Candy-Shop, Tankstelle, Online-Shop<\/p>\n<p data-start=\"1144\" data-end=\"1160\">H\u00e4ndler-Vorteile<\/p>\n<ul data-start=\"1162\" data-end=\"1425\">\n<li data-section-id=\"slebm2\" data-start=\"1162\" data-end=\"1212\">Starke Marke mit hoher Social-Media-Reichweite<\/li>\n<li data-section-id=\"t2bqfl\" data-start=\"1213\" data-end=\"1267\">Beliebter Karamellgeschmack mit breiter Zielgruppe<\/li>\n<li data-section-id=\"17k0st0\" data-start=\"1268\" data-end=\"1320\">Praktisches 10er Display f\u00fcr schnellen Abverkauf<\/li>\n<li data-section-id=\"xpddtj\" data-start=\"1321\" data-end=\"1366\">Hohe Nachfrage durch Influencer-Marketing<\/li>\n<li data-section-id=\"17bvyqd\" data-start=\"1367\" data-end=\"1425\">Ideal f\u00fcr Kiosk, Candy-Shop, Tankstelle und E-Commerce<\/li>\n<\/ul>\n","protected":false},"excerpt":{"rendered":"<p>Mr Beast Feastables Caramel 10x60g sind cremige Schokoladentafeln mit einer s\u00fc\u00dfen Karamellf\u00fcllung der bekannten Marke Feastables von Mr Beast. Die Kombination aus zarter Schokolade und fl\u00fcssigem Karamell sorgt f\u00fcr ein besonders intensives und beliebtes Geschmackserlebnis, das viele Kunden anspricht. Mr Beast Feastables Caramel 10x60g werden im praktischen 10er Display geliefert und eignen sich ideal f\u00fcr [&hellip;]<\/p>\n","protected":false},"featured_media":110028,"comment_status":"closed","ping_status":"closed","template":"","meta":[],"product_brand":[136],"product_cat":[90,79],"product_tag":[],"class_list":{"0":"post-110027","1":"product","2":"type-product","3":"status-publish","4":"has-post-thumbnail","6":"product_brand-mr-beast","7":"product_cat-amerika","8":"product_cat-schokolade","10":"first","11":"instock","12":"taxable","13":"shipping-taxable","14":"product-type-simple"},"_links":{"self":[{"href":"https:\/\/dekaufmann.de\/index.php?rest_route=\/wp\/v2\/product\/110027","targetHints":{"allow":["GET"]}}],"collection":[{"href":"https:\/\/dekaufmann.de\/index.php?rest_route=\/wp\/v2\/product"}],"about":[{"href":"https:\/\/dekaufmann.de\/index.php?rest_route=\/wp\/v2\/types\/product"}],"replies":[{"embeddable":true,"href":"https:\/\/dekaufmann.de\/index.php?rest_route=%2Fwp%2Fv2%2Fcomments&post=110027"}],"wp:featuredmedia":[{"embeddable":true,"href":"https:\/\/dekaufmann.de\/index.php?rest_route=\/wp\/v2\/media\/110028"}],"wp:attachment":[{"href":"https:\/\/dekaufmann.de\/index.php?rest_route=%2Fwp%2Fv2%2Fmedia&parent=110027"}],"wp:term":[{"taxonomy":"product_brand","embeddable":true,"href":"https:\/\/dekaufmann.de\/index.php?rest_route=%2Fwp%2Fv2%2Fproduct_brand&post=110027"},{"taxonomy":"product_cat","embeddable":true,"href":"https:\/\/dekaufmann.de\/index.php?rest_route=%2Fwp%2Fv2%2Fproduct_cat&post=110027"},{"taxonomy":"product_tag","embeddable":true,"href":"https:\/\/dekaufmann.de\/index.php?rest_route=%2Fwp%2Fv2%2Fproduct_tag&post=110027"}],"curies":[{"name":"wp","href":"https:\/\/api.w.org\/{rel}","templated":true}]}}