{"id":110024,"date":"2026-04-07T15:01:00","date_gmt":"2026-04-07T15:01:00","guid":{"rendered":"https:\/\/dekaufmann.de\/?post_type=product&#038;p=110024"},"modified":"2026-04-15T10:41:13","modified_gmt":"2026-04-15T10:41:13","slug":"mr-beast-feastables-cookies-creme","status":"publish","type":"product","link":"https:\/\/dekaufmann.de\/?product=mr-beast-feastables-cookies-creme","title":{"rendered":"Mr Beast Feastables Cookies Creme 10x60g"},"content":{"rendered":"<p data-start=\"358\" data-end=\"711\">Mr Beast Feastables Cookies Creme 10x60g sind cremige Schokoladentafeln mit knusprigen Keksst\u00fccken und s\u00fc\u00dfer Cremef\u00fcllung der bekannten Marke Feastables von Mr Beast. Die Kombination aus zarter Schokolade und Cookies-&amp;-Creme-Elementen sorgt f\u00fcr ein beliebtes Geschmackserlebnis, das besonders bei j\u00fcngeren Kunden und Fans von US-Snacks sehr gefragt ist.<\/p>\n<p data-start=\"713\" data-end=\"1000\">Mr Beast Feastables Cookies Creme 10x60g werden im praktischen 10er Display geliefert und eignen sich ideal f\u00fcr den Verkauf im Kiosk, Candy-Shop, an der Tankstelle oder im Online-Shop. Influencer-Produkte wie diese sorgen f\u00fcr hohe Aufmerksamkeit und schnelle Abverk\u00e4ufe im S\u00fc\u00dfwarenregal.<\/p>\n<p data-start=\"1002\" data-end=\"1022\">Produktinformationen<\/p>\n<p data-start=\"1024\" data-end=\"1246\">Produkt: Mr Beast Feastables Cookies Creme<br data-start=\"1066\" data-end=\"1069\" \/>Inhalt: 10 x 60 g<br data-start=\"1086\" data-end=\"1089\" \/>Geschmack: Schokolade mit Cookies &amp; Creme<br data-start=\"1130\" data-end=\"1133\" \/>Typ: Schokoladentafel<br data-start=\"1154\" data-end=\"1157\" \/>Marke: Feastables \/ Mr Beast<br data-start=\"1185\" data-end=\"1188\" \/>Einsatzbereich: Kiosk, Candy-Shop, Tankstelle, Online-Shop<\/p>\n<p data-start=\"1248\" data-end=\"1264\">H\u00e4ndler-Vorteile<\/p>\n<ul data-start=\"1266\" data-end=\"1514\">\n<li data-section-id=\"slebm2\" data-start=\"1266\" data-end=\"1316\">Starke Marke mit hoher Social-Media-Reichweite<\/li>\n<li data-section-id=\"4vdqd9\" data-start=\"1317\" data-end=\"1356\">Beliebter Cookies &amp; Creme Geschmack<\/li>\n<li data-section-id=\"17k0st0\" data-start=\"1357\" data-end=\"1409\">Praktisches 10er Display f\u00fcr schnellen Abverkauf<\/li>\n<li data-section-id=\"xpddtj\" data-start=\"1410\" data-end=\"1455\">Hohe Nachfrage durch Influencer-Marketing<\/li>\n<li data-section-id=\"17bvyqd\" data-start=\"1456\" data-end=\"1514\">Ideal f\u00fcr Kiosk, Candy-Shop, Tankstelle und E-Commerce<\/li>\n<\/ul>\n","protected":false},"excerpt":{"rendered":"<p>Mr Beast Feastables Cookies Creme 10x60g sind cremige Schokoladentafeln mit knusprigen Keksst\u00fccken und s\u00fc\u00dfer Cremef\u00fcllung der bekannten Marke Feastables von Mr Beast. Die Kombination aus zarter Schokolade und Cookies-&amp;-Creme-Elementen sorgt f\u00fcr ein beliebtes Geschmackserlebnis, das besonders bei j\u00fcngeren Kunden und Fans von US-Snacks sehr gefragt ist. Mr Beast Feastables Cookies Creme 10x60g werden im praktischen [&hellip;]<\/p>\n","protected":false},"featured_media":110025,"comment_status":"closed","ping_status":"closed","template":"","meta":[],"product_brand":[136],"product_cat":[90,79],"product_tag":[],"class_list":{"0":"post-110024","1":"product","2":"type-product","3":"status-publish","4":"has-post-thumbnail","6":"product_brand-mr-beast","7":"product_cat-amerika","8":"product_cat-schokolade","10":"first","11":"instock","12":"taxable","13":"shipping-taxable","14":"product-type-simple"},"_links":{"self":[{"href":"https:\/\/dekaufmann.de\/index.php?rest_route=\/wp\/v2\/product\/110024","targetHints":{"allow":["GET"]}}],"collection":[{"href":"https:\/\/dekaufmann.de\/index.php?rest_route=\/wp\/v2\/product"}],"about":[{"href":"https:\/\/dekaufmann.de\/index.php?rest_route=\/wp\/v2\/types\/product"}],"replies":[{"embeddable":true,"href":"https:\/\/dekaufmann.de\/index.php?rest_route=%2Fwp%2Fv2%2Fcomments&post=110024"}],"wp:featuredmedia":[{"embeddable":true,"href":"https:\/\/dekaufmann.de\/index.php?rest_route=\/wp\/v2\/media\/110025"}],"wp:attachment":[{"href":"https:\/\/dekaufmann.de\/index.php?rest_route=%2Fwp%2Fv2%2Fmedia&parent=110024"}],"wp:term":[{"taxonomy":"product_brand","embeddable":true,"href":"https:\/\/dekaufmann.de\/index.php?rest_route=%2Fwp%2Fv2%2Fproduct_brand&post=110024"},{"taxonomy":"product_cat","embeddable":true,"href":"https:\/\/dekaufmann.de\/index.php?rest_route=%2Fwp%2Fv2%2Fproduct_cat&post=110024"},{"taxonomy":"product_tag","embeddable":true,"href":"https:\/\/dekaufmann.de\/index.php?rest_route=%2Fwp%2Fv2%2Fproduct_tag&post=110024"}],"curies":[{"name":"wp","href":"https:\/\/api.w.org\/{rel}","templated":true}]}}