{"id":110015,"date":"2026-04-07T14:46:20","date_gmt":"2026-04-07T14:46:20","guid":{"rendered":"https:\/\/dekaufmann.de\/?post_type=product&#038;p=110015"},"modified":"2026-04-20T16:29:07","modified_gmt":"2026-04-20T16:29:07","slug":"mr-beast-feastables-peanut-butter-10x60g","status":"publish","type":"product","link":"https:\/\/dekaufmann.de\/?product=mr-beast-feastables-peanut-butter-10x60g","title":{"rendered":"Mr Beast Feastables Peanut Butter 10x60g"},"content":{"rendered":"<p data-start=\"354\" data-end=\"693\">Mr Beast Feastables Peanut Butter 10x60g sind cremige Schokoladentafeln mit einer intensiven Erdnussbutter-F\u00fcllung der bekannten Marke Feastables von Mr Beast. Die Kombination aus zarter Schokolade und kr\u00e4ftiger Peanut-Butter-Note sorgt f\u00fcr ein besonders vollmundiges Geschmackserlebnis und spricht vor allem Fans klassischer US-Snacks an.<\/p>\n<p data-start=\"695\" data-end=\"982\">Mr Beast Feastables Peanut Butter 10x60g werden im praktischen 10er Display geliefert und eignen sich ideal f\u00fcr den Verkauf im Kiosk, Candy-Shop, an der Tankstelle oder im Online-Shop. Influencer-Produkte wie diese sorgen f\u00fcr hohe Aufmerksamkeit und schnelle Abverk\u00e4ufe im S\u00fc\u00dfwarenregal.<\/p>\n<p data-start=\"984\" data-end=\"1004\">Produktinformationen<\/p>\n<p data-start=\"1006\" data-end=\"1226\">Produkt: Mr Beast Feastables Peanut Butter<br data-start=\"1048\" data-end=\"1051\" \/>Inhalt: 10 x 60 g<br data-start=\"1068\" data-end=\"1071\" \/>Geschmack: Schokolade mit Erdnussbutter<br data-start=\"1110\" data-end=\"1113\" \/>Typ: Schokoladentafel<br data-start=\"1134\" data-end=\"1137\" \/>Marke: Feastables \/ Mr Beast<br data-start=\"1165\" data-end=\"1168\" \/>Einsatzbereich: Kiosk, Candy-Shop, Tankstelle, Online-Shop<\/p>\n<p data-start=\"1228\" data-end=\"1244\">H\u00e4ndler-Vorteile<\/p>\n<ul data-start=\"1246\" data-end=\"1512\">\n<li data-section-id=\"slebm2\" data-start=\"1246\" data-end=\"1296\">Starke Marke mit hoher Social-Media-Reichweite<\/li>\n<li data-section-id=\"1wjek3m\" data-start=\"1297\" data-end=\"1354\">Beliebte Kombination aus Schokolade und Erdnussbutter<\/li>\n<li data-section-id=\"17k0st0\" data-start=\"1355\" data-end=\"1407\">Praktisches 10er Display f\u00fcr schnellen Abverkauf<\/li>\n<li data-section-id=\"xpddtj\" data-start=\"1408\" data-end=\"1453\">Hohe Nachfrage durch Influencer-Marketing<\/li>\n<li data-section-id=\"17bvyqd\" data-start=\"1454\" data-end=\"1512\">Ideal f\u00fcr Kiosk, Candy-Shop, Tankstelle und E-Commerce<\/li>\n<\/ul>\n","protected":false},"excerpt":{"rendered":"<p>Mr Beast Feastables Peanut Butter 10x60g sind cremige Schokoladentafeln mit einer intensiven Erdnussbutter-F\u00fcllung der bekannten Marke Feastables von Mr Beast. Die Kombination aus zarter Schokolade und kr\u00e4ftiger Peanut-Butter-Note sorgt f\u00fcr ein besonders vollmundiges Geschmackserlebnis und spricht vor allem Fans klassischer US-Snacks an. Mr Beast Feastables Peanut Butter 10x60g werden im praktischen 10er Display geliefert und [&hellip;]<\/p>\n","protected":false},"featured_media":110021,"comment_status":"closed","ping_status":"closed","template":"","meta":[],"product_brand":[136],"product_cat":[90,79],"product_tag":[],"class_list":{"0":"post-110015","1":"product","2":"type-product","3":"status-publish","4":"has-post-thumbnail","6":"product_brand-mr-beast","7":"product_cat-amerika","8":"product_cat-schokolade","10":"first","11":"instock","12":"taxable","13":"shipping-taxable","14":"product-type-simple"},"_links":{"self":[{"href":"https:\/\/dekaufmann.de\/index.php?rest_route=\/wp\/v2\/product\/110015","targetHints":{"allow":["GET"]}}],"collection":[{"href":"https:\/\/dekaufmann.de\/index.php?rest_route=\/wp\/v2\/product"}],"about":[{"href":"https:\/\/dekaufmann.de\/index.php?rest_route=\/wp\/v2\/types\/product"}],"replies":[{"embeddable":true,"href":"https:\/\/dekaufmann.de\/index.php?rest_route=%2Fwp%2Fv2%2Fcomments&post=110015"}],"wp:featuredmedia":[{"embeddable":true,"href":"https:\/\/dekaufmann.de\/index.php?rest_route=\/wp\/v2\/media\/110021"}],"wp:attachment":[{"href":"https:\/\/dekaufmann.de\/index.php?rest_route=%2Fwp%2Fv2%2Fmedia&parent=110015"}],"wp:term":[{"taxonomy":"product_brand","embeddable":true,"href":"https:\/\/dekaufmann.de\/index.php?rest_route=%2Fwp%2Fv2%2Fproduct_brand&post=110015"},{"taxonomy":"product_cat","embeddable":true,"href":"https:\/\/dekaufmann.de\/index.php?rest_route=%2Fwp%2Fv2%2Fproduct_cat&post=110015"},{"taxonomy":"product_tag","embeddable":true,"href":"https:\/\/dekaufmann.de\/index.php?rest_route=%2Fwp%2Fv2%2Fproduct_tag&post=110015"}],"curies":[{"name":"wp","href":"https:\/\/api.w.org\/{rel}","templated":true}]}}