{"id":109861,"date":"2026-03-19T12:03:47","date_gmt":"2026-03-19T12:03:47","guid":{"rendered":"https:\/\/dekaufmann.de\/?post_type=product&#038;p=109861"},"modified":"2026-05-01T00:00:14","modified_gmt":"2026-05-01T00:00:14","slug":"dr-sweet-bubble-popz-sweet-cola","status":"publish","type":"product","link":"https:\/\/dekaufmann.de\/?product=dr-sweet-bubble-popz-sweet-cola","title":{"rendered":"Dr Sweet Bubble Popz Sweet Cola 70x25g (MHD: 25.05.2026)"},"content":{"rendered":"<p data-start=\"0\" data-end=\"89\"><strong data-start=\"0\" data-end=\"89\">Dr Sweet Bubble Popz Sweet Cola \u2013 70x25g \u2013 Saure Cola-Bonbons mit sprudelndem Effekt!<\/strong><\/p>\n<p data-start=\"91\" data-end=\"404\">Mit Dr Sweet Bubble Popz Sweet Cola bringst du den beliebten Cola-Klassiker in einer aufregend sauren und sprudelnden Variante ins Sortiment. Die Kombination aus s\u00fc\u00dfem Cola-Geschmack, prickelnder S\u00e4ure und dem \u00fcberraschenden Sprudeleffekt sorgt f\u00fcr ein intensives Geschmackserlebnis, das Kunden sofort begeistert.<\/p>\n<p data-start=\"406\" data-end=\"436\"><strong data-start=\"406\" data-end=\"416\">Inhalt<\/strong><br data-start=\"416\" data-end=\"419\" \/>70 Bonbons \u00e0 25 g<\/p>\n<p data-start=\"438\" data-end=\"540\"><strong data-start=\"438\" data-end=\"451\">Geschmack<\/strong><br data-start=\"451\" data-end=\"454\" \/>Typischer s\u00fc\u00dfer Cola-Geschmack mit einem intensiven sauren Kick und sprudelndem Effekt<\/p>\n<p data-start=\"542\" data-end=\"713\"><strong data-start=\"542\" data-end=\"558\">Besonderheit<\/strong><br data-start=\"558\" data-end=\"561\" \/>Der sprudelnde Kern sorgt f\u00fcr ein au\u00dfergew\u00f6hnliches Prickeln im Mund und hebt sich klar von klassischen Cola-Bonbons ab \u2013 ideal f\u00fcr trendbewusste K\u00e4ufer<\/p>\n<p data-start=\"715\" data-end=\"978\"><strong data-start=\"715\" data-end=\"728\">Abschluss<\/strong><br data-start=\"728\" data-end=\"731\" \/>Dr Sweet Bubble Popz Sweet Cola sind ein echter Verkaufstreiber im S\u00fc\u00dfwarenregal. Die Kombination aus bekanntem Cola-Geschmack und innovativem Effekt spricht eine breite Zielgruppe an und eignet sich perfekt f\u00fcr Impulsk\u00e4ufe mit attraktiven Margen.<\/p>\n<p data-start=\"980\" data-end=\"1125\"><strong data-start=\"980\" data-end=\"991\">Zutaten<\/strong><br data-start=\"991\" data-end=\"994\" \/>Zucker, Glukosesirup, S\u00e4uerungsmittel (Citronens\u00e4ure, Apfels\u00e4ure), Kohlens\u00e4urebildner (Natriumhydrogencarbonat), Aromen, Farbstoffe<\/p>\n<p data-start=\"1127\" data-end=\"1316\"><strong data-start=\"1127\" data-end=\"1150\">N\u00e4hrwerte pro 100 g<\/strong><br data-start=\"1150\" data-end=\"1153\" \/>Energie: ca. 1650 kJ \/ 390 kcal<br data-start=\"1184\" data-end=\"1187\" \/>Fett: 0 g<br data-start=\"1196\" data-end=\"1199\" \/>davon ges\u00e4ttigte Fetts\u00e4uren: 0 g<br data-start=\"1231\" data-end=\"1234\" \/>Kohlenhydrate: ca. 97 g<br data-start=\"1257\" data-end=\"1260\" \/>davon Zucker: ca. 82 g<br data-start=\"1282\" data-end=\"1285\" \/>Eiwei\u00df: 0 g<br data-start=\"1296\" data-end=\"1299\" \/>Salz: ca. 0,1 g<\/p>\n<p data-start=\"1318\" data-end=\"1389\"><strong data-start=\"1318\" data-end=\"1337\">Allergenhinweis<\/strong><br data-start=\"1337\" data-end=\"1340\" \/>Kann Spuren von Milch, Soja und Gluten enthalten.<\/p>\n<p data-start=\"1391\" data-end=\"1476\" data-is-last-node=\"\" data-is-only-node=\"\">Dr Sweet Bubble Popz Sweet Cola 70er Pack \u2013 Saure Cola-Bonbons mit sprudelndem Effekt<\/p>\n","protected":false},"excerpt":{"rendered":"<p>Mit hochwertigen Zutaten werden die Bubble Popz hergestellt und sind ein wahrer Gaumenschmaus. Tauchen Sie ein in die Welt der Blaubeeren und lassen Sie sich von dem s\u00fc\u00dfen Geschmack von Dr. Sweet Bubble Popz verf\u00fchren.<\/p>\n","protected":false},"featured_media":109862,"comment_status":"closed","ping_status":"closed","template":"","meta":[],"product_brand":[93],"product_cat":[90,133],"product_tag":[87,88],"class_list":{"0":"post-109861","1":"product","2":"type-product","3":"status-publish","4":"has-post-thumbnail","6":"product_brand-dr-sweet","7":"product_cat-amerika","8":"product_cat-snacks","9":"product_tag-suess","10":"product_tag-vegan","12":"first","13":"instock","14":"taxable","15":"shipping-taxable","16":"product-type-simple"},"_links":{"self":[{"href":"https:\/\/dekaufmann.de\/index.php?rest_route=\/wp\/v2\/product\/109861","targetHints":{"allow":["GET"]}}],"collection":[{"href":"https:\/\/dekaufmann.de\/index.php?rest_route=\/wp\/v2\/product"}],"about":[{"href":"https:\/\/dekaufmann.de\/index.php?rest_route=\/wp\/v2\/types\/product"}],"replies":[{"embeddable":true,"href":"https:\/\/dekaufmann.de\/index.php?rest_route=%2Fwp%2Fv2%2Fcomments&post=109861"}],"wp:featuredmedia":[{"embeddable":true,"href":"https:\/\/dekaufmann.de\/index.php?rest_route=\/wp\/v2\/media\/109862"}],"wp:attachment":[{"href":"https:\/\/dekaufmann.de\/index.php?rest_route=%2Fwp%2Fv2%2Fmedia&parent=109861"}],"wp:term":[{"taxonomy":"product_brand","embeddable":true,"href":"https:\/\/dekaufmann.de\/index.php?rest_route=%2Fwp%2Fv2%2Fproduct_brand&post=109861"},{"taxonomy":"product_cat","embeddable":true,"href":"https:\/\/dekaufmann.de\/index.php?rest_route=%2Fwp%2Fv2%2Fproduct_cat&post=109861"},{"taxonomy":"product_tag","embeddable":true,"href":"https:\/\/dekaufmann.de\/index.php?rest_route=%2Fwp%2Fv2%2Fproduct_tag&post=109861"}],"curies":[{"name":"wp","href":"https:\/\/api.w.org\/{rel}","templated":true}]}}