{"id":109842,"date":"2026-03-18T13:20:31","date_gmt":"2026-03-18T13:20:31","guid":{"rendered":"https:\/\/dekaufmann.de\/?post_type=product&#038;p=109842"},"modified":"2026-03-31T15:08:36","modified_gmt":"2026-03-31T15:08:36","slug":"fumot-digital-box-pod-hanami-pink","status":"publish","type":"product","link":"https:\/\/dekaufmann.de\/?product=fumot-digital-box-pod-hanami-pink","title":{"rendered":"Fumot Digital Box Pod-Hanami Pink 10er Pack"},"content":{"rendered":"<p data-start=\"346\" data-end=\"664\">Fumot Digital Box Pod-Hanami Pink sind hochwertige, wiederbef\u00fcllbare Pods f\u00fcr das Fumot Digital Box System und bieten maximale Flexibilit\u00e4t bei der Nutzung. Durch das offene System k\u00f6nnen Kunden ihre bevorzugten Liquids selbst ausw\u00e4hlen und individuell anpassen, was besonders bei erfahrenen Dampfern sehr gefragt ist.<\/p>\n<p data-start=\"666\" data-end=\"972\">Fumot Digital Box Pod-Hanami Pink \u00fcberzeugen durch ihre einfache Handhabung und sind die ideale Erg\u00e4nzung f\u00fcr jedes Vape-Sortiment. Besonders im Kiosk, Vape-Shop oder Online-Handel sorgen solche flexiblen Pod-L\u00f6sungen f\u00fcr eine starke Nachfrage, da Kunden gezielt nach wiederbef\u00fcllbaren Alternativen suchen.<\/p>\n<p data-start=\"974\" data-end=\"994\">Produktinformationen<\/p>\n<p data-start=\"996\" data-end=\"1189\">Produkt: Fumot Digital Box Pod-Hanami Pink<br data-start=\"1038\" data-end=\"1041\" \/>Inhalt: Pod (wiederbef\u00fcllbar)<br data-start=\"1070\" data-end=\"1073\" \/>Geschmack: Frei w\u00e4hlbar<br data-start=\"1096\" data-end=\"1099\" \/>Typ: Ersatzpod \/ Refill-Pod<br data-start=\"1126\" data-end=\"1129\" \/>Marke: Fumot<br data-start=\"1141\" data-end=\"1144\" \/>Einsatzbereich: Vape-Shop, Kiosk, Online-Shop<\/p>\n<p data-start=\"1191\" data-end=\"1207\">H\u00e4ndler-Vorteile<\/p>\n<ul data-start=\"1209\" data-end=\"1464\">\n<li data-section-id=\"19ggbaa\" data-start=\"1209\" data-end=\"1263\">\n<p data-start=\"1211\" data-end=\"1263\">Hohe Nachfrage nach wiederbef\u00fcllbaren Pod-Systemen<\/p>\n<\/li>\n<li data-section-id=\"bw8b8e\" data-start=\"1264\" data-end=\"1317\">\n<p data-start=\"1266\" data-end=\"1317\">Erm\u00f6glicht individuelle Liquid-Auswahl f\u00fcr Kunden<\/p>\n<\/li>\n<li data-section-id=\"1bg16bm\" data-start=\"1318\" data-end=\"1369\">\n<p data-start=\"1320\" data-end=\"1369\">Zubeh\u00f6rprodukt mit konstantem Nachkaufpotenzial<\/p>\n<\/li>\n<li data-section-id=\"1czkgxx\" data-start=\"1370\" data-end=\"1420\">\n<p data-start=\"1372\" data-end=\"1420\">Perfekte Erg\u00e4nzung f\u00fcr bestehende Fumot Ger\u00e4te<\/p>\n<\/li>\n<li data-section-id=\"11qzl5p\" data-start=\"1421\" data-end=\"1464\">\n<p data-start=\"1423\" data-end=\"1464\">Ideal f\u00fcr Vape-Shop, Kiosk und E-Commerce<\/p>\n<\/li>\n<\/ul>\n","protected":false},"excerpt":{"rendered":"<p>Fumot Digital Box Pod-Hanami Pink sind hochwertige, wiederbef\u00fcllbare Pods f\u00fcr das Fumot Digital Box System und bieten maximale Flexibilit\u00e4t bei der Nutzung. Durch das offene System k\u00f6nnen Kunden ihre bevorzugten Liquids selbst ausw\u00e4hlen und individuell anpassen, was besonders bei erfahrenen Dampfern sehr gefragt ist. Fumot Digital Box Pod-Hanami Pink \u00fcberzeugen durch ihre einfache Handhabung und [&hellip;]<\/p>\n","protected":false},"featured_media":109816,"comment_status":"closed","ping_status":"closed","template":"","meta":[],"product_brand":[321],"product_cat":[81],"product_tag":[],"class_list":{"0":"post-109842","1":"product","2":"type-product","3":"status-publish","4":"has-post-thumbnail","6":"product_brand-fumot","7":"product_cat-vapes","9":"first","10":"instock","11":"taxable","12":"shipping-taxable","13":"product-type-simple"},"_links":{"self":[{"href":"https:\/\/dekaufmann.de\/index.php?rest_route=\/wp\/v2\/product\/109842","targetHints":{"allow":["GET"]}}],"collection":[{"href":"https:\/\/dekaufmann.de\/index.php?rest_route=\/wp\/v2\/product"}],"about":[{"href":"https:\/\/dekaufmann.de\/index.php?rest_route=\/wp\/v2\/types\/product"}],"replies":[{"embeddable":true,"href":"https:\/\/dekaufmann.de\/index.php?rest_route=%2Fwp%2Fv2%2Fcomments&post=109842"}],"wp:featuredmedia":[{"embeddable":true,"href":"https:\/\/dekaufmann.de\/index.php?rest_route=\/wp\/v2\/media\/109816"}],"wp:attachment":[{"href":"https:\/\/dekaufmann.de\/index.php?rest_route=%2Fwp%2Fv2%2Fmedia&parent=109842"}],"wp:term":[{"taxonomy":"product_brand","embeddable":true,"href":"https:\/\/dekaufmann.de\/index.php?rest_route=%2Fwp%2Fv2%2Fproduct_brand&post=109842"},{"taxonomy":"product_cat","embeddable":true,"href":"https:\/\/dekaufmann.de\/index.php?rest_route=%2Fwp%2Fv2%2Fproduct_cat&post=109842"},{"taxonomy":"product_tag","embeddable":true,"href":"https:\/\/dekaufmann.de\/index.php?rest_route=%2Fwp%2Fv2%2Fproduct_tag&post=109842"}],"curies":[{"name":"wp","href":"https:\/\/api.w.org\/{rel}","templated":true}]}}