{"id":109840,"date":"2026-03-18T13:14:45","date_gmt":"2026-03-18T13:14:45","guid":{"rendered":"https:\/\/dekaufmann.de\/?post_type=product&#038;p=109840"},"modified":"2026-03-31T15:08:58","modified_gmt":"2026-03-31T15:08:58","slug":"fumot-digital-box-pod-vivid-green","status":"publish","type":"product","link":"https:\/\/dekaufmann.de\/?product=fumot-digital-box-pod-vivid-green","title":{"rendered":"Fumot Digital Box Pod-Vivid Green 10er Pack"},"content":{"rendered":"<p data-start=\"331\" data-end=\"671\">Fumot Digital Box Pod-Vivid Green ist ein modernes Pod-System mit auff\u00e4lligem Design in Vivid Green und integriertem Display f\u00fcr eine einfache Nutzung. Das Ger\u00e4t \u00fcberzeugt durch eine kompakte Bauweise, starke Performance und eine benutzerfreundliche Handhabung, wodurch es sowohl f\u00fcr Einsteiger als auch f\u00fcr erfahrene Dampfer attraktiv ist.<\/p>\n<p data-start=\"673\" data-end=\"1046\">Fumot Digital Box Pod-Vivid Green bietet eine zuverl\u00e4ssige Dampfentwicklung und ist ideal f\u00fcr den t\u00e4glichen Einsatz. Durch das trendige Design und die steigende Nachfrage im Vape-Segment eignet sich dieses Produkt perfekt f\u00fcr den Verkauf im Kiosk, Vape-Shop, an der Tankstelle oder im Online-Shop. Besonders das moderne Look-and-Feel sorgt f\u00fcr hohe Aufmerksamkeit im Regal.<\/p>\n<p data-start=\"1048\" data-end=\"1068\">Produktinformationen<\/p>\n<p data-start=\"1070\" data-end=\"1287\">Produkt: Fumot Digital Box Pod-Vivid Green<br data-start=\"1112\" data-end=\"1115\" \/>Inhalt: 1 Ger\u00e4t<br data-start=\"1130\" data-end=\"1133\" \/>Geschmack: Ohne Geschmack \/ kompatibel mit Pods<br data-start=\"1180\" data-end=\"1183\" \/>Typ: Pod-System \/ E-Zigarette<br data-start=\"1212\" data-end=\"1215\" \/>Marke: Fumot<br data-start=\"1227\" data-end=\"1230\" \/>Einsatzbereich: Kiosk, Vape-Shop, Tankstelle, Online-Shop<\/p>\n<p data-start=\"1289\" data-end=\"1305\">H\u00e4ndler-Vorteile<\/p>\n<ul data-start=\"1307\" data-end=\"1534\">\n<li data-section-id=\"qylzfh\" data-start=\"1307\" data-end=\"1353\">\n<p data-start=\"1309\" data-end=\"1353\">Modernes Design in auff\u00e4lligem Vivid Green<\/p>\n<\/li>\n<li data-section-id=\"q6eh1c\" data-start=\"1354\" data-end=\"1398\">\n<p data-start=\"1356\" data-end=\"1398\">Digitales Display f\u00fcr einfache Bedienung<\/p>\n<\/li>\n<li data-section-id=\"kh0lq1\" data-start=\"1399\" data-end=\"1433\">\n<p data-start=\"1401\" data-end=\"1433\">Hohe Nachfrage im Vape-Segment<\/p>\n<\/li>\n<li data-section-id=\"14hzfk\" data-start=\"1434\" data-end=\"1476\">\n<p data-start=\"1436\" data-end=\"1476\">Kompakte Bauweise ideal f\u00fcr den Alltag<\/p>\n<\/li>\n<li data-section-id=\"w95b20\" data-start=\"1477\" data-end=\"1534\">\n<p data-start=\"1479\" data-end=\"1534\">Perfekt f\u00fcr Kiosk, Vape-Shop, Tankstelle und E-Commerce<\/p>\n<\/li>\n<\/ul>\n","protected":false},"excerpt":{"rendered":"<p>Fumot Digital Box Pod-Vivid Green ist ein modernes Pod-System mit auff\u00e4lligem Design in Vivid Green und integriertem Display f\u00fcr eine einfache Nutzung. Das Ger\u00e4t \u00fcberzeugt durch eine kompakte Bauweise, starke Performance und eine benutzerfreundliche Handhabung, wodurch es sowohl f\u00fcr Einsteiger als auch f\u00fcr erfahrene Dampfer attraktiv ist. Fumot Digital Box Pod-Vivid Green bietet eine zuverl\u00e4ssige [&hellip;]<\/p>\n","protected":false},"featured_media":109828,"comment_status":"closed","ping_status":"closed","template":"","meta":[],"product_brand":[321],"product_cat":[81],"product_tag":[],"class_list":{"0":"post-109840","1":"product","2":"type-product","3":"status-publish","4":"has-post-thumbnail","6":"product_brand-fumot","7":"product_cat-vapes","9":"first","10":"instock","11":"taxable","12":"shipping-taxable","13":"product-type-simple"},"_links":{"self":[{"href":"https:\/\/dekaufmann.de\/index.php?rest_route=\/wp\/v2\/product\/109840","targetHints":{"allow":["GET"]}}],"collection":[{"href":"https:\/\/dekaufmann.de\/index.php?rest_route=\/wp\/v2\/product"}],"about":[{"href":"https:\/\/dekaufmann.de\/index.php?rest_route=\/wp\/v2\/types\/product"}],"replies":[{"embeddable":true,"href":"https:\/\/dekaufmann.de\/index.php?rest_route=%2Fwp%2Fv2%2Fcomments&post=109840"}],"wp:featuredmedia":[{"embeddable":true,"href":"https:\/\/dekaufmann.de\/index.php?rest_route=\/wp\/v2\/media\/109828"}],"wp:attachment":[{"href":"https:\/\/dekaufmann.de\/index.php?rest_route=%2Fwp%2Fv2%2Fmedia&parent=109840"}],"wp:term":[{"taxonomy":"product_brand","embeddable":true,"href":"https:\/\/dekaufmann.de\/index.php?rest_route=%2Fwp%2Fv2%2Fproduct_brand&post=109840"},{"taxonomy":"product_cat","embeddable":true,"href":"https:\/\/dekaufmann.de\/index.php?rest_route=%2Fwp%2Fv2%2Fproduct_cat&post=109840"},{"taxonomy":"product_tag","embeddable":true,"href":"https:\/\/dekaufmann.de\/index.php?rest_route=%2Fwp%2Fv2%2Fproduct_tag&post=109840"}],"curies":[{"name":"wp","href":"https:\/\/api.w.org\/{rel}","templated":true}]}}