{"id":109791,"date":"2026-03-16T13:42:50","date_gmt":"2026-03-16T13:42:50","guid":{"rendered":"https:\/\/dekaufmann.de\/?post_type=product&#038;p=109791"},"modified":"2026-04-07T14:55:09","modified_gmt":"2026-04-07T14:55:09","slug":"amos-peelerz-gummy-lychee-65g","status":"publish","type":"product","link":"https:\/\/dekaufmann.de\/?product=amos-peelerz-gummy-lychee-65g","title":{"rendered":"Amos Peelerz Gummy Lychee 65g"},"content":{"rendered":"<p data-start=\"333\" data-end=\"666\">Amos Peelerz Gummy Pineapple 65g sind trendige Fruchtgummis mit intensivem Ananas-Geschmack und einer besonderen peelbaren Struktur. Die innovative Form erlaubt es, die \u00e4u\u00dfere Schicht der Gummis abzuziehen, was den Snack zu einem interaktiven Erlebnis macht und besonders bei j\u00fcngeren Kunden und Social-Media-Trends sehr beliebt ist.<\/p>\n<p data-start=\"668\" data-end=\"1005\">Amos Peelerz Gummy Pineapple 65g kombinieren fruchtige S\u00fc\u00dfe mit einer weichen Gummibonbon-Textur und sorgen dadurch f\u00fcr ein au\u00dfergew\u00f6hnliches Snack-Erlebnis. Die kompakte 65-g-Packung eignet sich ideal f\u00fcr Impulsk\u00e4ufe im Kiosk, Candy-Shop, an der Tankstelle oder im Online-Shop und bringt Abwechslung in das internationale S\u00fc\u00dfwarenregal.<\/p>\n<p data-start=\"1007\" data-end=\"1027\">Produktinformationen<\/p>\n<p data-start=\"1029\" data-end=\"1219\">Produkt: Amos Peelerz Gummy Pineapple<br data-start=\"1066\" data-end=\"1069\" \/>Inhalt: 65 g<br data-start=\"1081\" data-end=\"1084\" \/>Geschmack: Ananas<br data-start=\"1101\" data-end=\"1104\" \/>Typ: Fruchtgummi \/ peelbare Gummibonbons<br data-start=\"1144\" data-end=\"1147\" \/>Marke: Amos<br data-start=\"1158\" data-end=\"1161\" \/>Einsatzbereich: Kiosk, Candy-Shop, Tankstelle, Online-Shop<\/p>\n<p data-start=\"1221\" data-end=\"1237\">H\u00e4ndler-Vorteile<\/p>\n<ul data-start=\"1239\" data-end=\"1489\">\n<li data-section-id=\"tuy3wm\" data-start=\"1239\" data-end=\"1290\">\n<p data-start=\"1241\" data-end=\"1290\">Trendprodukt mit peelbarer Gummibonbon-Struktur<\/p>\n<\/li>\n<li data-section-id=\"1jso645\" data-start=\"1291\" data-end=\"1342\">\n<p data-start=\"1293\" data-end=\"1342\">Fruchtiger Ananas-Geschmack mit hoher Nachfrage<\/p>\n<\/li>\n<li data-section-id=\"3uiwx\" data-start=\"1343\" data-end=\"1382\">\n<p data-start=\"1345\" data-end=\"1382\">Social-Media-tauglicher Candy-Snack<\/p>\n<\/li>\n<li data-section-id=\"ek01j5\" data-start=\"1383\" data-end=\"1430\">\n<p data-start=\"1385\" data-end=\"1430\">Kompakte 65-g-Packung ideal f\u00fcr Impulsk\u00e4ufe<\/p>\n<\/li>\n<li data-section-id=\"1jzpht7\" data-start=\"1431\" data-end=\"1489\">\n<p data-start=\"1433\" data-end=\"1489\">Perfekt f\u00fcr Kiosk, Candy-Shop, Tankstelle und E-Commerce<\/p>\n<\/li>\n<\/ul>\n","protected":false},"excerpt":{"rendered":"<p>Amos Peelerz Gummy Pineapple 65g sind fruchtige Ananas-Gummis mit peelbarem Fruchtgummi. Trendiger Candy-Snack mit hoher Nachfrage f\u00fcr Kiosk, Candy-Shop und Online-Handel.<\/p>\n","protected":false},"featured_media":109792,"comment_status":"closed","ping_status":"closed","template":"","meta":[],"product_brand":[],"product_cat":[78,133],"product_tag":[],"class_list":{"0":"post-109791","1":"product","2":"type-product","3":"status-publish","4":"has-post-thumbnail","6":"product_cat-asien","7":"product_cat-snacks","9":"first","10":"instock","11":"taxable","12":"shipping-taxable","13":"product-type-simple"},"_links":{"self":[{"href":"https:\/\/dekaufmann.de\/index.php?rest_route=\/wp\/v2\/product\/109791","targetHints":{"allow":["GET"]}}],"collection":[{"href":"https:\/\/dekaufmann.de\/index.php?rest_route=\/wp\/v2\/product"}],"about":[{"href":"https:\/\/dekaufmann.de\/index.php?rest_route=\/wp\/v2\/types\/product"}],"replies":[{"embeddable":true,"href":"https:\/\/dekaufmann.de\/index.php?rest_route=%2Fwp%2Fv2%2Fcomments&post=109791"}],"wp:featuredmedia":[{"embeddable":true,"href":"https:\/\/dekaufmann.de\/index.php?rest_route=\/wp\/v2\/media\/109792"}],"wp:attachment":[{"href":"https:\/\/dekaufmann.de\/index.php?rest_route=%2Fwp%2Fv2%2Fmedia&parent=109791"}],"wp:term":[{"taxonomy":"product_brand","embeddable":true,"href":"https:\/\/dekaufmann.de\/index.php?rest_route=%2Fwp%2Fv2%2Fproduct_brand&post=109791"},{"taxonomy":"product_cat","embeddable":true,"href":"https:\/\/dekaufmann.de\/index.php?rest_route=%2Fwp%2Fv2%2Fproduct_cat&post=109791"},{"taxonomy":"product_tag","embeddable":true,"href":"https:\/\/dekaufmann.de\/index.php?rest_route=%2Fwp%2Fv2%2Fproduct_tag&post=109791"}],"curies":[{"name":"wp","href":"https:\/\/api.w.org\/{rel}","templated":true}]}}