{"id":109659,"date":"2026-02-27T15:48:31","date_gmt":"2026-02-27T15:48:31","guid":{"rendered":"https:\/\/dekaufmann.de\/?post_type=product&#038;p=109659"},"modified":"2026-04-11T19:45:09","modified_gmt":"2026-04-11T19:45:09","slug":"tigaz-corn-balls-chilli-lime-60x20g","status":"publish","type":"product","link":"https:\/\/dekaufmann.de\/?product=tigaz-corn-balls-chilli-lime-60x20g","title":{"rendered":"Tigaz Corn Balls Chilli &#038; Lime 60x20g"},"content":{"rendered":"<h2 data-start=\"138\" data-end=\"191\">Tigaz Corn Balls Chilli &amp; Lime \u2013 60 St\u00fcck<\/h2>\n<p data-start=\"192\" data-end=\"272\"><strong data-start=\"192\" data-end=\"272\">Knusprige Maisb\u00e4llchen mit Chili &amp; Limette \u2013 w\u00fcrzig-frischer Impulssnack mit hoher Nachfrage<\/strong><\/p>\n<p data-start=\"274\" data-end=\"613\">Die <strong data-start=\"285\" data-end=\"322\">Tigaz Corn Balls Chilli &amp; Lime<\/strong> \u00fcberzeugen mit einer knusprigen Maisbasis und einer intensiven W\u00fcrzung aus scharfem Chili und frischer Limette. Die Kombination aus leichter Sch\u00e4rfe und spritziger S\u00e4ure sorgt f\u00fcr ein modernes, trendiges Geschmackserlebnis, das besonders bei j\u00fcngeren Zielgruppen stark nachgefragt ist.<\/p>\n<p data-start=\"615\" data-end=\"886\">Der <strong data-start=\"619\" data-end=\"636\">Karton mit 60 Einzelpackungen<\/strong> eignet sich ideal f\u00fcr Kioske, Superm\u00e4rkte, Sp\u00e4tis, Tankstellen, <strong data-start=\"701\" data-end=\"719\">Snackautomaten<\/strong> und den Gro\u00dfhandel. Das schlanke Beutelformat erm\u00f6glicht eine optimale Platzierung im Kassen- und Impulsbereich und sorgt f\u00fcr eine schnelle Rotation.<\/p>\n<h3 data-start=\"888\" data-end=\"912\">Vorteile f\u00fcr H\u00e4ndler<\/h3>\n<ul data-start=\"913\" data-end=\"1262\">\n<li data-start=\"913\" data-end=\"977\">\n<p data-start=\"915\" data-end=\"977\">Trendgeschmack <strong data-start=\"926\" data-end=\"951\">Chilli &amp; Lime<\/strong> \u2192 hohe Nachfrage<\/p>\n<\/li>\n<li data-start=\"978\" data-end=\"1052\">\n<p data-start=\"980\" data-end=\"1052\">Knusprige Maisb\u00e4llchen \u2192 idealer Snack f\u00fcr unterwegs<\/p>\n<\/li>\n<li data-start=\"1053\" data-end=\"1104\">\n<p data-start=\"1055\" data-end=\"1104\">Perfekt f\u00fcr Impulsk\u00e4ufe im Kassenbereich<\/p>\n<\/li>\n<li data-start=\"1105\" data-end=\"1165\">\n<p data-start=\"1107\" data-end=\"1165\"><strong data-start=\"1107\" data-end=\"1137\">Optimal f\u00fcr Snackautomaten<\/strong> durch schmales Verpackungsformat<\/p>\n<\/li>\n<li data-start=\"1166\" data-end=\"1204\">\n<p data-start=\"1168\" data-end=\"1204\">Attraktive Margen durch starkes Impulsprodukt<\/p>\n<\/li>\n<li data-start=\"1205\" data-end=\"1262\">\n<p data-start=\"1207\" data-end=\"1262\">Gro\u00dfpackung mit 60 St\u00fcck \u2192 effizient f\u00fcr Wiederverk\u00e4ufer<\/p>\n<\/li>\n<\/ul>\n<h3 data-start=\"1264\" data-end=\"1282\">Produktdetails<\/h3>\n<ul data-start=\"1283\" data-end=\"1417\">\n<li data-start=\"1283\" data-end=\"1340\">\n<p data-start=\"1285\" data-end=\"1340\"><strong data-start=\"1285\" data-end=\"1297\">Produkt:<\/strong> Tigaz Corn Balls Chilli &amp; Lime<\/p>\n<\/li>\n<li data-start=\"1341\" data-end=\"1362\">\n<p data-start=\"1343\" data-end=\"1362\"><strong data-start=\"1343\" data-end=\"1354\">Inhalt:<\/strong> 60 St\u00fcck pro Karton<\/p>\n<\/li>\n<li data-start=\"1363\" data-end=\"1417\">\n<p data-start=\"1365\" data-end=\"1417\"><strong data-start=\"1365\" data-end=\"1379\">Kategorie:<\/strong> Snacks \/ Mais-Snacks \/ Impulsartikel<\/p>\n<\/li>\n<\/ul>\n","protected":false},"excerpt":{"rendered":"<p>Tigaz Corn Balls Chilli &amp; Lime \u2013 60 St\u00fcck Knusprige Maisb\u00e4llchen mit Chili &amp; Limette \u2013 w\u00fcrzig-frischer Impulssnack mit hoher Nachfrage Die Tigaz Corn Balls Chilli &amp; Lime \u00fcberzeugen mit einer knusprigen Maisbasis und einer intensiven W\u00fcrzung aus scharfem Chili und frischer Limette. Die Kombination aus leichter Sch\u00e4rfe und spritziger S\u00e4ure sorgt f\u00fcr ein modernes, [&hellip;]<\/p>\n","protected":false},"featured_media":109660,"comment_status":"closed","ping_status":"closed","template":"","meta":[],"product_brand":[325],"product_cat":[133,324],"product_tag":[],"class_list":{"0":"post-109659","1":"product","2":"type-product","3":"status-publish","4":"has-post-thumbnail","6":"product_brand-tigaz","7":"product_cat-snacks","8":"product_cat-chips","10":"first","11":"instock","12":"taxable","13":"shipping-taxable","14":"product-type-simple"},"_links":{"self":[{"href":"https:\/\/dekaufmann.de\/index.php?rest_route=\/wp\/v2\/product\/109659","targetHints":{"allow":["GET"]}}],"collection":[{"href":"https:\/\/dekaufmann.de\/index.php?rest_route=\/wp\/v2\/product"}],"about":[{"href":"https:\/\/dekaufmann.de\/index.php?rest_route=\/wp\/v2\/types\/product"}],"replies":[{"embeddable":true,"href":"https:\/\/dekaufmann.de\/index.php?rest_route=%2Fwp%2Fv2%2Fcomments&post=109659"}],"wp:featuredmedia":[{"embeddable":true,"href":"https:\/\/dekaufmann.de\/index.php?rest_route=\/wp\/v2\/media\/109660"}],"wp:attachment":[{"href":"https:\/\/dekaufmann.de\/index.php?rest_route=%2Fwp%2Fv2%2Fmedia&parent=109659"}],"wp:term":[{"taxonomy":"product_brand","embeddable":true,"href":"https:\/\/dekaufmann.de\/index.php?rest_route=%2Fwp%2Fv2%2Fproduct_brand&post=109659"},{"taxonomy":"product_cat","embeddable":true,"href":"https:\/\/dekaufmann.de\/index.php?rest_route=%2Fwp%2Fv2%2Fproduct_cat&post=109659"},{"taxonomy":"product_tag","embeddable":true,"href":"https:\/\/dekaufmann.de\/index.php?rest_route=%2Fwp%2Fv2%2Fproduct_tag&post=109659"}],"curies":[{"name":"wp","href":"https:\/\/api.w.org\/{rel}","templated":true}]}}