{"id":109657,"date":"2026-02-27T15:30:53","date_gmt":"2026-02-27T15:30:53","guid":{"rendered":"https:\/\/dekaufmann.de\/?post_type=product&#038;p=109657"},"modified":"2026-04-21T07:04:55","modified_gmt":"2026-04-21T07:04:55","slug":"skittles-chewies-no-shell-16-x-137g","status":"publish","type":"product","link":"https:\/\/dekaufmann.de\/?product=skittles-chewies-no-shell-16-x-137g","title":{"rendered":"Skittles Chewies No Shell 16 x 137g"},"content":{"rendered":"<h2 data-start=\"138\" data-end=\"191\">Skittles Chewies No Shell \u2013 16 x 137g<\/h2>\n<p data-start=\"192\" data-end=\"272\"><strong data-start=\"192\" data-end=\"272\">Weiche Kaubonbons ohne H\u00fclle \u2013 intensiver Fruchtmix mit hoher Nachfrage<\/strong><\/p>\n<p data-start=\"274\" data-end=\"613\">Die <strong data-start=\"285\" data-end=\"322\">Skittles Chewies No Shell<\/strong> bieten den bekannten Skittles-Geschmack \u2013 jedoch ohne die klassische knackige Zuckerschale. Stattdessen \u00fcberzeugen sie mit einer besonders weichen, chewy Konsistenz und intensiven Fruchtaromen, die direkt im Fokus stehen. Perfekt f\u00fcr Kunden, die ein softeres Kauerlebnis bevorzugen.<\/p>\n<p data-start=\"615\" data-end=\"886\">Der <strong data-start=\"619\" data-end=\"636\">Karton mit 16 x 137 g<\/strong> eignet sich ideal f\u00fcr Kioske, Superm\u00e4rkte, Sp\u00e4tis, Tankstellen, <strong data-start=\"701\" data-end=\"719\">Snackautomaten<\/strong> und den Onlinehandel. Durch das besondere Produktkonzept und die starke Marke Skittles entsteht eine hohe Aufmerksamkeit am POS sowie eine schnelle Rotation und attraktive Margen.<\/p>\n<h3 data-start=\"888\" data-end=\"912\">Vorteile f\u00fcr H\u00e4ndler<\/h3>\n<ul data-start=\"913\" data-end=\"1262\">\n<li data-start=\"913\" data-end=\"977\">\n<p data-start=\"915\" data-end=\"977\">Ohne harte Schale \u2192 <strong data-start=\"926\" data-end=\"951\">weichere Alternative<\/strong> zu klassischen Skittles<\/p>\n<\/li>\n<li data-start=\"978\" data-end=\"1052\">\n<p data-start=\"980\" data-end=\"1052\">Intensive Fruchtaromen \u2192 hohe Nachfrage bei j\u00fcngerer Zielgruppe<\/p>\n<\/li>\n<li data-start=\"1053\" data-end=\"1104\">\n<p data-start=\"1055\" data-end=\"1104\">Perfekt f\u00fcr Impulsk\u00e4ufe im Kassenbereich<\/p>\n<\/li>\n<li data-start=\"1105\" data-end=\"1165\">\n<p data-start=\"1107\" data-end=\"1165\"><strong data-start=\"1107\" data-end=\"1137\">Ideal f\u00fcr Snackautomaten<\/strong> durch Beutelverpackung<\/p>\n<\/li>\n<li data-start=\"1166\" data-end=\"1204\">\n<p data-start=\"1168\" data-end=\"1204\">Starke Marke &amp; hohe Wiederkaufrate<\/p>\n<\/li>\n<li data-start=\"1205\" data-end=\"1262\">\n<p data-start=\"1207\" data-end=\"1262\">Attraktive Margen durch innovatives Produkt<\/p>\n<\/li>\n<\/ul>\n<h3 data-start=\"1264\" data-end=\"1282\">Produktdetails<\/h3>\n<ul data-start=\"1283\" data-end=\"1417\">\n<li data-start=\"1283\" data-end=\"1340\">\n<p data-start=\"1285\" data-end=\"1340\"><strong data-start=\"1285\" data-end=\"1297\">Produkt:<\/strong> Skittles Chewies No Shell<\/p>\n<\/li>\n<li data-start=\"1341\" data-end=\"1362\">\n<p data-start=\"1343\" data-end=\"1362\"><strong data-start=\"1343\" data-end=\"1354\">Inhalt:<\/strong> 16 x 137 g<\/p>\n<\/li>\n<li data-start=\"1363\" data-end=\"1417\">\n<p data-start=\"1365\" data-end=\"1417\"><strong data-start=\"1365\" data-end=\"1379\">Kategorie:<\/strong> S\u00fc\u00dfwaren \/ Kaubonbons \/ Markenartikel<\/p>\n<\/li>\n<\/ul>\n","protected":false},"excerpt":{"rendered":"<p>Skittles Chewies No Shell \u2013 16 x 137g Weiche Kaubonbons ohne H\u00fclle \u2013 intensiver Fruchtmix mit hoher Nachfrage Die Skittles Chewies No Shell bieten den bekannten Skittles-Geschmack \u2013 jedoch ohne die klassische knackige Zuckerschale. Stattdessen \u00fcberzeugen sie mit einer besonders weichen, chewy Konsistenz und intensiven Fruchtaromen, die direkt im Fokus stehen. Perfekt f\u00fcr Kunden, die [&hellip;]<\/p>\n","protected":false},"featured_media":109658,"comment_status":"closed","ping_status":"closed","template":"","meta":[],"product_brand":[],"product_cat":[133],"product_tag":[],"class_list":{"0":"post-109657","1":"product","2":"type-product","3":"status-publish","4":"has-post-thumbnail","6":"product_cat-snacks","8":"first","9":"instock","10":"taxable","11":"shipping-taxable","12":"product-type-simple"},"_links":{"self":[{"href":"https:\/\/dekaufmann.de\/index.php?rest_route=\/wp\/v2\/product\/109657","targetHints":{"allow":["GET"]}}],"collection":[{"href":"https:\/\/dekaufmann.de\/index.php?rest_route=\/wp\/v2\/product"}],"about":[{"href":"https:\/\/dekaufmann.de\/index.php?rest_route=\/wp\/v2\/types\/product"}],"replies":[{"embeddable":true,"href":"https:\/\/dekaufmann.de\/index.php?rest_route=%2Fwp%2Fv2%2Fcomments&post=109657"}],"wp:featuredmedia":[{"embeddable":true,"href":"https:\/\/dekaufmann.de\/index.php?rest_route=\/wp\/v2\/media\/109658"}],"wp:attachment":[{"href":"https:\/\/dekaufmann.de\/index.php?rest_route=%2Fwp%2Fv2%2Fmedia&parent=109657"}],"wp:term":[{"taxonomy":"product_brand","embeddable":true,"href":"https:\/\/dekaufmann.de\/index.php?rest_route=%2Fwp%2Fv2%2Fproduct_brand&post=109657"},{"taxonomy":"product_cat","embeddable":true,"href":"https:\/\/dekaufmann.de\/index.php?rest_route=%2Fwp%2Fv2%2Fproduct_cat&post=109657"},{"taxonomy":"product_tag","embeddable":true,"href":"https:\/\/dekaufmann.de\/index.php?rest_route=%2Fwp%2Fv2%2Fproduct_tag&post=109657"}],"curies":[{"name":"wp","href":"https:\/\/api.w.org\/{rel}","templated":true}]}}