{"id":109655,"date":"2026-02-27T15:25:46","date_gmt":"2026-02-27T15:25:46","guid":{"rendered":"https:\/\/dekaufmann.de\/?post_type=product&#038;p=109655"},"modified":"2026-04-21T07:04:55","modified_gmt":"2026-04-21T07:04:55","slug":"skittles-citrus-15-x-136g","status":"publish","type":"product","link":"https:\/\/dekaufmann.de\/?product=skittles-citrus-15-x-136g","title":{"rendered":"Skittles Citrus 15 x 136g"},"content":{"rendered":"<h2 data-start=\"138\" data-end=\"191\">Skittles Citrus \u2013 15 x 136g<\/h2>\n<p data-start=\"192\" data-end=\"272\"><strong data-start=\"192\" data-end=\"272\">Fruchtige Kaubonbons mit Zitrusmix \u2013 erfrischender Klassiker mit hoher Nachfrage<\/strong><\/p>\n<p data-start=\"274\" data-end=\"613\">Die <strong data-start=\"285\" data-end=\"322\">Skittles Citrus<\/strong> bieten eine spritzige Mischung aus Zitrusfr\u00fcchten mit intensiven Aromen wie Orange, Zitrone und Limette. Die Kombination aus s\u00fc\u00dfen und leicht s\u00e4uerlichen Noten sorgt f\u00fcr ein erfrischendes Geschmackserlebnis und spricht eine breite Zielgruppe an \u2013 ideal f\u00fcr den t\u00e4glichen Snackbedarf.<\/p>\n<p data-start=\"615\" data-end=\"886\">Der <strong data-start=\"619\" data-end=\"636\">Karton mit 15 x 136 g<\/strong> eignet sich perfekt f\u00fcr Kioske, Superm\u00e4rkte, Sp\u00e4tis, Tankstellen, <strong data-start=\"701\" data-end=\"719\">Snackautomaten<\/strong> und den Onlinehandel. Durch die starke Marke Skittles und den beliebten Zitrusgeschmack entsteht eine hohe Aufmerksamkeit am POS sowie eine schnelle Rotation und attraktive Margen.<\/p>\n<h3 data-start=\"888\" data-end=\"912\">Vorteile f\u00fcr H\u00e4ndler<\/h3>\n<ul data-start=\"913\" data-end=\"1262\">\n<li data-start=\"913\" data-end=\"977\">\n<p data-start=\"915\" data-end=\"977\">Beliebter <strong data-start=\"926\" data-end=\"951\">Citrus Mix<\/strong> \u2192 erfrischender Geschmackstrend<\/p>\n<\/li>\n<li data-start=\"978\" data-end=\"1052\">\n<p data-start=\"980\" data-end=\"1052\">S\u00fc\u00df-s\u00e4uerliche Kaubonbons \u2192 breite Zielgruppe &amp; hohe Nachfrage<\/p>\n<\/li>\n<li data-start=\"1053\" data-end=\"1104\">\n<p data-start=\"1055\" data-end=\"1104\">Perfekt f\u00fcr Impulsk\u00e4ufe im Kassenbereich<\/p>\n<\/li>\n<li data-start=\"1105\" data-end=\"1165\">\n<p data-start=\"1107\" data-end=\"1165\"><strong data-start=\"1107\" data-end=\"1137\">Ideal f\u00fcr Snackautomaten<\/strong> durch Einzelbeutel<\/p>\n<\/li>\n<li data-start=\"1166\" data-end=\"1204\">\n<p data-start=\"1168\" data-end=\"1204\">Starke Marke &amp; hohe Wiederkaufrate<\/p>\n<\/li>\n<li data-start=\"1205\" data-end=\"1262\">\n<p data-start=\"1207\" data-end=\"1262\">Attraktive Margen durch etablierten Markenartikel<\/p>\n<\/li>\n<\/ul>\n<h3 data-start=\"1264\" data-end=\"1282\">Produktdetails<\/h3>\n<ul data-start=\"1283\" data-end=\"1417\">\n<li data-start=\"1283\" data-end=\"1340\">\n<p data-start=\"1285\" data-end=\"1340\"><strong data-start=\"1285\" data-end=\"1297\">Produkt:<\/strong> Skittles Citrus<\/p>\n<\/li>\n<li data-start=\"1341\" data-end=\"1362\">\n<p data-start=\"1343\" data-end=\"1362\"><strong data-start=\"1343\" data-end=\"1354\">Inhalt:<\/strong> 15 x 136 g<\/p>\n<\/li>\n<li data-start=\"1363\" data-end=\"1417\">\n<p data-start=\"1365\" data-end=\"1417\"><strong data-start=\"1365\" data-end=\"1379\">Kategorie:<\/strong> S\u00fc\u00dfwaren \/ Kaubonbons \/ Markenartikel<\/p>\n<\/li>\n<\/ul>\n","protected":false},"excerpt":{"rendered":"<p>Skittles Citrus \u2013 15 x 136g Fruchtige Kaubonbons mit Zitrusmix \u2013 erfrischender Klassiker mit hoher Nachfrage Die Skittles Citrus bieten eine spritzige Mischung aus Zitrusfr\u00fcchten mit intensiven Aromen wie Orange, Zitrone und Limette. Die Kombination aus s\u00fc\u00dfen und leicht s\u00e4uerlichen Noten sorgt f\u00fcr ein erfrischendes Geschmackserlebnis und spricht eine breite Zielgruppe an \u2013 ideal f\u00fcr [&hellip;]<\/p>\n","protected":false},"featured_media":109656,"comment_status":"closed","ping_status":"closed","template":"","meta":[],"product_brand":[],"product_cat":[133],"product_tag":[],"class_list":{"0":"post-109655","1":"product","2":"type-product","3":"status-publish","4":"has-post-thumbnail","6":"product_cat-snacks","8":"first","9":"instock","10":"taxable","11":"shipping-taxable","12":"product-type-simple"},"_links":{"self":[{"href":"https:\/\/dekaufmann.de\/index.php?rest_route=\/wp\/v2\/product\/109655","targetHints":{"allow":["GET"]}}],"collection":[{"href":"https:\/\/dekaufmann.de\/index.php?rest_route=\/wp\/v2\/product"}],"about":[{"href":"https:\/\/dekaufmann.de\/index.php?rest_route=\/wp\/v2\/types\/product"}],"replies":[{"embeddable":true,"href":"https:\/\/dekaufmann.de\/index.php?rest_route=%2Fwp%2Fv2%2Fcomments&post=109655"}],"wp:featuredmedia":[{"embeddable":true,"href":"https:\/\/dekaufmann.de\/index.php?rest_route=\/wp\/v2\/media\/109656"}],"wp:attachment":[{"href":"https:\/\/dekaufmann.de\/index.php?rest_route=%2Fwp%2Fv2%2Fmedia&parent=109655"}],"wp:term":[{"taxonomy":"product_brand","embeddable":true,"href":"https:\/\/dekaufmann.de\/index.php?rest_route=%2Fwp%2Fv2%2Fproduct_brand&post=109655"},{"taxonomy":"product_cat","embeddable":true,"href":"https:\/\/dekaufmann.de\/index.php?rest_route=%2Fwp%2Fv2%2Fproduct_cat&post=109655"},{"taxonomy":"product_tag","embeddable":true,"href":"https:\/\/dekaufmann.de\/index.php?rest_route=%2Fwp%2Fv2%2Fproduct_tag&post=109655"}],"curies":[{"name":"wp","href":"https:\/\/api.w.org\/{rel}","templated":true}]}}