{"id":109628,"date":"2026-02-27T11:17:59","date_gmt":"2026-02-27T11:17:59","guid":{"rendered":"https:\/\/dekaufmann.de\/?post_type=product&#038;p=109628"},"modified":"2026-04-20T16:29:07","modified_gmt":"2026-04-20T16:29:07","slug":"oreo-soft-cake-hot-wheels-edition-12-x-16g","status":"publish","type":"product","link":"https:\/\/dekaufmann.de\/?product=oreo-soft-cake-hot-wheels-edition-12-x-16g","title":{"rendered":"Oreo Soft Cake Hot Wheels Edition 12 x 16g"},"content":{"rendered":"<h2 data-start=\"138\" data-end=\"191\">Oreo Soft Cake Hot Wheels Edition \u2013 12 x 16 g<\/h2>\n<p data-start=\"192\" data-end=\"272\"><strong data-start=\"192\" data-end=\"272\">Schokoladenkuchen mit Oreo-Creme \u2013 limitierte Hot Wheels Edition mit hoher Nachfrage<\/strong><\/p>\n<p data-start=\"274\" data-end=\"613\">Der <strong data-start=\"285\" data-end=\"322\">Oreo Soft Cake Hot Wheels Edition<\/strong> kombiniert einen saftigen Schokoladenkuchen mit einer cremigen Oreo-F\u00fcllung und einer feinen Schokoladenh\u00fclle. Die beliebte Oreo-Note trifft auf weichen Cake und sorgt f\u00fcr ein intensives, schokoladiges Geschmackserlebnis \u2013 verst\u00e4rkt durch die limitierte Hot Wheels Sonderedition mit Sammler- und Trendfaktor.<\/p>\n<p data-start=\"615\" data-end=\"886\">Die <strong data-start=\"619\" data-end=\"636\">12 x 16 g Box<\/strong> eignet sich ideal f\u00fcr Kioske, Superm\u00e4rkte, Sp\u00e4tis, Tankstellen, <strong data-start=\"701\" data-end=\"719\">Snackautomaten<\/strong> und den Onlinehandel. Durch das auff\u00e4llige Hot Wheels Design und die starke Marke Oreo entsteht eine hohe Aufmerksamkeit am POS sowie eine schnelle Rotation und attraktive Margen.<\/p>\n<h3 data-start=\"888\" data-end=\"912\">Vorteile f\u00fcr H\u00e4ndler<\/h3>\n<ul data-start=\"913\" data-end=\"1262\">\n<li data-start=\"913\" data-end=\"977\">\n<p data-start=\"915\" data-end=\"977\">Limitierte <strong data-start=\"926\" data-end=\"951\">Hot Wheels Edition<\/strong> \u2192 hoher Sammel- &amp; Impulskauf-Effekt<\/p>\n<\/li>\n<li data-start=\"978\" data-end=\"1052\">\n<p data-start=\"980\" data-end=\"1052\">Beliebte Kombination aus Oreo-Creme &amp; Schokoladenkuchen \u2192 starke Nachfrage<\/p>\n<\/li>\n<li data-start=\"1053\" data-end=\"1104\">\n<p data-start=\"1055\" data-end=\"1104\">Perfekt f\u00fcr Impulsk\u00e4ufe im Kassenbereich<\/p>\n<\/li>\n<li data-start=\"1105\" data-end=\"1165\">\n<p data-start=\"1107\" data-end=\"1165\"><strong data-start=\"1107\" data-end=\"1137\">Ideal f\u00fcr Snackautomaten<\/strong> dank handlichem Format<\/p>\n<\/li>\n<li data-start=\"1166\" data-end=\"1204\">\n<p data-start=\"1168\" data-end=\"1204\">Hohe Markenbekanntheit &amp; starke Regalwirkung<\/p>\n<\/li>\n<li data-start=\"1205\" data-end=\"1262\">\n<p data-start=\"1207\" data-end=\"1262\">Attraktive Marge durch Trend- &amp; Lizenzprodukt<\/p>\n<\/li>\n<\/ul>\n<h3 data-start=\"1264\" data-end=\"1282\">Produktdetails<\/h3>\n<ul data-start=\"1283\" data-end=\"1417\">\n<li data-start=\"1283\" data-end=\"1340\">\n<p data-start=\"1285\" data-end=\"1340\"><strong data-start=\"1285\" data-end=\"1297\">Produkt:<\/strong> Oreo Soft Cake Hot Wheels Edition<\/p>\n<\/li>\n<li data-start=\"1341\" data-end=\"1362\">\n<p data-start=\"1343\" data-end=\"1362\"><strong data-start=\"1343\" data-end=\"1354\">Inhalt:<\/strong> 12 x 16 g<\/p>\n<\/li>\n<li data-start=\"1363\" data-end=\"1417\">\n<p data-start=\"1365\" data-end=\"1417\"><strong data-start=\"1365\" data-end=\"1379\">Kategorie:<\/strong> Kuchen \/ Snack Cakes \/ Marken-S\u00fc\u00dfwaren<\/p>\n<\/li>\n<\/ul>\n","protected":false},"excerpt":{"rendered":"<p>Oreo Soft Cake Hot Wheels Edition \u2013 12 x 16 g Schokoladenkuchen mit Oreo-Creme \u2013 limitierte Hot Wheels Edition mit hoher Nachfrage Der Oreo Soft Cake Hot Wheels Edition kombiniert einen saftigen Schokoladenkuchen mit einer cremigen Oreo-F\u00fcllung und einer feinen Schokoladenh\u00fclle. Die beliebte Oreo-Note trifft auf weichen Cake und sorgt f\u00fcr ein intensives, schokoladiges Geschmackserlebnis [&hellip;]<\/p>\n","protected":false},"featured_media":109629,"comment_status":"closed","ping_status":"closed","template":"","meta":[],"product_brand":[],"product_cat":[133],"product_tag":[],"class_list":{"0":"post-109628","1":"product","2":"type-product","3":"status-publish","4":"has-post-thumbnail","6":"product_cat-snacks","8":"first","9":"instock","10":"taxable","11":"shipping-taxable","12":"product-type-simple"},"_links":{"self":[{"href":"https:\/\/dekaufmann.de\/index.php?rest_route=\/wp\/v2\/product\/109628","targetHints":{"allow":["GET"]}}],"collection":[{"href":"https:\/\/dekaufmann.de\/index.php?rest_route=\/wp\/v2\/product"}],"about":[{"href":"https:\/\/dekaufmann.de\/index.php?rest_route=\/wp\/v2\/types\/product"}],"replies":[{"embeddable":true,"href":"https:\/\/dekaufmann.de\/index.php?rest_route=%2Fwp%2Fv2%2Fcomments&post=109628"}],"wp:featuredmedia":[{"embeddable":true,"href":"https:\/\/dekaufmann.de\/index.php?rest_route=\/wp\/v2\/media\/109629"}],"wp:attachment":[{"href":"https:\/\/dekaufmann.de\/index.php?rest_route=%2Fwp%2Fv2%2Fmedia&parent=109628"}],"wp:term":[{"taxonomy":"product_brand","embeddable":true,"href":"https:\/\/dekaufmann.de\/index.php?rest_route=%2Fwp%2Fv2%2Fproduct_brand&post=109628"},{"taxonomy":"product_cat","embeddable":true,"href":"https:\/\/dekaufmann.de\/index.php?rest_route=%2Fwp%2Fv2%2Fproduct_cat&post=109628"},{"taxonomy":"product_tag","embeddable":true,"href":"https:\/\/dekaufmann.de\/index.php?rest_route=%2Fwp%2Fv2%2Fproduct_tag&post=109628"}],"curies":[{"name":"wp","href":"https:\/\/api.w.org\/{rel}","templated":true}]}}