{"id":109619,"date":"2026-02-27T10:35:20","date_gmt":"2026-02-27T10:35:20","guid":{"rendered":"https:\/\/dekaufmann.de\/?post_type=product&#038;p=109619"},"modified":"2026-04-29T08:42:47","modified_gmt":"2026-04-29T08:42:47","slug":"bergen-cookies-white-chocolate-cranberry","status":"publish","type":"product","link":"https:\/\/dekaufmann.de\/?product=bergen-cookies-white-chocolate-cranberry","title":{"rendered":"Bergen Cookies White Chocolate &#038; Cranberry 128 g"},"content":{"rendered":"<h2 data-start=\"138\" data-end=\"191\">Bergen Cookies White Chocolate &amp; Cranberry \u2013 128 g<\/h2>\n<p data-start=\"192\" data-end=\"272\"><strong data-start=\"192\" data-end=\"272\">Kekse mit wei\u00dfer Schokolade &amp; Cranberry \u2013 fruchtig-s\u00fc\u00dfer Premium-Trendsnack mit hoher Nachfrage<\/strong><\/p>\n<p data-start=\"274\" data-end=\"613\">Die Bergen <strong data-start=\"285\" data-end=\"322\">White Chocolate &amp; Cranberry Cookies<\/strong> kombinieren zwei knusprige Kekse mit einer cremigen F\u00fcllung aus wei\u00dfer Schokolade und einer fruchtigen Cranberry-Note. Das Zusammenspiel aus s\u00fc\u00dfer, zarter White Chocolate und leicht s\u00e4uerlicher Frucht trifft den aktuellen Trend nach Premium-Cookies mit \u201eFruity Twist\u201c und spricht sowohl Snack-K\u00e4ufer als auch Fans von fruchtigen S\u00fc\u00dfwaren direkt an.<\/p>\n<p data-start=\"615\" data-end=\"886\">Die <strong data-start=\"619\" data-end=\"636\">128-g-Packung<\/strong> eignet sich ideal f\u00fcr Kioske, Superm\u00e4rkte, Sp\u00e4tis, Tankstellen, <strong data-start=\"701\" data-end=\"719\">Snackautomaten<\/strong> und den Onlinehandel. Durch das auff\u00e4llige Design und das moderne Geschmacksprofil erzielen diese Cookies schnelle Rotation und attraktive Margen im Kassen- und Snackbereich.<\/p>\n<h3 data-start=\"888\" data-end=\"912\">Vorteile f\u00fcr H\u00e4ndler<\/h3>\n<ul data-start=\"913\" data-end=\"1262\">\n<li data-start=\"913\" data-end=\"977\">\n<p data-start=\"915\" data-end=\"977\">Trendaroma <strong data-start=\"926\" data-end=\"951\">White Chocolate + Cranberry<\/strong> \u2192 starke Nachfrage<\/p>\n<\/li>\n<li data-start=\"978\" data-end=\"1052\">\n<p data-start=\"980\" data-end=\"1052\">Knusprige Cookies mit cremiger White-Chocolate-F\u00fcllung &amp; fruchtiger Note \u2192 Premium-Qualit\u00e4t<\/p>\n<\/li>\n<li data-start=\"1053\" data-end=\"1104\">\n<p data-start=\"1055\" data-end=\"1104\">Ideal f\u00fcr Impulsk\u00e4ufe im Kassen- &amp; Snackbereich<\/p>\n<\/li>\n<li data-start=\"1105\" data-end=\"1165\">\n<p data-start=\"1107\" data-end=\"1165\"><strong data-start=\"1107\" data-end=\"1137\">Optimal f\u00fcr Snackautomaten<\/strong> dank kompakter Verpackung<\/p>\n<\/li>\n<li data-start=\"1166\" data-end=\"1204\">\n<p data-start=\"1168\" data-end=\"1204\">Hohe Marge und starke Regalwirkung<\/p>\n<\/li>\n<li data-start=\"1205\" data-end=\"1262\">\n<p data-start=\"1207\" data-end=\"1262\">Perfekt als Erg\u00e4nzung zu Kaffee, Tee &amp; Premium-S\u00fc\u00dfwaren<\/p>\n<\/li>\n<\/ul>\n<h3 data-start=\"1264\" data-end=\"1282\">Produktdetails<\/h3>\n<ul data-start=\"1283\" data-end=\"1417\">\n<li data-start=\"1283\" data-end=\"1340\">\n<p data-start=\"1285\" data-end=\"1340\"><strong data-start=\"1285\" data-end=\"1297\">Produkt:<\/strong> Bergen Cookies White Chocolate &amp; Cranberry<\/p>\n<\/li>\n<li data-start=\"1341\" data-end=\"1362\">\n<p data-start=\"1343\" data-end=\"1362\"><strong data-start=\"1343\" data-end=\"1354\">Inhalt:<\/strong> 128 g<\/p>\n<\/li>\n<li data-start=\"1363\" data-end=\"1417\">\n<p data-start=\"1365\" data-end=\"1417\"><strong data-start=\"1365\" data-end=\"1379\">Kategorie:<\/strong> Kekse \/ Cremekekse \/ Trend-S\u00fc\u00dfwaren<\/p>\n<\/li>\n<\/ul>\n","protected":false},"excerpt":{"rendered":"<p>Bergen Cookies White Chocolate &amp; Cranberry \u2013 128 g Kekse mit wei\u00dfer Schokolade &amp; Cranberry \u2013 fruchtig-s\u00fc\u00dfer Premium-Trendsnack mit hoher Nachfrage Die Bergen White Chocolate &amp; Cranberry Cookies kombinieren zwei knusprige Kekse mit einer cremigen F\u00fcllung aus wei\u00dfer Schokolade und einer fruchtigen Cranberry-Note. Das Zusammenspiel aus s\u00fc\u00dfer, zarter White Chocolate und leicht s\u00e4uerlicher Frucht trifft [&hellip;]<\/p>\n","protected":false},"featured_media":109620,"comment_status":"closed","ping_status":"closed","template":"","meta":[],"product_brand":[],"product_cat":[133],"product_tag":[],"class_list":{"0":"post-109619","1":"product","2":"type-product","3":"status-publish","4":"has-post-thumbnail","6":"product_cat-snacks","8":"first","9":"instock","10":"taxable","11":"shipping-taxable","12":"product-type-simple"},"_links":{"self":[{"href":"https:\/\/dekaufmann.de\/index.php?rest_route=\/wp\/v2\/product\/109619","targetHints":{"allow":["GET"]}}],"collection":[{"href":"https:\/\/dekaufmann.de\/index.php?rest_route=\/wp\/v2\/product"}],"about":[{"href":"https:\/\/dekaufmann.de\/index.php?rest_route=\/wp\/v2\/types\/product"}],"replies":[{"embeddable":true,"href":"https:\/\/dekaufmann.de\/index.php?rest_route=%2Fwp%2Fv2%2Fcomments&post=109619"}],"wp:featuredmedia":[{"embeddable":true,"href":"https:\/\/dekaufmann.de\/index.php?rest_route=\/wp\/v2\/media\/109620"}],"wp:attachment":[{"href":"https:\/\/dekaufmann.de\/index.php?rest_route=%2Fwp%2Fv2%2Fmedia&parent=109619"}],"wp:term":[{"taxonomy":"product_brand","embeddable":true,"href":"https:\/\/dekaufmann.de\/index.php?rest_route=%2Fwp%2Fv2%2Fproduct_brand&post=109619"},{"taxonomy":"product_cat","embeddable":true,"href":"https:\/\/dekaufmann.de\/index.php?rest_route=%2Fwp%2Fv2%2Fproduct_cat&post=109619"},{"taxonomy":"product_tag","embeddable":true,"href":"https:\/\/dekaufmann.de\/index.php?rest_route=%2Fwp%2Fv2%2Fproduct_tag&post=109619"}],"curies":[{"name":"wp","href":"https:\/\/api.w.org\/{rel}","templated":true}]}}