{"id":109192,"date":"2026-01-17T12:36:11","date_gmt":"2026-01-17T12:36:11","guid":{"rendered":"https:\/\/dekaufmann.de\/?post_type=product&#038;p=109192"},"modified":"2026-03-16T11:20:17","modified_gmt":"2026-03-16T11:20:17","slug":"true-passion-tabak-wame","status":"publish","type":"product","link":"https:\/\/dekaufmann.de\/?product=true-passion-tabak-wame","title":{"rendered":"True Passion Tabak WaMe 200g &#8211; 26,90\u20ac"},"content":{"rendered":"<div class=\"flex flex-col text-sm pb-25\">\n<article class=\"text-token-text-primary w-full focus:outline-none [--shadow-height:45px] has-data-writing-block:pointer-events-none has-data-writing-block:-mt-(--shadow-height) has-data-writing-block:pt-(--shadow-height) [&amp;:has([data-writing-block])&gt;*]:pointer-events-auto scroll-mt-[calc(var(--header-height)+min(200px,max(70px,20svh)))]\" dir=\"auto\" tabindex=\"-1\" data-turn-id=\"df2a1ee6-126d-4d63-b2ce-69e3973f4238\" data-testid=\"conversation-turn-48\" data-scroll-anchor=\"true\" data-turn=\"assistant\">\n<div class=\"text-base my-auto mx-auto pb-10 [--thread-content-margin:--spacing(4)] @w-sm\/main:[--thread-content-margin:--spacing(6)] @w-lg\/main:[--thread-content-margin:--spacing(16)] px-(--thread-content-margin)\">\n<div class=\"[--thread-content-max-width:40rem] @w-lg\/main:[--thread-content-max-width:48rem] mx-auto max-w-(--thread-content-max-width) flex-1 group\/turn-messages focus-visible:outline-hidden relative flex w-full min-w-0 flex-col agent-turn\" tabindex=\"-1\">\n<div class=\"flex max-w-full flex-col grow\">\n<div class=\"min-h-8 text-message relative flex w-full flex-col items-end gap-2 text-start break-words whitespace-normal [.text-message+&amp;]:mt-1\" dir=\"auto\" data-message-author-role=\"assistant\" data-message-id=\"86f32f10-efca-403f-90d2-283095ecd79f\" data-message-model-slug=\"gpt-5-2\">\n<div class=\"flex w-full flex-col gap-1 empty:hidden first:pt-[1px]\">\n<div class=\"markdown prose dark:prose-invert w-full break-words light markdown-new-styling\">\n<p data-start=\"42\" data-end=\"103\"><strong data-start=\"42\" data-end=\"103\">True Passion WaMe 200g &#8211; 26,90\u20ac \u2013 Saftige Wassermelone mit Frische<\/strong><\/p>\n<p data-start=\"105\" data-end=\"127\">Verkaufspreis: 26,90 \u20ac<\/p>\n<p data-start=\"129\" data-end=\"388\">Erweitern Sie Ihr Shisha-Sortiment mit <strong data-start=\"168\" data-end=\"194\">True Passion WaMe 200g<\/strong> &#8211; 26,90\u20ac \u2013 einer der beliebtesten Klassiker der Marke. Der klare, saftige Wassermelonengeschmack mit frischer Note ist breit akzeptiert, leicht zug\u00e4nglich und sorgt seit Jahren f\u00fcr konstanten Abverkauf.<\/p>\n<p data-start=\"390\" data-end=\"412\"><strong data-start=\"390\" data-end=\"412\">Produkt-Highlights<\/strong><\/p>\n<ul data-start=\"414\" data-end=\"1027\">\n<li data-start=\"414\" data-end=\"562\">\n<p data-start=\"416\" data-end=\"562\"><strong data-start=\"416\" data-end=\"437\">Premium-Qualit\u00e4t:<\/strong> 200 g hochwertiger Shisha-Tabak mit feinem Schnitt und optimaler Feuchtigkeit f\u00fcr dichten Rauch und gleichm\u00e4\u00dfige Sessions.<\/p>\n<\/li>\n<li data-start=\"563\" data-end=\"679\">\n<p data-start=\"565\" data-end=\"679\"><strong data-start=\"565\" data-end=\"589\">Beliebter Geschmack:<\/strong> Reife Wassermelone kombiniert mit angenehmer Frische \u2013 klar, s\u00fc\u00dflich und langanhaltend.<\/p>\n<\/li>\n<li data-start=\"680\" data-end=\"780\">\n<p data-start=\"682\" data-end=\"780\"><strong data-start=\"682\" data-end=\"703\">Hoher Wiederkauf:<\/strong> Sehr beliebt bei Stammkunden, ideal f\u00fcr regelm\u00e4\u00dfigen Konsum und Nachk\u00e4ufe.<\/p>\n<\/li>\n<li data-start=\"781\" data-end=\"922\">\n<p data-start=\"783\" data-end=\"922\"><strong data-start=\"783\" data-end=\"808\">Starke Markenwirkung:<\/strong> <span class=\"hover:entity-accent entity-underline inline cursor-pointer align-baseline\"><span class=\"whitespace-normal\">True Passion<\/span><\/span> steht f\u00fcr moderne Rezepturen, konstante Qualit\u00e4t und hohe Marktakzeptanz.<\/p>\n<\/li>\n<li data-start=\"923\" data-end=\"1027\">\n<p data-start=\"925\" data-end=\"1027\"><strong data-start=\"925\" data-end=\"945\">H\u00e4ndler-Vorteil:<\/strong> Attraktives Preisniveau, gute Marge und zuverl\u00e4ssiger Abverkauf im Fruchtsegment.<\/p>\n<\/li>\n<\/ul>\n<p data-start=\"1029\" data-end=\"1238\" data-is-last-node=\"\" data-is-only-node=\"\">Machen Sie <strong data-start=\"1040\" data-end=\"1066\">True Passion WaMe 200g &#8211; 26,90\u20ac\u00a0<\/strong> zu einem festen Bestandteil Ihres Sortiments \u2013 ein bew\u00e4hrter Wassermelonenklassiker zum Verkaufspreis von 26,90 \u20ac, der stabilen Umsatz und hohe Kundenzufriedenheit bringt.<\/p>\n<\/div>\n<\/div>\n<\/div>\n<\/div>\n<\/div>\n<\/div>\n<\/article>\n<\/div>\n","protected":false},"excerpt":{"rendered":"<p>True Passion WaMe 200g &#8211; 26,90\u20ac \u2013 Saftige Wassermelone mit Frische Verkaufspreis: 26,90 \u20ac Erweitern Sie Ihr Shisha-Sortiment mit True Passion WaMe 200g &#8211; 26,90\u20ac \u2013 einer der beliebtesten Klassiker der Marke. Der klare, saftige Wassermelonengeschmack mit frischer Note ist breit akzeptiert, leicht zug\u00e4nglich und sorgt seit Jahren f\u00fcr konstanten Abverkauf. Produkt-Highlights Premium-Qualit\u00e4t: 200 g [&hellip;]<\/p>\n","protected":false},"featured_media":109193,"comment_status":"closed","ping_status":"closed","template":"","meta":[],"product_brand":[126],"product_cat":[125],"product_tag":[],"class_list":{"0":"post-109192","1":"product","2":"type-product","3":"status-publish","4":"has-post-thumbnail","6":"product_brand-true-passion","7":"product_cat-shisha-tabak","8":"product_shipping_class-reduced-rate","10":"first","11":"instock","12":"taxable","13":"shipping-taxable","14":"product-type-simple"},"_links":{"self":[{"href":"https:\/\/dekaufmann.de\/index.php?rest_route=\/wp\/v2\/product\/109192","targetHints":{"allow":["GET"]}}],"collection":[{"href":"https:\/\/dekaufmann.de\/index.php?rest_route=\/wp\/v2\/product"}],"about":[{"href":"https:\/\/dekaufmann.de\/index.php?rest_route=\/wp\/v2\/types\/product"}],"replies":[{"embeddable":true,"href":"https:\/\/dekaufmann.de\/index.php?rest_route=%2Fwp%2Fv2%2Fcomments&post=109192"}],"wp:featuredmedia":[{"embeddable":true,"href":"https:\/\/dekaufmann.de\/index.php?rest_route=\/wp\/v2\/media\/109193"}],"wp:attachment":[{"href":"https:\/\/dekaufmann.de\/index.php?rest_route=%2Fwp%2Fv2%2Fmedia&parent=109192"}],"wp:term":[{"taxonomy":"product_brand","embeddable":true,"href":"https:\/\/dekaufmann.de\/index.php?rest_route=%2Fwp%2Fv2%2Fproduct_brand&post=109192"},{"taxonomy":"product_cat","embeddable":true,"href":"https:\/\/dekaufmann.de\/index.php?rest_route=%2Fwp%2Fv2%2Fproduct_cat&post=109192"},{"taxonomy":"product_tag","embeddable":true,"href":"https:\/\/dekaufmann.de\/index.php?rest_route=%2Fwp%2Fv2%2Fproduct_tag&post=109192"}],"curies":[{"name":"wp","href":"https:\/\/api.w.org\/{rel}","templated":true}]}}