{"id":109184,"date":"2026-01-16T15:07:34","date_gmt":"2026-01-16T15:07:34","guid":{"rendered":"https:\/\/dekaufmann.de\/?post_type=product&#038;p=109184"},"modified":"2026-04-18T01:19:58","modified_gmt":"2026-04-18T01:19:58","slug":"al-massiva-loewenherz-10x25g","status":"publish","type":"product","link":"https:\/\/dekaufmann.de\/?product=al-massiva-loewenherz-10x25g","title":{"rendered":"Al Massiva L\u00f6wenherz 10x25g"},"content":{"rendered":"<div class=\"flex flex-col text-sm pb-25\">\n<article class=\"text-token-text-primary w-full focus:outline-none [--shadow-height:45px] has-data-writing-block:pointer-events-none has-data-writing-block:-mt-(--shadow-height) has-data-writing-block:pt-(--shadow-height) [&amp;:has([data-writing-block])&gt;*]:pointer-events-auto scroll-mt-[calc(var(--header-height)+min(200px,max(70px,20svh)))]\" dir=\"auto\" tabindex=\"-1\" data-turn-id=\"41fc63f1-f371-4ce2-83c2-adeebffaced9\" data-testid=\"conversation-turn-24\" data-scroll-anchor=\"true\" data-turn=\"assistant\">\n<div class=\"text-base my-auto mx-auto pb-10 [--thread-content-margin:--spacing(4)] @w-sm\/main:[--thread-content-margin:--spacing(6)] @w-lg\/main:[--thread-content-margin:--spacing(16)] px-(--thread-content-margin)\">\n<div class=\"[--thread-content-max-width:40rem] @w-lg\/main:[--thread-content-max-width:48rem] mx-auto max-w-(--thread-content-max-width) flex-1 group\/turn-messages focus-visible:outline-hidden relative flex w-full min-w-0 flex-col agent-turn\" tabindex=\"-1\">\n<div class=\"flex max-w-full flex-col grow\">\n<div class=\"min-h-8 text-message relative flex w-full flex-col items-end gap-2 text-start break-words whitespace-normal [.text-message+&amp;]:mt-1\" dir=\"auto\" data-message-author-role=\"assistant\" data-message-id=\"51cddd1b-0142-4c80-aa09-150a263eb9bb\" data-message-model-slug=\"gpt-5-2\">\n<div class=\"flex w-full flex-col gap-1 empty:hidden first:pt-[1px]\">\n<div class=\"markdown prose dark:prose-invert w-full break-words light markdown-new-styling\">\n<div class=\"relative basis-auto flex-col -mb-(--composer-overlap-px) [--composer-overlap-px:28px] grow flex\">\n<div class=\"flex flex-col text-sm pb-25\">\n<article class=\"text-token-text-primary w-full focus:outline-none [--shadow-height:45px] has-data-writing-block:pointer-events-none has-data-writing-block:-mt-(--shadow-height) has-data-writing-block:pt-(--shadow-height) [&amp;:has([data-writing-block])&gt;*]:pointer-events-auto scroll-mt-[calc(var(--header-height)+min(200px,max(70px,20svh)))]\" dir=\"auto\" tabindex=\"-1\" data-turn-id=\"9822e0bf-bc0e-4b1e-9dae-c50b55a797b2\" data-testid=\"conversation-turn-28\" data-scroll-anchor=\"true\" data-turn=\"assistant\">\n<div class=\"text-base my-auto mx-auto pb-10 [--thread-content-margin:--spacing(4)] @w-sm\/main:[--thread-content-margin:--spacing(6)] @w-lg\/main:[--thread-content-margin:--spacing(16)] px-(--thread-content-margin)\">\n<div class=\"[--thread-content-max-width:40rem] @w-lg\/main:[--thread-content-max-width:48rem] mx-auto max-w-(--thread-content-max-width) flex-1 group\/turn-messages focus-visible:outline-hidden relative flex w-full min-w-0 flex-col agent-turn\" tabindex=\"-1\">\n<div class=\"flex max-w-full flex-col grow\">\n<div class=\"min-h-8 text-message relative flex w-full flex-col items-end gap-2 text-start break-words whitespace-normal [.text-message+&amp;]:mt-1\" dir=\"auto\" data-message-author-role=\"assistant\" data-message-id=\"abc0eb69-8898-412e-8f98-5eb21b6d8275\" data-message-model-slug=\"gpt-5-2\">\n<div class=\"flex w-full flex-col gap-1 empty:hidden first:pt-[1px]\">\n<div class=\"markdown prose dark:prose-invert w-full break-words light markdown-new-styling\">\n<div class=\"flex flex-col text-sm pb-25\">\n<article class=\"text-token-text-primary w-full focus:outline-none [--shadow-height:45px] has-data-writing-block:pointer-events-none has-data-writing-block:-mt-(--shadow-height) has-data-writing-block:pt-(--shadow-height) [&amp;:has([data-writing-block])&gt;*]:pointer-events-auto scroll-mt-[calc(var(--header-height)+min(200px,max(70px,20svh)))]\" dir=\"auto\" tabindex=\"-1\" data-turn-id=\"922d320f-7210-4559-9c85-e2a604940f33\" data-testid=\"conversation-turn-40\" data-scroll-anchor=\"true\" data-turn=\"assistant\">\n<div class=\"text-base my-auto mx-auto pb-10 [--thread-content-margin:--spacing(4)] @w-sm\/main:[--thread-content-margin:--spacing(6)] @w-lg\/main:[--thread-content-margin:--spacing(16)] px-(--thread-content-margin)\">\n<div class=\"[--thread-content-max-width:40rem] @w-lg\/main:[--thread-content-max-width:48rem] mx-auto max-w-(--thread-content-max-width) flex-1 group\/turn-messages focus-visible:outline-hidden relative flex w-full min-w-0 flex-col agent-turn\" tabindex=\"-1\">\n<div class=\"flex max-w-full flex-col grow\">\n<div class=\"min-h-8 text-message relative flex w-full flex-col items-end gap-2 text-start break-words whitespace-normal [.text-message+&amp;]:mt-1\" dir=\"auto\" data-message-author-role=\"assistant\" data-message-id=\"e20ae750-dd09-49ab-ba62-8c8fde4d4037\" data-message-model-slug=\"gpt-5-2\">\n<div class=\"flex w-full flex-col gap-1 empty:hidden first:pt-[1px]\">\n<div class=\"markdown prose dark:prose-invert w-full break-words light markdown-new-styling\">\n<p data-start=\"42\" data-end=\"110\"><strong data-start=\"42\" data-end=\"110\">Al Massiva L\u00f6wenherz 10\u00d725g \u2013 Kr\u00e4ftig, fruchtig, charakterstark<\/strong><\/p>\n<p data-start=\"112\" data-end=\"144\">Verkaufspreis: 4,00 \u20ac (pro 25 g)<\/p>\n<p data-start=\"146\" data-end=\"421\">Erweitern Sie Ihr Shisha-Sortiment mit <strong data-start=\"185\" data-end=\"217\">Al Massiva L\u00f6wenherz 10\u00d725g<\/strong> \u2013 eine ausdrucksstarke Sorte mit kr\u00e4ftigem, fruchtigem Charakter. L\u00f6wenherz spricht gezielt Kunden an, die intensive Aromen bevorzugen, und sorgt dank hohem Wiedererkennungswert f\u00fcr konstanten Abverkauf.<\/p>\n<p data-start=\"423\" data-end=\"445\"><strong data-start=\"423\" data-end=\"445\">Produkt-Highlights<\/strong><\/p>\n<ul data-start=\"447\" data-end=\"1050\">\n<li data-start=\"447\" data-end=\"579\">\n<p data-start=\"449\" data-end=\"579\"><strong data-start=\"449\" data-end=\"470\">Premium-Qualit\u00e4t:<\/strong> Fein geschnittener Shisha-Tabak mit ausgewogener Feuchtigkeit f\u00fcr dichten Rauch und gleichm\u00e4\u00dfige Sessions.<\/p>\n<\/li>\n<li data-start=\"580\" data-end=\"692\">\n<p data-start=\"582\" data-end=\"692\"><strong data-start=\"582\" data-end=\"606\">Beliebter Geschmack:<\/strong> Kr\u00e4ftig-fruchtiger Mix mit markanter Note \u2013 intensiv, vollmundig und langanhaltend.<\/p>\n<\/li>\n<li data-start=\"693\" data-end=\"796\">\n<p data-start=\"695\" data-end=\"796\"><strong data-start=\"695\" data-end=\"716\">Hoher Wiederkauf:<\/strong> Sehr beliebt bei Stammkunden, stabile Nachfrage durch klaren Sortencharakter.<\/p>\n<\/li>\n<li data-start=\"797\" data-end=\"925\">\n<p data-start=\"799\" data-end=\"925\"><strong data-start=\"799\" data-end=\"824\">Starke Markenwirkung:<\/strong> <span class=\"hover:entity-accent entity-underline inline cursor-pointer align-baseline\"><span class=\"whitespace-normal\">Al Massiva<\/span><\/span> steht f\u00fcr Kultsorten, Szene-Relevanz und hohe Markenbindung.<\/p>\n<\/li>\n<li data-start=\"926\" data-end=\"1050\">\n<p data-start=\"928\" data-end=\"1050\"><strong data-start=\"928\" data-end=\"948\">H\u00e4ndler-Vorteil:<\/strong> Einheitlicher VK von 4,00 \u20ac, schnelle Rotation und ideal f\u00fcr Theke, Probierk\u00e4ufe und Bundle-Angebote.<\/p>\n<\/li>\n<\/ul>\n<p data-start=\"1052\" data-end=\"1254\" data-is-last-node=\"\" data-is-only-node=\"\">Machen Sie <strong data-start=\"1063\" data-end=\"1092\">Al Massiva L\u00f6wenherz 25g<\/strong> zu einem festen Bestandteil Ihres Sortiments \u2013 eine charakterstarke Sorte zum Verkaufspreis von 4,00 \u20ac, die Aufmerksamkeit erzeugt und zuverl\u00e4ssig Umsatz bringt.<\/p>\n<\/div>\n<\/div>\n<\/div>\n<\/div>\n<\/div>\n<\/div>\n<\/article>\n<\/div>\n<\/div>\n<\/div>\n<\/div>\n<\/div>\n<\/div>\n<\/div>\n<\/article>\n<\/div>\n<\/div>\n<\/div>\n<\/div>\n<\/div>\n<\/div>\n<\/div>\n<\/div>\n<\/article>\n<\/div>\n","protected":false},"excerpt":{"rendered":"<p>Al Massiva L\u00f6wenherz 10\u00d725g \u2013 Kr\u00e4ftig, fruchtig, charakterstark Verkaufspreis: 4,00 \u20ac (pro 25 g) Erweitern Sie Ihr Shisha-Sortiment mit Al Massiva L\u00f6wenherz 10\u00d725g \u2013 eine ausdrucksstarke Sorte mit kr\u00e4ftigem, fruchtigem Charakter. L\u00f6wenherz spricht gezielt Kunden an, die intensive Aromen bevorzugen, und sorgt dank hohem Wiedererkennungswert f\u00fcr konstanten Abverkauf. Produkt-Highlights Premium-Qualit\u00e4t: Fein geschnittener Shisha-Tabak mit ausgewogener [&hellip;]<\/p>\n","protected":false},"featured_media":109185,"comment_status":"closed","ping_status":"closed","template":"","meta":[],"product_brand":[192],"product_cat":[125],"product_tag":[],"class_list":{"0":"post-109184","1":"product","2":"type-product","3":"status-publish","4":"has-post-thumbnail","6":"product_brand-almassiva","7":"product_cat-shisha-tabak","8":"product_shipping_class-reduced-rate","10":"first","11":"outofstock","12":"taxable","13":"shipping-taxable","14":"product-type-simple"},"_links":{"self":[{"href":"https:\/\/dekaufmann.de\/index.php?rest_route=\/wp\/v2\/product\/109184","targetHints":{"allow":["GET"]}}],"collection":[{"href":"https:\/\/dekaufmann.de\/index.php?rest_route=\/wp\/v2\/product"}],"about":[{"href":"https:\/\/dekaufmann.de\/index.php?rest_route=\/wp\/v2\/types\/product"}],"replies":[{"embeddable":true,"href":"https:\/\/dekaufmann.de\/index.php?rest_route=%2Fwp%2Fv2%2Fcomments&post=109184"}],"wp:featuredmedia":[{"embeddable":true,"href":"https:\/\/dekaufmann.de\/index.php?rest_route=\/wp\/v2\/media\/109185"}],"wp:attachment":[{"href":"https:\/\/dekaufmann.de\/index.php?rest_route=%2Fwp%2Fv2%2Fmedia&parent=109184"}],"wp:term":[{"taxonomy":"product_brand","embeddable":true,"href":"https:\/\/dekaufmann.de\/index.php?rest_route=%2Fwp%2Fv2%2Fproduct_brand&post=109184"},{"taxonomy":"product_cat","embeddable":true,"href":"https:\/\/dekaufmann.de\/index.php?rest_route=%2Fwp%2Fv2%2Fproduct_cat&post=109184"},{"taxonomy":"product_tag","embeddable":true,"href":"https:\/\/dekaufmann.de\/index.php?rest_route=%2Fwp%2Fv2%2Fproduct_tag&post=109184"}],"curies":[{"name":"wp","href":"https:\/\/api.w.org\/{rel}","templated":true}]}}