{"id":109180,"date":"2026-01-16T14:50:21","date_gmt":"2026-01-16T14:50:21","guid":{"rendered":"https:\/\/dekaufmann.de\/?post_type=product&#038;p=109180"},"modified":"2026-04-22T01:23:08","modified_gmt":"2026-04-22T01:23:08","slug":"holster-grp-2-0-10x25g","status":"publish","type":"product","link":"https:\/\/dekaufmann.de\/?product=holster-grp-2-0-10x25g","title":{"rendered":"Holster Grp 2.0 10x25g"},"content":{"rendered":"<div class=\"flex flex-col text-sm pb-25\">\n<article class=\"text-token-text-primary w-full focus:outline-none [--shadow-height:45px] has-data-writing-block:pointer-events-none has-data-writing-block:-mt-(--shadow-height) has-data-writing-block:pt-(--shadow-height) [&amp;:has([data-writing-block])&gt;*]:pointer-events-auto scroll-mt-[calc(var(--header-height)+min(200px,max(70px,20svh)))]\" dir=\"auto\" tabindex=\"-1\" data-turn-id=\"41fc63f1-f371-4ce2-83c2-adeebffaced9\" data-testid=\"conversation-turn-24\" data-scroll-anchor=\"true\" data-turn=\"assistant\">\n<div class=\"text-base my-auto mx-auto pb-10 [--thread-content-margin:--spacing(4)] @w-sm\/main:[--thread-content-margin:--spacing(6)] @w-lg\/main:[--thread-content-margin:--spacing(16)] px-(--thread-content-margin)\">\n<div class=\"[--thread-content-max-width:40rem] @w-lg\/main:[--thread-content-max-width:48rem] mx-auto max-w-(--thread-content-max-width) flex-1 group\/turn-messages focus-visible:outline-hidden relative flex w-full min-w-0 flex-col agent-turn\" tabindex=\"-1\">\n<div class=\"flex max-w-full flex-col grow\">\n<div class=\"min-h-8 text-message relative flex w-full flex-col items-end gap-2 text-start break-words whitespace-normal [.text-message+&amp;]:mt-1\" dir=\"auto\" data-message-author-role=\"assistant\" data-message-id=\"51cddd1b-0142-4c80-aa09-150a263eb9bb\" data-message-model-slug=\"gpt-5-2\">\n<div class=\"flex w-full flex-col gap-1 empty:hidden first:pt-[1px]\">\n<div class=\"markdown prose dark:prose-invert w-full break-words light markdown-new-styling\">\n<div class=\"relative basis-auto flex-col -mb-(--composer-overlap-px) [--composer-overlap-px:28px] grow flex\">\n<div class=\"flex flex-col text-sm pb-25\">\n<article class=\"text-token-text-primary w-full focus:outline-none [--shadow-height:45px] has-data-writing-block:pointer-events-none has-data-writing-block:-mt-(--shadow-height) has-data-writing-block:pt-(--shadow-height) [&amp;:has([data-writing-block])&gt;*]:pointer-events-auto scroll-mt-[calc(var(--header-height)+min(200px,max(70px,20svh)))]\" dir=\"auto\" tabindex=\"-1\" data-turn-id=\"9822e0bf-bc0e-4b1e-9dae-c50b55a797b2\" data-testid=\"conversation-turn-28\" data-scroll-anchor=\"true\" data-turn=\"assistant\">\n<div class=\"text-base my-auto mx-auto pb-10 [--thread-content-margin:--spacing(4)] @w-sm\/main:[--thread-content-margin:--spacing(6)] @w-lg\/main:[--thread-content-margin:--spacing(16)] px-(--thread-content-margin)\">\n<div class=\"[--thread-content-max-width:40rem] @w-lg\/main:[--thread-content-max-width:48rem] mx-auto max-w-(--thread-content-max-width) flex-1 group\/turn-messages focus-visible:outline-hidden relative flex w-full min-w-0 flex-col agent-turn\" tabindex=\"-1\">\n<div class=\"flex max-w-full flex-col grow\">\n<div class=\"min-h-8 text-message relative flex w-full flex-col items-end gap-2 text-start break-words whitespace-normal [.text-message+&amp;]:mt-1\" dir=\"auto\" data-message-author-role=\"assistant\" data-message-id=\"abc0eb69-8898-412e-8f98-5eb21b6d8275\" data-message-model-slug=\"gpt-5-2\">\n<div class=\"flex w-full flex-col gap-1 empty:hidden first:pt-[1px]\">\n<div class=\"markdown prose dark:prose-invert w-full break-words light markdown-new-styling\">\n<div class=\"flex flex-col text-sm pb-25\">\n<article class=\"text-token-text-primary w-full focus:outline-none [--shadow-height:45px] has-data-writing-block:pointer-events-none has-data-writing-block:-mt-(--shadow-height) has-data-writing-block:pt-(--shadow-height) [&amp;:has([data-writing-block])&gt;*]:pointer-events-auto scroll-mt-[calc(var(--header-height)+min(200px,max(70px,20svh)))]\" dir=\"auto\" tabindex=\"-1\" data-turn-id=\"9f1a2f5b-f7f5-4041-9c0e-1ced8e44a085\" data-testid=\"conversation-turn-34\" data-scroll-anchor=\"true\" data-turn=\"assistant\">\n<div class=\"text-base my-auto mx-auto pb-10 [--thread-content-margin:--spacing(4)] @w-sm\/main:[--thread-content-margin:--spacing(6)] @w-lg\/main:[--thread-content-margin:--spacing(16)] px-(--thread-content-margin)\">\n<div class=\"[--thread-content-max-width:40rem] @w-lg\/main:[--thread-content-max-width:48rem] mx-auto max-w-(--thread-content-max-width) flex-1 group\/turn-messages focus-visible:outline-hidden relative flex w-full min-w-0 flex-col agent-turn\" tabindex=\"-1\">\n<div class=\"flex max-w-full flex-col grow\">\n<div class=\"min-h-8 text-message relative flex w-full flex-col items-end gap-2 text-start break-words whitespace-normal [.text-message+&amp;]:mt-1\" dir=\"auto\" data-message-author-role=\"assistant\" data-message-id=\"9bb669ce-075a-4664-b3cf-9463753821af\" data-message-model-slug=\"gpt-5-2\">\n<div class=\"flex w-full flex-col gap-1 empty:hidden first:pt-[1px]\">\n<div class=\"markdown prose dark:prose-invert w-full break-words light markdown-new-styling\">\n<div class=\"flex flex-col text-sm pb-25\">\n<article class=\"text-token-text-primary w-full focus:outline-none [--shadow-height:45px] has-data-writing-block:pointer-events-none has-data-writing-block:-mt-(--shadow-height) has-data-writing-block:pt-(--shadow-height) [&amp;:has([data-writing-block])&gt;*]:pointer-events-auto scroll-mt-[calc(var(--header-height)+min(200px,max(70px,20svh)))]\" dir=\"auto\" tabindex=\"-1\" data-turn-id=\"9f1a2f5b-f7f5-4041-9c0e-1ced8e44a085\" data-testid=\"conversation-turn-34\" data-scroll-anchor=\"true\" data-turn=\"assistant\">\n<div class=\"text-base my-auto mx-auto pb-10 [--thread-content-margin:--spacing(4)] @w-sm\/main:[--thread-content-margin:--spacing(6)] @w-lg\/main:[--thread-content-margin:--spacing(16)] px-(--thread-content-margin)\">\n<div class=\"[--thread-content-max-width:40rem] @w-lg\/main:[--thread-content-max-width:48rem] mx-auto max-w-(--thread-content-max-width) flex-1 group\/turn-messages focus-visible:outline-hidden relative flex w-full min-w-0 flex-col agent-turn\" tabindex=\"-1\">\n<div class=\"flex max-w-full flex-col grow\">\n<div class=\"min-h-8 text-message relative flex w-full flex-col items-end gap-2 text-start break-words whitespace-normal [.text-message+&amp;]:mt-1\" dir=\"auto\" data-message-author-role=\"assistant\" data-message-id=\"9bb669ce-075a-4664-b3cf-9463753821af\" data-message-model-slug=\"gpt-5-2\">\n<div class=\"flex w-full flex-col gap-1 empty:hidden first:pt-[1px]\">\n<div class=\"markdown prose dark:prose-invert w-full break-words light markdown-new-styling\">\n<div class=\"flex flex-col text-sm pb-25\">\n<article class=\"text-token-text-primary w-full focus:outline-none [--shadow-height:45px] has-data-writing-block:pointer-events-none has-data-writing-block:-mt-(--shadow-height) has-data-writing-block:pt-(--shadow-height) [&amp;:has([data-writing-block])&gt;*]:pointer-events-auto scroll-mt-[calc(var(--header-height)+min(200px,max(70px,20svh)))]\" dir=\"auto\" tabindex=\"-1\" data-turn-id=\"49a2f8eb-23fe-48f4-b302-5cbd51e28def\" data-testid=\"conversation-turn-36\" data-scroll-anchor=\"true\" data-turn=\"assistant\">\n<div class=\"text-base my-auto mx-auto pb-10 [--thread-content-margin:--spacing(4)] @w-sm\/main:[--thread-content-margin:--spacing(6)] @w-lg\/main:[--thread-content-margin:--spacing(16)] px-(--thread-content-margin)\">\n<div class=\"[--thread-content-max-width:40rem] @w-lg\/main:[--thread-content-max-width:48rem] mx-auto max-w-(--thread-content-max-width) flex-1 group\/turn-messages focus-visible:outline-hidden relative flex w-full min-w-0 flex-col agent-turn\" tabindex=\"-1\">\n<div class=\"flex max-w-full flex-col grow\">\n<div class=\"min-h-8 text-message relative flex w-full flex-col items-end gap-2 text-start break-words whitespace-normal [.text-message+&amp;]:mt-1\" dir=\"auto\" data-message-author-role=\"assistant\" data-message-id=\"bc20fbc6-f407-49a6-bcd8-6c480822cade\" data-message-model-slug=\"gpt-5-2\">\n<div class=\"flex w-full flex-col gap-1 empty:hidden first:pt-[1px]\">\n<div class=\"markdown prose dark:prose-invert w-full break-words light markdown-new-styling\">\n<p data-start=\"42\" data-end=\"111\"><strong data-start=\"42\" data-end=\"111\">Holster Grp 2.0 10\u00d725g \u2013 Intensiver Traubenklassiker mit Frische<\/strong><\/p>\n<p data-start=\"113\" data-end=\"145\">Verkaufspreis: 4,00 \u20ac (pro 25 g)<\/p>\n<p data-start=\"147\" data-end=\"444\">Erweitern Sie Ihr Shisha-Sortiment mit <strong data-start=\"186\" data-end=\"213\">Holster Grp 2.0 10\u00d725g<\/strong> \u2013 einer modernen Weiterentwicklung eines der beliebtesten Traubengeschm\u00e4cker von Holster. Intensiv, klar und mit frischer Note trifft diese Sorte exakt den Geschmack einer breiten Zielgruppe und sorgt f\u00fcr konstant hohen Abverkauf.<\/p>\n<p data-start=\"446\" data-end=\"468\"><strong data-start=\"446\" data-end=\"468\">Produkt-Highlights<\/strong><\/p>\n<ul data-start=\"470\" data-end=\"1058\">\n<li data-start=\"470\" data-end=\"599\">\n<p data-start=\"472\" data-end=\"599\"><strong data-start=\"472\" data-end=\"493\">Premium-Qualit\u00e4t:<\/strong> Fein geschnittener Shisha-Tabak mit optimaler Feuchtigkeit f\u00fcr dichten Rauch und gleichm\u00e4\u00dfige Sessions.<\/p>\n<\/li>\n<li data-start=\"600\" data-end=\"710\">\n<p data-start=\"602\" data-end=\"710\"><strong data-start=\"602\" data-end=\"626\">Beliebter Geschmack:<\/strong> Intensiver Traubengeschmack mit klarer Frische \u2013 kr\u00e4ftig, rund und langanhaltend.<\/p>\n<\/li>\n<li data-start=\"711\" data-end=\"796\">\n<p data-start=\"713\" data-end=\"796\"><strong data-start=\"713\" data-end=\"734\">Hoher Wiederkauf:<\/strong> Sehr gefragt bei Trauben-Fans, starke Stammkundennachfrage.<\/p>\n<\/li>\n<li data-start=\"797\" data-end=\"933\">\n<p data-start=\"799\" data-end=\"933\"><strong data-start=\"799\" data-end=\"824\">Starke Markenwirkung:<\/strong> <span class=\"hover:entity-accent entity-underline inline cursor-pointer align-baseline\"><span class=\"whitespace-normal\">Holster<\/span><\/span> steht f\u00fcr zuverl\u00e4ssige Qualit\u00e4t, Kultsorten und hohe Marktakzeptanz.<\/p>\n<\/li>\n<li data-start=\"934\" data-end=\"1058\">\n<p data-start=\"936\" data-end=\"1058\"><strong data-start=\"936\" data-end=\"956\">H\u00e4ndler-Vorteil:<\/strong> Einheitlicher VK von 4,00 \u20ac, schnelle Rotation und ideal f\u00fcr Theke, Probierk\u00e4ufe und Bundle-Angebote.<\/p>\n<\/li>\n<\/ul>\n<p data-start=\"1060\" data-end=\"1246\" data-is-last-node=\"\" data-is-only-node=\"\">Machen Sie <strong data-start=\"1071\" data-end=\"1095\">Holster Grp 2.0 25g<\/strong> zu einem festen Bestandteil Ihres Sortiments \u2013 ein moderner Traubenklassiker zum Verkaufspreis von 4,00 \u20ac, der zuverl\u00e4ssig Umsatz und Frequenz bringt.<\/p>\n<\/div>\n<\/div>\n<\/div>\n<\/div>\n<\/div>\n<\/div>\n<\/article>\n<\/div>\n<\/div>\n<\/div>\n<\/div>\n<\/div>\n<\/div>\n<\/div>\n<\/article>\n<\/div>\n<\/div>\n<\/div>\n<\/div>\n<\/div>\n<\/div>\n<\/div>\n<\/article>\n<\/div>\n<\/div>\n<\/div>\n<\/div>\n<\/div>\n<\/div>\n<\/div>\n<\/article>\n<\/div>\n<\/div>\n<\/div>\n<\/div>\n<\/div>\n<\/div>\n<\/div>\n<\/div>\n<\/article>\n<\/div>\n","protected":false},"excerpt":{"rendered":"<p>Holster Grp 2.0 10\u00d725g \u2013 Intensiver Traubenklassiker mit Frische Verkaufspreis: 4,00 \u20ac (pro 25 g) Erweitern Sie Ihr Shisha-Sortiment mit Holster Grp 2.0 10\u00d725g \u2013 einer modernen Weiterentwicklung eines der beliebtesten Traubengeschm\u00e4cker von Holster. Intensiv, klar und mit frischer Note trifft diese Sorte exakt den Geschmack einer breiten Zielgruppe und sorgt f\u00fcr konstant hohen Abverkauf. [&hellip;]<\/p>\n","protected":false},"featured_media":109181,"comment_status":"closed","ping_status":"closed","template":"","meta":[],"product_brand":[157],"product_cat":[125],"product_tag":[],"class_list":{"0":"post-109180","1":"product","2":"type-product","3":"status-publish","4":"has-post-thumbnail","6":"product_brand-holster","7":"product_cat-shisha-tabak","8":"product_shipping_class-reduced-rate","10":"first","11":"outofstock","12":"taxable","13":"shipping-taxable","14":"product-type-simple"},"_links":{"self":[{"href":"https:\/\/dekaufmann.de\/index.php?rest_route=\/wp\/v2\/product\/109180","targetHints":{"allow":["GET"]}}],"collection":[{"href":"https:\/\/dekaufmann.de\/index.php?rest_route=\/wp\/v2\/product"}],"about":[{"href":"https:\/\/dekaufmann.de\/index.php?rest_route=\/wp\/v2\/types\/product"}],"replies":[{"embeddable":true,"href":"https:\/\/dekaufmann.de\/index.php?rest_route=%2Fwp%2Fv2%2Fcomments&post=109180"}],"wp:featuredmedia":[{"embeddable":true,"href":"https:\/\/dekaufmann.de\/index.php?rest_route=\/wp\/v2\/media\/109181"}],"wp:attachment":[{"href":"https:\/\/dekaufmann.de\/index.php?rest_route=%2Fwp%2Fv2%2Fmedia&parent=109180"}],"wp:term":[{"taxonomy":"product_brand","embeddable":true,"href":"https:\/\/dekaufmann.de\/index.php?rest_route=%2Fwp%2Fv2%2Fproduct_brand&post=109180"},{"taxonomy":"product_cat","embeddable":true,"href":"https:\/\/dekaufmann.de\/index.php?rest_route=%2Fwp%2Fv2%2Fproduct_cat&post=109180"},{"taxonomy":"product_tag","embeddable":true,"href":"https:\/\/dekaufmann.de\/index.php?rest_route=%2Fwp%2Fv2%2Fproduct_tag&post=109180"}],"curies":[{"name":"wp","href":"https:\/\/api.w.org\/{rel}","templated":true}]}}