{"id":109145,"date":"2026-01-15T13:29:48","date_gmt":"2026-01-15T13:29:48","guid":{"rendered":"https:\/\/dekaufmann.de\/?post_type=product&#038;p=109145"},"modified":"2026-01-15T13:34:50","modified_gmt":"2026-01-15T13:34:50","slug":"aqua-mentha-black-box-200g","status":"publish","type":"product","link":"https:\/\/dekaufmann.de\/?product=aqua-mentha-black-box-200g","title":{"rendered":"Aqua Mentha Black Box 200g &#8211; 26,90\u20ac"},"content":{"rendered":"<div class=\"flex flex-col text-sm pb-25\">\n<article class=\"text-token-text-primary w-full focus:outline-none [--shadow-height:45px] has-data-writing-block:pointer-events-none has-data-writing-block:-mt-(--shadow-height) has-data-writing-block:pt-(--shadow-height) [&amp;:has([data-writing-block])&gt;*]:pointer-events-auto scroll-mt-[calc(var(--header-height)+min(200px,max(70px,20svh)))]\" dir=\"auto\" tabindex=\"-1\" data-turn-id=\"8c9e7493-1f11-4530-84f1-db232e543146\" data-testid=\"conversation-turn-12\" data-scroll-anchor=\"true\" data-turn=\"assistant\">\n<div class=\"text-base my-auto mx-auto pb-10 [--thread-content-margin:--spacing(4)] @w-sm\/main:[--thread-content-margin:--spacing(6)] @w-lg\/main:[--thread-content-margin:--spacing(16)] px-(--thread-content-margin)\">\n<div class=\"[--thread-content-max-width:40rem] @w-lg\/main:[--thread-content-max-width:48rem] mx-auto max-w-(--thread-content-max-width) flex-1 group\/turn-messages focus-visible:outline-hidden relative flex w-full min-w-0 flex-col agent-turn\" tabindex=\"-1\">\n<div class=\"flex max-w-full flex-col grow\">\n<div class=\"min-h-8 text-message relative flex w-full flex-col items-end gap-2 text-start break-words whitespace-normal [.text-message+&amp;]:mt-1\" dir=\"auto\" data-message-author-role=\"assistant\" data-message-id=\"ed89df1c-d782-4f39-af22-61ef4e50bdf3\" data-message-model-slug=\"gpt-5-2\">\n<div class=\"flex w-full flex-col gap-1 empty:hidden first:pt-[1px]\">\n<div class=\"markdown prose dark:prose-invert w-full break-words light markdown-new-styling\">\n<div class=\"flex flex-col text-sm pb-25\">\n<article class=\"text-token-text-primary w-full focus:outline-none [--shadow-height:45px] has-data-writing-block:pointer-events-none has-data-writing-block:-mt-(--shadow-height) has-data-writing-block:pt-(--shadow-height) [&amp;:has([data-writing-block])&gt;*]:pointer-events-auto scroll-mt-[calc(var(--header-height)+min(200px,max(70px,20svh)))]\" dir=\"auto\" tabindex=\"-1\" data-turn-id=\"20ce2f88-36e1-4fe4-a7d0-bccc38cf0f7c\" data-testid=\"conversation-turn-14\" data-scroll-anchor=\"true\" data-turn=\"assistant\">\n<div class=\"text-base my-auto mx-auto pb-10 [--thread-content-margin:--spacing(4)] @w-sm\/main:[--thread-content-margin:--spacing(6)] @w-lg\/main:[--thread-content-margin:--spacing(16)] px-(--thread-content-margin)\">\n<div class=\"[--thread-content-max-width:40rem] @w-lg\/main:[--thread-content-max-width:48rem] mx-auto max-w-(--thread-content-max-width) flex-1 group\/turn-messages focus-visible:outline-hidden relative flex w-full min-w-0 flex-col agent-turn\" tabindex=\"-1\">\n<div class=\"flex max-w-full flex-col grow\">\n<div class=\"min-h-8 text-message relative flex w-full flex-col items-end gap-2 text-start break-words whitespace-normal [.text-message+&amp;]:mt-1\" dir=\"auto\" data-message-author-role=\"assistant\" data-message-id=\"3cd4f1d0-17a7-4538-bd6e-e9ae2e51c7b6\" data-message-model-slug=\"gpt-5-2\">\n<div class=\"flex w-full flex-col gap-1 empty:hidden first:pt-[1px]\">\n<div class=\"markdown prose dark:prose-invert w-full break-words light markdown-new-styling\">\n<div class=\"flex flex-col text-sm pb-25\">\n<article class=\"text-token-text-primary w-full focus:outline-none [--shadow-height:45px] has-data-writing-block:pointer-events-none has-data-writing-block:-mt-(--shadow-height) has-data-writing-block:pt-(--shadow-height) [&amp;:has([data-writing-block])&gt;*]:pointer-events-auto scroll-mt-[calc(var(--header-height)+min(200px,max(70px,20svh)))]\" dir=\"auto\" tabindex=\"-1\" data-turn-id=\"acce9d4e-d9e2-4196-afab-95955aa57e65\" data-testid=\"conversation-turn-16\" data-scroll-anchor=\"true\" data-turn=\"assistant\">\n<div class=\"text-base my-auto mx-auto pb-10 [--thread-content-margin:--spacing(4)] @w-sm\/main:[--thread-content-margin:--spacing(6)] @w-lg\/main:[--thread-content-margin:--spacing(16)] px-(--thread-content-margin)\">\n<div class=\"[--thread-content-max-width:40rem] @w-lg\/main:[--thread-content-max-width:48rem] mx-auto max-w-(--thread-content-max-width) flex-1 group\/turn-messages focus-visible:outline-hidden relative flex w-full min-w-0 flex-col agent-turn\" tabindex=\"-1\">\n<div class=\"flex max-w-full flex-col grow\">\n<div class=\"min-h-8 text-message relative flex w-full flex-col items-end gap-2 text-start break-words whitespace-normal [.text-message+&amp;]:mt-1\" dir=\"auto\" data-message-author-role=\"assistant\" data-message-id=\"c19cdb52-81e5-4b51-9ec9-46f9cec044d9\" data-message-model-slug=\"gpt-5-2\">\n<div class=\"flex w-full flex-col gap-1 empty:hidden first:pt-[1px]\">\n<div class=\"markdown prose dark:prose-invert w-full break-words light markdown-new-styling\">\n<p data-start=\"42\" data-end=\"100\"><strong data-start=\"42\" data-end=\"100\">Aqua Mentha Black Box 200g \u2013 Dunkel, intensiv, markant<\/strong><\/p>\n<p data-start=\"102\" data-end=\"124\">Verkaufspreis: 26,90 \u20ac<\/p>\n<p data-start=\"126\" data-end=\"433\">Erweitern Sie Ihr Shisha-Sortiment mit <strong data-start=\"165\" data-end=\"195\">Aqua Mentha Black Box 200g<\/strong> \u2013 einer kr\u00e4ftigen, charakterstarken Sorte, die sich klar von klassischen Fruchtaromen abhebt. Intensiver Geschmack mit markanter Tiefe macht diese Variante besonders attraktiv f\u00fcr erfahrene Shisha-Raucher und sorgt f\u00fcr stabile Nachfrage.<\/p>\n<p data-start=\"435\" data-end=\"457\"><strong data-start=\"435\" data-end=\"457\">Produkt-Highlights<\/strong><\/p>\n<ul data-start=\"459\" data-end=\"1080\">\n<li data-start=\"459\" data-end=\"607\">\n<p data-start=\"461\" data-end=\"607\"><strong data-start=\"461\" data-end=\"482\">Premium-Qualit\u00e4t:<\/strong> 200 g hochwertiger Shisha-Tabak mit feinem Schnitt und optimaler Feuchtigkeit f\u00fcr dichten Rauch und konstante Performance.<\/p>\n<\/li>\n<li data-start=\"608\" data-end=\"722\">\n<p data-start=\"610\" data-end=\"722\"><strong data-start=\"610\" data-end=\"634\">Beliebter Geschmack:<\/strong> Kr\u00e4ftige, dunkle Aromen mit intensiver Tiefe \u2013 vollmundig, markant und langanhaltend.<\/p>\n<\/li>\n<li data-start=\"723\" data-end=\"820\">\n<p data-start=\"725\" data-end=\"820\"><strong data-start=\"725\" data-end=\"746\">Hoher Wiederkauf:<\/strong> Sehr beliebt bei erfahrenen Rauchern mit Vorliebe f\u00fcr intensive Sorten.<\/p>\n<\/li>\n<li data-start=\"821\" data-end=\"960\">\n<p data-start=\"823\" data-end=\"960\"><strong data-start=\"823\" data-end=\"848\">Starke Markenwirkung:<\/strong> <span class=\"hover:entity-accent entity-underline inline cursor-pointer align-baseline\"><span class=\"whitespace-normal\">Aqua Mentha<\/span><\/span> steht f\u00fcr innovative Mischungen, hohe Qualit\u00e4t und starke Marktpr\u00e4senz.<\/p>\n<\/li>\n<li data-start=\"961\" data-end=\"1080\">\n<p data-start=\"963\" data-end=\"1080\"><strong data-start=\"963\" data-end=\"983\">H\u00e4ndler-Vorteil:<\/strong> Premium-Positionierung, gute Marge und zuverl\u00e4ssiger Abverkauf durch klare Zielgruppenansprache.<\/p>\n<\/li>\n<\/ul>\n<p data-start=\"1082\" data-end=\"1297\" data-is-last-node=\"\" data-is-only-node=\"\">Machen Sie <strong data-start=\"1093\" data-end=\"1123\">Aqua Mentha Black Box 200g<\/strong> zu einem festen Bestandteil Ihres Sortiments \u2013 ein ausdrucksstarker Klassiker zum Verkaufspreis von 26,90 \u20ac, der Ihrem Angebot Profil verleiht und konstant Umsatz generiert.<\/p>\n<\/div>\n<\/div>\n<\/div>\n<\/div>\n<\/div>\n<\/div>\n<\/article>\n<\/div>\n<\/div>\n<\/div>\n<\/div>\n<\/div>\n<\/div>\n<\/div>\n<\/article>\n<\/div>\n<\/div>\n<\/div>\n<\/div>\n<\/div>\n<\/div>\n<\/div>\n<\/article>\n<\/div>\n","protected":false},"excerpt":{"rendered":"<p>Aqua Mentha Black Box 200g \u2013 Dunkel, intensiv, markant Verkaufspreis: 26,90 \u20ac Erweitern Sie Ihr Shisha-Sortiment mit Aqua Mentha Black Box 200g \u2013 einer kr\u00e4ftigen, charakterstarken Sorte, die sich klar von klassischen Fruchtaromen abhebt. Intensiver Geschmack mit markanter Tiefe macht diese Variante besonders attraktiv f\u00fcr erfahrene Shisha-Raucher und sorgt f\u00fcr stabile Nachfrage. Produkt-Highlights Premium-Qualit\u00e4t: 200 [&hellip;]<\/p>\n","protected":false},"featured_media":109146,"comment_status":"closed","ping_status":"closed","template":"","meta":[],"product_brand":[315],"product_cat":[125],"product_tag":[],"class_list":{"0":"post-109145","1":"product","2":"type-product","3":"status-publish","4":"has-post-thumbnail","6":"product_brand-aqua-mentha","7":"product_cat-shisha-tabak","8":"product_shipping_class-reduced-rate","10":"first","11":"instock","12":"taxable","13":"shipping-taxable","14":"product-type-simple"},"_links":{"self":[{"href":"https:\/\/dekaufmann.de\/index.php?rest_route=\/wp\/v2\/product\/109145","targetHints":{"allow":["GET"]}}],"collection":[{"href":"https:\/\/dekaufmann.de\/index.php?rest_route=\/wp\/v2\/product"}],"about":[{"href":"https:\/\/dekaufmann.de\/index.php?rest_route=\/wp\/v2\/types\/product"}],"replies":[{"embeddable":true,"href":"https:\/\/dekaufmann.de\/index.php?rest_route=%2Fwp%2Fv2%2Fcomments&post=109145"}],"wp:featuredmedia":[{"embeddable":true,"href":"https:\/\/dekaufmann.de\/index.php?rest_route=\/wp\/v2\/media\/109146"}],"wp:attachment":[{"href":"https:\/\/dekaufmann.de\/index.php?rest_route=%2Fwp%2Fv2%2Fmedia&parent=109145"}],"wp:term":[{"taxonomy":"product_brand","embeddable":true,"href":"https:\/\/dekaufmann.de\/index.php?rest_route=%2Fwp%2Fv2%2Fproduct_brand&post=109145"},{"taxonomy":"product_cat","embeddable":true,"href":"https:\/\/dekaufmann.de\/index.php?rest_route=%2Fwp%2Fv2%2Fproduct_cat&post=109145"},{"taxonomy":"product_tag","embeddable":true,"href":"https:\/\/dekaufmann.de\/index.php?rest_route=%2Fwp%2Fv2%2Fproduct_tag&post=109145"}],"curies":[{"name":"wp","href":"https:\/\/api.w.org\/{rel}","templated":true}]}}