{"id":109130,"date":"2026-01-14T14:27:42","date_gmt":"2026-01-14T14:27:42","guid":{"rendered":"https:\/\/dekaufmann.de\/?post_type=product&#038;p=109130"},"modified":"2026-04-29T21:32:26","modified_gmt":"2026-04-29T21:32:26","slug":"flerbar-vapes-grape-10x600er","status":"publish","type":"product","link":"https:\/\/dekaufmann.de\/?product=flerbar-vapes-grape-10x600er","title":{"rendered":"Flerbar Vapes Grape 10x600er"},"content":{"rendered":"<div class=\"relative basis-auto flex-col -mb-(--composer-overlap-px) [--composer-overlap-px:28px] grow flex\">\n<div class=\"flex flex-col text-sm pb-25\">\n<article class=\"text-token-text-primary w-full focus:outline-none [--shadow-height:45px] has-data-writing-block:pointer-events-none has-data-writing-block:-mt-(--shadow-height) has-data-writing-block:pt-(--shadow-height) [&amp;:has([data-writing-block])&gt;*]:pointer-events-auto scroll-mt-[calc(var(--header-height)+min(200px,max(70px,20svh)))]\" dir=\"auto\" tabindex=\"-1\" data-turn-id=\"25ae8883-3eb9-473b-9afb-ab21fc022a90\" data-testid=\"conversation-turn-8\" data-scroll-anchor=\"true\" data-turn=\"assistant\">\n<div class=\"text-base my-auto mx-auto pb-10 [--thread-content-margin:--spacing(4)] @w-sm\/main:[--thread-content-margin:--spacing(6)] @w-lg\/main:[--thread-content-margin:--spacing(16)] px-(--thread-content-margin)\">\n<div class=\"[--thread-content-max-width:40rem] @w-lg\/main:[--thread-content-max-width:48rem] mx-auto max-w-(--thread-content-max-width) flex-1 group\/turn-messages focus-visible:outline-hidden relative flex w-full min-w-0 flex-col agent-turn\" tabindex=\"-1\">\n<div class=\"flex max-w-full flex-col grow\">\n<div class=\"min-h-8 text-message relative flex w-full flex-col items-end gap-2 text-start break-words whitespace-normal [.text-message+&amp;]:mt-1\" dir=\"auto\" data-message-author-role=\"assistant\" data-message-id=\"dcd338c3-4053-4749-a5ac-23ffe705d6ae\" data-message-model-slug=\"gpt-5-2\">\n<div class=\"flex w-full flex-col gap-1 empty:hidden first:pt-[1px]\">\n<div class=\"markdown prose dark:prose-invert w-full break-words light markdown-new-styling\">\n<p data-start=\"144\" data-end=\"430\">Erweitern Sie Ihr Vape-Sortiment mit <strong data-start=\"181\" data-end=\"213\">Flerbar Vapes Grape 10\u00d7600er<\/strong> \u2013 einem fruchtig-s\u00fc\u00dfen Traubengeschmack, der zu den konstant meistverkauften Aromen z\u00e4hlt. Die kompakte Einweg-Variante mit hoher Zuganzahl trifft exakt den Geschmack der Zielgruppe und sorgt f\u00fcr schnellen Abverkauf.<\/p>\n<p data-start=\"432\" data-end=\"454\"><strong data-start=\"432\" data-end=\"454\">Produkt-Highlights<\/strong><\/p>\n<ul data-start=\"456\" data-end=\"1047\">\n<li data-start=\"456\" data-end=\"578\">\n<p data-start=\"458\" data-end=\"578\"><strong data-start=\"458\" data-end=\"484\">Zuverl\u00e4ssige Qualit\u00e4t:<\/strong> Einweg-Vapes mit gleichm\u00e4\u00dfigem Zugverhalten und konstanter Aromaabgabe bis zum letzten Zug.<\/p>\n<\/li>\n<li data-start=\"579\" data-end=\"663\">\n<p data-start=\"581\" data-end=\"663\"><strong data-start=\"581\" data-end=\"605\">Beliebter Geschmack:<\/strong> Intensive, s\u00fc\u00dfe Traube \u2013 klar, rund und massentauglich.<\/p>\n<\/li>\n<li data-start=\"664\" data-end=\"777\">\n<p data-start=\"666\" data-end=\"777\"><strong data-start=\"666\" data-end=\"687\">Hoher Wiederkauf:<\/strong> Grape z\u00e4hlt zu den Top-Geschm\u00e4ckern im Einweg-Segment mit starker Stammkundennachfrage.<\/p>\n<\/li>\n<li data-start=\"778\" data-end=\"915\">\n<p data-start=\"780\" data-end=\"915\"><strong data-start=\"780\" data-end=\"805\">Starke Markenwirkung:<\/strong> <span class=\"hover:entity-accent entity-underline inline cursor-pointer align-baseline\"><span class=\"whitespace-normal\">Flerbar<\/span><\/span> steht f\u00fcr trendige Aromen, moderne Optik und hohe Akzeptanz im Markt.<\/p>\n<\/li>\n<li data-start=\"916\" data-end=\"1047\">\n<p data-start=\"918\" data-end=\"1047\"><strong data-start=\"918\" data-end=\"938\">H\u00e4ndler-Vorteil:<\/strong> 10\u00d7600er Bundle f\u00fcr attraktive Margen, schnelle Umschlagsh\u00e4ufigkeit und ideale Platzierung im Impulsbereich.<\/p>\n<\/li>\n<\/ul>\n<p data-start=\"1049\" data-end=\"1228\" data-is-last-node=\"\" data-is-only-node=\"\">Machen Sie <strong data-start=\"1060\" data-end=\"1092\">Flerbar Vapes Grape 10\u00d7600er<\/strong> zu einem festen Bestandteil Ihres Sortiments \u2013 ein gefragter Geschmack mit zuverl\u00e4ssigem Absatz und klarem Umsatzpotenzial f\u00fcr H\u00e4ndler.<\/p>\n<\/div>\n<\/div>\n<\/div>\n<\/div>\n<\/div>\n<\/div>\n<\/article>\n<\/div>\n<\/div>\n","protected":false},"excerpt":{"rendered":"<p>Erweitern Sie Ihr Vape-Sortiment mit Flerbar Vapes Grape 10\u00d7600er \u2013 einem fruchtig-s\u00fc\u00dfen Traubengeschmack, der zu den konstant meistverkauften Aromen z\u00e4hlt. Die kompakte Einweg-Variante mit hoher Zuganzahl trifft exakt den Geschmack der Zielgruppe und sorgt f\u00fcr schnellen Abverkauf. Produkt-Highlights Zuverl\u00e4ssige Qualit\u00e4t: Einweg-Vapes mit gleichm\u00e4\u00dfigem Zugverhalten und konstanter Aromaabgabe bis zum letzten Zug. Beliebter Geschmack: Intensive, s\u00fc\u00dfe [&hellip;]<\/p>\n","protected":false},"featured_media":109132,"comment_status":"closed","ping_status":"closed","template":"","meta":[],"product_brand":[118],"product_cat":[81],"product_tag":[],"class_list":{"0":"post-109130","1":"product","2":"type-product","3":"status-publish","4":"has-post-thumbnail","6":"product_brand-flerbar","7":"product_cat-vapes","8":"product_shipping_class-reduced-rate","10":"first","11":"instock","12":"taxable","13":"shipping-taxable","14":"product-type-simple"},"_links":{"self":[{"href":"https:\/\/dekaufmann.de\/index.php?rest_route=\/wp\/v2\/product\/109130","targetHints":{"allow":["GET"]}}],"collection":[{"href":"https:\/\/dekaufmann.de\/index.php?rest_route=\/wp\/v2\/product"}],"about":[{"href":"https:\/\/dekaufmann.de\/index.php?rest_route=\/wp\/v2\/types\/product"}],"replies":[{"embeddable":true,"href":"https:\/\/dekaufmann.de\/index.php?rest_route=%2Fwp%2Fv2%2Fcomments&post=109130"}],"wp:featuredmedia":[{"embeddable":true,"href":"https:\/\/dekaufmann.de\/index.php?rest_route=\/wp\/v2\/media\/109132"}],"wp:attachment":[{"href":"https:\/\/dekaufmann.de\/index.php?rest_route=%2Fwp%2Fv2%2Fmedia&parent=109130"}],"wp:term":[{"taxonomy":"product_brand","embeddable":true,"href":"https:\/\/dekaufmann.de\/index.php?rest_route=%2Fwp%2Fv2%2Fproduct_brand&post=109130"},{"taxonomy":"product_cat","embeddable":true,"href":"https:\/\/dekaufmann.de\/index.php?rest_route=%2Fwp%2Fv2%2Fproduct_cat&post=109130"},{"taxonomy":"product_tag","embeddable":true,"href":"https:\/\/dekaufmann.de\/index.php?rest_route=%2Fwp%2Fv2%2Fproduct_tag&post=109130"}],"curies":[{"name":"wp","href":"https:\/\/api.w.org\/{rel}","templated":true}]}}