{"id":109057,"date":"2026-01-07T15:23:43","date_gmt":"2026-01-07T15:23:43","guid":{"rendered":"https:\/\/dekaufmann.de\/?post_type=product&#038;p=109057"},"modified":"2026-05-04T12:00:33","modified_gmt":"2026-05-04T12:00:33","slug":"holster-tabak-perry-punch-200g","status":"publish","type":"product","link":"https:\/\/dekaufmann.de\/?product=holster-tabak-perry-punch-200g","title":{"rendered":"Holster Tabak Perry Punch 200g &#8211; 27,90\u20ac"},"content":{"rendered":"<p data-start=\"127\" data-end=\"171\"><strong data-start=\"127\" data-end=\"171\">Holster Tabak Peery Punch 200g \u2013 26,90 \u20ac<\/strong><\/p>\n<p data-start=\"173\" data-end=\"612\">Holster Tabak Peery Punch ist ein fruchtiger Shisha-Tabak mit einem intensiven Birnenaroma. Die Sorte kombiniert den s\u00fc\u00dfen Geschmack reifer Birnen mit einer leichten, erfrischenden Note \u2013 ideal f\u00fcr Genie\u00dfer, die ein ausgewogen fruchtiges Raucherlebnis suchen. Hergestellt aus hochwertigem Virginia-Tabak und sorgf\u00e4ltig ausgew\u00e4hlten Aromen, liefert er einen dichten Rauch und langanhaltenden Geschmack.<\/p>\n<p data-start=\"614\" data-end=\"779\"><strong data-start=\"614\" data-end=\"625\">Inhalt:<\/strong><br data-start=\"625\" data-end=\"628\" \/>200 g Shisha-Tabak in wiederverschlie\u00dfbarer Dose \u2013 perfekt f\u00fcr l\u00e4ngere Sessions und zur Frischhaltung des Aromas.<\/p>\n<p data-start=\"781\" data-end=\"956\"><strong data-start=\"781\" data-end=\"795\">Geschmack:<\/strong><br data-start=\"795\" data-end=\"798\" \/>Ein s\u00fc\u00df-fruchtiges Birnenprofil mit dezentem Frischeeffekt, das nicht zu dominant ist und angenehm im Mundgef\u00fchl bleibt.<\/p>\n<p data-start=\"958\" data-end=\"1230\"><strong data-start=\"958\" data-end=\"975\">Besonderheit:<\/strong><br data-start=\"975\" data-end=\"978\" \/>Hochwertiger Virginia-Tabak aus deutscher Produktion, fein geschnitten und aromatisch abgestimmt f\u00fcr gleichm\u00e4\u00dfige Rauchentwicklung und intensive Aromen. Ideal f\u00fcr entspannte Shisha-Abende alleine oder in der Runde.<\/p>\n<p data-start=\"1232\" data-end=\"1361\"><strong data-start=\"1232\" data-end=\"1244\">Zutaten:<\/strong><br data-start=\"1244\" data-end=\"1247\" \/>Virginia-Tabak, Aromastoffe, pflanzliches Glycerin, Propylenglykol, Nikotin.<\/p>\n","protected":false},"excerpt":{"rendered":"<p>Holster Tabak Peery Punch 200g \u2013 26,90 \u20ac Holster Tabak Peery Punch ist ein fruchtiger Shisha-Tabak mit einem intensiven Birnenaroma. Die Sorte kombiniert den s\u00fc\u00dfen Geschmack reifer Birnen mit einer leichten, erfrischenden Note \u2013 ideal f\u00fcr Genie\u00dfer, die ein ausgewogen fruchtiges Raucherlebnis suchen. Hergestellt aus hochwertigem Virginia-Tabak und sorgf\u00e4ltig ausgew\u00e4hlten Aromen, liefert er einen dichten [&hellip;]<\/p>\n","protected":false},"featured_media":109058,"comment_status":"closed","ping_status":"closed","template":"","meta":[],"product_brand":[157],"product_cat":[125],"product_tag":[],"class_list":{"0":"post-109057","1":"product","2":"type-product","3":"status-publish","4":"has-post-thumbnail","6":"product_brand-holster","7":"product_cat-shisha-tabak","8":"product_shipping_class-reduced-rate","10":"first","11":"instock","12":"taxable","13":"shipping-taxable","14":"product-type-simple"},"_links":{"self":[{"href":"https:\/\/dekaufmann.de\/index.php?rest_route=\/wp\/v2\/product\/109057","targetHints":{"allow":["GET"]}}],"collection":[{"href":"https:\/\/dekaufmann.de\/index.php?rest_route=\/wp\/v2\/product"}],"about":[{"href":"https:\/\/dekaufmann.de\/index.php?rest_route=\/wp\/v2\/types\/product"}],"replies":[{"embeddable":true,"href":"https:\/\/dekaufmann.de\/index.php?rest_route=%2Fwp%2Fv2%2Fcomments&post=109057"}],"wp:featuredmedia":[{"embeddable":true,"href":"https:\/\/dekaufmann.de\/index.php?rest_route=\/wp\/v2\/media\/109058"}],"wp:attachment":[{"href":"https:\/\/dekaufmann.de\/index.php?rest_route=%2Fwp%2Fv2%2Fmedia&parent=109057"}],"wp:term":[{"taxonomy":"product_brand","embeddable":true,"href":"https:\/\/dekaufmann.de\/index.php?rest_route=%2Fwp%2Fv2%2Fproduct_brand&post=109057"},{"taxonomy":"product_cat","embeddable":true,"href":"https:\/\/dekaufmann.de\/index.php?rest_route=%2Fwp%2Fv2%2Fproduct_cat&post=109057"},{"taxonomy":"product_tag","embeddable":true,"href":"https:\/\/dekaufmann.de\/index.php?rest_route=%2Fwp%2Fv2%2Fproduct_tag&post=109057"}],"curies":[{"name":"wp","href":"https:\/\/api.w.org\/{rel}","templated":true}]}}