{"id":108850,"date":"2025-12-16T14:55:13","date_gmt":"2025-12-16T14:55:13","guid":{"rendered":"https:\/\/dekaufmann.de\/?post_type=product&#038;p=108850"},"modified":"2026-04-08T15:52:12","modified_gmt":"2026-04-08T15:52:12","slug":"bergen-cookies-brownie-white-chocolate","status":"publish","type":"product","link":"https:\/\/dekaufmann.de\/?product=bergen-cookies-brownie-white-chocolate","title":{"rendered":"Bergen Cookies Brownie White Chocolate 128g"},"content":{"rendered":"<h2 data-start=\"130\" data-end=\"175\">Bergen Cookies Brownie \u00a0White Chocolate \u2013 128 g<\/h2>\n<p data-start=\"176\" data-end=\"269\"><strong data-start=\"176\" data-end=\"269\">Intensiver Brownie-Geschmack im Keksformat \u2013 ideal f\u00fcr Schokofans &amp; starken Impulsverkauf<\/strong><\/p>\n<p data-start=\"380\" data-end=\"727\">Bergen Cookies Brownie White Chocolate 128g sind knusprige Cookies mit intensivem Brownie-Geschmack und cremigen St\u00fcckchen aus wei\u00dfer Schokolade. Die Kombination aus schokoladigem Keks und s\u00fc\u00dfer White-Chocolate-Note sorgt f\u00fcr ein besonders reichhaltiges Geschmackserlebnis und spricht vor allem Kunden an, die klassische Schokoladen-Snacks lieben.<\/p>\n<p data-start=\"729\" data-end=\"1074\">Bergen Cookies Brownie White Chocolate 128g eignen sich perfekt f\u00fcr den Verkauf im Kiosk, Candy-Shop, an der Tankstelle oder im Online-Shop. Die kompakte 128-g-Packung macht das Produkt ideal f\u00fcr Impulsk\u00e4ufe im S\u00fc\u00dfwarenregal. Internationale Snackmarken wie Bergen sind besonders bei j\u00fcngeren Kunden gefragt und bringen Abwechslung ins Sortiment.<\/p>\n<p data-start=\"1076\" data-end=\"1096\">Produktinformationen<\/p>\n<p data-start=\"1098\" data-end=\"1301\">Produkt: Bergen Cookies Brownie White Chocolate<br data-start=\"1145\" data-end=\"1148\" \/>Inhalt: 128 g<br data-start=\"1161\" data-end=\"1164\" \/>Geschmack: Brownie &amp; Wei\u00dfe Schokolade<br data-start=\"1201\" data-end=\"1204\" \/>Typ: Cookies \/ Kekse<br data-start=\"1224\" data-end=\"1227\" \/>Marke: Bergen<br data-start=\"1240\" data-end=\"1243\" \/>Einsatzbereich: Kiosk, Candy-Shop, Tankstelle, Online-Shop<\/p>\n<p data-start=\"1303\" data-end=\"1319\">H\u00e4ndler-Vorteile<\/p>\n<ul data-start=\"1321\" data-end=\"1589\">\n<li data-section-id=\"hqylqr\" data-start=\"1321\" data-end=\"1379\">\n<p data-start=\"1323\" data-end=\"1379\">Beliebte Kombination aus Brownie und wei\u00dfer Schokolade<\/p>\n<\/li>\n<li data-section-id=\"1pv219i\" data-start=\"1380\" data-end=\"1434\">\n<p data-start=\"1382\" data-end=\"1434\">Internationale Snackmarke mit wachsender Nachfrage<\/p>\n<\/li>\n<li data-section-id=\"1e51cuy\" data-start=\"1435\" data-end=\"1479\">\n<p data-start=\"1437\" data-end=\"1479\">Perfekt f\u00fcr Impulsk\u00e4ufe im S\u00fc\u00dfwarenregal<\/p>\n<\/li>\n<li data-section-id=\"gzsp82\" data-start=\"1480\" data-end=\"1532\">\n<p data-start=\"1482\" data-end=\"1532\">Praktische 128-g-Packung f\u00fcr schnellen Abverkauf<\/p>\n<\/li>\n<li data-section-id=\"1ob3qfp\" data-start=\"1533\" data-end=\"1589\">\n<p data-start=\"1535\" data-end=\"1589\">Ideal f\u00fcr Kiosk, Candy-Shop, Tankstelle und E-Commerce<\/p>\n<\/li>\n<\/ul>\n<p data-start=\"1591\" data-end=\"1713\" data-is-last-node=\"\" data-is-only-node=\"\">\n","protected":false},"excerpt":{"rendered":"<p data-start=\"113\" data-end=\"317\">Bergen Cookies Brownie White Chocolate 128g sind knusprige Cookies mit intensivem Brownie-Geschmack und wei\u00dfer Schokolade. Beliebter Snack f\u00fcr Kiosk, Candy-Shop und Online-Handel.<\/p>\n","protected":false},"featured_media":108852,"comment_status":"closed","ping_status":"closed","template":"","meta":[],"product_brand":[318],"product_cat":[133],"product_tag":[],"class_list":{"0":"post-108850","1":"product","2":"type-product","3":"status-publish","4":"has-post-thumbnail","6":"product_brand-bergen","7":"product_cat-snacks","9":"first","10":"instock","11":"taxable","12":"shipping-taxable","13":"product-type-simple"},"_links":{"self":[{"href":"https:\/\/dekaufmann.de\/index.php?rest_route=\/wp\/v2\/product\/108850","targetHints":{"allow":["GET"]}}],"collection":[{"href":"https:\/\/dekaufmann.de\/index.php?rest_route=\/wp\/v2\/product"}],"about":[{"href":"https:\/\/dekaufmann.de\/index.php?rest_route=\/wp\/v2\/types\/product"}],"replies":[{"embeddable":true,"href":"https:\/\/dekaufmann.de\/index.php?rest_route=%2Fwp%2Fv2%2Fcomments&post=108850"}],"wp:featuredmedia":[{"embeddable":true,"href":"https:\/\/dekaufmann.de\/index.php?rest_route=\/wp\/v2\/media\/108852"}],"wp:attachment":[{"href":"https:\/\/dekaufmann.de\/index.php?rest_route=%2Fwp%2Fv2%2Fmedia&parent=108850"}],"wp:term":[{"taxonomy":"product_brand","embeddable":true,"href":"https:\/\/dekaufmann.de\/index.php?rest_route=%2Fwp%2Fv2%2Fproduct_brand&post=108850"},{"taxonomy":"product_cat","embeddable":true,"href":"https:\/\/dekaufmann.de\/index.php?rest_route=%2Fwp%2Fv2%2Fproduct_cat&post=108850"},{"taxonomy":"product_tag","embeddable":true,"href":"https:\/\/dekaufmann.de\/index.php?rest_route=%2Fwp%2Fv2%2Fproduct_tag&post=108850"}],"curies":[{"name":"wp","href":"https:\/\/api.w.org\/{rel}","templated":true}]}}