{"id":108821,"date":"2025-12-16T10:50:42","date_gmt":"2025-12-16T10:50:42","guid":{"rendered":"https:\/\/dekaufmann.de\/?post_type=product&#038;p=108821"},"modified":"2026-04-24T11:42:20","modified_gmt":"2026-04-24T11:42:20","slug":"stranger-things-blackcurrant-flavour-fruit-rollers","status":"publish","type":"product","link":"https:\/\/dekaufmann.de\/?product=stranger-things-blackcurrant-flavour-fruit-rollers","title":{"rendered":"Stranger Things Blackcurrant Flavour Fruit Rollers 5x12g"},"content":{"rendered":"<h2 data-start=\"151\" data-end=\"207\">Stranger Things Blackcurrant Fruit Rollers \u2013 5\u00d712 g<\/h2>\n<p data-start=\"208\" data-end=\"309\"><strong data-start=\"208\" data-end=\"309\">Trendiges Lizenzprodukt mit schwarzer Johannisbeere \u2013 ideal f\u00fcr junge K\u00e4ufer &amp; starke Impulsk\u00e4ufe<\/strong><\/p>\n<p data-start=\"311\" data-end=\"680\">Die Stranger Things <strong data-start=\"331\" data-end=\"361\">Blackcurrant Fruit Rollers<\/strong> sind fruchtige Rollen-Snacks mit intensivem Cassis-Geschmack. Durch das offizielle Stranger-Things-Branding funktionieren sie nicht nur als Snack, sondern auch als echtes Fanprodukt. Besonders beliebt bei Kindern, Jugendlichen und Popkultur-Fans \u2013 perfekt f\u00fcr H\u00e4ndler, die Trendartikel mit hoher Aufmerksamkeit suchen.<\/p>\n<p data-start=\"682\" data-end=\"916\">Die Verpackung enth\u00e4lt <strong data-start=\"705\" data-end=\"745\">5 einzeln portionierte Rollen \u00e0 12 g<\/strong>, ideal f\u00fcr Schule, unterwegs und to-go Kunden. Das Produkt eignet sich hervorragend f\u00fcr Kioske, Superm\u00e4rkte, Sp\u00e4tis, Tankstellen, <strong data-start=\"876\" data-end=\"894\">Snackautomaten<\/strong> und den Onlinehandel.<\/p>\n<h3 data-start=\"918\" data-end=\"942\">Vorteile f\u00fcr H\u00e4ndler<\/h3>\n<ul data-start=\"943\" data-end=\"1328\">\n<li data-start=\"943\" data-end=\"1031\">\n<p data-start=\"945\" data-end=\"1031\">Offizielles <strong data-start=\"957\" data-end=\"990\">Stranger Things Lizenzprodukt<\/strong> \u2192 starke Nachfrage &amp; hohe Sichtbarkeit<\/p>\n<\/li>\n<li data-start=\"1032\" data-end=\"1099\">\n<p data-start=\"1034\" data-end=\"1099\">Cassis-\/Blackcurrant-Geschmack \u2192 beliebt bei jungen Zielgruppen<\/p>\n<\/li>\n<li data-start=\"1100\" data-end=\"1158\">\n<p data-start=\"1102\" data-end=\"1158\">Leichte, fruchtige Rollen-Snacks \u2192 ideal f\u00fcr unterwegs<\/p>\n<\/li>\n<li data-start=\"1159\" data-end=\"1232\">\n<p data-start=\"1161\" data-end=\"1232\"><strong data-start=\"1161\" data-end=\"1201\">Sehr gut geeignet f\u00fcr Snackautomaten<\/strong> durch kleine Einzelportionen<\/p>\n<\/li>\n<li data-start=\"1233\" data-end=\"1274\">\n<p data-start=\"1235\" data-end=\"1274\">Attraktive Marge dank Lizenzcharakter<\/p>\n<\/li>\n<li data-start=\"1275\" data-end=\"1328\">\n<p data-start=\"1277\" data-end=\"1328\">Perfekter Impulsartikel im S\u00fc\u00dfwaren- &amp; Snackbereich<\/p>\n<\/li>\n<\/ul>\n<h3 data-start=\"1330\" data-end=\"1348\">Produktdetails<\/h3>\n<ul data-start=\"1349\" data-end=\"1520\">\n<li data-start=\"1349\" data-end=\"1410\">\n<p data-start=\"1351\" data-end=\"1410\"><strong data-start=\"1351\" data-end=\"1363\">Produkt:<\/strong> Stranger Things Fruit Rollers \u2013 Blackcurrant<\/p>\n<\/li>\n<li data-start=\"1411\" data-end=\"1456\">\n<p data-start=\"1413\" data-end=\"1456\"><strong data-start=\"1413\" data-end=\"1424\">Inhalt:<\/strong> 5 Rollen \u00e0 12 g (60 g gesamt)<\/p>\n<\/li>\n<li data-start=\"1457\" data-end=\"1520\">\n<p data-start=\"1459\" data-end=\"1520\"><strong data-start=\"1459\" data-end=\"1473\">Kategorie:<\/strong> Fruchtsnacks \/ Lizenzprodukte \/ Trendartikel<\/p>\n<\/li>\n<\/ul>\n","protected":false},"excerpt":{"rendered":"<p>Stranger Things Blackcurrant Fruit Rollers \u2013 5\u00d712 g Trendiges Lizenzprodukt mit schwarzer Johannisbeere \u2013 ideal f\u00fcr junge K\u00e4ufer &amp; starke Impulsk\u00e4ufe Die Stranger Things Blackcurrant Fruit Rollers sind fruchtige Rollen-Snacks mit intensivem Cassis-Geschmack. Durch das offizielle Stranger-Things-Branding funktionieren sie nicht nur als Snack, sondern auch als echtes Fanprodukt. Besonders beliebt bei Kindern, Jugendlichen und Popkultur-Fans [&hellip;]<\/p>\n","protected":false},"featured_media":108822,"comment_status":"closed","ping_status":"closed","template":"","meta":[],"product_brand":[313],"product_cat":[133],"product_tag":[],"class_list":{"0":"post-108821","1":"product","2":"type-product","3":"status-publish","4":"has-post-thumbnail","6":"product_brand-stranger-things","7":"product_cat-snacks","9":"first","10":"instock","11":"taxable","12":"shipping-taxable","13":"product-type-simple"},"_links":{"self":[{"href":"https:\/\/dekaufmann.de\/index.php?rest_route=\/wp\/v2\/product\/108821","targetHints":{"allow":["GET"]}}],"collection":[{"href":"https:\/\/dekaufmann.de\/index.php?rest_route=\/wp\/v2\/product"}],"about":[{"href":"https:\/\/dekaufmann.de\/index.php?rest_route=\/wp\/v2\/types\/product"}],"replies":[{"embeddable":true,"href":"https:\/\/dekaufmann.de\/index.php?rest_route=%2Fwp%2Fv2%2Fcomments&post=108821"}],"wp:featuredmedia":[{"embeddable":true,"href":"https:\/\/dekaufmann.de\/index.php?rest_route=\/wp\/v2\/media\/108822"}],"wp:attachment":[{"href":"https:\/\/dekaufmann.de\/index.php?rest_route=%2Fwp%2Fv2%2Fmedia&parent=108821"}],"wp:term":[{"taxonomy":"product_brand","embeddable":true,"href":"https:\/\/dekaufmann.de\/index.php?rest_route=%2Fwp%2Fv2%2Fproduct_brand&post=108821"},{"taxonomy":"product_cat","embeddable":true,"href":"https:\/\/dekaufmann.de\/index.php?rest_route=%2Fwp%2Fv2%2Fproduct_cat&post=108821"},{"taxonomy":"product_tag","embeddable":true,"href":"https:\/\/dekaufmann.de\/index.php?rest_route=%2Fwp%2Fv2%2Fproduct_tag&post=108821"}],"curies":[{"name":"wp","href":"https:\/\/api.w.org\/{rel}","templated":true}]}}