{"id":108816,"date":"2025-12-16T10:07:43","date_gmt":"2025-12-16T10:07:43","guid":{"rendered":"https:\/\/dekaufmann.de\/?post_type=product&#038;p=108816"},"modified":"2026-04-08T12:47:52","modified_gmt":"2026-04-08T12:47:52","slug":"balconi-crostatina-cherry-240g","status":"publish","type":"product","link":"https:\/\/dekaufmann.de\/?product=balconi-crostatina-cherry-240g","title":{"rendered":"Balconi Crostatina Cherry 240g"},"content":{"rendered":"<h2 data-start=\"123\" data-end=\"161\">Balconi Crostatina Cherry \u2013 240 g<\/h2>\n<p data-start=\"162\" data-end=\"243\"><strong data-start=\"162\" data-end=\"243\">Fruchtige Mini-T\u00f6rtchen mit Kirschf\u00fcllung \u2013 ideal f\u00fcr Familien &amp; to-go Kunden<\/strong><\/p>\n<p data-start=\"245\" data-end=\"627\">Balconi Crostatina Cherry kombiniert zartes Geb\u00e4ck mit einer fruchtig-s\u00fc\u00dfen Kirschf\u00fcllung. Die kleinen T\u00f6rtchen sind perfekt portioniert und sprechen insbesondere Familien, Kinder und alle Kunden an, die einen frischen, fruchtigen Snack f\u00fcr zwischendurch suchen. Durch den bekannten Balconi-Geschmack und die praktische Gr\u00f6\u00dfe eignen sich die Crostatina hervorragend f\u00fcr Impulsk\u00e4ufe.<\/p>\n<p data-start=\"629\" data-end=\"843\">Die <strong data-start=\"633\" data-end=\"650\">240-g-Packung<\/strong> ist optimal f\u00fcr Kioske, Superm\u00e4rkte, Sp\u00e4tis, Tankstellen, <strong data-start=\"709\" data-end=\"727\">Snackautomaten<\/strong> und Onlinehandel. Sie bietet eine attraktive Marge und sorgt f\u00fcr zuverl\u00e4ssige Rotation im Geb\u00e4ck- und Snackbereich.<\/p>\n<h3 data-start=\"845\" data-end=\"869\">Vorteile f\u00fcr H\u00e4ndler<\/h3>\n<ul data-start=\"870\" data-end=\"1194\">\n<li data-start=\"870\" data-end=\"942\">\n<p data-start=\"872\" data-end=\"942\">Beliebte Kirschf\u00fcllung \u2192 fruchtiger Geschmack f\u00fcr breite Zielgruppen<\/p>\n<\/li>\n<li data-start=\"943\" data-end=\"980\">\n<p data-start=\"945\" data-end=\"980\">Perfekter Familien- &amp; Schul-Snack<\/p>\n<\/li>\n<li data-start=\"981\" data-end=\"1021\">\n<p data-start=\"983\" data-end=\"1021\">Ideal f\u00fcr Impulsk\u00e4ufe &amp; to-go Konsum<\/p>\n<\/li>\n<li data-start=\"1022\" data-end=\"1094\">\n<p data-start=\"1024\" data-end=\"1094\"><strong data-start=\"1024\" data-end=\"1064\">Sehr gut geeignet f\u00fcr Snackautomaten<\/strong> dank kompakter Portionsform<\/p>\n<\/li>\n<li data-start=\"1095\" data-end=\"1139\">\n<p data-start=\"1097\" data-end=\"1139\">Attraktive Marge bei 240 g Packungsgr\u00f6\u00dfe<\/p>\n<\/li>\n<li data-start=\"1140\" data-end=\"1194\">\n<p data-start=\"1142\" data-end=\"1194\">Zuverl\u00e4ssiger Seller durch Balconi-Markenbekanntheit<\/p>\n<\/li>\n<\/ul>\n<h3 data-start=\"1196\" data-end=\"1214\">Produktdetails<\/h3>\n<ul data-start=\"1215\" data-end=\"1328\">\n<li data-start=\"1215\" data-end=\"1257\">\n<p data-start=\"1217\" data-end=\"1257\"><strong data-start=\"1217\" data-end=\"1229\">Produkt:<\/strong> Balconi Crostatina Cherry<\/p>\n<\/li>\n<li data-start=\"1258\" data-end=\"1279\">\n<p data-start=\"1260\" data-end=\"1279\"><strong data-start=\"1260\" data-end=\"1271\">Inhalt:<\/strong> 240 g<\/p>\n<\/li>\n<li data-start=\"1280\" data-end=\"1328\">\n<p data-start=\"1282\" data-end=\"1328\"><strong data-start=\"1282\" data-end=\"1296\">Kategorie:<\/strong> Geb\u00e4ck \/ Mini-T\u00f6rtchen \/ Snacks<\/p>\n<\/li>\n<\/ul>\n","protected":false},"excerpt":{"rendered":"<p>Balconi Crostatina Cherry \u2013 240 g Fruchtige Mini-T\u00f6rtchen mit Kirschf\u00fcllung \u2013 ideal f\u00fcr Familien &amp; to-go Kunden Balconi Crostatina Cherry kombiniert zartes Geb\u00e4ck mit einer fruchtig-s\u00fc\u00dfen Kirschf\u00fcllung. Die kleinen T\u00f6rtchen sind perfekt portioniert und sprechen insbesondere Familien, Kinder und alle Kunden an, die einen frischen, fruchtigen Snack f\u00fcr zwischendurch suchen. Durch den bekannten Balconi-Geschmack und [&hellip;]<\/p>\n","protected":false},"featured_media":108817,"comment_status":"closed","ping_status":"closed","template":"","meta":[],"product_brand":[190],"product_cat":[133],"product_tag":[],"class_list":{"0":"post-108816","1":"product","2":"type-product","3":"status-publish","4":"has-post-thumbnail","6":"product_brand-balconi","7":"product_cat-snacks","9":"first","10":"instock","11":"sale","12":"taxable","13":"shipping-taxable","14":"product-type-simple"},"_links":{"self":[{"href":"https:\/\/dekaufmann.de\/index.php?rest_route=\/wp\/v2\/product\/108816","targetHints":{"allow":["GET"]}}],"collection":[{"href":"https:\/\/dekaufmann.de\/index.php?rest_route=\/wp\/v2\/product"}],"about":[{"href":"https:\/\/dekaufmann.de\/index.php?rest_route=\/wp\/v2\/types\/product"}],"replies":[{"embeddable":true,"href":"https:\/\/dekaufmann.de\/index.php?rest_route=%2Fwp%2Fv2%2Fcomments&post=108816"}],"wp:featuredmedia":[{"embeddable":true,"href":"https:\/\/dekaufmann.de\/index.php?rest_route=\/wp\/v2\/media\/108817"}],"wp:attachment":[{"href":"https:\/\/dekaufmann.de\/index.php?rest_route=%2Fwp%2Fv2%2Fmedia&parent=108816"}],"wp:term":[{"taxonomy":"product_brand","embeddable":true,"href":"https:\/\/dekaufmann.de\/index.php?rest_route=%2Fwp%2Fv2%2Fproduct_brand&post=108816"},{"taxonomy":"product_cat","embeddable":true,"href":"https:\/\/dekaufmann.de\/index.php?rest_route=%2Fwp%2Fv2%2Fproduct_cat&post=108816"},{"taxonomy":"product_tag","embeddable":true,"href":"https:\/\/dekaufmann.de\/index.php?rest_route=%2Fwp%2Fv2%2Fproduct_tag&post=108816"}],"curies":[{"name":"wp","href":"https:\/\/api.w.org\/{rel}","templated":true}]}}