{"id":108735,"date":"2025-12-12T09:29:53","date_gmt":"2025-12-12T09:29:53","guid":{"rendered":"https:\/\/dekaufmann.de\/?post_type=product&#038;p=108735"},"modified":"2026-03-24T11:43:51","modified_gmt":"2026-03-24T11:43:51","slug":"os-tabak-bonnie-clyde-200g-2790e","status":"publish","type":"product","link":"https:\/\/dekaufmann.de\/?product=os-tabak-bonnie-clyde-200g-2790e","title":{"rendered":"O\u00b4s Tabak Bonnie Clyde 200g &#8211; 27,90\u20ac"},"content":{"rendered":"<h2 data-start=\"131\" data-end=\"178\">O\u2019s Tabak Bonnie Clyde \u2013 200g &#8211; 27,90\u20ac<\/h2>\n<p data-start=\"179\" data-end=\"248\"><strong data-start=\"179\" data-end=\"248\">Fruchtig-frischer Mix mit extrem hoher Nachfrage im O\u2019s-Sortiment<\/strong><\/p>\n<p data-start=\"250\" data-end=\"611\">O\u2019s Bonnie Clyde kombiniert s\u00fc\u00dfe, aromatische Fruchtnoten mit einer leichten Frische und geh\u00f6rt zu den absoluten Bestsellern der Marke. Der Geschmack ist modern, klar und spricht eine sehr breite Zielgruppe an \u2013 ideal f\u00fcr H\u00e4ndler, die sichere Seller im Sortiment brauchen. Bonnie Clyde z\u00e4hlt zu den st\u00e4rksten Rotationssorten bei O\u2019s und wird h\u00e4ufig nachgekauft.<\/p>\n<p data-start=\"613\" data-end=\"755\">Mit <strong data-start=\"617\" data-end=\"626\">200 g<\/strong> zu <strong data-start=\"630\" data-end=\"641\">27,90 \u20ac<\/strong> bietet die Sorte eine attraktive Marge und eignet sich perfekt f\u00fcr Kioske, Sp\u00e4tis, Shisha-Shops und Onlinehandel.<\/p>\n<h3 data-start=\"757\" data-end=\"781\">Vorteile f\u00fcr H\u00e4ndler<\/h3>\n<ul data-start=\"782\" data-end=\"1045\">\n<li data-start=\"782\" data-end=\"834\">\n<p data-start=\"784\" data-end=\"834\">Einer der beliebtesten O\u2019s-Geschm\u00e4cker \u00fcberhaupt<\/p>\n<\/li>\n<li data-start=\"835\" data-end=\"891\">\n<p data-start=\"837\" data-end=\"891\">Breite Zielgruppenansprache \u2192 sehr schnelle Rotation<\/p>\n<\/li>\n<li data-start=\"892\" data-end=\"929\">\n<p data-start=\"894\" data-end=\"929\">Attraktive Marge im 200-g-Segment<\/p>\n<\/li>\n<li data-start=\"930\" data-end=\"987\">\n<p data-start=\"932\" data-end=\"987\">Ideales Produkt f\u00fcr Stammkunden &amp; impulsstarke K\u00e4ufer<\/p>\n<\/li>\n<li data-start=\"988\" data-end=\"1045\">\n<p data-start=\"990\" data-end=\"1045\">Starke Markenbekanntheit sorgt f\u00fcr konstanten Abverkauf<\/p>\n<\/li>\n<\/ul>\n<h3 data-start=\"1047\" data-end=\"1065\">Produktdetails<\/h3>\n<ul data-start=\"1066\" data-end=\"1183\">\n<li data-start=\"1066\" data-end=\"1093\">\n<p data-start=\"1068\" data-end=\"1093\"><strong data-start=\"1068\" data-end=\"1078\">Sorte:<\/strong> Bonnie Clyde<\/p>\n<\/li>\n<li data-start=\"1094\" data-end=\"1115\">\n<p data-start=\"1096\" data-end=\"1115\"><strong data-start=\"1096\" data-end=\"1107\">Inhalt:<\/strong> 200 g<\/p>\n<\/li>\n<li data-start=\"1116\" data-end=\"1138\">\n<p data-start=\"1118\" data-end=\"1138\"><strong data-start=\"1118\" data-end=\"1128\">Verkaufspreis:<\/strong> 27,90 \u20ac<\/p>\n<\/li>\n<li data-start=\"1139\" data-end=\"1183\">\n<p data-start=\"1141\" data-end=\"1183\"><strong data-start=\"1141\" data-end=\"1155\">Kategorie:<\/strong> Aromatisierter Shisha-Tabak<\/p>\n<\/li>\n<\/ul>\n","protected":false},"excerpt":{"rendered":"<p>O\u2019s Tabak Bonnie Clyde \u2013 200g &#8211; 27,90\u20ac Fruchtig-frischer Mix mit extrem hoher Nachfrage im O\u2019s-Sortiment O\u2019s Bonnie Clyde kombiniert s\u00fc\u00dfe, aromatische Fruchtnoten mit einer leichten Frische und geh\u00f6rt zu den absoluten Bestsellern der Marke. Der Geschmack ist modern, klar und spricht eine sehr breite Zielgruppe an \u2013 ideal f\u00fcr H\u00e4ndler, die sichere Seller im [&hellip;]<\/p>\n","protected":false},"featured_media":108736,"comment_status":"closed","ping_status":"closed","template":"","meta":[],"product_brand":[186],"product_cat":[125],"product_tag":[],"class_list":{"0":"post-108735","1":"product","2":"type-product","3":"status-publish","4":"has-post-thumbnail","6":"product_brand-os","7":"product_cat-shisha-tabak","8":"product_shipping_class-reduced-rate","10":"first","11":"instock","12":"taxable","13":"shipping-taxable","14":"product-type-simple"},"_links":{"self":[{"href":"https:\/\/dekaufmann.de\/index.php?rest_route=\/wp\/v2\/product\/108735","targetHints":{"allow":["GET"]}}],"collection":[{"href":"https:\/\/dekaufmann.de\/index.php?rest_route=\/wp\/v2\/product"}],"about":[{"href":"https:\/\/dekaufmann.de\/index.php?rest_route=\/wp\/v2\/types\/product"}],"replies":[{"embeddable":true,"href":"https:\/\/dekaufmann.de\/index.php?rest_route=%2Fwp%2Fv2%2Fcomments&post=108735"}],"wp:featuredmedia":[{"embeddable":true,"href":"https:\/\/dekaufmann.de\/index.php?rest_route=\/wp\/v2\/media\/108736"}],"wp:attachment":[{"href":"https:\/\/dekaufmann.de\/index.php?rest_route=%2Fwp%2Fv2%2Fmedia&parent=108735"}],"wp:term":[{"taxonomy":"product_brand","embeddable":true,"href":"https:\/\/dekaufmann.de\/index.php?rest_route=%2Fwp%2Fv2%2Fproduct_brand&post=108735"},{"taxonomy":"product_cat","embeddable":true,"href":"https:\/\/dekaufmann.de\/index.php?rest_route=%2Fwp%2Fv2%2Fproduct_cat&post=108735"},{"taxonomy":"product_tag","embeddable":true,"href":"https:\/\/dekaufmann.de\/index.php?rest_route=%2Fwp%2Fv2%2Fproduct_tag&post=108735"}],"curies":[{"name":"wp","href":"https:\/\/api.w.org\/{rel}","templated":true}]}}