{"id":108719,"date":"2025-12-11T15:31:32","date_gmt":"2025-12-11T15:31:32","guid":{"rendered":"https:\/\/dekaufmann.de\/?post_type=product&#038;p=108719"},"modified":"2026-04-29T19:03:30","modified_gmt":"2026-04-29T19:03:30","slug":"4blockz-h3bta-grape-ice-1stueck","status":"publish","type":"product","link":"https:\/\/dekaufmann.de\/?product=4blockz-h3bta-grape-ice-1stueck","title":{"rendered":"4Blockz &#8211; H3BTA &#8211; Grape Ice &#8211; 1St\u00fcck"},"content":{"rendered":"<h2 data-start=\"125\" data-end=\"165\">4Blockz \u2013 H3BTA Grape Ice \u2013 1 St\u00fcck<\/h2>\n<p data-start=\"166\" data-end=\"243\"><strong data-start=\"166\" data-end=\"243\">K\u00fchler Traubenmix mit starkem Trendfaktor \u2013 ideal f\u00fcr impulsstarke K\u00e4ufer<\/strong><\/p>\n<p data-start=\"245\" data-end=\"605\">4Blockz H3BTA Grape Ice kombiniert einen intensiven, s\u00fc\u00df-aromatischen Traubengeschmack mit einer klaren Cooling-Note. Dieser moderne Mix spricht besonders junge, trendbewusste Kunden an und orientiert sich geschmacklich an den beliebten Grape-Ice-Profilen aus dem Vape- und Shisha-Bereich. Das auff\u00e4llige Street-Branding sorgt zus\u00e4tzlich f\u00fcr hohe Regalwirkung.<\/p>\n<p data-start=\"607\" data-end=\"798\">Als <strong data-start=\"611\" data-end=\"626\">Einzelst\u00fcck<\/strong> verkauft, eignet sich Grape Ice perfekt f\u00fcr Kioske, Sp\u00e4tis, Vape-Shops und den Onlinehandel. Die Sorte ist besonders impulsstark und bietet H\u00e4ndlern eine attraktive Marge.<\/p>\n<h3 data-start=\"800\" data-end=\"824\">Vorteile f\u00fcr H\u00e4ndler<\/h3>\n<ul data-start=\"825\" data-end=\"1090\">\n<li data-start=\"825\" data-end=\"883\">\n<p data-start=\"827\" data-end=\"883\">Beliebter Traubenmix + Cooling \u2192 extrem hohe Nachfrage<\/p>\n<\/li>\n<li data-start=\"884\" data-end=\"945\">\n<p data-start=\"886\" data-end=\"945\">Urbanes, auff\u00e4lliges 4Blockz-Design \u2192 schneller Abverkauf<\/p>\n<\/li>\n<li data-start=\"946\" data-end=\"996\">\n<p data-start=\"948\" data-end=\"996\">Ideal f\u00fcr Kasse, Regalfront &amp; Mitnahmeverk\u00e4ufe<\/p>\n<\/li>\n<li data-start=\"997\" data-end=\"1036\">\n<p data-start=\"999\" data-end=\"1036\">Gute Handelsspanne im Einzelverkauf<\/p>\n<\/li>\n<li data-start=\"1037\" data-end=\"1090\">\n<p data-start=\"1039\" data-end=\"1090\">Perfekt f\u00fcr junge &amp; Social-Media-affine Zielgruppen<\/p>\n<\/li>\n<\/ul>\n<h3 data-start=\"1092\" data-end=\"1110\">Produktdetails<\/h3>\n<ul data-start=\"1111\" data-end=\"1234\">\n<li data-start=\"1111\" data-end=\"1145\">\n<p data-start=\"1113\" data-end=\"1145\"><strong data-start=\"1113\" data-end=\"1125\">Produkt:<\/strong> H3BTA \u2013 Grape Ice<\/p>\n<\/li>\n<li data-start=\"1146\" data-end=\"1168\">\n<p data-start=\"1148\" data-end=\"1168\"><strong data-start=\"1148\" data-end=\"1158\">Marke:<\/strong> 4Blockz<\/p>\n<\/li>\n<li data-start=\"1169\" data-end=\"1193\">\n<p data-start=\"1171\" data-end=\"1193\"><strong data-start=\"1171\" data-end=\"1183\">Einheit:<\/strong> 1 St\u00fcck<\/p>\n<\/li>\n<li data-start=\"1194\" data-end=\"1234\">\n<p data-start=\"1196\" data-end=\"1234\"><strong data-start=\"1196\" data-end=\"1210\">Kategorie:<\/strong> Lifestyle-\/Trendartikel<\/p>\n<\/li>\n<\/ul>\n","protected":false},"excerpt":{"rendered":"<p>4Blockz \u2013 H3BTA Grape Ice \u2013 1 St\u00fcck K\u00fchler Traubenmix mit starkem Trendfaktor \u2013 ideal f\u00fcr impulsstarke K\u00e4ufer 4Blockz H3BTA Grape Ice kombiniert einen intensiven, s\u00fc\u00df-aromatischen Traubengeschmack mit einer klaren Cooling-Note. Dieser moderne Mix spricht besonders junge, trendbewusste Kunden an und orientiert sich geschmacklich an den beliebten Grape-Ice-Profilen aus dem Vape- und Shisha-Bereich. Das auff\u00e4llige [&hellip;]<\/p>\n","protected":false},"featured_media":108720,"comment_status":"closed","ping_status":"closed","template":"","meta":[],"product_brand":[305],"product_cat":[81],"product_tag":[],"class_list":{"0":"post-108719","1":"product","2":"type-product","3":"status-publish","4":"has-post-thumbnail","6":"product_brand-4blockz","7":"product_cat-vapes","9":"first","10":"instock","11":"sale","12":"taxable","13":"shipping-taxable","14":"product-type-simple"},"_links":{"self":[{"href":"https:\/\/dekaufmann.de\/index.php?rest_route=\/wp\/v2\/product\/108719","targetHints":{"allow":["GET"]}}],"collection":[{"href":"https:\/\/dekaufmann.de\/index.php?rest_route=\/wp\/v2\/product"}],"about":[{"href":"https:\/\/dekaufmann.de\/index.php?rest_route=\/wp\/v2\/types\/product"}],"replies":[{"embeddable":true,"href":"https:\/\/dekaufmann.de\/index.php?rest_route=%2Fwp%2Fv2%2Fcomments&post=108719"}],"wp:featuredmedia":[{"embeddable":true,"href":"https:\/\/dekaufmann.de\/index.php?rest_route=\/wp\/v2\/media\/108720"}],"wp:attachment":[{"href":"https:\/\/dekaufmann.de\/index.php?rest_route=%2Fwp%2Fv2%2Fmedia&parent=108719"}],"wp:term":[{"taxonomy":"product_brand","embeddable":true,"href":"https:\/\/dekaufmann.de\/index.php?rest_route=%2Fwp%2Fv2%2Fproduct_brand&post=108719"},{"taxonomy":"product_cat","embeddable":true,"href":"https:\/\/dekaufmann.de\/index.php?rest_route=%2Fwp%2Fv2%2Fproduct_cat&post=108719"},{"taxonomy":"product_tag","embeddable":true,"href":"https:\/\/dekaufmann.de\/index.php?rest_route=%2Fwp%2Fv2%2Fproduct_tag&post=108719"}],"curies":[{"name":"wp","href":"https:\/\/api.w.org\/{rel}","templated":true}]}}