{"id":108707,"date":"2025-12-11T14:51:02","date_gmt":"2025-12-11T14:51:02","guid":{"rendered":"https:\/\/dekaufmann.de\/?post_type=product&#038;p=108707"},"modified":"2026-01-14T12:35:36","modified_gmt":"2026-01-14T12:35:36","slug":"electro-smog-vibe-200g-2790e","status":"publish","type":"product","link":"https:\/\/dekaufmann.de\/?product=electro-smog-vibe-200g-2790e","title":{"rendered":"Electro Smog Vibe 200g &#8211; 27,90\u20ac"},"content":{"rendered":"<h2 data-start=\"132\" data-end=\"180\">Electro Smog Tabak Vibe \u2013 200g &#8211; 27,90\u20ac<\/h2>\n<p data-start=\"181\" data-end=\"251\"><strong data-start=\"181\" data-end=\"251\">Fruchtig-frischer Trendmix \u2013 ideal f\u00fcr junge &amp; moderne Zielgruppen<\/strong><\/p>\n<p data-start=\"253\" data-end=\"564\">Electro Smog Vibe kombiniert s\u00fc\u00dfe Fruchtnoten mit einer angenehm leichten Frische. Das Ergebnis ist ein moderner, klarer Mix, der besonders gut bei Social-Media-affinen Kunden und trendbewussten Shisha-Rauchern ankommt. Innerhalb der Marke z\u00e4hlt Vibe zu den Sorten mit starker Regalwirkung und solider Rotation.<\/p>\n<p data-start=\"566\" data-end=\"730\">Die <strong data-start=\"570\" data-end=\"584\">200-g-Dose<\/strong> zu <strong data-start=\"588\" data-end=\"599\">27,90 \u20ac<\/strong> bietet H\u00e4ndlern eine attraktive Marge und eignet sich perfekt f\u00fcr Shops, die Lifestyle- und Trendtabak im Sortiment haben m\u00f6chten.<\/p>\n<h3 data-start=\"732\" data-end=\"756\">Vorteile f\u00fcr H\u00e4ndler<\/h3>\n<ul data-start=\"757\" data-end=\"1024\">\n<li data-start=\"757\" data-end=\"817\">\n<p data-start=\"759\" data-end=\"817\">Moderner Frucht-Fresh-Mix mit breiter Zielgruppenwirkung<\/p>\n<\/li>\n<li data-start=\"818\" data-end=\"863\">\n<p data-start=\"820\" data-end=\"863\">Sehr impulsstark \u2192 ideal f\u00fcr junge K\u00e4ufer<\/p>\n<\/li>\n<li data-start=\"864\" data-end=\"901\">\n<p data-start=\"866\" data-end=\"901\">Attraktive Marge im 200-g-Segment<\/p>\n<\/li>\n<li data-start=\"902\" data-end=\"974\">\n<p data-start=\"904\" data-end=\"974\">Starkes Branding sorgt f\u00fcr hohe Sichtbarkeit und schnellen Abverkauf<\/p>\n<\/li>\n<li data-start=\"975\" data-end=\"1024\">\n<p data-start=\"977\" data-end=\"1024\">Funktioniert online wie offline zuverl\u00e4ssig gut<\/p>\n<\/li>\n<\/ul>\n<h3 data-start=\"1026\" data-end=\"1044\">Produktdetails<\/h3>\n<ul data-start=\"1045\" data-end=\"1154\">\n<li data-start=\"1045\" data-end=\"1064\">\n<p data-start=\"1047\" data-end=\"1064\"><strong data-start=\"1047\" data-end=\"1057\">Sorte:<\/strong> Vibe<\/p>\n<\/li>\n<li data-start=\"1065\" data-end=\"1086\">\n<p data-start=\"1067\" data-end=\"1086\"><strong data-start=\"1067\" data-end=\"1078\">Inhalt:<\/strong> 200 g<\/p>\n<\/li>\n<li data-start=\"1087\" data-end=\"1109\">\n<p data-start=\"1089\" data-end=\"1109\"><strong data-start=\"1089\" data-end=\"1099\">Preis:<\/strong> 27,90 \u20ac<\/p>\n<\/li>\n<li data-start=\"1110\" data-end=\"1154\">\n<p data-start=\"1112\" data-end=\"1154\"><strong data-start=\"1112\" data-end=\"1126\">Kategorie:<\/strong> Aromatisierter Shisha-Tabak<\/p>\n<\/li>\n<\/ul>\n","protected":false},"excerpt":{"rendered":"<p>Electro Smog Tabak Vibe \u2013 200g &#8211; 27,90\u20ac Fruchtig-frischer Trendmix \u2013 ideal f\u00fcr junge &amp; moderne Zielgruppen Electro Smog Vibe kombiniert s\u00fc\u00dfe Fruchtnoten mit einer angenehm leichten Frische. Das Ergebnis ist ein moderner, klarer Mix, der besonders gut bei Social-Media-affinen Kunden und trendbewussten Shisha-Rauchern ankommt. Innerhalb der Marke z\u00e4hlt Vibe zu den Sorten mit starker [&hellip;]<\/p>\n","protected":false},"featured_media":108708,"comment_status":"closed","ping_status":"closed","template":"","meta":[],"product_brand":[304],"product_cat":[125],"product_tag":[],"class_list":{"0":"post-108707","1":"product","2":"type-product","3":"status-publish","4":"has-post-thumbnail","6":"product_brand-electro-smog","7":"product_cat-shisha-tabak","8":"product_shipping_class-reduced-rate","10":"first","11":"instock","12":"taxable","13":"shipping-taxable","14":"product-type-simple"},"_links":{"self":[{"href":"https:\/\/dekaufmann.de\/index.php?rest_route=\/wp\/v2\/product\/108707","targetHints":{"allow":["GET"]}}],"collection":[{"href":"https:\/\/dekaufmann.de\/index.php?rest_route=\/wp\/v2\/product"}],"about":[{"href":"https:\/\/dekaufmann.de\/index.php?rest_route=\/wp\/v2\/types\/product"}],"replies":[{"embeddable":true,"href":"https:\/\/dekaufmann.de\/index.php?rest_route=%2Fwp%2Fv2%2Fcomments&post=108707"}],"wp:featuredmedia":[{"embeddable":true,"href":"https:\/\/dekaufmann.de\/index.php?rest_route=\/wp\/v2\/media\/108708"}],"wp:attachment":[{"href":"https:\/\/dekaufmann.de\/index.php?rest_route=%2Fwp%2Fv2%2Fmedia&parent=108707"}],"wp:term":[{"taxonomy":"product_brand","embeddable":true,"href":"https:\/\/dekaufmann.de\/index.php?rest_route=%2Fwp%2Fv2%2Fproduct_brand&post=108707"},{"taxonomy":"product_cat","embeddable":true,"href":"https:\/\/dekaufmann.de\/index.php?rest_route=%2Fwp%2Fv2%2Fproduct_cat&post=108707"},{"taxonomy":"product_tag","embeddable":true,"href":"https:\/\/dekaufmann.de\/index.php?rest_route=%2Fwp%2Fv2%2Fproduct_tag&post=108707"}],"curies":[{"name":"wp","href":"https:\/\/api.w.org\/{rel}","templated":true}]}}