{"id":108704,"date":"2025-12-11T14:45:15","date_gmt":"2025-12-11T14:45:15","guid":{"rendered":"https:\/\/dekaufmann.de\/?post_type=product&#038;p=108704"},"modified":"2026-01-14T12:35:55","modified_gmt":"2026-01-14T12:35:55","slug":"electro-smog-booty-call-200g-2790e","status":"publish","type":"product","link":"https:\/\/dekaufmann.de\/?product=electro-smog-booty-call-200g-2790e","title":{"rendered":"Electro Smog Booty Call 200g &#8211; 27,90\u20ac"},"content":{"rendered":"<h2 data-start=\"138\" data-end=\"192\">Electro Smog Tabak Booty Call \u2013 200 g f\u00fcr 27,90 \u20ac<\/h2>\n<p data-start=\"193\" data-end=\"256\"><strong data-start=\"193\" data-end=\"256\">Fruchtiger, moderner Mix \u2013 stark bei trendbewussten K\u00e4ufern<\/strong><\/p>\n<p data-start=\"258\" data-end=\"577\">Electro Smog Booty Call liefert einen intensiven, s\u00fc\u00df-fruchtigen Geschmack mit einer leichten Frischenote. Das Aroma ist klar, zug\u00e4nglich und spricht besonders junge Zielgruppen an, die moderne Shisha-Geschm\u00e4cker bevorzugen. Innerhalb der Marke geh\u00f6rt Booty Call zu den Sorten mit hoher Sichtbarkeit und guter Rotation.<\/p>\n<p data-start=\"579\" data-end=\"751\">Mit dem <strong data-start=\"587\" data-end=\"614\">200-g-Format zu 27,90 \u20ac<\/strong> bietet die Sorte eine attraktive Marge und eignet sich ideal f\u00fcr Shops, die Trendtabak und Lifestyle-Sorten im Sortiment f\u00fchren m\u00f6chten.<\/p>\n<h3 data-start=\"753\" data-end=\"777\">Vorteile f\u00fcr H\u00e4ndler<\/h3>\n<ul data-start=\"778\" data-end=\"1063\">\n<li data-start=\"778\" data-end=\"837\">\n<p data-start=\"780\" data-end=\"837\">Moderner Frucht-Fresh-Mix \u2192 breite Zielgruppenansprache<\/p>\n<\/li>\n<li data-start=\"838\" data-end=\"898\">\n<p data-start=\"840\" data-end=\"898\">Starke Rotation bei jungen &amp; Social-Media-affinen Kunden<\/p>\n<\/li>\n<li data-start=\"899\" data-end=\"944\">\n<p data-start=\"901\" data-end=\"944\">Attraktive Handelsspanne im 200-g-Segment<\/p>\n<\/li>\n<li data-start=\"945\" data-end=\"1012\">\n<p data-start=\"947\" data-end=\"1012\">Auff\u00e4lliges Electro-Smog-Branding sorgt f\u00fcr schnellen Abverkauf<\/p>\n<\/li>\n<li data-start=\"1013\" data-end=\"1063\">\n<p data-start=\"1015\" data-end=\"1063\">Funktioniert online wie offline sehr zuverl\u00e4ssig<\/p>\n<\/li>\n<\/ul>\n<h3 data-start=\"1065\" data-end=\"1083\">Produktdetails<\/h3>\n<ul data-start=\"1084\" data-end=\"1199\">\n<li data-start=\"1084\" data-end=\"1109\">\n<p data-start=\"1086\" data-end=\"1109\"><strong data-start=\"1086\" data-end=\"1096\">Sorte:<\/strong> Booty Call<\/p>\n<\/li>\n<li data-start=\"1110\" data-end=\"1131\">\n<p data-start=\"1112\" data-end=\"1131\"><strong data-start=\"1112\" data-end=\"1123\">Inhalt:<\/strong> 200 g<\/p>\n<\/li>\n<li data-start=\"1132\" data-end=\"1154\">\n<p data-start=\"1134\" data-end=\"1154\"><strong data-start=\"1134\" data-end=\"1144\">Preis:<\/strong> 27,90 \u20ac<\/p>\n<\/li>\n<li data-start=\"1155\" data-end=\"1199\">\n<p data-start=\"1157\" data-end=\"1199\"><strong data-start=\"1157\" data-end=\"1171\">Kategorie:<\/strong> Aromatisierter Shisha-Tabak<\/p>\n<\/li>\n<\/ul>\n","protected":false},"excerpt":{"rendered":"<p>Electro Smog Tabak Booty Call \u2013 200 g f\u00fcr 27,90 \u20ac Fruchtiger, moderner Mix \u2013 stark bei trendbewussten K\u00e4ufern Electro Smog Booty Call liefert einen intensiven, s\u00fc\u00df-fruchtigen Geschmack mit einer leichten Frischenote. Das Aroma ist klar, zug\u00e4nglich und spricht besonders junge Zielgruppen an, die moderne Shisha-Geschm\u00e4cker bevorzugen. Innerhalb der Marke geh\u00f6rt Booty Call zu den [&hellip;]<\/p>\n","protected":false},"featured_media":108705,"comment_status":"closed","ping_status":"closed","template":"","meta":[],"product_brand":[304],"product_cat":[125],"product_tag":[],"class_list":{"0":"post-108704","1":"product","2":"type-product","3":"status-publish","4":"has-post-thumbnail","6":"product_brand-electro-smog","7":"product_cat-shisha-tabak","8":"product_shipping_class-reduced-rate","10":"first","11":"instock","12":"taxable","13":"shipping-taxable","14":"product-type-simple"},"_links":{"self":[{"href":"https:\/\/dekaufmann.de\/index.php?rest_route=\/wp\/v2\/product\/108704","targetHints":{"allow":["GET"]}}],"collection":[{"href":"https:\/\/dekaufmann.de\/index.php?rest_route=\/wp\/v2\/product"}],"about":[{"href":"https:\/\/dekaufmann.de\/index.php?rest_route=\/wp\/v2\/types\/product"}],"replies":[{"embeddable":true,"href":"https:\/\/dekaufmann.de\/index.php?rest_route=%2Fwp%2Fv2%2Fcomments&post=108704"}],"wp:featuredmedia":[{"embeddable":true,"href":"https:\/\/dekaufmann.de\/index.php?rest_route=\/wp\/v2\/media\/108705"}],"wp:attachment":[{"href":"https:\/\/dekaufmann.de\/index.php?rest_route=%2Fwp%2Fv2%2Fmedia&parent=108704"}],"wp:term":[{"taxonomy":"product_brand","embeddable":true,"href":"https:\/\/dekaufmann.de\/index.php?rest_route=%2Fwp%2Fv2%2Fproduct_brand&post=108704"},{"taxonomy":"product_cat","embeddable":true,"href":"https:\/\/dekaufmann.de\/index.php?rest_route=%2Fwp%2Fv2%2Fproduct_cat&post=108704"},{"taxonomy":"product_tag","embeddable":true,"href":"https:\/\/dekaufmann.de\/index.php?rest_route=%2Fwp%2Fv2%2Fproduct_tag&post=108704"}],"curies":[{"name":"wp","href":"https:\/\/api.w.org\/{rel}","templated":true}]}}