{"id":108702,"date":"2025-12-11T14:39:38","date_gmt":"2025-12-11T14:39:38","guid":{"rendered":"https:\/\/dekaufmann.de\/?post_type=product&#038;p=108702"},"modified":"2026-01-14T12:35:47","modified_gmt":"2026-01-14T12:35:47","slug":"electro-smog-tabak-nasty-girl-200g","status":"publish","type":"product","link":"https:\/\/dekaufmann.de\/?product=electro-smog-tabak-nasty-girl-200g","title":{"rendered":"Electro Smog Tabak Nasty Girl 200g &#8211; 27,90\u20ac"},"content":{"rendered":"<h2 data-start=\"138\" data-end=\"192\">Electro Smog Tabak Nasty Girl \u2013 200g &#8211; 27,90\u20ac<\/h2>\n<p data-start=\"193\" data-end=\"251\"><strong data-start=\"193\" data-end=\"251\">S\u00fc\u00df-fruchtiger Trendmix \u2013 stark bei jungen Zielgruppen<\/strong><\/p>\n<p data-start=\"253\" data-end=\"525\">Electro Smog Nasty Girl bietet einen intensiven, s\u00fc\u00dfen Fruchtmix mit einer modernen, leicht frischen Note. Die Sorte geh\u00f6rt zu den auff\u00e4lligeren Geschmacksprofilen der Marke und spricht besonders trendbewusste, junge Kunden an, die neue und ausgefallene Aromen bevorzugen.<\/p>\n<p data-start=\"527\" data-end=\"796\">Mit <strong data-start=\"531\" data-end=\"540\">200 g<\/strong> zu <strong data-start=\"544\" data-end=\"555\">27,90 \u20ac<\/strong> bietet Nasty Girl eine attraktive Handelsspanne und funktioniert sowohl online als auch im station\u00e4ren Handel sehr gut. Die Sorte zieht Aufmerksamkeit im Regal auf sich und eignet sich ideal f\u00fcr Shops, die Trend- und Lifestyle-Tabak f\u00fchren.<\/p>\n<h3 data-start=\"798\" data-end=\"822\">Vorteile f\u00fcr H\u00e4ndler<\/h3>\n<ul data-start=\"823\" data-end=\"1096\">\n<li data-start=\"823\" data-end=\"888\">\n<p data-start=\"825\" data-end=\"888\">Moderner, s\u00fc\u00df-fruchtiger Mix \u2192 sehr breite Zielgruppenwirkung<\/p>\n<\/li>\n<li data-start=\"889\" data-end=\"945\">\n<p data-start=\"891\" data-end=\"945\">Perfekt f\u00fcr Social-Media-affine K\u00e4ufer &amp; Impulsk\u00e4ufe<\/p>\n<\/li>\n<li data-start=\"946\" data-end=\"983\">\n<p data-start=\"948\" data-end=\"983\">Attraktive Marge im 200-g-Segment<\/p>\n<\/li>\n<li data-start=\"984\" data-end=\"1040\">\n<p data-start=\"986\" data-end=\"1040\">Gute Rotation dank auff\u00e4lligem Electro-Smog-Branding<\/p>\n<\/li>\n<li data-start=\"1041\" data-end=\"1096\">\n<p data-start=\"1043\" data-end=\"1096\">Ideal f\u00fcr Kioske, Shisha-Shops, Sp\u00e4tis &amp; Onlinehandel<\/p>\n<\/li>\n<\/ul>\n<h3 data-start=\"1098\" data-end=\"1116\">Produktdetails<\/h3>\n<ul data-start=\"1117\" data-end=\"1232\">\n<li data-start=\"1117\" data-end=\"1142\">\n<p data-start=\"1119\" data-end=\"1142\"><strong data-start=\"1119\" data-end=\"1129\">Sorte:<\/strong> Nasty Girl<\/p>\n<\/li>\n<li data-start=\"1143\" data-end=\"1164\">\n<p data-start=\"1145\" data-end=\"1164\"><strong data-start=\"1145\" data-end=\"1156\">Inhalt:<\/strong> 200 g<\/p>\n<\/li>\n<li data-start=\"1165\" data-end=\"1187\">\n<p data-start=\"1167\" data-end=\"1187\"><strong data-start=\"1167\" data-end=\"1177\">Preis:<\/strong> 27,90 \u20ac<\/p>\n<\/li>\n<li data-start=\"1188\" data-end=\"1232\">\n<p data-start=\"1190\" data-end=\"1232\"><strong data-start=\"1190\" data-end=\"1204\">Kategorie:<\/strong> Aromatisierter Shisha-Tabak<\/p>\n<\/li>\n<\/ul>\n","protected":false},"excerpt":{"rendered":"<p>Electro Smog Tabak Nasty Girl \u2013 200g &#8211; 27,90\u20ac S\u00fc\u00df-fruchtiger Trendmix \u2013 stark bei jungen Zielgruppen Electro Smog Nasty Girl bietet einen intensiven, s\u00fc\u00dfen Fruchtmix mit einer modernen, leicht frischen Note. Die Sorte geh\u00f6rt zu den auff\u00e4lligeren Geschmacksprofilen der Marke und spricht besonders trendbewusste, junge Kunden an, die neue und ausgefallene Aromen bevorzugen. Mit 200 [&hellip;]<\/p>\n","protected":false},"featured_media":108703,"comment_status":"closed","ping_status":"closed","template":"","meta":[],"product_brand":[304],"product_cat":[125],"product_tag":[],"class_list":{"0":"post-108702","1":"product","2":"type-product","3":"status-publish","4":"has-post-thumbnail","6":"product_brand-electro-smog","7":"product_cat-shisha-tabak","8":"product_shipping_class-reduced-rate","10":"first","11":"instock","12":"taxable","13":"shipping-taxable","14":"product-type-simple"},"_links":{"self":[{"href":"https:\/\/dekaufmann.de\/index.php?rest_route=\/wp\/v2\/product\/108702","targetHints":{"allow":["GET"]}}],"collection":[{"href":"https:\/\/dekaufmann.de\/index.php?rest_route=\/wp\/v2\/product"}],"about":[{"href":"https:\/\/dekaufmann.de\/index.php?rest_route=\/wp\/v2\/types\/product"}],"replies":[{"embeddable":true,"href":"https:\/\/dekaufmann.de\/index.php?rest_route=%2Fwp%2Fv2%2Fcomments&post=108702"}],"wp:featuredmedia":[{"embeddable":true,"href":"https:\/\/dekaufmann.de\/index.php?rest_route=\/wp\/v2\/media\/108703"}],"wp:attachment":[{"href":"https:\/\/dekaufmann.de\/index.php?rest_route=%2Fwp%2Fv2%2Fmedia&parent=108702"}],"wp:term":[{"taxonomy":"product_brand","embeddable":true,"href":"https:\/\/dekaufmann.de\/index.php?rest_route=%2Fwp%2Fv2%2Fproduct_brand&post=108702"},{"taxonomy":"product_cat","embeddable":true,"href":"https:\/\/dekaufmann.de\/index.php?rest_route=%2Fwp%2Fv2%2Fproduct_cat&post=108702"},{"taxonomy":"product_tag","embeddable":true,"href":"https:\/\/dekaufmann.de\/index.php?rest_route=%2Fwp%2Fv2%2Fproduct_tag&post=108702"}],"curies":[{"name":"wp","href":"https:\/\/api.w.org\/{rel}","templated":true}]}}