{"id":108683,"date":"2025-12-11T13:51:32","date_gmt":"2025-12-11T13:51:32","guid":{"rendered":"https:\/\/dekaufmann.de\/?post_type=product&#038;p=108683"},"modified":"2026-04-13T20:29:11","modified_gmt":"2026-04-13T20:29:11","slug":"stral-basil-barry-200g","status":"publish","type":"product","link":"https:\/\/dekaufmann.de\/?product=stral-basil-barry-200g","title":{"rendered":"Stral Basil Barry 200g &#8211; 27,90\u20ac"},"content":{"rendered":"<h2 data-start=\"126\" data-end=\"168\">Stral Basil Barry \u2013 200g &#8211; 27,90\u20ac<\/h2>\n<p data-start=\"169\" data-end=\"258\"><strong data-start=\"169\" data-end=\"258\">Moderner Beerenmix mit Basilikum-Note \u2013 einzigartig, auff\u00e4llig und stark im Abverkauf<\/strong><\/p>\n<p data-start=\"260\" data-end=\"562\">Stral Basil Berry kombiniert s\u00fc\u00dfe Beeren mit einer leichten, frischen Basilikum-Note und sorgt damit f\u00fcr ein au\u00dfergew\u00f6hnliches, aber \u00fcberraschend zug\u00e4ngliches Geschmacksprofil. Diese Sorte spricht besonders trendbewusste Shisha-Kunden an, die nach etwas Neuem suchen und aromatische Experimente lieben.<\/p>\n<p data-start=\"564\" data-end=\"882\">Im <strong data-start=\"567\" data-end=\"594\">200-g-Format zu 27,90 \u20ac<\/strong> bietet Basil Barry eine attraktive Marge und eignet sich ideal f\u00fcr Shops, die ihrem Sortiment besondere Geschmacksrichtungen hinzuf\u00fcgen m\u00f6chten. Die Sorte hebt sich klar von klassischen Fruchtmischungen ab und sorgt im Regal f\u00fcr hohe Aufmerksamkeit \u2013 perfekt f\u00fcr schnellen Impulsverkauf.<\/p>\n<h3 data-start=\"884\" data-end=\"908\">Vorteile f\u00fcr H\u00e4ndler<\/h3>\n<ul data-start=\"909\" data-end=\"1178\">\n<li data-start=\"909\" data-end=\"973\">\n<p data-start=\"911\" data-end=\"973\">Einzigartiger Mix aus Beeren &amp; Basilikum \u2192 hoher Trendfaktor<\/p>\n<\/li>\n<li data-start=\"974\" data-end=\"1042\">\n<p data-start=\"976\" data-end=\"1042\">Hebt sich klar von Standardgeschm\u00e4ckern ab \u2192 starke Regalwirkung<\/p>\n<\/li>\n<li data-start=\"1043\" data-end=\"1074\">\n<p data-start=\"1045\" data-end=\"1074\">Gute Marge im 200-g-Bereich<\/p>\n<\/li>\n<li data-start=\"1075\" data-end=\"1126\">\n<p data-start=\"1077\" data-end=\"1126\">Ideal f\u00fcr moderne, experimentierfreudige K\u00e4ufer<\/p>\n<\/li>\n<li data-start=\"1127\" data-end=\"1178\">\n<p data-start=\"1129\" data-end=\"1178\">Sehr gute Rotation online &amp; im station\u00e4ren Handel<\/p>\n<\/li>\n<\/ul>\n<h3 data-start=\"1180\" data-end=\"1198\">Produktdetails<\/h3>\n<ul data-start=\"1199\" data-end=\"1315\">\n<li data-start=\"1199\" data-end=\"1225\">\n<p data-start=\"1201\" data-end=\"1225\"><strong data-start=\"1201\" data-end=\"1211\">Sorte:<\/strong> Basil Barry<\/p>\n<\/li>\n<li data-start=\"1226\" data-end=\"1247\">\n<p data-start=\"1228\" data-end=\"1247\"><strong data-start=\"1228\" data-end=\"1239\">Inhalt:<\/strong> 200 g<\/p>\n<\/li>\n<li data-start=\"1248\" data-end=\"1270\">\n<p data-start=\"1250\" data-end=\"1270\"><strong data-start=\"1250\" data-end=\"1260\">Verkaufspreis:<\/strong> 27,90 \u20ac<\/p>\n<\/li>\n<li data-start=\"1271\" data-end=\"1315\">\n<p data-start=\"1273\" data-end=\"1315\"><strong data-start=\"1273\" data-end=\"1287\">Kategorie:<\/strong> Aromatisierter Shisha-Tabak<\/p>\n<\/li>\n<\/ul>\n","protected":false},"excerpt":{"rendered":"<p>Stral Basil Barry \u2013 200g &#8211; 27,90\u20ac Moderner Beerenmix mit Basilikum-Note \u2013 einzigartig, auff\u00e4llig und stark im Abverkauf Stral Basil Berry kombiniert s\u00fc\u00dfe Beeren mit einer leichten, frischen Basilikum-Note und sorgt damit f\u00fcr ein au\u00dfergew\u00f6hnliches, aber \u00fcberraschend zug\u00e4ngliches Geschmacksprofil. Diese Sorte spricht besonders trendbewusste Shisha-Kunden an, die nach etwas Neuem suchen und aromatische Experimente lieben. [&hellip;]<\/p>\n","protected":false},"featured_media":109148,"comment_status":"closed","ping_status":"closed","template":"","meta":[],"product_brand":[301],"product_cat":[125],"product_tag":[],"class_list":{"0":"post-108683","1":"product","2":"type-product","3":"status-publish","4":"has-post-thumbnail","6":"product_brand-stral","7":"product_cat-shisha-tabak","8":"product_shipping_class-reduced-rate","10":"first","11":"instock","12":"taxable","13":"shipping-taxable","14":"product-type-simple"},"_links":{"self":[{"href":"https:\/\/dekaufmann.de\/index.php?rest_route=\/wp\/v2\/product\/108683","targetHints":{"allow":["GET"]}}],"collection":[{"href":"https:\/\/dekaufmann.de\/index.php?rest_route=\/wp\/v2\/product"}],"about":[{"href":"https:\/\/dekaufmann.de\/index.php?rest_route=\/wp\/v2\/types\/product"}],"replies":[{"embeddable":true,"href":"https:\/\/dekaufmann.de\/index.php?rest_route=%2Fwp%2Fv2%2Fcomments&post=108683"}],"wp:featuredmedia":[{"embeddable":true,"href":"https:\/\/dekaufmann.de\/index.php?rest_route=\/wp\/v2\/media\/109148"}],"wp:attachment":[{"href":"https:\/\/dekaufmann.de\/index.php?rest_route=%2Fwp%2Fv2%2Fmedia&parent=108683"}],"wp:term":[{"taxonomy":"product_brand","embeddable":true,"href":"https:\/\/dekaufmann.de\/index.php?rest_route=%2Fwp%2Fv2%2Fproduct_brand&post=108683"},{"taxonomy":"product_cat","embeddable":true,"href":"https:\/\/dekaufmann.de\/index.php?rest_route=%2Fwp%2Fv2%2Fproduct_cat&post=108683"},{"taxonomy":"product_tag","embeddable":true,"href":"https:\/\/dekaufmann.de\/index.php?rest_route=%2Fwp%2Fv2%2Fproduct_tag&post=108683"}],"curies":[{"name":"wp","href":"https:\/\/api.w.org\/{rel}","templated":true}]}}