{"id":108681,"date":"2025-12-11T13:47:04","date_gmt":"2025-12-11T13:47:04","guid":{"rendered":"https:\/\/dekaufmann.de\/?post_type=product&#038;p=108681"},"modified":"2026-01-14T12:22:44","modified_gmt":"2026-01-14T12:22:44","slug":"argileh-omi-200g-2890e","status":"publish","type":"product","link":"https:\/\/dekaufmann.de\/?product=argileh-omi-200g-2890e","title":{"rendered":"Argileh Omi 200g &#8211; 28,90\u20ac"},"content":{"rendered":"<h2 data-start=\"120\" data-end=\"156\">Argileh Omi \u2013 200g &#8211; 28,90 \u20ac<\/h2>\n<p data-start=\"157\" data-end=\"214\"><strong data-start=\"157\" data-end=\"214\">Erfrischend-fruchtiger Mix mit starkem Trendpotenzial<\/strong><\/p>\n<p data-start=\"216\" data-end=\"541\">Argileh Omi bietet eine moderne Mischung aus fruchtigen und frischen Noten \u2013 ein klarer, angenehm s\u00fc\u00dfer Geschmack, der besonders bei jungen Shisha-Kunden sehr gut ankommt. Die Sorte geh\u00f6rt zu den auff\u00e4lligeren und trendigeren Profilen der Marke, wodurch sie sich im Regal gut abhebt und f\u00fcr schnelle Kaufentscheidungen sorgt.<\/p>\n<p data-start=\"543\" data-end=\"771\">Mit <strong data-start=\"547\" data-end=\"556\">200 g<\/strong> zu <strong data-start=\"560\" data-end=\"571\">28,90 \u20ac<\/strong> ist Argileh Omi ein margentr\u00e4chtiges Produkt, das sowohl online als auch im station\u00e4ren Handel zuverl\u00e4ssig rotiert. Ideal f\u00fcr H\u00e4ndler, die moderne und impulsstarke Sorten im Sortiment f\u00fchren m\u00f6chten.<\/p>\n<h3 data-start=\"773\" data-end=\"797\">Vorteile f\u00fcr H\u00e4ndler<\/h3>\n<ul data-start=\"798\" data-end=\"1031\">\n<li data-start=\"798\" data-end=\"860\">\n<p data-start=\"800\" data-end=\"860\">Moderner Frucht-Fresh-Mix mit breiter Zielgruppenansprache<\/p>\n<\/li>\n<li data-start=\"861\" data-end=\"904\">\n<p data-start=\"863\" data-end=\"904\">Sehr stark im Impuls- und Onlineverkauf<\/p>\n<\/li>\n<li data-start=\"905\" data-end=\"936\">\n<p data-start=\"907\" data-end=\"936\">Gute Marge im 200-g-Bereich<\/p>\n<\/li>\n<li data-start=\"937\" data-end=\"985\">\n<p data-start=\"939\" data-end=\"985\">Hohe Markenbekanntheit \u2192 schneller Abverkauf<\/p>\n<\/li>\n<li data-start=\"986\" data-end=\"1031\">\n<p data-start=\"988\" data-end=\"1031\">Optimal f\u00fcr junge &amp; trendorientierte K\u00e4ufer<\/p>\n<\/li>\n<\/ul>\n<h3 data-start=\"1033\" data-end=\"1051\">Produktdetails<\/h3>\n<ul data-start=\"1052\" data-end=\"1160\">\n<li data-start=\"1052\" data-end=\"1070\">\n<p data-start=\"1054\" data-end=\"1070\"><strong data-start=\"1054\" data-end=\"1064\">Sorte:<\/strong> Omi<\/p>\n<\/li>\n<li data-start=\"1071\" data-end=\"1092\">\n<p data-start=\"1073\" data-end=\"1092\"><strong data-start=\"1073\" data-end=\"1084\">Inhalt:<\/strong> 200 g<\/p>\n<\/li>\n<li data-start=\"1093\" data-end=\"1115\">\n<p data-start=\"1095\" data-end=\"1115\"><strong data-start=\"1095\" data-end=\"1105\">Preis:<\/strong> 28,90 \u20ac<\/p>\n<\/li>\n<li data-start=\"1116\" data-end=\"1160\">\n<p data-start=\"1118\" data-end=\"1160\"><strong data-start=\"1118\" data-end=\"1132\">Kategorie:<\/strong> Aromatisierter Shisha-Tabak<\/p>\n<\/li>\n<\/ul>\n","protected":false},"excerpt":{"rendered":"<p>Argileh Omi \u2013 200g &#8211; 28,90 \u20ac Erfrischend-fruchtiger Mix mit starkem Trendpotenzial Argileh Omi bietet eine moderne Mischung aus fruchtigen und frischen Noten \u2013 ein klarer, angenehm s\u00fc\u00dfer Geschmack, der besonders bei jungen Shisha-Kunden sehr gut ankommt. Die Sorte geh\u00f6rt zu den auff\u00e4lligeren und trendigeren Profilen der Marke, wodurch sie sich im Regal gut abhebt [&hellip;]<\/p>\n","protected":false},"featured_media":108682,"comment_status":"closed","ping_status":"closed","template":"","meta":[],"product_brand":[300],"product_cat":[125],"product_tag":[],"class_list":{"0":"post-108681","1":"product","2":"type-product","3":"status-publish","4":"has-post-thumbnail","6":"product_brand-argileh","7":"product_cat-shisha-tabak","8":"product_shipping_class-reduced-rate","10":"first","11":"instock","12":"taxable","13":"shipping-taxable","14":"product-type-simple"},"_links":{"self":[{"href":"https:\/\/dekaufmann.de\/index.php?rest_route=\/wp\/v2\/product\/108681","targetHints":{"allow":["GET"]}}],"collection":[{"href":"https:\/\/dekaufmann.de\/index.php?rest_route=\/wp\/v2\/product"}],"about":[{"href":"https:\/\/dekaufmann.de\/index.php?rest_route=\/wp\/v2\/types\/product"}],"replies":[{"embeddable":true,"href":"https:\/\/dekaufmann.de\/index.php?rest_route=%2Fwp%2Fv2%2Fcomments&post=108681"}],"wp:featuredmedia":[{"embeddable":true,"href":"https:\/\/dekaufmann.de\/index.php?rest_route=\/wp\/v2\/media\/108682"}],"wp:attachment":[{"href":"https:\/\/dekaufmann.de\/index.php?rest_route=%2Fwp%2Fv2%2Fmedia&parent=108681"}],"wp:term":[{"taxonomy":"product_brand","embeddable":true,"href":"https:\/\/dekaufmann.de\/index.php?rest_route=%2Fwp%2Fv2%2Fproduct_brand&post=108681"},{"taxonomy":"product_cat","embeddable":true,"href":"https:\/\/dekaufmann.de\/index.php?rest_route=%2Fwp%2Fv2%2Fproduct_cat&post=108681"},{"taxonomy":"product_tag","embeddable":true,"href":"https:\/\/dekaufmann.de\/index.php?rest_route=%2Fwp%2Fv2%2Fproduct_tag&post=108681"}],"curies":[{"name":"wp","href":"https:\/\/api.w.org\/{rel}","templated":true}]}}