{"id":108678,"date":"2025-12-11T13:41:14","date_gmt":"2025-12-11T13:41:14","guid":{"rendered":"https:\/\/dekaufmann.de\/?post_type=product&#038;p=108678"},"modified":"2026-01-14T12:24:00","modified_gmt":"2026-01-14T12:24:00","slug":"argileh-lamm-200g-2890e","status":"publish","type":"product","link":"https:\/\/dekaufmann.de\/?product=argileh-lamm-200g-2890e","title":{"rendered":"Argileh Lam&#038;m 200g &#8211; 28,90\u20ac"},"content":{"rendered":"<h2 data-start=\"122\" data-end=\"160\">Argileh Lam&amp;m \u2013 200g &#8211; 28,90\u20ac<\/h2>\n<p data-start=\"161\" data-end=\"211\"><strong data-start=\"161\" data-end=\"211\">S\u00fc\u00dfes Candy-Aroma mit extrem hohem Trendfaktor<\/strong><\/p>\n<p data-start=\"213\" data-end=\"525\">Argileh Lam&amp;m liefert einen intensiven, s\u00fc\u00df-cremigen Candy-Geschmack, inspiriert von beliebten Schoko-Linsen. Das Aroma ist rund, zug\u00e4nglich und spricht besonders j\u00fcngere Kundengruppen sowie Fans von Dessert- und S\u00fc\u00dfwarennoten an. In vielen Shops z\u00e4hlt Lam&amp;m zu den st\u00e4rkeren Rotationssorten innerhalb der Marke.<\/p>\n<p data-start=\"527\" data-end=\"748\">Mit <strong data-start=\"531\" data-end=\"540\">200 g<\/strong> zu <strong data-start=\"544\" data-end=\"555\">28,90 \u20ac<\/strong> bietet dieses Produkt eine attraktive Marge und eignet sich hervorragend f\u00fcr H\u00e4ndler, die auff\u00e4llige Trend- und Candy-Sorten im Sortiment f\u00fchren \u2013 ideal f\u00fcr station\u00e4re Shops und Onlineh\u00e4ndler.<\/p>\n<h3 data-start=\"750\" data-end=\"774\">Vorteile f\u00fcr H\u00e4ndler<\/h3>\n<ul data-start=\"775\" data-end=\"1019\">\n<li data-start=\"775\" data-end=\"831\">\n<p data-start=\"777\" data-end=\"831\">S\u00fc\u00dfes, schokoladiges Candy-Profil \u2192 starke Nachfrage<\/p>\n<\/li>\n<li data-start=\"832\" data-end=\"879\">\n<p data-start=\"834\" data-end=\"879\">Perfekt f\u00fcr junge Zielgruppen &amp; Impulsk\u00e4ufe<\/p>\n<\/li>\n<li data-start=\"880\" data-end=\"911\">\n<p data-start=\"882\" data-end=\"911\">Gute Marge im 200-g-Segment<\/p>\n<\/li>\n<li data-start=\"912\" data-end=\"968\">\n<p data-start=\"914\" data-end=\"968\">Hohe Sichtbarkeit im Regal durch auff\u00e4lliges Konzept<\/p>\n<\/li>\n<li data-start=\"969\" data-end=\"1019\">\n<p data-start=\"971\" data-end=\"1019\">Funktioniert online wie offline sehr zuverl\u00e4ssig<\/p>\n<\/li>\n<\/ul>\n<h3 data-start=\"1021\" data-end=\"1039\">Produktdetails<\/h3>\n<ul data-start=\"1040\" data-end=\"1150\">\n<li data-start=\"1040\" data-end=\"1060\">\n<p data-start=\"1042\" data-end=\"1060\"><strong data-start=\"1042\" data-end=\"1052\">Sorte:<\/strong> Lam&amp;m<\/p>\n<\/li>\n<li data-start=\"1061\" data-end=\"1082\">\n<p data-start=\"1063\" data-end=\"1082\"><strong data-start=\"1063\" data-end=\"1074\">Inhalt:<\/strong> 200 g<\/p>\n<\/li>\n<li data-start=\"1083\" data-end=\"1105\">\n<p data-start=\"1085\" data-end=\"1105\"><strong data-start=\"1085\" data-end=\"1095\">Verkaufspreis:<\/strong> 28,90 \u20ac<\/p>\n<\/li>\n<li data-start=\"1106\" data-end=\"1150\">\n<p data-start=\"1108\" data-end=\"1150\"><strong data-start=\"1108\" data-end=\"1122\">Kategorie:<\/strong> Aromatisierter Shisha-Tabak<\/p>\n<\/li>\n<\/ul>\n","protected":false},"excerpt":{"rendered":"<p>Argileh Lam&amp;m \u2013 200g &#8211; 28,90\u20ac S\u00fc\u00dfes Candy-Aroma mit extrem hohem Trendfaktor Argileh Lam&amp;m liefert einen intensiven, s\u00fc\u00df-cremigen Candy-Geschmack, inspiriert von beliebten Schoko-Linsen. Das Aroma ist rund, zug\u00e4nglich und spricht besonders j\u00fcngere Kundengruppen sowie Fans von Dessert- und S\u00fc\u00dfwarennoten an. In vielen Shops z\u00e4hlt Lam&amp;m zu den st\u00e4rkeren Rotationssorten innerhalb der Marke. Mit 200 g [&hellip;]<\/p>\n","protected":false},"featured_media":108680,"comment_status":"closed","ping_status":"closed","template":"","meta":[],"product_brand":[300],"product_cat":[125],"product_tag":[],"class_list":{"0":"post-108678","1":"product","2":"type-product","3":"status-publish","4":"has-post-thumbnail","6":"product_brand-argileh","7":"product_cat-shisha-tabak","8":"product_shipping_class-reduced-rate","10":"first","11":"instock","12":"taxable","13":"shipping-taxable","14":"product-type-simple"},"_links":{"self":[{"href":"https:\/\/dekaufmann.de\/index.php?rest_route=\/wp\/v2\/product\/108678","targetHints":{"allow":["GET"]}}],"collection":[{"href":"https:\/\/dekaufmann.de\/index.php?rest_route=\/wp\/v2\/product"}],"about":[{"href":"https:\/\/dekaufmann.de\/index.php?rest_route=\/wp\/v2\/types\/product"}],"replies":[{"embeddable":true,"href":"https:\/\/dekaufmann.de\/index.php?rest_route=%2Fwp%2Fv2%2Fcomments&post=108678"}],"wp:featuredmedia":[{"embeddable":true,"href":"https:\/\/dekaufmann.de\/index.php?rest_route=\/wp\/v2\/media\/108680"}],"wp:attachment":[{"href":"https:\/\/dekaufmann.de\/index.php?rest_route=%2Fwp%2Fv2%2Fmedia&parent=108678"}],"wp:term":[{"taxonomy":"product_brand","embeddable":true,"href":"https:\/\/dekaufmann.de\/index.php?rest_route=%2Fwp%2Fv2%2Fproduct_brand&post=108678"},{"taxonomy":"product_cat","embeddable":true,"href":"https:\/\/dekaufmann.de\/index.php?rest_route=%2Fwp%2Fv2%2Fproduct_cat&post=108678"},{"taxonomy":"product_tag","embeddable":true,"href":"https:\/\/dekaufmann.de\/index.php?rest_route=%2Fwp%2Fv2%2Fproduct_tag&post=108678"}],"curies":[{"name":"wp","href":"https:\/\/api.w.org\/{rel}","templated":true}]}}