{"id":108658,"date":"2025-12-11T13:11:04","date_gmt":"2025-12-11T13:11:04","guid":{"rendered":"https:\/\/dekaufmann.de\/?post_type=product&#038;p=108658"},"modified":"2026-01-14T12:34:29","modified_gmt":"2026-01-14T12:34:29","slug":"hookain-angry-dragon-200g-2790e","status":"publish","type":"product","link":"https:\/\/dekaufmann.de\/?product=hookain-angry-dragon-200g-2790e","title":{"rendered":"Hookain Angry Dragon 200g &#8211; 27,90\u20ac"},"content":{"rendered":"<h2 data-start=\"129\" data-end=\"174\">Hookain Angry Dragon \u2013 200g &#8211; 27,90\u20ac<\/h2>\n<p data-start=\"175\" data-end=\"248\"><strong data-start=\"175\" data-end=\"248\">Kr\u00e4ftiger Drachenfrucht-Mix mit Biss \u2013 ideal f\u00fcr trendbewusste K\u00e4ufer<\/strong><\/p>\n<p data-start=\"250\" data-end=\"587\">Hookain Angry Dragon kombiniert intensive Drachenfrucht mit einer s\u00fc\u00df-frischen Note und einem leicht herben Unterton. Das sorgt f\u00fcr ein besonders charakterstarkes Aroma, das sich klar von klassischen Fruchtsorten abhebt. Die Sorte performt stark bei jungen K\u00e4ufern, Social-Media-Fans und allen, die ausgefallene Geschmacksprofile suchen.<\/p>\n<p data-start=\"589\" data-end=\"781\">Die <strong data-start=\"593\" data-end=\"607\">200-g-Dose<\/strong> bietet eine attraktive Handelsspanne und dreht sich sowohl online als auch im station\u00e4ren Handel sehr gut \u2013 ideal f\u00fcr Shops, die moderne, auff\u00e4llige Hookain-Sorten anbieten.<\/p>\n<h3 data-start=\"783\" data-end=\"807\">Vorteile f\u00fcr H\u00e4ndler<\/h3>\n<ul data-start=\"808\" data-end=\"1098\">\n<li data-start=\"808\" data-end=\"868\">\n<p data-start=\"810\" data-end=\"868\">Intensiver Drachenfrucht-Geschmack mit hohem Trendfaktor<\/p>\n<\/li>\n<li data-start=\"869\" data-end=\"936\">\n<p data-start=\"871\" data-end=\"936\">Hookain-Marke sorgt f\u00fcr starke Sichtbarkeit &amp; schnelle Rotation<\/p>\n<\/li>\n<li data-start=\"937\" data-end=\"974\">\n<p data-start=\"939\" data-end=\"974\">Attraktive Marge im 200-g-Bereich<\/p>\n<\/li>\n<li data-start=\"975\" data-end=\"1036\">\n<p data-start=\"977\" data-end=\"1036\">Beliebt bei jungen Zielgruppen &amp; Social-Media-Communities<\/p>\n<\/li>\n<li data-start=\"1037\" data-end=\"1098\">\n<p data-start=\"1039\" data-end=\"1098\">Gute Platzierung im Kassenbereich oder im Regalfrontbereich<\/p>\n<\/li>\n<\/ul>\n<h3 data-start=\"1100\" data-end=\"1118\">Produktdetails<\/h3>\n<ul data-start=\"1119\" data-end=\"1236\">\n<li data-start=\"1119\" data-end=\"1146\">\n<p data-start=\"1121\" data-end=\"1146\"><strong data-start=\"1121\" data-end=\"1131\">Sorte:<\/strong> Angry Dragon<\/p>\n<\/li>\n<li data-start=\"1147\" data-end=\"1168\">\n<p data-start=\"1149\" data-end=\"1168\"><strong data-start=\"1149\" data-end=\"1160\">Inhalt:<\/strong> 200 g<\/p>\n<\/li>\n<li data-start=\"1169\" data-end=\"1191\">\n<p data-start=\"1171\" data-end=\"1191\"><strong data-start=\"1171\" data-end=\"1181\">Preis:<\/strong> 27,90 \u20ac<\/p>\n<\/li>\n<li data-start=\"1192\" data-end=\"1236\">\n<p data-start=\"1194\" data-end=\"1236\"><strong data-start=\"1194\" data-end=\"1208\">Kategorie:<\/strong> Aromatisierter Shisha-Tabak<\/p>\n<\/li>\n<\/ul>\n","protected":false},"excerpt":{"rendered":"<p>Hookain Angry Dragon \u2013 200g &#8211; 27,90\u20ac Kr\u00e4ftiger Drachenfrucht-Mix mit Biss \u2013 ideal f\u00fcr trendbewusste K\u00e4ufer Hookain Angry Dragon kombiniert intensive Drachenfrucht mit einer s\u00fc\u00df-frischen Note und einem leicht herben Unterton. Das sorgt f\u00fcr ein besonders charakterstarkes Aroma, das sich klar von klassischen Fruchtsorten abhebt. Die Sorte performt stark bei jungen K\u00e4ufern, Social-Media-Fans und allen, [&hellip;]<\/p>\n","protected":false},"featured_media":108661,"comment_status":"closed","ping_status":"closed","template":"","meta":[],"product_brand":[299],"product_cat":[125],"product_tag":[],"class_list":{"0":"post-108658","1":"product","2":"type-product","3":"status-publish","4":"has-post-thumbnail","6":"product_brand-hookain","7":"product_cat-shisha-tabak","8":"product_shipping_class-reduced-rate","10":"first","11":"instock","12":"taxable","13":"shipping-taxable","14":"product-type-simple"},"_links":{"self":[{"href":"https:\/\/dekaufmann.de\/index.php?rest_route=\/wp\/v2\/product\/108658","targetHints":{"allow":["GET"]}}],"collection":[{"href":"https:\/\/dekaufmann.de\/index.php?rest_route=\/wp\/v2\/product"}],"about":[{"href":"https:\/\/dekaufmann.de\/index.php?rest_route=\/wp\/v2\/types\/product"}],"replies":[{"embeddable":true,"href":"https:\/\/dekaufmann.de\/index.php?rest_route=%2Fwp%2Fv2%2Fcomments&post=108658"}],"wp:featuredmedia":[{"embeddable":true,"href":"https:\/\/dekaufmann.de\/index.php?rest_route=\/wp\/v2\/media\/108661"}],"wp:attachment":[{"href":"https:\/\/dekaufmann.de\/index.php?rest_route=%2Fwp%2Fv2%2Fmedia&parent=108658"}],"wp:term":[{"taxonomy":"product_brand","embeddable":true,"href":"https:\/\/dekaufmann.de\/index.php?rest_route=%2Fwp%2Fv2%2Fproduct_brand&post=108658"},{"taxonomy":"product_cat","embeddable":true,"href":"https:\/\/dekaufmann.de\/index.php?rest_route=%2Fwp%2Fv2%2Fproduct_cat&post=108658"},{"taxonomy":"product_tag","embeddable":true,"href":"https:\/\/dekaufmann.de\/index.php?rest_route=%2Fwp%2Fv2%2Fproduct_tag&post=108658"}],"curies":[{"name":"wp","href":"https:\/\/api.w.org\/{rel}","templated":true}]}}