{"id":108647,"date":"2025-12-11T12:14:38","date_gmt":"2025-12-11T12:14:38","guid":{"rendered":"https:\/\/dekaufmann.de\/?post_type=product&#038;p=108647"},"modified":"2026-04-15T15:56:52","modified_gmt":"2026-04-15T15:56:52","slug":"wunder-zahnstocher-cinnamon-orange-10x100stk","status":"publish","type":"product","link":"https:\/\/dekaufmann.de\/?product=wunder-zahnstocher-cinnamon-orange-10x100stk","title":{"rendered":"Wunder Zahnstocher Cinnamon-Orange 10x100Stk"},"content":{"rendered":"<h2 data-start=\"141\" data-end=\"195\">Wunder Zahnstocher Cinnamon-Orange \u2013 10\u00d7100 St\u00fcck<\/h2>\n<p data-start=\"196\" data-end=\"262\"><strong data-start=\"196\" data-end=\"262\">W\u00fcrzig-fruchtige Kombination \u2013 starkes Saison- &amp; Impulsprodukt<\/strong><\/p>\n<p data-start=\"264\" data-end=\"524\">Wunder Zahnstocher Cinnamon-Orange verbinden warmen Zimt mit fruchtig-frischer Orange. Diese besondere Mischung spricht Kunden an, die etwas Aromatisches und Ausgefallenes suchen \u2013 ideal als saisonales Highlight, aber auch ganzj\u00e4hrig ein starkes Zusatzprodukt.<\/p>\n<p data-start=\"526\" data-end=\"826\">Mit <strong data-start=\"530\" data-end=\"561\">10 Dosen \u00e0 100 Zahnstochern<\/strong> erhalten H\u00e4ndler eine margenstarke Einheit, die sich besonders gut im Kassenbereich, im Frontregal oder als Erg\u00e4nzung zu Lifestyle- und Vape-Artikeln platzieren l\u00e4sst. Die auff\u00e4llige Geschmacksrichtung sorgt zudem f\u00fcr hohe Aufmerksamkeit und schnelle Probierk\u00e4ufe.<\/p>\n<h3 data-start=\"828\" data-end=\"852\">Vorteile f\u00fcr H\u00e4ndler<\/h3>\n<ul data-start=\"853\" data-end=\"1138\">\n<li data-start=\"853\" data-end=\"899\">\n<p data-start=\"855\" data-end=\"899\">Ausgefallene Kombination aus Zimt &amp; Orange<\/p>\n<\/li>\n<li data-start=\"900\" data-end=\"973\">\n<p data-start=\"902\" data-end=\"973\">Hebt sich klar von klassischen Geschm\u00e4ckern ab \u2192 starker Impulsfaktor<\/p>\n<\/li>\n<li data-start=\"974\" data-end=\"1011\">\n<p data-start=\"976\" data-end=\"1011\">Gute Marge im 10\u00d7100-St\u00fcck-Bundle<\/p>\n<\/li>\n<li data-start=\"1012\" data-end=\"1080\">\n<p data-start=\"1014\" data-end=\"1080\">Ideal f\u00fcr Kioske, Tankstellen, Sp\u00e4tis, Vape-Shops &amp; Onlinehandel<\/p>\n<\/li>\n<li data-start=\"1081\" data-end=\"1138\">\n<p data-start=\"1083\" data-end=\"1138\">Funktioniert hervorragend auch saisonal (Winter\/Herbst)<\/p>\n<\/li>\n<\/ul>\n<h3 data-start=\"1140\" data-end=\"1158\">Produktdetails<\/h3>\n<ul data-start=\"1159\" data-end=\"1300\">\n<li data-start=\"1159\" data-end=\"1193\">\n<p data-start=\"1161\" data-end=\"1193\"><strong data-start=\"1161\" data-end=\"1175\">Geschmack:<\/strong> Cinnamon-Orange<\/p>\n<\/li>\n<li data-start=\"1194\" data-end=\"1237\">\n<p data-start=\"1196\" data-end=\"1237\"><strong data-start=\"1196\" data-end=\"1207\">Inhalt:<\/strong> 10\u00d7 Dosen \u00e0 100 Zahnstocher<\/p>\n<\/li>\n<li data-start=\"1238\" data-end=\"1300\">\n<p data-start=\"1240\" data-end=\"1300\"><strong data-start=\"1240\" data-end=\"1254\">Kategorie:<\/strong> Aromatisierte Zahnstocher \/ Lifestyle-Artikel<\/p>\n<\/li>\n<\/ul>\n","protected":false},"excerpt":{"rendered":"<p>Wunder Zahnstocher Cinnamon-Orange \u2013 10\u00d7100 St\u00fcck W\u00fcrzig-fruchtige Kombination \u2013 starkes Saison- &amp; Impulsprodukt Wunder Zahnstocher Cinnamon-Orange verbinden warmen Zimt mit fruchtig-frischer Orange. Diese besondere Mischung spricht Kunden an, die etwas Aromatisches und Ausgefallenes suchen \u2013 ideal als saisonales Highlight, aber auch ganzj\u00e4hrig ein starkes Zusatzprodukt. Mit 10 Dosen \u00e0 100 Zahnstochern erhalten H\u00e4ndler eine margenstarke [&hellip;]<\/p>\n","protected":false},"featured_media":108648,"comment_status":"closed","ping_status":"closed","template":"","meta":[],"product_brand":[298],"product_cat":[133,213],"product_tag":[],"class_list":{"0":"post-108647","1":"product","2":"type-product","3":"status-publish","4":"has-post-thumbnail","6":"product_brand-wunder","7":"product_cat-snacks","8":"product_cat-zubehoer-und-spielzeuge","9":"product_shipping_class-reduced-rate","11":"first","12":"instock","13":"taxable","14":"shipping-taxable","15":"product-type-simple"},"_links":{"self":[{"href":"https:\/\/dekaufmann.de\/index.php?rest_route=\/wp\/v2\/product\/108647","targetHints":{"allow":["GET"]}}],"collection":[{"href":"https:\/\/dekaufmann.de\/index.php?rest_route=\/wp\/v2\/product"}],"about":[{"href":"https:\/\/dekaufmann.de\/index.php?rest_route=\/wp\/v2\/types\/product"}],"replies":[{"embeddable":true,"href":"https:\/\/dekaufmann.de\/index.php?rest_route=%2Fwp%2Fv2%2Fcomments&post=108647"}],"wp:featuredmedia":[{"embeddable":true,"href":"https:\/\/dekaufmann.de\/index.php?rest_route=\/wp\/v2\/media\/108648"}],"wp:attachment":[{"href":"https:\/\/dekaufmann.de\/index.php?rest_route=%2Fwp%2Fv2%2Fmedia&parent=108647"}],"wp:term":[{"taxonomy":"product_brand","embeddable":true,"href":"https:\/\/dekaufmann.de\/index.php?rest_route=%2Fwp%2Fv2%2Fproduct_brand&post=108647"},{"taxonomy":"product_cat","embeddable":true,"href":"https:\/\/dekaufmann.de\/index.php?rest_route=%2Fwp%2Fv2%2Fproduct_cat&post=108647"},{"taxonomy":"product_tag","embeddable":true,"href":"https:\/\/dekaufmann.de\/index.php?rest_route=%2Fwp%2Fv2%2Fproduct_tag&post=108647"}],"curies":[{"name":"wp","href":"https:\/\/api.w.org\/{rel}","templated":true}]}}