{"id":108578,"date":"2025-12-10T15:39:00","date_gmt":"2025-12-10T15:39:00","guid":{"rendered":"https:\/\/dekaufmann.de\/?post_type=product&#038;p=108578"},"modified":"2026-04-15T15:56:52","modified_gmt":"2026-04-15T15:56:52","slug":"wunder-zahnstocher-apple-10x100stk","status":"publish","type":"product","link":"https:\/\/dekaufmann.de\/?product=wunder-zahnstocher-apple-10x100stk","title":{"rendered":"Wunder Zahnstocher Apple 10x100Stk"},"content":{"rendered":"<h2 data-start=\"131\" data-end=\"175\">Wunder Zahnstocher Apple \u2013 10\u00d7100 St\u00fcck<\/h2>\n<p data-start=\"176\" data-end=\"244\"><strong data-start=\"176\" data-end=\"244\">Frischer Apfelgeschmack \u2013 ideal f\u00fcr Impulsk\u00e4ufe &amp; Zusatzverk\u00e4ufe<\/strong><\/p>\n<p data-start=\"246\" data-end=\"540\">Wunder Zahnstocher Apple bieten einen angenehmen, s\u00fc\u00df-frischen Apfelgeschmack, der bei vielen Kunden sofort \u00fcberzeugt. Aromatisierte Toothpicks geh\u00f6ren zu den Trendprodukten im Lifestyle- und Convenience-Bereich und funktionieren besonders gut als Mitnahmeartikel im Kassen- oder Thekenbereich.<\/p>\n<p data-start=\"542\" data-end=\"753\">Das <strong data-start=\"546\" data-end=\"561\">10er-Bundle<\/strong> mit jeweils <strong data-start=\"574\" data-end=\"609\">100 aromatisierten Zahnstochern<\/strong> pro Dose bietet eine attraktive Marge und sorgt f\u00fcr schnelle Rotation \u2013 ideal f\u00fcr Kioske, Vape-Shops, Tankstellen, Sp\u00e4tis und den Onlinehandel.<\/p>\n<h3 data-start=\"755\" data-end=\"779\">Vorteile f\u00fcr H\u00e4ndler<\/h3>\n<ul data-start=\"780\" data-end=\"1030\">\n<li data-start=\"780\" data-end=\"818\">\n<p data-start=\"782\" data-end=\"818\">Frischer, beliebter Apfelgeschmack<\/p>\n<\/li>\n<li data-start=\"819\" data-end=\"850\">\n<p data-start=\"821\" data-end=\"850\">Sehr stark im Impulsverkauf<\/p>\n<\/li>\n<li data-start=\"851\" data-end=\"892\">\n<p data-start=\"853\" data-end=\"892\">Hohe Marge durch 10\u00d7100-St\u00fcck-Gebinde<\/p>\n<\/li>\n<li data-start=\"893\" data-end=\"949\">\n<p data-start=\"895\" data-end=\"949\">Perfekt platzierbar im Kassenbereich oder Frontregal<\/p>\n<\/li>\n<li data-start=\"950\" data-end=\"1030\">\n<p data-start=\"952\" data-end=\"1030\">Funktioniert hervorragend als Erg\u00e4nzung zu Vapes, Drinks &amp; Lifestyle-Produkten<\/p>\n<\/li>\n<\/ul>\n<h3 data-start=\"1032\" data-end=\"1050\">Produktdetails<\/h3>\n<ul data-start=\"1051\" data-end=\"1182\">\n<li data-start=\"1051\" data-end=\"1075\">\n<p data-start=\"1053\" data-end=\"1075\"><strong data-start=\"1053\" data-end=\"1067\">Geschmack:<\/strong> Apple<\/p>\n<\/li>\n<li data-start=\"1076\" data-end=\"1119\">\n<p data-start=\"1078\" data-end=\"1119\"><strong data-start=\"1078\" data-end=\"1089\">Inhalt:<\/strong> 10\u00d7 Dosen \u00e0 100 Zahnstocher<\/p>\n<\/li>\n<li data-start=\"1120\" data-end=\"1182\">\n<p data-start=\"1122\" data-end=\"1182\"><strong data-start=\"1122\" data-end=\"1136\">Kategorie:<\/strong> Aromatisierte Zahnstocher \/ Lifestyle-Artikel<\/p>\n<\/li>\n<\/ul>\n","protected":false},"excerpt":{"rendered":"<p>Wunder Zahnstocher Apple \u2013 10\u00d7100 St\u00fcck Frischer Apfelgeschmack \u2013 ideal f\u00fcr Impulsk\u00e4ufe &amp; Zusatzverk\u00e4ufe Wunder Zahnstocher Apple bieten einen angenehmen, s\u00fc\u00df-frischen Apfelgeschmack, der bei vielen Kunden sofort \u00fcberzeugt. Aromatisierte Toothpicks geh\u00f6ren zu den Trendprodukten im Lifestyle- und Convenience-Bereich und funktionieren besonders gut als Mitnahmeartikel im Kassen- oder Thekenbereich. Das 10er-Bundle mit jeweils 100 aromatisierten Zahnstochern [&hellip;]<\/p>\n","protected":false},"featured_media":108579,"comment_status":"closed","ping_status":"closed","template":"","meta":[],"product_brand":[298],"product_cat":[133,213],"product_tag":[],"class_list":{"0":"post-108578","1":"product","2":"type-product","3":"status-publish","4":"has-post-thumbnail","6":"product_brand-wunder","7":"product_cat-snacks","8":"product_cat-zubehoer-und-spielzeuge","9":"product_shipping_class-reduced-rate","11":"first","12":"instock","13":"taxable","14":"shipping-taxable","15":"product-type-simple"},"_links":{"self":[{"href":"https:\/\/dekaufmann.de\/index.php?rest_route=\/wp\/v2\/product\/108578","targetHints":{"allow":["GET"]}}],"collection":[{"href":"https:\/\/dekaufmann.de\/index.php?rest_route=\/wp\/v2\/product"}],"about":[{"href":"https:\/\/dekaufmann.de\/index.php?rest_route=\/wp\/v2\/types\/product"}],"replies":[{"embeddable":true,"href":"https:\/\/dekaufmann.de\/index.php?rest_route=%2Fwp%2Fv2%2Fcomments&post=108578"}],"wp:featuredmedia":[{"embeddable":true,"href":"https:\/\/dekaufmann.de\/index.php?rest_route=\/wp\/v2\/media\/108579"}],"wp:attachment":[{"href":"https:\/\/dekaufmann.de\/index.php?rest_route=%2Fwp%2Fv2%2Fmedia&parent=108578"}],"wp:term":[{"taxonomy":"product_brand","embeddable":true,"href":"https:\/\/dekaufmann.de\/index.php?rest_route=%2Fwp%2Fv2%2Fproduct_brand&post=108578"},{"taxonomy":"product_cat","embeddable":true,"href":"https:\/\/dekaufmann.de\/index.php?rest_route=%2Fwp%2Fv2%2Fproduct_cat&post=108578"},{"taxonomy":"product_tag","embeddable":true,"href":"https:\/\/dekaufmann.de\/index.php?rest_route=%2Fwp%2Fv2%2Fproduct_tag&post=108578"}],"curies":[{"name":"wp","href":"https:\/\/api.w.org\/{rel}","templated":true}]}}