{"id":108574,"date":"2025-12-10T15:27:05","date_gmt":"2025-12-10T15:27:05","guid":{"rendered":"https:\/\/dekaufmann.de\/?post_type=product&#038;p=108574"},"modified":"2026-04-15T15:56:52","modified_gmt":"2026-04-15T15:56:52","slug":"wunder-zahnstocher-pineapple-10x100stk","status":"publish","type":"product","link":"https:\/\/dekaufmann.de\/?product=wunder-zahnstocher-pineapple-10x100stk","title":{"rendered":"Wunder Zahnstocher Pineapple 10x100Stk"},"content":{"rendered":"<h2 data-start=\"135\" data-end=\"183\">Wunder Zahnstocher Pineapple \u2013 10\u00d7100 St\u00fcck<\/h2>\n<p data-start=\"184\" data-end=\"255\"><strong data-start=\"184\" data-end=\"255\">S\u00fc\u00dfer Ananasgeschmack \u2013 starkes Impulsprodukt f\u00fcr den Kassenbereich<\/strong><\/p>\n<p data-start=\"257\" data-end=\"542\">Wunder Zahnstocher Pineapple bieten einen intensiven, s\u00fc\u00df-fruchtigen Ananasgeschmack und geh\u00f6ren zu den gefragten aromatisierten Toothpicks im Lifestyle-Segment. Das Produkt spricht besonders junge K\u00e4ufer an und eignet sich hervorragend als Mitnahmeartikel mit hoher Spontankauf-Quote.<\/p>\n<p data-start=\"544\" data-end=\"793\">Mit <strong data-start=\"548\" data-end=\"572\">10 Dosen \u00e0 100 St\u00fcck<\/strong> erhalten H\u00e4ndler eine margenstarke Verkaufseinheit, die sich ideal f\u00fcr Kioske, Vape-Shops, Tankstellen, Sp\u00e4tis und Onlinehandel eignet. Die kompakten Dosen lassen sich einfach platzieren und sorgen f\u00fcr schnelle Rotation.<\/p>\n<h3 data-start=\"795\" data-end=\"819\">Vorteile f\u00fcr H\u00e4ndler<\/h3>\n<ul data-start=\"820\" data-end=\"1075\">\n<li data-start=\"820\" data-end=\"880\">\n<p data-start=\"822\" data-end=\"880\">Trendiger Ananasgeschmack mit breiter Zielgruppenwirkung<\/p>\n<\/li>\n<li data-start=\"881\" data-end=\"923\">\n<p data-start=\"883\" data-end=\"923\">Ideal f\u00fcr Impulsk\u00e4ufe &amp; Zusatzverk\u00e4ufe<\/p>\n<\/li>\n<li data-start=\"924\" data-end=\"962\">\n<p data-start=\"926\" data-end=\"962\">Hohe Marge im praktischen 10er-Set<\/p>\n<\/li>\n<li data-start=\"963\" data-end=\"1018\">\n<p data-start=\"965\" data-end=\"1018\">Perfekt platzierbar an der Kasse oder im Frontregal<\/p>\n<\/li>\n<li data-start=\"1019\" data-end=\"1075\">\n<p data-start=\"1021\" data-end=\"1075\">Starke Erg\u00e4nzung zu Vapes, Snacks &amp; Lifestyle-Artikeln<\/p>\n<\/li>\n<\/ul>\n<h3 data-start=\"1077\" data-end=\"1095\">Produktdetails<\/h3>\n<ul data-start=\"1096\" data-end=\"1231\">\n<li data-start=\"1096\" data-end=\"1124\">\n<p data-start=\"1098\" data-end=\"1124\"><strong data-start=\"1098\" data-end=\"1112\">Geschmack:<\/strong> Pineapple<\/p>\n<\/li>\n<li data-start=\"1125\" data-end=\"1168\">\n<p data-start=\"1127\" data-end=\"1168\"><strong data-start=\"1127\" data-end=\"1138\">Inhalt:<\/strong> 10\u00d7 Dosen \u00e0 100 Zahnstocher<\/p>\n<\/li>\n<li data-start=\"1169\" data-end=\"1231\">\n<p data-start=\"1171\" data-end=\"1231\"><strong data-start=\"1171\" data-end=\"1185\">Kategorie:<\/strong> Aromatisierte Zahnstocher \/ Lifestyle-Artikel<\/p>\n<\/li>\n<\/ul>\n","protected":false},"excerpt":{"rendered":"<p>Wunder Zahnstocher Pineapple \u2013 10\u00d7100 St\u00fcck S\u00fc\u00dfer Ananasgeschmack \u2013 starkes Impulsprodukt f\u00fcr den Kassenbereich Wunder Zahnstocher Pineapple bieten einen intensiven, s\u00fc\u00df-fruchtigen Ananasgeschmack und geh\u00f6ren zu den gefragten aromatisierten Toothpicks im Lifestyle-Segment. Das Produkt spricht besonders junge K\u00e4ufer an und eignet sich hervorragend als Mitnahmeartikel mit hoher Spontankauf-Quote. Mit 10 Dosen \u00e0 100 St\u00fcck erhalten H\u00e4ndler [&hellip;]<\/p>\n","protected":false},"featured_media":108575,"comment_status":"closed","ping_status":"closed","template":"","meta":[],"product_brand":[298],"product_cat":[133,213],"product_tag":[],"class_list":{"0":"post-108574","1":"product","2":"type-product","3":"status-publish","4":"has-post-thumbnail","6":"product_brand-wunder","7":"product_cat-snacks","8":"product_cat-zubehoer-und-spielzeuge","9":"product_shipping_class-reduced-rate","11":"first","12":"instock","13":"taxable","14":"shipping-taxable","15":"product-type-simple"},"_links":{"self":[{"href":"https:\/\/dekaufmann.de\/index.php?rest_route=\/wp\/v2\/product\/108574","targetHints":{"allow":["GET"]}}],"collection":[{"href":"https:\/\/dekaufmann.de\/index.php?rest_route=\/wp\/v2\/product"}],"about":[{"href":"https:\/\/dekaufmann.de\/index.php?rest_route=\/wp\/v2\/types\/product"}],"replies":[{"embeddable":true,"href":"https:\/\/dekaufmann.de\/index.php?rest_route=%2Fwp%2Fv2%2Fcomments&post=108574"}],"wp:featuredmedia":[{"embeddable":true,"href":"https:\/\/dekaufmann.de\/index.php?rest_route=\/wp\/v2\/media\/108575"}],"wp:attachment":[{"href":"https:\/\/dekaufmann.de\/index.php?rest_route=%2Fwp%2Fv2%2Fmedia&parent=108574"}],"wp:term":[{"taxonomy":"product_brand","embeddable":true,"href":"https:\/\/dekaufmann.de\/index.php?rest_route=%2Fwp%2Fv2%2Fproduct_brand&post=108574"},{"taxonomy":"product_cat","embeddable":true,"href":"https:\/\/dekaufmann.de\/index.php?rest_route=%2Fwp%2Fv2%2Fproduct_cat&post=108574"},{"taxonomy":"product_tag","embeddable":true,"href":"https:\/\/dekaufmann.de\/index.php?rest_route=%2Fwp%2Fv2%2Fproduct_tag&post=108574"}],"curies":[{"name":"wp","href":"https:\/\/api.w.org\/{rel}","templated":true}]}}