{"id":108568,"date":"2025-12-10T15:15:45","date_gmt":"2025-12-10T15:15:45","guid":{"rendered":"https:\/\/dekaufmann.de\/?post_type=product&#038;p=108568"},"modified":"2026-04-30T14:26:49","modified_gmt":"2026-04-30T14:26:49","slug":"al-fakher-pod-akkutraeger-green-10xgeraete","status":"publish","type":"product","link":"https:\/\/dekaufmann.de\/?product=al-fakher-pod-akkutraeger-green-10xgeraete","title":{"rendered":"Al Fakher Pod Akkutr\u00e4ger \u2013 Green (10\u00d7Ger\u00e4te)"},"content":{"rendered":"<p data-start=\"907\" data-end=\"1076\">Der gr\u00fcne Akkutr\u00e4ger bietet einen frischen Look und ist bei vielen Kunden als farbiger Zweitakku beliebt. Ein zuverl\u00e4ssiger Umsatzbringer f\u00fcr H\u00e4ndler im Hardwarebereich.<\/p>\n<h3 data-start=\"1078\" data-end=\"1106\"><strong data-start=\"1082\" data-end=\"1106\">Vorteile f\u00fcr H\u00e4ndler<\/strong><\/h3>\n<p data-start=\"1107\" data-end=\"1309\"><strong data-start=\"1107\" data-end=\"1154\">Beliebter Farbklassiker \u2192 stabile Nachfrage<\/strong><br data-start=\"1154\" data-end=\"1157\" \/><strong data-start=\"1157\" data-end=\"1207\">10er Pack \u2192 starke Marge &amp; schneller Abverkauf<\/strong><br data-start=\"1257\" data-end=\"1260\" \/><strong data-start=\"1260\" data-end=\"1309\">Ideal f\u00fcr Kioske, Vape-Stores &amp; Online-Handel<\/strong><\/p>\n<h3 data-start=\"1311\" data-end=\"1333\"><strong data-start=\"1315\" data-end=\"1333\">Produktdetails<\/strong><\/h3>\n<p data-start=\"1334\" data-end=\"1469\"><strong data-start=\"1334\" data-end=\"1344\">Farbe:<\/strong> Green<br data-start=\"1350\" data-end=\"1353\" \/><strong data-start=\"1353\" data-end=\"1364\">Inhalt:<\/strong> 10\u00d7 Akkutr\u00e4ger<br data-start=\"1379\" data-end=\"1382\" \/><strong data-start=\"1382\" data-end=\"1401\">Kompatibilit\u00e4t:<\/strong> Magnetischer Pod-Anschluss<br data-start=\"1430\" data-end=\"1433\" \/><strong data-start=\"1433\" data-end=\"1447\">Kategorie:<\/strong> Pod-System Hardware**<\/p>\n<p data-start=\"1198\" data-end=\"1340\"><strong>Weitere Geschm\u00e4cker (45 Sorten):<\/strong> <a href=\"https:\/\/dekaufmann.de\/shop\/vapes\/al-fakher-pod-blackcurrant-ice-10x2er-pack-22-ml-pods\/\">1. Blackcurrant Ice<\/a> | <a href=\"https:\/\/dekaufmann.de\/shop\/vapes\/al-fakher-pod-grape-mint-10x2er-pack-22-ml-pods\/\">2. Grape Mint<\/a> | <a href=\"https:\/\/dekaufmann.de\/shop\/vapes\/al-fakher-pod-berry-blue-10x2er-pack-22-ml-pods\/\">3. Berry Blue<\/a> | <a href=\"https:\/\/dekaufmann.de\/shop\/vapes\/al-fakher-pod-lemon-lime-cherry-fizz-10x2er-pack-22-ml-pods\/\">4. Lemon Lime<\/a> | <a href=\"https:\/\/dekaufmann.de\/shop\/vapes\/al-fakher-pod-peach-ice-10x2er-pack-22-ml-pods\/\">5. Peach Ice<\/a> | <a href=\"https:\/\/dekaufmann.de\/shop\/vapes\/al-fakher-pod-two-apple-10x2er-pack-22-ml-pods\/\">6. Two Apple<\/a> | <a href=\"https:\/\/dekaufmann.de\/shop\/vapes\/al-fakher-pod-berry-ice-10x2er-pack-22-ml-pods\/\">7. Berry Ice<\/a> |<a href=\"https:\/\/dekaufmann.de\/shop\/vapes\/al-fakher-pod-lush-ice-10x2er-pack-22-ml-pods\/\"> 8. Lush Ice<\/a> | <a href=\"https:\/\/dekaufmann.de\/shop\/vapes\/al-fakher-pod-cherry-fizz-10x2er-pack-22-ml-pods\/\">9. Cherry Fizz<\/a> |<a href=\"https:\/\/dekaufmann.de\/shop\/vapes\/al-fakher-pod-blueberry-cherry-10x2er-pack-22-ml-pods\/\"> 10. Blueberry Cherry<\/a> |<a href=\"https:\/\/dekaufmann.de\/shop\/vapes\/al-fakher-pod-grape-berry-10x2er-pack-22-ml-pods\/\"> 11. Grape Berry<\/a> |<a href=\"https:\/\/dekaufmann.de\/shop\/vapes\/al-fakher-pod-cherry-ice-10x2er-pack-22-ml-pods\/\"> 12. Cherry Ice<\/a> |<a href=\"https:\/\/dekaufmann.de\/shop\/vapes\/al-fakher-pod-magic-love-10x2er-pack-22-ml-pods\/\"> 13. Magic Love<\/a> |<a href=\"https:\/\/dekaufmann.de\/shop\/vapes\/al-fakher-pod-lemon-lime-cherry-fizz-10x2er-pack-22-ml-pods\/\"> 14. Lemon Lime Cherry Fizz<\/a> |<a href=\"https:\/\/dekaufmann.de\/shop\/vapes\/al-fakher-pod-strawberry-cherry-10x2er-pack-22-ml-pods\/\"> 15. Strawberry Cherry<\/a> | <a href=\"https:\/\/dekaufmann.de\/shop\/vapes\/al-fakher-pod-cherry-fiesta-10x2er-pack-22-ml-pods\/\">16. Cherry Fiesta<\/a> | <a href=\"https:\/\/dekaufmann.de\/shop\/vapes\/al-fakher-pod-mixed-berry-10x2er-pack-22-ml-pods\/\">17. Mixed Berry<\/a> | <a href=\"https:\/\/dekaufmann.de\/shop\/vapes\/al-fakher-pod-lemon-mint-10x2er-pack-22-ml-pods\/\">18. Lemon Mint<\/a> | <a href=\"https:\/\/dekaufmann.de\/shop\/vapes\/al-fakher-pod-blue-razz-lemonade-10x2er-pack-22-ml-pods\/\">19. Blue Razz Lemonade<\/a> | <a href=\"https:\/\/dekaufmann.de\/shop\/vapes\/al-fakher-pod-blueberry-raspberry-10x2er-pack-22-ml-pods\/\">20. Blueberry Raspberry<\/a> | <a href=\"https:\/\/dekaufmann.de\/shop\/vapes\/al-fakher-pod-strawberry-punch-10x2er-pack-22-ml-pods\/\">21. Strawberry Punch<\/a> | <a href=\"https:\/\/dekaufmann.de\/shop\/vapes\/al-fakher-pod-blackcurrant-mint-10x2er-pack-22-ml-pods\/\">22. Blackcurrant Mint<\/a> | <a href=\"https:\/\/dekaufmann.de\/shop\/vapes\/al-fakher-pod-watermelon-cherry-10x2er-pack-22-ml-pods\/\">23. Watermelon Cherry<\/a> |<a href=\"https:\/\/dekaufmann.de\/shop\/vapes\/al-fakher-pod-mango-pineapple-10x2er-pack-22-ml-pods\/\"> 24. Mango Pineapple<\/a> | <a href=\"https:\/\/dekaufmann.de\/shop\/vapes\/al-fakher-pod-grape-10x2er-pack-22-ml-pods\/\">25. Grape<\/a> | <a href=\"https:\/\/dekaufmann.de\/shop\/vapes\/al-fakher-pod-ice-blue-10x2er-pack-22-ml-pods\/\">26. Ice Blue<\/a> | <a href=\"https:\/\/dekaufmann.de\/shop\/vapes\/al-fakher-pod-cool-mango-10x2er-pack-22-ml-pods\/\">27. Cool Mango<\/a> | <a href=\"https:\/\/dekaufmann.de\/shop\/vapes\/al-fakher-pod-space-dream-10x2er-pack-22-ml-pods\/\">28. Space Dream<\/a> | <a href=\"https:\/\/dekaufmann.de\/shop\/vapes\/al-fakher-pod-watermelon-kiwi-10x2er-pack-22-ml-pods\/\">29. Watermelon Kiwi<\/a> |<a href=\"https:\/\/dekaufmann.de\/shop\/vapes\/al-fakher-pod-pineapple-ice-10x2er-pack-22-ml-pods\/\"> 30. Pineapple Ice<\/a> |<a href=\"https:\/\/dekaufmann.de\/shop\/vapes\/al-fakher-pod-blueberry-gum-10x2er-pack-22-ml-pods\/\"> 31. Blueberry Gum<\/a> |<a href=\"https:\/\/dekaufmann.de\/shop\/vapes\/al-fakher-pod-orange-mint-10x2er-pack-22-ml-pods\/\"> 32. Orange Mint<\/a> |<a href=\"https:\/\/dekaufmann.de\/shop\/vapes\/al-fakher-pod-summer-dream-10x2er-pack-22-ml-pods\/\"> 33. Summer Dream<\/a> | <a href=\"https:\/\/dekaufmann.de\/shop\/vapes\/al-fakher-pod-watermelon-lime-10x2er-pack-22-ml-pods\/\">34. Watermelon Lime<\/a> | <a href=\"https:\/\/dekaufmann.de\/shop\/vapes\/al-fakher-pod-blue-razz-blast-10x2er-pack-22-ml-pods\/\">35. Blue Razz Blast<\/a> |<a href=\"https:\/\/dekaufmann.de\/shop\/vapes\/al-fakher-pod-blueberry-mint-10x2er-pack-22-ml-pods\/\"> 36. Blueberry Mint<\/a> |<a href=\"https:\/\/dekaufmann.de\/shop\/vapes\/al-fakher-pod-blueberry-lemonade-10x2er-pack-22-ml-pods\/\"> 37. Blueberry Lemonade<\/a> |<a href=\"https:\/\/dekaufmann.de\/shop\/vapes\/al-fakher-pod-fusion-pop-10x2er-pack-22-ml-pods\/\"> 38. Fusion Pop<\/a> |<a href=\"https:\/\/dekaufmann.de\/shop\/vapes\/al-fakher-pod-watermelon-pineapple-10x2er-pack-22-ml-pods\/\"> 39. Watermelon Pineapple<\/a> | <a href=\"https:\/\/dekaufmann.de\/shop\/vapes\/al-fakher-pod-blueberry-sour-raspberry-10x2er-pack-22-ml-pods\/\">40. Blueberry Sour Raspberry<\/a> | <a href=\"https:\/\/dekaufmann.de\/shop\/vapes\/al-fakher-pod-gum-mint-10x2er-pack-22-ml-pods\/\">41. Gum Mint<\/a> | <a href=\"https:\/\/dekaufmann.de\/shop\/vapes\/al-fakher-pod-menthol-10x2er-pack-22-ml-pods\/\">42. Menthol<\/a> | <a href=\"https:\/\/dekaufmann.de\/shop\/vapes\/al-fakher-pod-spearmint-10x2er-pack-22-ml-pods\/\">43. Mint<\/a> | <a href=\"https:\/\/dekaufmann.de\/shop\/vapes\/al-fakher-pod-spearmint-10x2er-pack-22-ml-pods\/\">44. Spearmint<\/a> |<a href=\"https:\/\/dekaufmann.de\/shop\/vapes\/al-fakher-pod-hubba-10x2er-pack-22-ml-pods\/\"> 45. Hubba<\/a><\/p>\n<p data-start=\"899\" data-end=\"935\">\u2014\u2014\u2014\u2014\u2014\u2014\u2014\u2014\u2014\u2014\u2014\u2014\u2014\u2014\u2014\u2014\u2014\u2014\u2014\u2014\u2014\u2014\u2014\u2014\u2014\u2014\u2014\u2014\u2014\u2014\u2014\u2014\u2014\u2014\u2014\u2014<\/p>\n<p data-start=\"937\" data-end=\"1098\" data-is-last-node=\"\" data-is-only-node=\"\"><strong>Hier dazugeh\u00f6rige Akkutr\u00e4ger:<\/strong> Al Fakher Pod Akkutr\u00e4ger in 7 Farben<\/p>\n<p data-start=\"937\" data-end=\"1098\" data-is-last-node=\"\" data-is-only-node=\"\"><a href=\"https:\/\/dekaufmann.de\/shop\/vapes\/al-fakher-pod-akkutraeger-black-10x-geraete\/\">Black<\/a> |<a href=\"https:\/\/dekaufmann.de\/shop\/vapes\/al-fakher-pod-akkutraeger-red-10xgeraete\/\"> Red<\/a> | <a href=\"https:\/\/dekaufmann.de\/shop\/vapes\/al-fakher-pod-akkutraeger-purple-10xgeraete\/\">Purple<\/a> |<a href=\"https:\/\/dekaufmann.de\/shop\/vapes\/al-fakher-pod-akkutraeger-light-blue-10xgeraete\/\"> Light Blue<\/a> |<a href=\"https:\/\/dekaufmann.de\/shop\/vapes\/al-fakher-pod-akkutraeger-light-green-10xgeraete\/\"> Green<\/a> | <a href=\"https:\/\/dekaufmann.de\/shop\/vapes\/al-fakher-pod-akkutraeger-light-green-10xgeraete\/\">Light Green<\/a> | <a href=\"https:\/\/dekaufmann.de\/shop\/vapes\/al-fakher-pod-akkutraeger-blue-10xgeraete\/\">Blue<\/a> \u2013 jeweils als 10\u00d7Ger\u00e4te-Pack.<\/p>\n","protected":false},"excerpt":{"rendered":"<p>Der gr\u00fcne Akkutr\u00e4ger bietet einen frischen Look und ist bei vielen Kunden als farbiger Zweitakku beliebt. Ein zuverl\u00e4ssiger Umsatzbringer f\u00fcr H\u00e4ndler im Hardwarebereich. Vorteile f\u00fcr H\u00e4ndler Beliebter Farbklassiker \u2192 stabile Nachfrage10er Pack \u2192 starke Marge &amp; schneller AbverkaufIdeal f\u00fcr Kioske, Vape-Stores &amp; Online-Handel Produktdetails Farbe: GreenInhalt: 10\u00d7 Akkutr\u00e4gerKompatibilit\u00e4t: Magnetischer Pod-AnschlussKategorie: Pod-System Hardware** Weitere Geschm\u00e4cker (45 [&hellip;]<\/p>\n","protected":false},"featured_media":108669,"comment_status":"closed","ping_status":"closed","template":"","meta":[],"product_brand":[151],"product_cat":[81],"product_tag":[],"class_list":{"0":"post-108568","1":"product","2":"type-product","3":"status-publish","4":"has-post-thumbnail","6":"product_brand-al-fakher","7":"product_cat-vapes","8":"product_shipping_class-reduced-rate","10":"first","11":"instock","12":"taxable","13":"shipping-taxable","14":"product-type-simple"},"_links":{"self":[{"href":"https:\/\/dekaufmann.de\/index.php?rest_route=\/wp\/v2\/product\/108568","targetHints":{"allow":["GET"]}}],"collection":[{"href":"https:\/\/dekaufmann.de\/index.php?rest_route=\/wp\/v2\/product"}],"about":[{"href":"https:\/\/dekaufmann.de\/index.php?rest_route=\/wp\/v2\/types\/product"}],"replies":[{"embeddable":true,"href":"https:\/\/dekaufmann.de\/index.php?rest_route=%2Fwp%2Fv2%2Fcomments&post=108568"}],"wp:featuredmedia":[{"embeddable":true,"href":"https:\/\/dekaufmann.de\/index.php?rest_route=\/wp\/v2\/media\/108669"}],"wp:attachment":[{"href":"https:\/\/dekaufmann.de\/index.php?rest_route=%2Fwp%2Fv2%2Fmedia&parent=108568"}],"wp:term":[{"taxonomy":"product_brand","embeddable":true,"href":"https:\/\/dekaufmann.de\/index.php?rest_route=%2Fwp%2Fv2%2Fproduct_brand&post=108568"},{"taxonomy":"product_cat","embeddable":true,"href":"https:\/\/dekaufmann.de\/index.php?rest_route=%2Fwp%2Fv2%2Fproduct_cat&post=108568"},{"taxonomy":"product_tag","embeddable":true,"href":"https:\/\/dekaufmann.de\/index.php?rest_route=%2Fwp%2Fv2%2Fproduct_tag&post=108568"}],"curies":[{"name":"wp","href":"https:\/\/api.w.org\/{rel}","templated":true}]}}