{"id":108566,"date":"2025-12-10T15:13:44","date_gmt":"2025-12-10T15:13:44","guid":{"rendered":"https:\/\/dekaufmann.de\/?post_type=product&#038;p=108566"},"modified":"2026-04-30T14:27:26","modified_gmt":"2026-04-30T14:27:26","slug":"al-fakher-pod-akkutraeger-purple-10xgeraete","status":"publish","type":"product","link":"https:\/\/dekaufmann.de\/?product=al-fakher-pod-akkutraeger-purple-10xgeraete","title":{"rendered":"Al Fakher Pod Akkutr\u00e4ger \u2013 Purple (10\u00d7Ger\u00e4te)"},"content":{"rendered":"<h1 data-start=\"2069\" data-end=\"2119\"><strong data-start=\"2071\" data-end=\"2119\">Al Fakher Pod Akkutr\u00e4ger \u2013 Purple (10\u00d7 Ger\u00e4te)<\/strong><\/h1>\n<p data-start=\"2121\" data-end=\"2239\">Der lilane Akkutr\u00e4ger z\u00e4hlt zu den beliebtesten Farbvarianten und eignet sich ideal als Erg\u00e4nzungskauf f\u00fcr Stammkunden.<\/p>\n<h3 data-start=\"2241\" data-end=\"2269\"><strong data-start=\"2245\" data-end=\"2269\">Vorteile f\u00fcr H\u00e4ndler<\/strong><\/h3>\n<p data-start=\"2270\" data-end=\"2466\"><strong data-start=\"2270\" data-end=\"2312\">Beliebte Farbe \u2192 sehr starke Nachfrage<\/strong><br data-start=\"2312\" data-end=\"2315\" \/><strong data-start=\"2315\" data-end=\"2368\">10er Pack \u2192 gute Gewinnspanne &amp; schnelle Rotation<\/strong><br data-start=\"2418\" data-end=\"2421\" \/><strong data-start=\"2421\" data-end=\"2466\">Einfach zu verkaufen \u2192 universell gefragt<\/strong><\/p>\n<h3 data-start=\"2468\" data-end=\"2490\"><strong data-start=\"2472\" data-end=\"2490\">Produktdetails<\/strong><\/h3>\n<p data-start=\"2491\" data-end=\"2625\"><strong data-start=\"2491\" data-end=\"2501\">Farbe:<\/strong> Purple<br data-start=\"2506\" data-end=\"2509\" \/><strong data-start=\"2509\" data-end=\"2520\">Inhalt:<\/strong> 10\u00d7 Akkutr\u00e4ger<br data-start=\"2535\" data-end=\"2538\" \/><strong data-start=\"2538\" data-end=\"2557\">Kompatibilit\u00e4t:<\/strong> Magnetischer Pod-Anschluss<br data-start=\"2586\" data-end=\"2589\" \/><strong data-start=\"2589\" data-end=\"2603\">Kategorie:<\/strong> Pod-System Hardware**<\/p>\n<p data-start=\"1198\" data-end=\"1340\"><strong>Weitere Geschm\u00e4cker (45 Sorten):<\/strong> <a href=\"https:\/\/dekaufmann.de\/shop\/vapes\/al-fakher-pod-blackcurrant-ice-10x2er-pack-22-ml-pods\/\">1. Blackcurrant Ice<\/a> | <a href=\"https:\/\/dekaufmann.de\/shop\/vapes\/al-fakher-pod-grape-mint-10x2er-pack-22-ml-pods\/\">2. Grape Mint<\/a> | <a href=\"https:\/\/dekaufmann.de\/shop\/vapes\/al-fakher-pod-berry-blue-10x2er-pack-22-ml-pods\/\">3. Berry Blue<\/a> | <a href=\"https:\/\/dekaufmann.de\/shop\/vapes\/al-fakher-pod-lemon-lime-cherry-fizz-10x2er-pack-22-ml-pods\/\">4. Lemon Lime<\/a> | <a href=\"https:\/\/dekaufmann.de\/shop\/vapes\/al-fakher-pod-peach-ice-10x2er-pack-22-ml-pods\/\">5. Peach Ice<\/a> | <a href=\"https:\/\/dekaufmann.de\/shop\/vapes\/al-fakher-pod-two-apple-10x2er-pack-22-ml-pods\/\">6. Two Apple<\/a> | <a href=\"https:\/\/dekaufmann.de\/shop\/vapes\/al-fakher-pod-berry-ice-10x2er-pack-22-ml-pods\/\">7. Berry Ice<\/a> |<a href=\"https:\/\/dekaufmann.de\/shop\/vapes\/al-fakher-pod-lush-ice-10x2er-pack-22-ml-pods\/\"> 8. Lush Ice<\/a> | <a href=\"https:\/\/dekaufmann.de\/shop\/vapes\/al-fakher-pod-cherry-fizz-10x2er-pack-22-ml-pods\/\">9. Cherry Fizz<\/a> |<a href=\"https:\/\/dekaufmann.de\/shop\/vapes\/al-fakher-pod-blueberry-cherry-10x2er-pack-22-ml-pods\/\"> 10. Blueberry Cherry<\/a> |<a href=\"https:\/\/dekaufmann.de\/shop\/vapes\/al-fakher-pod-grape-berry-10x2er-pack-22-ml-pods\/\"> 11. Grape Berry<\/a> |<a href=\"https:\/\/dekaufmann.de\/shop\/vapes\/al-fakher-pod-cherry-ice-10x2er-pack-22-ml-pods\/\"> 12. Cherry Ice<\/a> |<a href=\"https:\/\/dekaufmann.de\/shop\/vapes\/al-fakher-pod-magic-love-10x2er-pack-22-ml-pods\/\"> 13. Magic Love<\/a> |<a href=\"https:\/\/dekaufmann.de\/shop\/vapes\/al-fakher-pod-lemon-lime-cherry-fizz-10x2er-pack-22-ml-pods\/\"> 14. Lemon Lime Cherry Fizz<\/a> |<a href=\"https:\/\/dekaufmann.de\/shop\/vapes\/al-fakher-pod-strawberry-cherry-10x2er-pack-22-ml-pods\/\"> 15. Strawberry Cherry<\/a> | <a href=\"https:\/\/dekaufmann.de\/shop\/vapes\/al-fakher-pod-cherry-fiesta-10x2er-pack-22-ml-pods\/\">16. Cherry Fiesta<\/a> | <a href=\"https:\/\/dekaufmann.de\/shop\/vapes\/al-fakher-pod-mixed-berry-10x2er-pack-22-ml-pods\/\">17. Mixed Berry<\/a> | <a href=\"https:\/\/dekaufmann.de\/shop\/vapes\/al-fakher-pod-lemon-mint-10x2er-pack-22-ml-pods\/\">18. Lemon Mint<\/a> | <a href=\"https:\/\/dekaufmann.de\/shop\/vapes\/al-fakher-pod-blue-razz-lemonade-10x2er-pack-22-ml-pods\/\">19. Blue Razz Lemonade<\/a> | <a href=\"https:\/\/dekaufmann.de\/shop\/vapes\/al-fakher-pod-blueberry-raspberry-10x2er-pack-22-ml-pods\/\">20. Blueberry Raspberry<\/a> | <a href=\"https:\/\/dekaufmann.de\/shop\/vapes\/al-fakher-pod-strawberry-punch-10x2er-pack-22-ml-pods\/\">21. Strawberry Punch<\/a> | <a href=\"https:\/\/dekaufmann.de\/shop\/vapes\/al-fakher-pod-blackcurrant-mint-10x2er-pack-22-ml-pods\/\">22. Blackcurrant Mint<\/a> | <a href=\"https:\/\/dekaufmann.de\/shop\/vapes\/al-fakher-pod-watermelon-cherry-10x2er-pack-22-ml-pods\/\">23. Watermelon Cherry<\/a> |<a href=\"https:\/\/dekaufmann.de\/shop\/vapes\/al-fakher-pod-mango-pineapple-10x2er-pack-22-ml-pods\/\"> 24. Mango Pineapple<\/a> | <a href=\"https:\/\/dekaufmann.de\/shop\/vapes\/al-fakher-pod-grape-10x2er-pack-22-ml-pods\/\">25. Grape<\/a> | <a href=\"https:\/\/dekaufmann.de\/shop\/vapes\/al-fakher-pod-ice-blue-10x2er-pack-22-ml-pods\/\">26. Ice Blue<\/a> | <a href=\"https:\/\/dekaufmann.de\/shop\/vapes\/al-fakher-pod-cool-mango-10x2er-pack-22-ml-pods\/\">27. Cool Mango<\/a> | <a href=\"https:\/\/dekaufmann.de\/shop\/vapes\/al-fakher-pod-space-dream-10x2er-pack-22-ml-pods\/\">28. Space Dream<\/a> | <a href=\"https:\/\/dekaufmann.de\/shop\/vapes\/al-fakher-pod-watermelon-kiwi-10x2er-pack-22-ml-pods\/\">29. Watermelon Kiwi<\/a> |<a href=\"https:\/\/dekaufmann.de\/shop\/vapes\/al-fakher-pod-pineapple-ice-10x2er-pack-22-ml-pods\/\"> 30. Pineapple Ice<\/a> |<a href=\"https:\/\/dekaufmann.de\/shop\/vapes\/al-fakher-pod-blueberry-gum-10x2er-pack-22-ml-pods\/\"> 31. Blueberry Gum<\/a> |<a href=\"https:\/\/dekaufmann.de\/shop\/vapes\/al-fakher-pod-orange-mint-10x2er-pack-22-ml-pods\/\"> 32. Orange Mint<\/a> |<a href=\"https:\/\/dekaufmann.de\/shop\/vapes\/al-fakher-pod-summer-dream-10x2er-pack-22-ml-pods\/\"> 33. Summer Dream<\/a> | <a href=\"https:\/\/dekaufmann.de\/shop\/vapes\/al-fakher-pod-watermelon-lime-10x2er-pack-22-ml-pods\/\">34. Watermelon Lime<\/a> | <a href=\"https:\/\/dekaufmann.de\/shop\/vapes\/al-fakher-pod-blue-razz-blast-10x2er-pack-22-ml-pods\/\">35. Blue Razz Blast<\/a> |<a href=\"https:\/\/dekaufmann.de\/shop\/vapes\/al-fakher-pod-blueberry-mint-10x2er-pack-22-ml-pods\/\"> 36. Blueberry Mint<\/a> |<a href=\"https:\/\/dekaufmann.de\/shop\/vapes\/al-fakher-pod-blueberry-lemonade-10x2er-pack-22-ml-pods\/\"> 37. Blueberry Lemonade<\/a> |<a href=\"https:\/\/dekaufmann.de\/shop\/vapes\/al-fakher-pod-fusion-pop-10x2er-pack-22-ml-pods\/\"> 38. Fusion Pop<\/a> |<a href=\"https:\/\/dekaufmann.de\/shop\/vapes\/al-fakher-pod-watermelon-pineapple-10x2er-pack-22-ml-pods\/\"> 39. Watermelon Pineapple<\/a> | <a href=\"https:\/\/dekaufmann.de\/shop\/vapes\/al-fakher-pod-blueberry-sour-raspberry-10x2er-pack-22-ml-pods\/\">40. Blueberry Sour Raspberry<\/a> | <a href=\"https:\/\/dekaufmann.de\/shop\/vapes\/al-fakher-pod-gum-mint-10x2er-pack-22-ml-pods\/\">41. Gum Mint<\/a> | <a href=\"https:\/\/dekaufmann.de\/shop\/vapes\/al-fakher-pod-menthol-10x2er-pack-22-ml-pods\/\">42. Menthol<\/a> | <a href=\"https:\/\/dekaufmann.de\/shop\/vapes\/al-fakher-pod-spearmint-10x2er-pack-22-ml-pods\/\">43. Mint<\/a> | <a href=\"https:\/\/dekaufmann.de\/shop\/vapes\/al-fakher-pod-spearmint-10x2er-pack-22-ml-pods\/\">44. Spearmint<\/a> |<a href=\"https:\/\/dekaufmann.de\/shop\/vapes\/al-fakher-pod-hubba-10x2er-pack-22-ml-pods\/\"> 45. Hubba<\/a><\/p>\n<p data-start=\"899\" data-end=\"935\">\u2014\u2014\u2014\u2014\u2014\u2014\u2014\u2014\u2014\u2014\u2014\u2014\u2014\u2014\u2014\u2014\u2014\u2014\u2014\u2014\u2014\u2014\u2014\u2014\u2014\u2014\u2014\u2014\u2014\u2014\u2014\u2014\u2014\u2014\u2014\u2014<\/p>\n<p data-start=\"937\" data-end=\"1098\" data-is-last-node=\"\" data-is-only-node=\"\"><strong>Hier dazugeh\u00f6rige Akkutr\u00e4ger:<\/strong> Al Fakher Pod Akkutr\u00e4ger in 7 Farben<\/p>\n<p data-start=\"937\" data-end=\"1098\" data-is-last-node=\"\" data-is-only-node=\"\"><a href=\"https:\/\/dekaufmann.de\/shop\/vapes\/al-fakher-pod-akkutraeger-black-10x-geraete\/\">Black<\/a> |<a href=\"https:\/\/dekaufmann.de\/shop\/vapes\/al-fakher-pod-akkutraeger-red-10xgeraete\/\"> Red<\/a> | <a href=\"https:\/\/dekaufmann.de\/shop\/vapes\/al-fakher-pod-akkutraeger-purple-10xgeraete\/\">Purple<\/a> |<a href=\"https:\/\/dekaufmann.de\/shop\/vapes\/al-fakher-pod-akkutraeger-light-blue-10xgeraete\/\"> Light Blue<\/a> |<a href=\"https:\/\/dekaufmann.de\/shop\/vapes\/al-fakher-pod-akkutraeger-light-green-10xgeraete\/\"> Green<\/a> | <a href=\"https:\/\/dekaufmann.de\/shop\/vapes\/al-fakher-pod-akkutraeger-light-green-10xgeraete\/\">Light Green<\/a> | <a href=\"https:\/\/dekaufmann.de\/shop\/vapes\/al-fakher-pod-akkutraeger-blue-10xgeraete\/\">Blue<\/a> \u2013 jeweils als 10\u00d7Ger\u00e4te-Pack.<\/p>\n","protected":false},"excerpt":{"rendered":"<p>Al Fakher Pod Akkutr\u00e4ger \u2013 Purple (10\u00d7 Ger\u00e4te) Der lilane Akkutr\u00e4ger z\u00e4hlt zu den beliebtesten Farbvarianten und eignet sich ideal als Erg\u00e4nzungskauf f\u00fcr Stammkunden. Vorteile f\u00fcr H\u00e4ndler Beliebte Farbe \u2192 sehr starke Nachfrage10er Pack \u2192 gute Gewinnspanne &amp; schnelle RotationEinfach zu verkaufen \u2192 universell gefragt Produktdetails Farbe: PurpleInhalt: 10\u00d7 Akkutr\u00e4gerKompatibilit\u00e4t: Magnetischer Pod-AnschlussKategorie: Pod-System Hardware** Weitere [&hellip;]<\/p>\n","protected":false},"featured_media":108667,"comment_status":"closed","ping_status":"closed","template":"","meta":[],"product_brand":[151],"product_cat":[81],"product_tag":[],"class_list":{"0":"post-108566","1":"product","2":"type-product","3":"status-publish","4":"has-post-thumbnail","6":"product_brand-al-fakher","7":"product_cat-vapes","8":"product_shipping_class-reduced-rate","10":"first","11":"instock","12":"taxable","13":"shipping-taxable","14":"product-type-simple"},"_links":{"self":[{"href":"https:\/\/dekaufmann.de\/index.php?rest_route=\/wp\/v2\/product\/108566","targetHints":{"allow":["GET"]}}],"collection":[{"href":"https:\/\/dekaufmann.de\/index.php?rest_route=\/wp\/v2\/product"}],"about":[{"href":"https:\/\/dekaufmann.de\/index.php?rest_route=\/wp\/v2\/types\/product"}],"replies":[{"embeddable":true,"href":"https:\/\/dekaufmann.de\/index.php?rest_route=%2Fwp%2Fv2%2Fcomments&post=108566"}],"wp:featuredmedia":[{"embeddable":true,"href":"https:\/\/dekaufmann.de\/index.php?rest_route=\/wp\/v2\/media\/108667"}],"wp:attachment":[{"href":"https:\/\/dekaufmann.de\/index.php?rest_route=%2Fwp%2Fv2%2Fmedia&parent=108566"}],"wp:term":[{"taxonomy":"product_brand","embeddable":true,"href":"https:\/\/dekaufmann.de\/index.php?rest_route=%2Fwp%2Fv2%2Fproduct_brand&post=108566"},{"taxonomy":"product_cat","embeddable":true,"href":"https:\/\/dekaufmann.de\/index.php?rest_route=%2Fwp%2Fv2%2Fproduct_cat&post=108566"},{"taxonomy":"product_tag","embeddable":true,"href":"https:\/\/dekaufmann.de\/index.php?rest_route=%2Fwp%2Fv2%2Fproduct_tag&post=108566"}],"curies":[{"name":"wp","href":"https:\/\/api.w.org\/{rel}","templated":true}]}}