{"id":108518,"date":"2025-12-10T13:40:41","date_gmt":"2025-12-10T13:40:41","guid":{"rendered":"https:\/\/dekaufmann.de\/?post_type=product&#038;p=108518"},"modified":"2026-04-30T14:37:33","modified_gmt":"2026-04-30T14:37:33","slug":"al-fakher-pod-fusion-pop-10x2er-pack-22-ml-pods","status":"publish","type":"product","link":"https:\/\/dekaufmann.de\/?product=al-fakher-pod-fusion-pop-10x2er-pack-22-ml-pods","title":{"rendered":"Al Fakher Pod Fusion Pop \u2013 10\u00d72er Pack (2+2 ml Pods)"},"content":{"rendered":"<p data-start=\"149\" data-end=\"233\">Moderner Mehrfrucht-Mix \u2013 hohe Nachfrage, starke Rotation &amp; attraktive H\u00e4ndlermarge.<\/p>\n<p data-start=\"235\" data-end=\"522\">Fusion Pop vereint mehrere s\u00fc\u00dfe und spritzige Fruchtaromen zu einem modernen, intensiven Geschmackserlebnis. Diese Sorte wirkt dynamisch, leicht prickelnd und f\u00e4llt besonders im Online-Handel durch hohe Nachfrage auf. Ein Verkaufsschlager, der sowohl Stamm- als auch Neukunden \u00fcberzeugt.<\/p>\n<p data-start=\"524\" data-end=\"761\">Das 10\u00d72er-Gro\u00dfpack bietet eine sehr gute Kalkulationsbasis und sorgt f\u00fcr stabile, planbare Margen.<br data-start=\"623\" data-end=\"626\" \/>Die Pods sind kompatibel mit Al Fakher Ger\u00e4ten sowie passenden Magnetischen Ger\u00e4t-Anschl\u00fcssen, was die m\u00f6gliche K\u00e4ufergruppe deutlich vergr\u00f6\u00dfert.<\/p>\n<hr data-start=\"763\" data-end=\"766\" \/>\n<h3 data-start=\"768\" data-end=\"796\"><strong data-start=\"772\" data-end=\"796\">Vorteile f\u00fcr H\u00e4ndler<\/strong><\/h3>\n<p data-start=\"798\" data-end=\"1068\"><strong data-start=\"798\" data-end=\"855\">Beliebter Multi-Fruchtgeschmack mit starker Nachfrage<\/strong><br data-start=\"855\" data-end=\"858\" \/><strong data-start=\"858\" data-end=\"911\">10\u00d72er Pack \u2192 sehr gute Marge &amp; schnelle Rotation<\/strong><br data-start=\"956\" data-end=\"959\" \/><strong data-start=\"959\" data-end=\"1016\">Attraktiver Trendmix \u2192 stark f\u00fcr Online &amp; Impulsk\u00e4ufe<\/strong><br data-start=\"1016\" data-end=\"1019\" \/><strong data-start=\"1019\" data-end=\"1068\">Ideal f\u00fcr Kioske, Vape-Stores &amp; Online-Handel<\/strong><\/p>\n<hr data-start=\"1070\" data-end=\"1073\" \/>\n<h3 data-start=\"1075\" data-end=\"1097\"><strong data-start=\"1079\" data-end=\"1097\">Produktdetails<\/strong><\/h3>\n<p data-start=\"1099\" data-end=\"1246\"><strong data-start=\"1099\" data-end=\"1113\">Geschmack:<\/strong> Fusion Pop<br data-start=\"1124\" data-end=\"1127\" \/><strong data-start=\"1127\" data-end=\"1141\">F\u00fcllmenge:<\/strong> 2+2 ml pro Packung<br data-start=\"1160\" data-end=\"1163\" \/><strong data-start=\"1163\" data-end=\"1174\">Inhalt:<\/strong> 10\u00d7 2 Pods<br data-start=\"1185\" data-end=\"1188\" \/><strong data-start=\"1188\" data-end=\"1200\">Nikotin:<\/strong> 20 mg (MTL)<br data-start=\"1212\" data-end=\"1215\" \/><strong data-start=\"1215\" data-end=\"1229\">Kategorie:<\/strong> Pod-Kartuschen<\/p>\n<p data-start=\"1198\" data-end=\"1340\"><strong>Weitere Geschm\u00e4cker (45 Sorten):<\/strong> <a href=\"https:\/\/dekaufmann.de\/shop\/vapes\/al-fakher-pod-blackcurrant-ice-10x2er-pack-22-ml-pods\/\">1. Blackcurrant Ice<\/a> | <a href=\"https:\/\/dekaufmann.de\/shop\/vapes\/al-fakher-pod-grape-mint-10x2er-pack-22-ml-pods\/\">2. Grape Mint<\/a> | <a href=\"https:\/\/dekaufmann.de\/shop\/vapes\/al-fakher-pod-berry-blue-10x2er-pack-22-ml-pods\/\">3. Berry Blue<\/a> | <a href=\"https:\/\/dekaufmann.de\/shop\/vapes\/al-fakher-pod-lemon-lime-cherry-fizz-10x2er-pack-22-ml-pods\/\">4. Lemon Lime<\/a> | <a href=\"https:\/\/dekaufmann.de\/shop\/vapes\/al-fakher-pod-peach-ice-10x2er-pack-22-ml-pods\/\">5. Peach Ice<\/a> | <a href=\"https:\/\/dekaufmann.de\/shop\/vapes\/al-fakher-pod-two-apple-10x2er-pack-22-ml-pods\/\">6. Two Apple<\/a> | <a href=\"https:\/\/dekaufmann.de\/shop\/vapes\/al-fakher-pod-berry-ice-10x2er-pack-22-ml-pods\/\">7. Berry Ice<\/a> |<a href=\"https:\/\/dekaufmann.de\/shop\/vapes\/al-fakher-pod-lush-ice-10x2er-pack-22-ml-pods\/\"> 8. Lush Ice<\/a> | <a href=\"https:\/\/dekaufmann.de\/shop\/vapes\/al-fakher-pod-cherry-fizz-10x2er-pack-22-ml-pods\/\">9. Cherry Fizz<\/a> |<a href=\"https:\/\/dekaufmann.de\/shop\/vapes\/al-fakher-pod-blueberry-cherry-10x2er-pack-22-ml-pods\/\"> 10. Blueberry Cherry<\/a> |<a href=\"https:\/\/dekaufmann.de\/shop\/vapes\/al-fakher-pod-grape-berry-10x2er-pack-22-ml-pods\/\"> 11. Grape Berry<\/a> |<a href=\"https:\/\/dekaufmann.de\/shop\/vapes\/al-fakher-pod-cherry-ice-10x2er-pack-22-ml-pods\/\"> 12. Cherry Ice<\/a> |<a href=\"https:\/\/dekaufmann.de\/shop\/vapes\/al-fakher-pod-magic-love-10x2er-pack-22-ml-pods\/\"> 13. Magic Love<\/a> |<a href=\"https:\/\/dekaufmann.de\/shop\/vapes\/al-fakher-pod-lemon-lime-cherry-fizz-10x2er-pack-22-ml-pods\/\"> 14. Lemon Lime Cherry Fizz<\/a> |<a href=\"https:\/\/dekaufmann.de\/shop\/vapes\/al-fakher-pod-strawberry-cherry-10x2er-pack-22-ml-pods\/\"> 15. Strawberry Cherry<\/a> | <a href=\"https:\/\/dekaufmann.de\/shop\/vapes\/al-fakher-pod-cherry-fiesta-10x2er-pack-22-ml-pods\/\">16. Cherry Fiesta<\/a> | <a href=\"https:\/\/dekaufmann.de\/shop\/vapes\/al-fakher-pod-mixed-berry-10x2er-pack-22-ml-pods\/\">17. Mixed Berry<\/a> | <a href=\"https:\/\/dekaufmann.de\/shop\/vapes\/al-fakher-pod-lemon-mint-10x2er-pack-22-ml-pods\/\">18. Lemon Mint<\/a> | <a href=\"https:\/\/dekaufmann.de\/shop\/vapes\/al-fakher-pod-blue-razz-lemonade-10x2er-pack-22-ml-pods\/\">19. Blue Razz Lemonade<\/a> | <a href=\"https:\/\/dekaufmann.de\/shop\/vapes\/al-fakher-pod-blueberry-raspberry-10x2er-pack-22-ml-pods\/\">20. Blueberry Raspberry<\/a> | <a href=\"https:\/\/dekaufmann.de\/shop\/vapes\/al-fakher-pod-strawberry-punch-10x2er-pack-22-ml-pods\/\">21. Strawberry Punch<\/a> | <a href=\"https:\/\/dekaufmann.de\/shop\/vapes\/al-fakher-pod-blackcurrant-mint-10x2er-pack-22-ml-pods\/\">22. Blackcurrant Mint<\/a> | <a href=\"https:\/\/dekaufmann.de\/shop\/vapes\/al-fakher-pod-watermelon-cherry-10x2er-pack-22-ml-pods\/\">23. Watermelon Cherry<\/a> |<a href=\"https:\/\/dekaufmann.de\/shop\/vapes\/al-fakher-pod-mango-pineapple-10x2er-pack-22-ml-pods\/\"> 24. Mango Pineapple<\/a> | <a href=\"https:\/\/dekaufmann.de\/shop\/vapes\/al-fakher-pod-grape-10x2er-pack-22-ml-pods\/\">25. Grape<\/a> | <a href=\"https:\/\/dekaufmann.de\/shop\/vapes\/al-fakher-pod-ice-blue-10x2er-pack-22-ml-pods\/\">26. Ice Blue<\/a> | <a href=\"https:\/\/dekaufmann.de\/shop\/vapes\/al-fakher-pod-cool-mango-10x2er-pack-22-ml-pods\/\">27. Cool Mango<\/a> | <a href=\"https:\/\/dekaufmann.de\/shop\/vapes\/al-fakher-pod-space-dream-10x2er-pack-22-ml-pods\/\">28. Space Dream<\/a> | <a href=\"https:\/\/dekaufmann.de\/shop\/vapes\/al-fakher-pod-watermelon-kiwi-10x2er-pack-22-ml-pods\/\">29. Watermelon Kiwi<\/a> |<a href=\"https:\/\/dekaufmann.de\/shop\/vapes\/al-fakher-pod-pineapple-ice-10x2er-pack-22-ml-pods\/\"> 30. Pineapple Ice<\/a> |<a href=\"https:\/\/dekaufmann.de\/shop\/vapes\/al-fakher-pod-blueberry-gum-10x2er-pack-22-ml-pods\/\"> 31. Blueberry Gum<\/a> |<a href=\"https:\/\/dekaufmann.de\/shop\/vapes\/al-fakher-pod-orange-mint-10x2er-pack-22-ml-pods\/\"> 32. Orange Mint<\/a> |<a href=\"https:\/\/dekaufmann.de\/shop\/vapes\/al-fakher-pod-summer-dream-10x2er-pack-22-ml-pods\/\"> 33. Summer Dream<\/a> | <a href=\"https:\/\/dekaufmann.de\/shop\/vapes\/al-fakher-pod-watermelon-lime-10x2er-pack-22-ml-pods\/\">34. Watermelon Lime<\/a> | <a href=\"https:\/\/dekaufmann.de\/shop\/vapes\/al-fakher-pod-blue-razz-blast-10x2er-pack-22-ml-pods\/\">35. Blue Razz Blast<\/a> |<a href=\"https:\/\/dekaufmann.de\/shop\/vapes\/al-fakher-pod-blueberry-mint-10x2er-pack-22-ml-pods\/\"> 36. Blueberry Mint<\/a> |<a href=\"https:\/\/dekaufmann.de\/shop\/vapes\/al-fakher-pod-blueberry-lemonade-10x2er-pack-22-ml-pods\/\"> 37. Blueberry Lemonade<\/a> |<a href=\"https:\/\/dekaufmann.de\/shop\/vapes\/al-fakher-pod-fusion-pop-10x2er-pack-22-ml-pods\/\"> 38. Fusion Pop<\/a> |<a href=\"https:\/\/dekaufmann.de\/shop\/vapes\/al-fakher-pod-watermelon-pineapple-10x2er-pack-22-ml-pods\/\"> 39. Watermelon Pineapple<\/a> | <a href=\"https:\/\/dekaufmann.de\/shop\/vapes\/al-fakher-pod-blueberry-sour-raspberry-10x2er-pack-22-ml-pods\/\">40. Blueberry Sour Raspberry<\/a> | <a href=\"https:\/\/dekaufmann.de\/shop\/vapes\/al-fakher-pod-gum-mint-10x2er-pack-22-ml-pods\/\">41. Gum Mint<\/a> | <a href=\"https:\/\/dekaufmann.de\/shop\/vapes\/al-fakher-pod-menthol-10x2er-pack-22-ml-pods\/\">42. Menthol<\/a> | <a href=\"https:\/\/dekaufmann.de\/shop\/vapes\/al-fakher-pod-spearmint-10x2er-pack-22-ml-pods\/\">43. Mint<\/a> | <a href=\"https:\/\/dekaufmann.de\/shop\/vapes\/al-fakher-pod-spearmint-10x2er-pack-22-ml-pods\/\">44. Spearmint<\/a> |<a href=\"https:\/\/dekaufmann.de\/shop\/vapes\/al-fakher-pod-hubba-10x2er-pack-22-ml-pods\/\"> 45. Hubba<\/a><\/p>\n<p data-start=\"899\" data-end=\"935\">\u2014\u2014\u2014\u2014\u2014\u2014\u2014\u2014\u2014\u2014\u2014\u2014\u2014\u2014\u2014\u2014\u2014\u2014\u2014\u2014\u2014\u2014\u2014\u2014\u2014\u2014\u2014\u2014\u2014\u2014\u2014\u2014\u2014\u2014\u2014\u2014<\/p>\n<p data-start=\"937\" data-end=\"1098\" data-is-last-node=\"\" data-is-only-node=\"\"><strong>Hier dazugeh\u00f6rige Akkutr\u00e4ger:<\/strong> Al Fakher Pod Akkutr\u00e4ger in 7 Farben<\/p>\n<p data-start=\"937\" data-end=\"1098\" data-is-last-node=\"\" data-is-only-node=\"\"><a href=\"https:\/\/dekaufmann.de\/shop\/vapes\/al-fakher-pod-akkutraeger-black-10x-geraete\/\">Black<\/a> |<a href=\"https:\/\/dekaufmann.de\/shop\/vapes\/al-fakher-pod-akkutraeger-red-10xgeraete\/\"> Red<\/a> | <a href=\"https:\/\/dekaufmann.de\/shop\/vapes\/al-fakher-pod-akkutraeger-purple-10xgeraete\/\">Purple<\/a> |<a href=\"https:\/\/dekaufmann.de\/shop\/vapes\/al-fakher-pod-akkutraeger-light-blue-10xgeraete\/\"> Light Blue<\/a> |<a href=\"https:\/\/dekaufmann.de\/shop\/vapes\/al-fakher-pod-akkutraeger-light-green-10xgeraete\/\"> Green<\/a> | <a href=\"https:\/\/dekaufmann.de\/shop\/vapes\/al-fakher-pod-akkutraeger-light-green-10xgeraete\/\">Light Green<\/a> | <a href=\"https:\/\/dekaufmann.de\/shop\/vapes\/al-fakher-pod-akkutraeger-blue-10xgeraete\/\">Blue<\/a> \u2013 jeweils als 10\u00d7Ger\u00e4te-Pack.<\/p>\n","protected":false},"excerpt":{"rendered":"<p>Moderner Mehrfrucht-Mix \u2013 hohe Nachfrage, starke Rotation &amp; attraktive H\u00e4ndlermarge. Fusion Pop vereint mehrere s\u00fc\u00dfe und spritzige Fruchtaromen zu einem modernen, intensiven Geschmackserlebnis. Diese Sorte wirkt dynamisch, leicht prickelnd und f\u00e4llt besonders im Online-Handel durch hohe Nachfrage auf. Ein Verkaufsschlager, der sowohl Stamm- als auch Neukunden \u00fcberzeugt. Das 10\u00d72er-Gro\u00dfpack bietet eine sehr gute Kalkulationsbasis und [&hellip;]<\/p>\n","protected":false},"featured_media":108593,"comment_status":"closed","ping_status":"closed","template":"","meta":[],"product_brand":[151],"product_cat":[81],"product_tag":[],"class_list":{"0":"post-108518","1":"product","2":"type-product","3":"status-publish","4":"has-post-thumbnail","6":"product_brand-al-fakher","7":"product_cat-vapes","8":"product_shipping_class-reduced-rate","10":"first","11":"instock","12":"taxable","13":"shipping-taxable","14":"product-type-simple"},"_links":{"self":[{"href":"https:\/\/dekaufmann.de\/index.php?rest_route=\/wp\/v2\/product\/108518","targetHints":{"allow":["GET"]}}],"collection":[{"href":"https:\/\/dekaufmann.de\/index.php?rest_route=\/wp\/v2\/product"}],"about":[{"href":"https:\/\/dekaufmann.de\/index.php?rest_route=\/wp\/v2\/types\/product"}],"replies":[{"embeddable":true,"href":"https:\/\/dekaufmann.de\/index.php?rest_route=%2Fwp%2Fv2%2Fcomments&post=108518"}],"wp:featuredmedia":[{"embeddable":true,"href":"https:\/\/dekaufmann.de\/index.php?rest_route=\/wp\/v2\/media\/108593"}],"wp:attachment":[{"href":"https:\/\/dekaufmann.de\/index.php?rest_route=%2Fwp%2Fv2%2Fmedia&parent=108518"}],"wp:term":[{"taxonomy":"product_brand","embeddable":true,"href":"https:\/\/dekaufmann.de\/index.php?rest_route=%2Fwp%2Fv2%2Fproduct_brand&post=108518"},{"taxonomy":"product_cat","embeddable":true,"href":"https:\/\/dekaufmann.de\/index.php?rest_route=%2Fwp%2Fv2%2Fproduct_cat&post=108518"},{"taxonomy":"product_tag","embeddable":true,"href":"https:\/\/dekaufmann.de\/index.php?rest_route=%2Fwp%2Fv2%2Fproduct_tag&post=108518"}],"curies":[{"name":"wp","href":"https:\/\/api.w.org\/{rel}","templated":true}]}}