{"id":108467,"date":"2025-12-10T12:41:53","date_gmt":"2025-12-10T12:41:53","guid":{"rendered":"https:\/\/dekaufmann.de\/?post_type=product&#038;p=108467"},"modified":"2026-02-09T02:54:03","modified_gmt":"2026-02-09T02:54:03","slug":"boombaer-tabak-exotiko-200g-1790e","status":"publish","type":"product","link":"https:\/\/dekaufmann.de\/?product=boombaer-tabak-exotiko-200g-1790e","title":{"rendered":"Boomb\u00e4r Tabak Exotiko 200g &#8211; 17,90\u20ac"},"content":{"rendered":"<h2 data-start=\"130\" data-end=\"176\">Boomb\u00e4r Tabak Exotiko \u2013 200 g &#8211; 17,90 \u20ac<\/h2>\n<p data-start=\"177\" data-end=\"229\"><strong data-start=\"177\" data-end=\"229\">Tropischer Bestseller zum starken Einstiegspreis<\/strong><\/p>\n<p data-start=\"231\" data-end=\"509\">Boomb\u00e4r Exotiko liefert einen s\u00fc\u00df-fruchtigen Tropical-Mix, der besonders bei j\u00fcngeren Shisha-Kunden und Fans exotischer Aromen sehr gut ankommt. Das Profil ist leicht, frisch und zug\u00e4nglich \u2013 ideal f\u00fcr Shops, die Sorten mit hohem Impulskauf-Potenzial im Sortiment haben m\u00f6chten.<\/p>\n<p data-start=\"511\" data-end=\"707\">Mit einem Verkaufspreis von <strong data-start=\"539\" data-end=\"550\">17,90 \u20ac<\/strong> im <strong data-start=\"554\" data-end=\"570\">200-g-Format<\/strong> bietet Boomb\u00e4r Exotiko eine besonders attraktive Preisstruktur und erm\u00f6glicht H\u00e4ndlern schnelle Rotation bei gleichzeitig solider Marge.<\/p>\n<h3 data-start=\"709\" data-end=\"733\">Vorteile f\u00fcr H\u00e4ndler<\/h3>\n<ul data-start=\"734\" data-end=\"997\">\n<li data-start=\"734\" data-end=\"791\">\n<p data-start=\"736\" data-end=\"791\">Tropischer Geschmack mit breiter Zielgruppenansprache<\/p>\n<\/li>\n<li data-start=\"792\" data-end=\"845\">\n<p data-start=\"794\" data-end=\"845\">Sehr guter Einstiegspreis \u2192 hohe Kaufbereitschaft<\/p>\n<\/li>\n<li data-start=\"846\" data-end=\"896\">\n<p data-start=\"848\" data-end=\"896\">Starke Rotation im station\u00e4ren Handel &amp; online<\/p>\n<\/li>\n<li data-start=\"897\" data-end=\"953\">\n<p data-start=\"899\" data-end=\"953\">Ideal f\u00fcr Neukunden, Impulsk\u00e4ufe &amp; junge Zielgruppen<\/p>\n<\/li>\n<li data-start=\"954\" data-end=\"997\">\n<p data-start=\"956\" data-end=\"997\">Gute Erg\u00e4nzung zu Premium-Marken im Regal<\/p>\n<\/li>\n<\/ul>\n<h3 data-start=\"999\" data-end=\"1017\">Produktdetails<\/h3>\n<ul data-start=\"1018\" data-end=\"1130\">\n<li data-start=\"1018\" data-end=\"1040\">\n<p data-start=\"1020\" data-end=\"1040\"><strong data-start=\"1020\" data-end=\"1030\">Sorte:<\/strong> Exotiko<\/p>\n<\/li>\n<li data-start=\"1041\" data-end=\"1062\">\n<p data-start=\"1043\" data-end=\"1062\"><strong data-start=\"1043\" data-end=\"1054\">Inhalt:<\/strong> 200 g<\/p>\n<\/li>\n<li data-start=\"1063\" data-end=\"1085\">\n<p data-start=\"1065\" data-end=\"1085\"><strong data-start=\"1065\" data-end=\"1075\">Verkaufspreis:<\/strong> 17,90 \u20ac<\/p>\n<\/li>\n<li data-start=\"1086\" data-end=\"1130\">\n<p data-start=\"1088\" data-end=\"1130\"><strong data-start=\"1088\" data-end=\"1102\">Kategorie:<\/strong> Aromatisierter Shisha-Tabak<\/p>\n<\/li>\n<\/ul>\n","protected":false},"excerpt":{"rendered":"<p>Boomb\u00e4r Tabak Exotiko \u2013 200 g &#8211; 17,90 \u20ac Tropischer Bestseller zum starken Einstiegspreis Boomb\u00e4r Exotiko liefert einen s\u00fc\u00df-fruchtigen Tropical-Mix, der besonders bei j\u00fcngeren Shisha-Kunden und Fans exotischer Aromen sehr gut ankommt. Das Profil ist leicht, frisch und zug\u00e4nglich \u2013 ideal f\u00fcr Shops, die Sorten mit hohem Impulskauf-Potenzial im Sortiment haben m\u00f6chten. Mit einem Verkaufspreis [&hellip;]<\/p>\n","protected":false},"featured_media":0,"comment_status":"closed","ping_status":"closed","template":"","meta":[],"product_brand":[296],"product_cat":[125],"product_tag":[],"class_list":{"0":"post-108467","1":"product","2":"type-product","3":"status-publish","5":"product_brand-boombaer","6":"product_cat-shisha-tabak","7":"product_shipping_class-reduced-rate","9":"first","10":"instock","11":"taxable","12":"shipping-taxable","13":"product-type-simple"},"_links":{"self":[{"href":"https:\/\/dekaufmann.de\/index.php?rest_route=\/wp\/v2\/product\/108467","targetHints":{"allow":["GET"]}}],"collection":[{"href":"https:\/\/dekaufmann.de\/index.php?rest_route=\/wp\/v2\/product"}],"about":[{"href":"https:\/\/dekaufmann.de\/index.php?rest_route=\/wp\/v2\/types\/product"}],"replies":[{"embeddable":true,"href":"https:\/\/dekaufmann.de\/index.php?rest_route=%2Fwp%2Fv2%2Fcomments&post=108467"}],"wp:attachment":[{"href":"https:\/\/dekaufmann.de\/index.php?rest_route=%2Fwp%2Fv2%2Fmedia&parent=108467"}],"wp:term":[{"taxonomy":"product_brand","embeddable":true,"href":"https:\/\/dekaufmann.de\/index.php?rest_route=%2Fwp%2Fv2%2Fproduct_brand&post=108467"},{"taxonomy":"product_cat","embeddable":true,"href":"https:\/\/dekaufmann.de\/index.php?rest_route=%2Fwp%2Fv2%2Fproduct_cat&post=108467"},{"taxonomy":"product_tag","embeddable":true,"href":"https:\/\/dekaufmann.de\/index.php?rest_route=%2Fwp%2Fv2%2Fproduct_tag&post=108467"}],"curies":[{"name":"wp","href":"https:\/\/api.w.org\/{rel}","templated":true}]}}