{"id":108420,"date":"2025-12-10T12:32:00","date_gmt":"2025-12-10T12:32:00","guid":{"rendered":"https:\/\/dekaufmann.de\/?post_type=product&#038;p=108420"},"modified":"2026-05-04T12:00:33","modified_gmt":"2026-05-04T12:00:33","slug":"almassiva-tobacco-skylines-200g-2790e","status":"publish","type":"product","link":"https:\/\/dekaufmann.de\/?product=almassiva-tobacco-skylines-200g-2790e","title":{"rendered":"Al Massiva Skylines 200g &#8211; 27,90\u20ac"},"content":{"rendered":"<h2 data-start=\"135\" data-end=\"186\">AlMassiva Tobacco Skylines \u2013 200 g f\u00fcr 27,90 \u20ac<\/h2>\n<p data-start=\"187\" data-end=\"238\"><strong data-start=\"187\" data-end=\"238\">Fruchtig-frischer Mix mit starker Markenwirkung<\/strong><\/p>\n<p data-start=\"240\" data-end=\"547\">AlMassiva Skylines bietet einen intensiven, s\u00fc\u00df-fruchtigen Geschmack kombiniert mit einer leichten Frische \u2013 ein Profil, das bei einer breiten Zielgruppe sehr gut ankommt. Die Marke AlMassiva sorgt zus\u00e4tzlich f\u00fcr hohe Sichtbarkeit und starken Wiedererkennungswert im Regal, was die Rotation deutlich erh\u00f6ht.<\/p>\n<p data-start=\"549\" data-end=\"717\">Mit <strong data-start=\"553\" data-end=\"562\">200 g<\/strong> zu <strong data-start=\"566\" data-end=\"577\">27,90 \u20ac<\/strong> liegt Skylines im optimalen Preisbereich f\u00fcr schnellen Abverkauf. H\u00e4ndler profitieren von stabiler Nachfrage und einer zuverl\u00e4ssigen Marge.<\/p>\n<h3 data-start=\"719\" data-end=\"743\">Vorteile f\u00fcr H\u00e4ndler<\/h3>\n<ul data-start=\"744\" data-end=\"972\">\n<li data-start=\"744\" data-end=\"788\">\n<p data-start=\"746\" data-end=\"788\">Beliebter Frucht-Fresh-Mix von AlMassiva<\/p>\n<\/li>\n<li data-start=\"789\" data-end=\"839\">\n<p data-start=\"791\" data-end=\"839\">Starke Markenbekanntheit \u2192 schneller Abverkauf<\/p>\n<\/li>\n<li data-start=\"840\" data-end=\"877\">\n<p data-start=\"842\" data-end=\"877\">Attraktive Marge im 200-g-Segment<\/p>\n<\/li>\n<li data-start=\"878\" data-end=\"929\">\n<p data-start=\"880\" data-end=\"929\">Gut platzierbar im Regal, ideal f\u00fcr Stammkunden<\/p>\n<\/li>\n<li data-start=\"930\" data-end=\"972\">\n<p data-start=\"932\" data-end=\"972\">Funktioniert online wie offline sehr gut<\/p>\n<\/li>\n<\/ul>\n<h3 data-start=\"974\" data-end=\"992\">Produktdetails<\/h3>\n<ul data-start=\"993\" data-end=\"1106\">\n<li data-start=\"993\" data-end=\"1016\">\n<p data-start=\"995\" data-end=\"1016\"><strong data-start=\"995\" data-end=\"1005\">Sorte:<\/strong> Skylines<\/p>\n<\/li>\n<li data-start=\"1017\" data-end=\"1038\">\n<p data-start=\"1019\" data-end=\"1038\"><strong data-start=\"1019\" data-end=\"1030\">Inhalt:<\/strong> 200 g<\/p>\n<\/li>\n<li data-start=\"1039\" data-end=\"1061\">\n<p data-start=\"1041\" data-end=\"1061\"><strong data-start=\"1041\" data-end=\"1051\">Preis:<\/strong> 27,90 \u20ac<\/p>\n<\/li>\n<li data-start=\"1062\" data-end=\"1106\">\n<p data-start=\"1064\" data-end=\"1106\"><strong data-start=\"1064\" data-end=\"1078\">Kategorie:<\/strong> Aromatisierter Shisha-Tabak<\/p>\n<\/li>\n<\/ul>\n","protected":false},"excerpt":{"rendered":"<p>AlMassiva Tobacco Skylines \u2013 200 g f\u00fcr 27,90 \u20ac Fruchtig-frischer Mix mit starker Markenwirkung AlMassiva Skylines bietet einen intensiven, s\u00fc\u00df-fruchtigen Geschmack kombiniert mit einer leichten Frische \u2013 ein Profil, das bei einer breiten Zielgruppe sehr gut ankommt. Die Marke AlMassiva sorgt zus\u00e4tzlich f\u00fcr hohe Sichtbarkeit und starken Wiedererkennungswert im Regal, was die Rotation deutlich erh\u00f6ht. [&hellip;]<\/p>\n","protected":false},"featured_media":108421,"comment_status":"closed","ping_status":"closed","template":"","meta":[],"product_brand":[192],"product_cat":[125],"product_tag":[],"class_list":{"0":"post-108420","1":"product","2":"type-product","3":"status-publish","4":"has-post-thumbnail","6":"product_brand-almassiva","7":"product_cat-shisha-tabak","8":"product_shipping_class-reduced-rate","10":"first","11":"instock","12":"taxable","13":"shipping-taxable","14":"product-type-simple"},"_links":{"self":[{"href":"https:\/\/dekaufmann.de\/index.php?rest_route=\/wp\/v2\/product\/108420","targetHints":{"allow":["GET"]}}],"collection":[{"href":"https:\/\/dekaufmann.de\/index.php?rest_route=\/wp\/v2\/product"}],"about":[{"href":"https:\/\/dekaufmann.de\/index.php?rest_route=\/wp\/v2\/types\/product"}],"replies":[{"embeddable":true,"href":"https:\/\/dekaufmann.de\/index.php?rest_route=%2Fwp%2Fv2%2Fcomments&post=108420"}],"wp:featuredmedia":[{"embeddable":true,"href":"https:\/\/dekaufmann.de\/index.php?rest_route=\/wp\/v2\/media\/108421"}],"wp:attachment":[{"href":"https:\/\/dekaufmann.de\/index.php?rest_route=%2Fwp%2Fv2%2Fmedia&parent=108420"}],"wp:term":[{"taxonomy":"product_brand","embeddable":true,"href":"https:\/\/dekaufmann.de\/index.php?rest_route=%2Fwp%2Fv2%2Fproduct_brand&post=108420"},{"taxonomy":"product_cat","embeddable":true,"href":"https:\/\/dekaufmann.de\/index.php?rest_route=%2Fwp%2Fv2%2Fproduct_cat&post=108420"},{"taxonomy":"product_tag","embeddable":true,"href":"https:\/\/dekaufmann.de\/index.php?rest_route=%2Fwp%2Fv2%2Fproduct_tag&post=108420"}],"curies":[{"name":"wp","href":"https:\/\/api.w.org\/{rel}","templated":true}]}}