{"id":108407,"date":"2025-12-10T11:57:53","date_gmt":"2025-12-10T11:57:53","guid":{"rendered":"https:\/\/dekaufmann.de\/?post_type=product&#038;p=108407"},"modified":"2026-05-04T12:00:33","modified_gmt":"2026-05-04T12:00:33","slug":"almassiva-tobacco-big-m-200g-2790e","status":"publish","type":"product","link":"https:\/\/dekaufmann.de\/?product=almassiva-tobacco-big-m-200g-2790e","title":{"rendered":"Al Massiva Big M 200g &#8211; 27,90\u20ac"},"content":{"rendered":"<h2 data-start=\"134\" data-end=\"182\">AlMassiva Tobacco Big M \u2013 200g &#8211; 27,90 \u20ac<\/h2>\n<p data-start=\"183\" data-end=\"241\"><strong data-start=\"183\" data-end=\"241\">Beliebter Marken-Tabak mit starkem Abverkaufspotenzial<\/strong><\/p>\n<p data-start=\"243\" data-end=\"538\">AlMassiva Big M \u00fcberzeugt mit einem s\u00fc\u00df-fruchtigen Geschmack, der bei vielen Shisha-Kunden sehr gut ankommt. Durch die hohe Markenbekanntheit von AlMassiva erzielt diese Sorte eine starke Grundnachfrage und sorgt f\u00fcr schnelle Rotation im Regal \u2013 ideal f\u00fcr H\u00e4ndler, die auf sichere Seller setzen.<\/p>\n<p data-start=\"540\" data-end=\"704\">Das <strong data-start=\"544\" data-end=\"582\">200-g-Format zum Preis von 27,90 \u20ac<\/strong> bietet eine attraktive Marge und spricht sowohl Stammkunden als auch K\u00e4ufer an, die gezielt nach beliebten Marken suchen.<\/p>\n<h3 data-start=\"706\" data-end=\"730\">Vorteile f\u00fcr H\u00e4ndler<\/h3>\n<ul data-start=\"731\" data-end=\"958\">\n<li data-start=\"731\" data-end=\"778\">\n<p data-start=\"733\" data-end=\"778\">Hohe Nachfrage dank starker AlMassiva-Marke<\/p>\n<\/li>\n<li data-start=\"779\" data-end=\"833\">\n<p data-start=\"781\" data-end=\"833\">Fruchtiges, zug\u00e4ngliches Aroma \u2192 breite Zielgruppe<\/p>\n<\/li>\n<li data-start=\"834\" data-end=\"870\">\n<p data-start=\"836\" data-end=\"870\">Sehr gute Marge im 200-g-Bereich<\/p>\n<\/li>\n<li data-start=\"871\" data-end=\"924\">\n<p data-start=\"873\" data-end=\"924\">Schneller Abverkauf im station\u00e4ren &amp; Onlinehandel<\/p>\n<\/li>\n<li data-start=\"925\" data-end=\"958\">\n<p data-start=\"927\" data-end=\"958\">Ideal f\u00fcr wiederkehrende Kunden<\/p>\n<\/li>\n<\/ul>\n<h3 data-start=\"960\" data-end=\"978\">Produktdetails<\/h3>\n<ul data-start=\"979\" data-end=\"1089\">\n<li data-start=\"979\" data-end=\"999\">\n<p data-start=\"981\" data-end=\"999\"><strong data-start=\"981\" data-end=\"991\">Sorte:<\/strong> Big M<\/p>\n<\/li>\n<li data-start=\"1000\" data-end=\"1021\">\n<p data-start=\"1002\" data-end=\"1021\"><strong data-start=\"1002\" data-end=\"1013\">Inhalt:<\/strong> 200 g<\/p>\n<\/li>\n<li data-start=\"1022\" data-end=\"1044\">\n<p data-start=\"1024\" data-end=\"1044\"><strong data-start=\"1024\" data-end=\"1034\">Verkaufspreis:<\/strong> 27,90 \u20ac<\/p>\n<\/li>\n<\/ul>\n","protected":false},"excerpt":{"rendered":"<p>AlMassiva Tobacco Big M \u2013 200g &#8211; 27,90 \u20ac Beliebter Marken-Tabak mit starkem Abverkaufspotenzial AlMassiva Big M \u00fcberzeugt mit einem s\u00fc\u00df-fruchtigen Geschmack, der bei vielen Shisha-Kunden sehr gut ankommt. Durch die hohe Markenbekanntheit von AlMassiva erzielt diese Sorte eine starke Grundnachfrage und sorgt f\u00fcr schnelle Rotation im Regal \u2013 ideal f\u00fcr H\u00e4ndler, die auf sichere [&hellip;]<\/p>\n","protected":false},"featured_media":108408,"comment_status":"closed","ping_status":"closed","template":"","meta":[],"product_brand":[192],"product_cat":[125],"product_tag":[],"class_list":{"0":"post-108407","1":"product","2":"type-product","3":"status-publish","4":"has-post-thumbnail","6":"product_brand-almassiva","7":"product_cat-shisha-tabak","8":"product_shipping_class-reduced-rate","10":"first","11":"instock","12":"taxable","13":"shipping-taxable","14":"product-type-simple"},"_links":{"self":[{"href":"https:\/\/dekaufmann.de\/index.php?rest_route=\/wp\/v2\/product\/108407","targetHints":{"allow":["GET"]}}],"collection":[{"href":"https:\/\/dekaufmann.de\/index.php?rest_route=\/wp\/v2\/product"}],"about":[{"href":"https:\/\/dekaufmann.de\/index.php?rest_route=\/wp\/v2\/types\/product"}],"replies":[{"embeddable":true,"href":"https:\/\/dekaufmann.de\/index.php?rest_route=%2Fwp%2Fv2%2Fcomments&post=108407"}],"wp:featuredmedia":[{"embeddable":true,"href":"https:\/\/dekaufmann.de\/index.php?rest_route=\/wp\/v2\/media\/108408"}],"wp:attachment":[{"href":"https:\/\/dekaufmann.de\/index.php?rest_route=%2Fwp%2Fv2%2Fmedia&parent=108407"}],"wp:term":[{"taxonomy":"product_brand","embeddable":true,"href":"https:\/\/dekaufmann.de\/index.php?rest_route=%2Fwp%2Fv2%2Fproduct_brand&post=108407"},{"taxonomy":"product_cat","embeddable":true,"href":"https:\/\/dekaufmann.de\/index.php?rest_route=%2Fwp%2Fv2%2Fproduct_cat&post=108407"},{"taxonomy":"product_tag","embeddable":true,"href":"https:\/\/dekaufmann.de\/index.php?rest_route=%2Fwp%2Fv2%2Fproduct_tag&post=108407"}],"curies":[{"name":"wp","href":"https:\/\/api.w.org\/{rel}","templated":true}]}}