{"id":108396,"date":"2025-12-10T11:29:10","date_gmt":"2025-12-10T11:29:10","guid":{"rendered":"https:\/\/dekaufmann.de\/?post_type=product&#038;p=108396"},"modified":"2026-01-14T12:33:11","modified_gmt":"2026-01-14T12:33:11","slug":"chaos-tabak-falim-200g-2790e","status":"publish","type":"product","link":"https:\/\/dekaufmann.de\/?product=chaos-tabak-falim-200g-2790e","title":{"rendered":"Chaos Tabak Falim 200g &#8211; 27,90\u20ac"},"content":{"rendered":"<h2 data-start=\"126\" data-end=\"168\">Chaos Tabak Falim \u2013 200g &#8211; 27,90 \u20ac<\/h2>\n<p data-start=\"169\" data-end=\"233\"><strong data-start=\"169\" data-end=\"233\">Intensiver Kaugummi-Geschmack mit hohem Wiedererkennungswert<\/strong><\/p>\n<p data-start=\"235\" data-end=\"544\">Chaos Falim liefert ein klares, kr\u00e4ftiges Kaugummi-Aroma, das an den bekannten Falim-Kaugummi erinnert \u2013 frisch, leicht herb und absolut unverwechselbar. Dieser besondere Geschmacksstil spricht eine treue Zielgruppe an und sorgt im Handel f\u00fcr abgrenzbare Positionierung gegen\u00fcber klassischen Fruchtmischungen.<\/p>\n<p data-start=\"546\" data-end=\"686\">Die <strong data-start=\"550\" data-end=\"564\">200-g-Dose<\/strong> bietet eine attraktive Marge und ist ideal f\u00fcr Shops, die auff\u00e4llige, charakterstarke Sorten im Sortiment f\u00fchren m\u00f6chten.<\/p>\n<h3 data-start=\"688\" data-end=\"712\">Vorteile f\u00fcr H\u00e4ndler<\/h3>\n<ul data-start=\"713\" data-end=\"945\">\n<li data-start=\"713\" data-end=\"760\">\n<p data-start=\"715\" data-end=\"760\">Markanter Kaugummi-Geschmack mit Kultfaktor<\/p>\n<\/li>\n<li data-start=\"761\" data-end=\"812\">\n<p data-start=\"763\" data-end=\"812\">Gute Rotation durch einzigartige Geschmacksnote<\/p>\n<\/li>\n<li data-start=\"813\" data-end=\"858\">\n<p data-start=\"815\" data-end=\"858\">Attraktive Handelsspanne im 200-g-Bereich<\/p>\n<\/li>\n<li data-start=\"859\" data-end=\"914\">\n<p data-start=\"861\" data-end=\"914\">Ideal f\u00fcr Stammkunden &amp; Liebhaber spezieller Aromen<\/p>\n<\/li>\n<li data-start=\"915\" data-end=\"945\">\n<p data-start=\"917\" data-end=\"945\">Starke Sichtbarkeit im Regal<\/p>\n<\/li>\n<\/ul>\n<h3 data-start=\"947\" data-end=\"965\">Produktdetails<\/h3>\n<ul data-start=\"966\" data-end=\"1076\">\n<li data-start=\"966\" data-end=\"986\">\n<p data-start=\"968\" data-end=\"986\"><strong data-start=\"968\" data-end=\"978\">Sorte:<\/strong> Falim<\/p>\n<\/li>\n<li data-start=\"987\" data-end=\"1008\">\n<p data-start=\"989\" data-end=\"1008\"><strong data-start=\"989\" data-end=\"1000\">Inhalt:<\/strong> 200 g<\/p>\n<\/li>\n<li data-start=\"1009\" data-end=\"1031\">\n<p data-start=\"1011\" data-end=\"1031\"><strong data-start=\"1011\" data-end=\"1021\">Verkaufspreis:<\/strong> 27,90 \u20ac<\/p>\n<\/li>\n<li data-start=\"1032\" data-end=\"1076\">\n<p data-start=\"1034\" data-end=\"1076\"><strong data-start=\"1034\" data-end=\"1048\">Kategorie:<\/strong> Aromatisierter Shisha-Tabak<\/p>\n<\/li>\n<\/ul>\n","protected":false},"excerpt":{"rendered":"<p>Chaos Tabak Falim \u2013 200g &#8211; 27,90 \u20ac Intensiver Kaugummi-Geschmack mit hohem Wiedererkennungswert Chaos Falim liefert ein klares, kr\u00e4ftiges Kaugummi-Aroma, das an den bekannten Falim-Kaugummi erinnert \u2013 frisch, leicht herb und absolut unverwechselbar. Dieser besondere Geschmacksstil spricht eine treue Zielgruppe an und sorgt im Handel f\u00fcr abgrenzbare Positionierung gegen\u00fcber klassischen Fruchtmischungen. Die 200-g-Dose bietet eine [&hellip;]<\/p>\n","protected":false},"featured_media":108397,"comment_status":"closed","ping_status":"closed","template":"","meta":[],"product_brand":[297],"product_cat":[125],"product_tag":[],"class_list":{"0":"post-108396","1":"product","2":"type-product","3":"status-publish","4":"has-post-thumbnail","6":"product_brand-chaos","7":"product_cat-shisha-tabak","8":"product_shipping_class-reduced-rate","10":"first","11":"instock","12":"taxable","13":"shipping-taxable","14":"product-type-simple"},"_links":{"self":[{"href":"https:\/\/dekaufmann.de\/index.php?rest_route=\/wp\/v2\/product\/108396","targetHints":{"allow":["GET"]}}],"collection":[{"href":"https:\/\/dekaufmann.de\/index.php?rest_route=\/wp\/v2\/product"}],"about":[{"href":"https:\/\/dekaufmann.de\/index.php?rest_route=\/wp\/v2\/types\/product"}],"replies":[{"embeddable":true,"href":"https:\/\/dekaufmann.de\/index.php?rest_route=%2Fwp%2Fv2%2Fcomments&post=108396"}],"wp:featuredmedia":[{"embeddable":true,"href":"https:\/\/dekaufmann.de\/index.php?rest_route=\/wp\/v2\/media\/108397"}],"wp:attachment":[{"href":"https:\/\/dekaufmann.de\/index.php?rest_route=%2Fwp%2Fv2%2Fmedia&parent=108396"}],"wp:term":[{"taxonomy":"product_brand","embeddable":true,"href":"https:\/\/dekaufmann.de\/index.php?rest_route=%2Fwp%2Fv2%2Fproduct_brand&post=108396"},{"taxonomy":"product_cat","embeddable":true,"href":"https:\/\/dekaufmann.de\/index.php?rest_route=%2Fwp%2Fv2%2Fproduct_cat&post=108396"},{"taxonomy":"product_tag","embeddable":true,"href":"https:\/\/dekaufmann.de\/index.php?rest_route=%2Fwp%2Fv2%2Fproduct_tag&post=108396"}],"curies":[{"name":"wp","href":"https:\/\/api.w.org\/{rel}","templated":true}]}}