{"id":108372,"date":"2025-12-09T14:26:19","date_gmt":"2025-12-09T14:26:19","guid":{"rendered":"https:\/\/dekaufmann.de\/?post_type=product&#038;p=108372"},"modified":"2026-04-17T06:52:43","modified_gmt":"2026-04-17T06:52:43","slug":"adalya-tabak-mn-tango-ice-33-200g-2690e","status":"publish","type":"product","link":"https:\/\/dekaufmann.de\/?product=adalya-tabak-mn-tango-ice-33-200g-2690e","title":{"rendered":"Adalya Tabak MN Tango Ice (33) 200g &#8211; 26,90\u20ac"},"content":{"rendered":"<h2 data-start=\"133\" data-end=\"188\">Adalya Tabak MN Tango Ice (33) \u2013 200g &#8211; 26,90 \u20ac<\/h2>\n<p data-start=\"189\" data-end=\"240\"><strong data-start=\"189\" data-end=\"240\">Fruchtig-frischer Mix mit starker Markenwirkung<\/strong><\/p>\n<p data-start=\"242\" data-end=\"510\">Adalya MN Tango Ice (33) kombiniert einen intensiven Mango-Geschmack mit einer klaren Ice-Note \u2013 ein Profil, das im Handel durchgehend gut performt. Die Sorte spricht sowohl Fans fruchtiger Aromen als auch Kunden an, die einen k\u00fchlen, modernen Shisha-Style bevorzugen.<\/p>\n<p data-start=\"512\" data-end=\"688\">Mit der bekannten Adalya-Qualit\u00e4t und hoher Markenst\u00e4rke verkauft sich die 200-g-Dose schnell und zuverl\u00e4ssig \u2013 ideal f\u00fcr H\u00e4ndler, die nach Sorten mit sicherer Rotation suchen.<\/p>\n<h3 data-start=\"690\" data-end=\"714\">Vorteile f\u00fcr H\u00e4ndler<\/h3>\n<ul data-start=\"715\" data-end=\"923\">\n<li data-start=\"715\" data-end=\"753\">\n<p data-start=\"717\" data-end=\"753\">Gefragter Mango-Ice-Mix von Adalya<\/p>\n<\/li>\n<li data-start=\"754\" data-end=\"783\">\n<p data-start=\"756\" data-end=\"783\">Ganzj\u00e4hrig hohe Nachfrage<\/p>\n<\/li>\n<li data-start=\"784\" data-end=\"828\">\n<p data-start=\"786\" data-end=\"828\">Sehr gute Handelsspanne im 200-g-Segment<\/p>\n<\/li>\n<li data-start=\"829\" data-end=\"876\">\n<p data-start=\"831\" data-end=\"876\">Attraktive Platzierung durch beliebte Marke<\/p>\n<\/li>\n<li data-start=\"877\" data-end=\"923\">\n<p data-start=\"879\" data-end=\"923\">Schneller Abverkauf bei Stamm- und Neukunden<\/p>\n<\/li>\n<\/ul>\n<h3 data-start=\"925\" data-end=\"943\">Produktdetails<\/h3>\n<ul data-start=\"944\" data-end=\"1065\">\n<li data-start=\"944\" data-end=\"976\">\n<p data-start=\"946\" data-end=\"976\"><strong data-start=\"946\" data-end=\"956\">Sorte:<\/strong> MN Tango Ice (33)<\/p>\n<\/li>\n<li data-start=\"977\" data-end=\"997\">\n<p data-start=\"979\" data-end=\"997\"><strong data-start=\"979\" data-end=\"989\">Menge:<\/strong> 200 g<\/p>\n<\/li>\n<li data-start=\"998\" data-end=\"1020\">\n<p data-start=\"1000\" data-end=\"1020\"><strong data-start=\"1000\" data-end=\"1010\">Verkaufspreis:<\/strong> 26,90 \u20ac<\/p>\n<\/li>\n<li data-start=\"1021\" data-end=\"1065\">\n<p data-start=\"1023\" data-end=\"1065\"><strong data-start=\"1023\" data-end=\"1037\">Kategorie:<\/strong> Aromatisierter Shisha-Tabak<\/p>\n<\/li>\n<\/ul>\n","protected":false},"excerpt":{"rendered":"<p>Adalya Tabak MN Tango Ice (33) \u2013 200g &#8211; 26,90 \u20ac Fruchtig-frischer Mix mit starker Markenwirkung Adalya MN Tango Ice (33) kombiniert einen intensiven Mango-Geschmack mit einer klaren Ice-Note \u2013 ein Profil, das im Handel durchgehend gut performt. Die Sorte spricht sowohl Fans fruchtiger Aromen als auch Kunden an, die einen k\u00fchlen, modernen Shisha-Style bevorzugen. [&hellip;]<\/p>\n","protected":false},"featured_media":108373,"comment_status":"closed","ping_status":"closed","template":"","meta":[],"product_brand":[155],"product_cat":[125],"product_tag":[],"class_list":{"0":"post-108372","1":"product","2":"type-product","3":"status-publish","4":"has-post-thumbnail","6":"product_brand-adalya","7":"product_cat-shisha-tabak","9":"first","10":"instock","11":"taxable","12":"shipping-taxable","13":"product-type-simple"},"_links":{"self":[{"href":"https:\/\/dekaufmann.de\/index.php?rest_route=\/wp\/v2\/product\/108372","targetHints":{"allow":["GET"]}}],"collection":[{"href":"https:\/\/dekaufmann.de\/index.php?rest_route=\/wp\/v2\/product"}],"about":[{"href":"https:\/\/dekaufmann.de\/index.php?rest_route=\/wp\/v2\/types\/product"}],"replies":[{"embeddable":true,"href":"https:\/\/dekaufmann.de\/index.php?rest_route=%2Fwp%2Fv2%2Fcomments&post=108372"}],"wp:featuredmedia":[{"embeddable":true,"href":"https:\/\/dekaufmann.de\/index.php?rest_route=\/wp\/v2\/media\/108373"}],"wp:attachment":[{"href":"https:\/\/dekaufmann.de\/index.php?rest_route=%2Fwp%2Fv2%2Fmedia&parent=108372"}],"wp:term":[{"taxonomy":"product_brand","embeddable":true,"href":"https:\/\/dekaufmann.de\/index.php?rest_route=%2Fwp%2Fv2%2Fproduct_brand&post=108372"},{"taxonomy":"product_cat","embeddable":true,"href":"https:\/\/dekaufmann.de\/index.php?rest_route=%2Fwp%2Fv2%2Fproduct_cat&post=108372"},{"taxonomy":"product_tag","embeddable":true,"href":"https:\/\/dekaufmann.de\/index.php?rest_route=%2Fwp%2Fv2%2Fproduct_tag&post=108372"}],"curies":[{"name":"wp","href":"https:\/\/api.w.org\/{rel}","templated":true}]}}