{"id":108341,"date":"2025-12-08T16:50:31","date_gmt":"2025-12-08T16:50:31","guid":{"rendered":"https:\/\/dekaufmann.de\/?post_type=product&#038;p=108341"},"modified":"2026-04-22T09:52:02","modified_gmt":"2026-04-22T09:52:02","slug":"smoking-juice-vape-blueberry-ice","status":"publish","type":"product","link":"https:\/\/dekaufmann.de\/?product=smoking-juice-vape-blueberry-ice","title":{"rendered":"Smoking Juice Vape &#8211; Blueberry Ice 5&#215;15000 z\u00fcge"},"content":{"rendered":"<h2 data-start=\"170\" data-end=\"217\">Smoking Juice Blueberry Ice \u2013 5\u00d715000 Z\u00fcge<\/h2>\n<p data-start=\"218\" data-end=\"264\"><strong data-start=\"218\" data-end=\"264\">Starker Bestseller mit klarem Beeren-Aroma<\/strong><\/p>\n<p data-start=\"266\" data-end=\"580\">Smoking Juice Blueberry Ice kombiniert s\u00fc\u00dfe Blaubeere mit einem frischen Ice-Kick \u2013 ein Geschmacksprofil, das sich im Handel konstant stark verkauft. Mit <strong data-start=\"420\" data-end=\"435\">15000 Z\u00fcgen<\/strong> pro Ger\u00e4t bietet dieses Modell eine sehr lange Nutzungsdauer und ist ideal f\u00fcr Kunden, die zuverl\u00e4ssige Performance und intensive Aromen suchen.<\/p>\n<p data-start=\"582\" data-end=\"733\">Das <strong data-start=\"586\" data-end=\"598\">5er-Pack<\/strong> sorgt f\u00fcr hohe Marge, schnellen Abverkauf und eignet sich besonders f\u00fcr Shops, die auf stabile Nachfrage bei Frucht-Ice-Sorten setzen.<\/p>\n<h3 data-start=\"735\" data-end=\"759\">Vorteile f\u00fcr H\u00e4ndler<\/h3>\n<ul data-start=\"760\" data-end=\"965\">\n<li data-start=\"760\" data-end=\"798\">\n<p data-start=\"762\" data-end=\"798\">Top-Seller im Bereich Beeren + Ice<\/p>\n<\/li>\n<li data-start=\"799\" data-end=\"834\">\n<p data-start=\"801\" data-end=\"834\">Lange Laufzeit dank 15000 Z\u00fcgen<\/p>\n<\/li>\n<li data-start=\"835\" data-end=\"867\">\n<p data-start=\"837\" data-end=\"867\">Hohe Rentabilit\u00e4t im 5er-Set<\/p>\n<\/li>\n<li data-start=\"868\" data-end=\"920\">\n<p data-start=\"870\" data-end=\"920\">Starke Nachfrage im station\u00e4ren und Onlinehandel<\/p>\n<\/li>\n<li data-start=\"921\" data-end=\"965\">\n<p data-start=\"923\" data-end=\"965\">Einfach zu verkaufen, direkt einsatzbereit<\/p>\n<\/li>\n<\/ul>\n<h3 data-start=\"967\" data-end=\"985\">Produktdetails<\/h3>\n<ul data-start=\"986\" data-end=\"1117\">\n<li data-start=\"986\" data-end=\"1018\">\n<p data-start=\"988\" data-end=\"1018\"><strong data-start=\"988\" data-end=\"1002\">Geschmack:<\/strong> Blueberry Ice<\/p>\n<\/li>\n<li data-start=\"1019\" data-end=\"1038\">\n<p data-start=\"1021\" data-end=\"1038\"><strong data-start=\"1021\" data-end=\"1030\">Z\u00fcge:<\/strong> 15000<\/p>\n<\/li>\n<li data-start=\"1039\" data-end=\"1070\">\n<p data-start=\"1041\" data-end=\"1070\"><strong data-start=\"1041\" data-end=\"1060\">Packungsinhalt:<\/strong> 5 St\u00fcck<\/p>\n<\/li>\n<li data-start=\"1071\" data-end=\"1117\">\n<p data-start=\"1073\" data-end=\"1117\"><strong data-start=\"1073\" data-end=\"1088\">Handhabung:<\/strong> Wartungsfrei, sofort nutzbar<\/p>\n<\/li>\n<\/ul>\n<p data-start=\"811\" data-end=\"875\" data-is-last-node=\"\" data-is-only-node=\"\"><strong>Weitere Pods Sorten 5x 8+2ml:<\/strong><\/p>\n<p data-start=\"68\" data-end=\"79\"><a href=\"https:\/\/dekaufmann.de\/shop\/vapes\/smoking-juice-pods-black-ice-5x-10ml2ml\/\">Black Ice<\/a> \/ <a href=\"https:\/\/dekaufmann.de\/shop\/vapes\/smoking-juice-pods-berries-5x-10ml2ml\/\">Berries<\/a> \/ <a href=\"https:\/\/dekaufmann.de\/shop\/vapes\/smoking-juice-pods-blueberry-ice-5x-10ml2ml\/\">Blueberry Ice<\/a> \/ <a href=\"https:\/\/dekaufmann.de\/shop\/vapes\/smoking-juice-pods-blueberry-kiwi-5x-10ml2ml\/\">Blueberry Kiwi<\/a> \/ <a href=\"https:\/\/dekaufmann.de\/shop\/vapes\/smoking-juice-pods-cherry-cranberry-5x-10ml2ml\/\">Cherry Cranberry<\/a> \/ <a href=\"https:\/\/dekaufmann.de\/shop\/vapes\/smoking-juice-pods-cola-lemon-5x-10ml2ml\/\">Cola Lemon<\/a> \/ <a href=\"https:\/\/dekaufmann.de\/shop\/vapes\/smoking-juice-pods-grape-ice-5x-10ml2ml\/\">Grape Ice<\/a> \/ <a href=\"https:\/\/dekaufmann.de\/shop\/vapes\/smoking-juice-pods-peach-mango-5x-10ml2ml\/\">Peach Mango<\/a> \/ <a href=\"https:\/\/dekaufmann.de\/shop\/vapes\/smoking-juice-pods-peach-ice-5x-10ml2ml\/\">Peach Ice<\/a> \/ <a href=\"https:\/\/dekaufmann.de\/shop\/vapes\/smoking-juice-pods-watermelon-ice-5x-10ml2ml\/\">Watermelon Ice<\/a><\/p>\n<p data-start=\"68\" data-end=\"79\"><strong>Weitere Starter Kits Sorten 5&#215;15000 Z\u00fcge (Komplett Set):<\/strong><\/p>\n<p data-start=\"68\" data-end=\"79\"><a href=\"https:\/\/dekaufmann.de\/shop\/vapes\/smoking-juice-black-ice-5x15000-zuege\/\">Black Ice<\/a> \/ <a href=\"https:\/\/dekaufmann.de\/shop\/vapes\/smoking-juice-berries-geraet-2ml-pod-10ml-pod\/\">Berries<\/a> \/ <a href=\"https:\/\/dekaufmann.de\/shop\/vapes\/smoking-juice-blueberry-ice-5x15000-zuege\/\">Blueberry Ice<\/a> \/ <a href=\"https:\/\/dekaufmann.de\/shop\/vapes\/smoking-blueberry-kiwi-geraet-2ml-pod-10ml-pod\/\">Blueberry Kiwi<\/a> \/ <a href=\"https:\/\/dekaufmann.de\/shop\/vapes\/smoking-cherry-cranberry-geraet-2ml-pod-10ml-pod\/\">Cherry Cranberry<\/a> \/ <a href=\"https:\/\/dekaufmann.de\/shop\/vapes\/smoking-juice-vape-cola-lemon-5x15000-zuege\/\">Cola Lemon<\/a> \/ <a href=\"https:\/\/dekaufmann.de\/shop\/vapes\/smoking-juice-grape-ice-geraet-2ml-pod-10ml-pod\/\">Grape Ice<\/a> \/ <a href=\"https:\/\/dekaufmann.de\/shop\/vapes\/smoking-peach-mango-geraet-2ml-pod-10ml-pod\/\">Peach Mango<\/a> \/<a href=\"https:\/\/dekaufmann.de\/shop\/vapes\/smoking-juice-vape-peach-ice-5x15000-zuege\/\"> Peach Ice<\/a> \/<a href=\"https:\/\/dekaufmann.de\/shop\/vapes\/smoking-juice-watermelon-ice-5x15000-zuege\/\"> Watermelon Ice<\/a><\/p>\n","protected":false},"excerpt":{"rendered":"<p>Smoking Juice Vape &#8211; Blueberry Ice<\/p>\n","protected":false},"featured_media":108342,"comment_status":"closed","ping_status":"closed","template":"","meta":[],"product_brand":[306],"product_cat":[81],"product_tag":[],"class_list":{"0":"post-108341","1":"product","2":"type-product","3":"status-publish","4":"has-post-thumbnail","6":"product_brand-smoking-juice","7":"product_cat-vapes","8":"product_shipping_class-reduced-rate","10":"first","11":"instock","12":"taxable","13":"shipping-taxable","14":"product-type-simple"},"_links":{"self":[{"href":"https:\/\/dekaufmann.de\/index.php?rest_route=\/wp\/v2\/product\/108341","targetHints":{"allow":["GET"]}}],"collection":[{"href":"https:\/\/dekaufmann.de\/index.php?rest_route=\/wp\/v2\/product"}],"about":[{"href":"https:\/\/dekaufmann.de\/index.php?rest_route=\/wp\/v2\/types\/product"}],"replies":[{"embeddable":true,"href":"https:\/\/dekaufmann.de\/index.php?rest_route=%2Fwp%2Fv2%2Fcomments&post=108341"}],"wp:featuredmedia":[{"embeddable":true,"href":"https:\/\/dekaufmann.de\/index.php?rest_route=\/wp\/v2\/media\/108342"}],"wp:attachment":[{"href":"https:\/\/dekaufmann.de\/index.php?rest_route=%2Fwp%2Fv2%2Fmedia&parent=108341"}],"wp:term":[{"taxonomy":"product_brand","embeddable":true,"href":"https:\/\/dekaufmann.de\/index.php?rest_route=%2Fwp%2Fv2%2Fproduct_brand&post=108341"},{"taxonomy":"product_cat","embeddable":true,"href":"https:\/\/dekaufmann.de\/index.php?rest_route=%2Fwp%2Fv2%2Fproduct_cat&post=108341"},{"taxonomy":"product_tag","embeddable":true,"href":"https:\/\/dekaufmann.de\/index.php?rest_route=%2Fwp%2Fv2%2Fproduct_tag&post=108341"}],"curies":[{"name":"wp","href":"https:\/\/api.w.org\/{rel}","templated":true}]}}