{"id":108305,"date":"2025-12-08T14:03:20","date_gmt":"2025-12-08T14:03:20","guid":{"rendered":"https:\/\/dekaufmann.de\/?post_type=product&#038;p=108305"},"modified":"2026-05-01T07:35:42","modified_gmt":"2026-05-01T07:35:42","slug":"elfbar-cactus-ice-10x800er","status":"publish","type":"product","link":"https:\/\/dekaufmann.de\/?product=elfbar-cactus-ice-10x800er","title":{"rendered":"Elfbar Cactus Ice 10x800er"},"content":{"rendered":"<h4><strong>Elfbar Cactus Ice 10x800er \u2013 Erfrischender Kaktusgeschmack mit klarer Ice-Note<\/strong><\/h4>\n<p>Die <strong>Elfbar Cactus Ice 800er<\/strong> bieten einen au\u00dfergew\u00f6hnlich frischen Kaktusgeschmack, kombiniert mit einer k\u00fchlen Ice-Note. Das Aroma ist leicht, gr\u00fcn, dezent s\u00fc\u00df und spricht besonders Kunden an, die moderne und weniger typische Fruchtprofile bevorzugen.<\/p>\n<p>Im 10er-Bundle sorgt Cactus Ice f\u00fcr hohe Aufmerksamkeit, gute Rotation und stabile Margen \u2013 ideal f\u00fcr H\u00e4ndler, die trendige und besondere Flavours im Sortiment haben m\u00f6chten.<\/p>\n<h5><strong>Produktdetails:<\/strong><\/h5>\n<ul>\n<li><strong>Menge:<\/strong> 10 Ger\u00e4te<\/li>\n<li><strong>Z\u00fcge:<\/strong> Bis zu 800 Z\u00fcge pro Ger\u00e4t<\/li>\n<li><strong>Geschmack:<\/strong> Kaktus &amp; Ice<\/li>\n<li><strong>Ger\u00e4tetyp:<\/strong> Einweg \u2013 direkt einsatzbereit<\/li>\n<li><strong>Zielgruppe:<\/strong> Kunden, die frische, moderne und au\u00dfergew\u00f6hnliche Aromen bevorzugen<\/li>\n<\/ul>\n<h6><strong>Vorteile f\u00fcr H\u00e4ndler:<\/strong><\/h6>\n<ul>\n<li><strong>Trend-Aroma:<\/strong> Kaktusgeschmack ist extrem gefragt im aktuellen Vape-Markt<\/li>\n<li><strong>Sehr gute Rotation:<\/strong> Funktioniert in Kiosken, Vape-Shops &amp; Onlinehandel<\/li>\n<li><strong>Planbare Marge:<\/strong> Elfbar bietet stabile Nachfrage &amp; klare Preisstruktur<\/li>\n<\/ul>\n<p>Die <strong>Elfbar Cactus Ice 800er<\/strong> sind ein moderner Umsatztreiber und ein ideales Produkt f\u00fcr jedes Sortiment, das besondere Frucht- und Fresh-Flavours anbietet.<\/p>\n","protected":false},"excerpt":{"rendered":"<p>Elfbar Cactus Ice 10x800er \u2013 Erfrischender Kaktusgeschmack mit klarer Ice-Note Die Elfbar Cactus Ice 800er bieten einen au\u00dfergew\u00f6hnlich frischen Kaktusgeschmack, kombiniert mit einer k\u00fchlen Ice-Note. Das Aroma ist leicht, gr\u00fcn, dezent s\u00fc\u00df und spricht besonders Kunden an, die moderne und weniger typische Fruchtprofile bevorzugen. Im 10er-Bundle sorgt Cactus Ice f\u00fcr hohe Aufmerksamkeit, gute Rotation und [&hellip;]<\/p>\n","protected":false},"featured_media":108306,"comment_status":"closed","ping_status":"closed","template":"","meta":[],"product_brand":[137],"product_cat":[81],"product_tag":[],"class_list":{"0":"post-108305","1":"product","2":"type-product","3":"status-publish","4":"has-post-thumbnail","6":"product_brand-elfbar","7":"product_cat-vapes","8":"product_shipping_class-reduced-rate","10":"first","11":"instock","12":"taxable","13":"shipping-taxable","14":"product-type-simple"},"_links":{"self":[{"href":"https:\/\/dekaufmann.de\/index.php?rest_route=\/wp\/v2\/product\/108305","targetHints":{"allow":["GET"]}}],"collection":[{"href":"https:\/\/dekaufmann.de\/index.php?rest_route=\/wp\/v2\/product"}],"about":[{"href":"https:\/\/dekaufmann.de\/index.php?rest_route=\/wp\/v2\/types\/product"}],"replies":[{"embeddable":true,"href":"https:\/\/dekaufmann.de\/index.php?rest_route=%2Fwp%2Fv2%2Fcomments&post=108305"}],"wp:featuredmedia":[{"embeddable":true,"href":"https:\/\/dekaufmann.de\/index.php?rest_route=\/wp\/v2\/media\/108306"}],"wp:attachment":[{"href":"https:\/\/dekaufmann.de\/index.php?rest_route=%2Fwp%2Fv2%2Fmedia&parent=108305"}],"wp:term":[{"taxonomy":"product_brand","embeddable":true,"href":"https:\/\/dekaufmann.de\/index.php?rest_route=%2Fwp%2Fv2%2Fproduct_brand&post=108305"},{"taxonomy":"product_cat","embeddable":true,"href":"https:\/\/dekaufmann.de\/index.php?rest_route=%2Fwp%2Fv2%2Fproduct_cat&post=108305"},{"taxonomy":"product_tag","embeddable":true,"href":"https:\/\/dekaufmann.de\/index.php?rest_route=%2Fwp%2Fv2%2Fproduct_tag&post=108305"}],"curies":[{"name":"wp","href":"https:\/\/api.w.org\/{rel}","templated":true}]}}